{"id":5861,"date":"2024-09-17T14:44:49","date_gmt":"2024-09-17T12:44:49","guid":{"rendered":"https:\/\/www.golfsimulator.kaufen\/?page_id=5861"},"modified":"2025-09-22T14:29:21","modified_gmt":"2025-09-22T12:29:21","slug":"%e0%b8%97%e0%b8%b5%e0%b9%80%e0%b8%8a%e0%b8%b4%e0%b9%89%e0%b8%95-xl-%e0%b9%81%e0%b8%9c%e0%b9%88%e0%b8%99%e0%b8%a3%e0%b8%ad%e0%b8%87%e0%b8%95%e0%b8%b5","status":"publish","type":"page","link":"https:\/\/www.golfsimulator.kaufen\/th\/%e0%b8%97%e0%b8%b5%e0%b9%80%e0%b8%8a%e0%b8%b4%e0%b9%89%e0%b8%95-xl-%e0%b9%81%e0%b8%9c%e0%b9%88%e0%b8%99%e0%b8%a3%e0%b8%ad%e0%b8%87%e0%b8%95%e0%b8%b5\/","title":{"rendered":"\u0e15\u0e35\u0e40\u0e2a\u0e37\u0e48\u0e2d"},"content":{"rendered":"<div data-elementor-type=\"wp-page\" data-elementor-id=\"5861\" class=\"elementor elementor-5861\" data-elementor-post-type=\"page\">\n\t\t\t\t<div class=\"elementor-element elementor-element-7a21acc8 e-flex e-con-boxed e-con e-parent\" data-id=\"7a21acc8\" data-element_type=\"container\" data-e-type=\"container\" data-settings=\"{&quot;background_background&quot;:&quot;classic&quot;}\">\n\t\t\t\t\t<div class=\"e-con-inner\">\n\t\t\t\t<div class=\"elementor-element elementor-element-7982a5da elementor-widget elementor-widget-heading\" data-id=\"7982a5da\" data-element_type=\"widget\" data-e-type=\"widget\" data-widget_type=\"heading.default\">\n\t\t\t\t<div class=\"elementor-widget-container\">\n\t\t\t\t\t<h1 class=\"elementor-heading-title elementor-size-default\">\u0e40\u0e2a\u0e37\u0e48\u0e2d\u0e15\u0e35\u0e15\u0e35\u0e17\u0e35 XL<\/h1>\t\t\t\t<\/div>\n\t\t\t\t<\/div>\n\t\t\t\t\t<\/div>\n\t\t\t\t<\/div>\n\t\t<div class=\"elementor-element elementor-element-2d1fd953 e-flex e-con-boxed e-con e-parent\" data-id=\"2d1fd953\" data-element_type=\"container\" data-e-type=\"container\" data-settings=\"{&quot;background_background&quot;:&quot;classic&quot;}\">\n\t\t\t\t\t<div class=\"e-con-inner\">\n\t\t<div class=\"elementor-element elementor-element-7e90796e e-con-full e-flex e-con e-child\" data-id=\"7e90796e\" data-element_type=\"container\" data-e-type=\"container\" data-settings=\"{&quot;background_background&quot;:&quot;classic&quot;}\">\n\t\t\t\t<\/div>\n\t\t<div class=\"elementor-element elementor-element-5436356a e-con-full e-flex e-con e-child\" data-id=\"5436356a\" data-element_type=\"container\" data-e-type=\"container\">\n\t\t\t\t<div class=\"elementor-element elementor-element-3a6fcbbb elementor-widget elementor-widget-heading\" data-id=\"3a6fcbbb\" data-element_type=\"widget\" data-e-type=\"widget\" data-widget_type=\"heading.default\">\n\t\t\t\t<div class=\"elementor-widget-container\">\n\t\t\t\t\t<h2 class=\"elementor-heading-title elementor-size-default\">\u0e40\u0e2a\u0e37\u0e48\u0e2d\u0e15\u0e35\u0e15\u0e35\u0e17\u0e35 XL<\/h2>\t\t\t\t<\/div>\n\t\t\t\t<\/div>\n\t\t\t\t<div class=\"elementor-element elementor-element-54bf32b elementor-widget elementor-widget-text-editor\" data-id=\"54bf32b\" data-element_type=\"widget\" data-e-type=\"widget\" data-widget_type=\"text-editor.default\">\n\t\t\t\t<div class=\"elementor-widget-container\">\n\t\t\t\t\t\t\t\t\t<p>\u0e40\u0e2a\u0e37\u0e48\u0e2d\u0e15\u0e35\u0e01\u0e2d\u0e25\u0e4c\u0e1f\u0e43\u0e19\u0e23\u0e48\u0e21 GSK Tee XL \u0e0a\u0e48\u0e27\u0e22\u0e43\u0e2b\u0e49\u0e19\u0e31\u0e01\u0e01\u0e2d\u0e25\u0e4c\u0e1f\u0e21\u0e35\u0e42\u0e2d\u0e01\u0e32\u0e2a\u0e1d\u0e36\u0e01\u0e0b\u0e49\u0e2d\u0e21\u0e0a\u0e47\u0e2d\u0e15\u0e17\u0e35\u0e48\u0e2a\u0e21\u0e08\u0e23\u0e34\u0e07\u0e43\u0e19\u0e1a\u0e49\u0e32\u0e19 \u0e14\u0e49\u0e27\u0e22\u0e1e\u0e37\u0e49\u0e19\u0e1c\u0e34\u0e27\u0e17\u0e35\u0e48\u0e17\u0e19\u0e17\u0e32\u0e19\u0e41\u0e25\u0e30\u0e17\u0e19\u0e17\u0e32\u0e19 \u0e08\u0e36\u0e07\u0e2a\u0e23\u0e49\u0e32\u0e07\u0e04\u0e27\u0e32\u0e21\u0e23\u0e39\u0e49\u0e2a\u0e36\u0e01\u0e43\u0e19\u0e01\u0e32\u0e23\u0e40\u0e25\u0e48\u0e19\u0e2d\u0e22\u0e48\u0e32\u0e07\u0e41\u0e17\u0e49\u0e08\u0e23\u0e34\u0e07 \u0e41\u0e25\u0e30\u0e40\u0e2b\u0e21\u0e32\u0e30\u0e2a\u0e33\u0e2b\u0e23\u0e31\u0e1a\u0e01\u0e32\u0e23\u0e1d\u0e36\u0e01\u0e0b\u0e49\u0e2d\u0e21\u0e2d\u0e22\u0e48\u0e32\u0e07\u0e40\u0e02\u0e49\u0e21\u0e02\u0e49\u0e19<\/p>\t\t\t\t\t\t\t\t<\/div>\n\t\t\t\t<\/div>\n\t\t\t\t<div class=\"elementor-element elementor-element-3756cb24 elementor-align-center elementor-widget elementor-widget-button\" data-id=\"3756cb24\" data-element_type=\"widget\" data-e-type=\"widget\" data-widget_type=\"button.default\">\n\t\t\t\t<div class=\"elementor-widget-container\">\n\t\t\t\t\t\t\t\t\t<div class=\"elementor-button-wrapper\">\n\t\t\t\t\t<a class=\"elementor-button elementor-button-link elementor-size-lg elementor-animation-grow\" href=\"https:\/\/www.golfsimulator.shop\/Golf-Mats\" target=\"_blank\">\n\t\t\t\t\t\t<span class=\"elementor-button-content-wrapper\">\n\t\t\t\t\t\t\t\t\t<span class=\"elementor-button-text\">\u0e02\u0e49\u0e2d\u0e21\u0e39\u0e25\u0e40\u0e1e\u0e34\u0e48\u0e21\u0e40\u0e15\u0e34\u0e21 &gt;<\/span>\n\t\t\t\t\t<\/span>\n\t\t\t\t\t<\/a>\n\t\t\t\t<\/div>\n\t\t\t\t\t\t\t\t<\/div>\n\t\t\t\t<\/div>\n\t\t\t\t<\/div>\n\t\t\t\t\t<\/div>\n\t\t\t\t<\/div>\n\t\t<div class=\"elementor-element elementor-element-b3eedc e-flex e-con-boxed e-con e-parent\" data-id=\"b3eedc\" data-element_type=\"container\" data-e-type=\"container\" data-settings=\"{&quot;background_background&quot;:&quot;classic&quot;}\">\n\t\t\t\t\t<div class=\"e-con-inner\">\n\t\t<div class=\"elementor-element elementor-element-5d17b718 e-con-full e-flex e-con e-child\" data-id=\"5d17b718\" data-element_type=\"container\" data-e-type=\"container\" data-settings=\"{&quot;background_background&quot;:&quot;classic&quot;}\">\n\t\t\t\t<\/div>\n\t\t<div class=\"elementor-element elementor-element-7ff8dd9d e-con-full e-flex e-con e-child\" data-id=\"7ff8dd9d\" data-element_type=\"container\" data-e-type=\"container\">\n\t\t\t\t<div class=\"elementor-element elementor-element-53b793c8 elementor-widget elementor-widget-heading\" data-id=\"53b793c8\" data-element_type=\"widget\" data-e-type=\"widget\" data-widget_type=\"heading.default\">\n\t\t\t\t<div class=\"elementor-widget-container\">\n\t\t\t\t\t<h2 class=\"elementor-heading-title elementor-size-default\">\u0e02\u0e19\u0e32\u0e14<\/h2>\t\t\t\t<\/div>\n\t\t\t\t<\/div>\n\t\t\t\t<div class=\"elementor-element elementor-element-40e762c6 elementor-widget elementor-widget-text-editor\" data-id=\"40e762c6\" data-element_type=\"widget\" data-e-type=\"widget\" data-widget_type=\"text-editor.default\">\n\t\t\t\t<div class=\"elementor-widget-container\">\n\t\t\t\t\t\t\t\t\t<ul><li>\u0e40\u0e2a\u0e37\u0e48\u0e2d\u0e15\u0e35\u0e15\u0e35\u0e43\u0e19\u0e23\u0e48\u0e21 \u0e17\u0e35\u0e40\u0e17\u0e34\u0e23\u0e4c\u0e1f XL \u2013 100 x 150 \u0e0b\u0e21<\/li><li>\u0e40\u0e2a\u0e37\u0e48\u0e2d\u0e15\u0e35\u0e15\u0e35\u0e43\u0e19\u0e23\u0e48\u0e21 \u0e17\u0e35\u0e40\u0e17\u0e34\u0e23\u0e4c\u0e1f XL \u2013 200 x 100 \u0e0b\u0e21<\/li><li>\u0e40\u0e2a\u0e37\u0e48\u0e2d\u0e15\u0e35\u0e15\u0e35\u0e43\u0e19\u0e23\u0e48\u0e21 \u0e17\u0e35\u0e40\u0e17\u0e34\u0e23\u0e4c\u0e1f XL \u2013 200 x 150 \u0e0b\u0e21<\/li><li><div class=\"flex max-w-full flex-col flex-grow\"><div class=\"min-h-[20px] text-message flex w-full flex-col items-end gap-2 whitespace-normal break-words [.text-message+&amp;]:mt-5\" dir=\"auto\" data-message-author-role=\"assistant\" data-message-id=\"bced6113-5153-48a2-b9d3-59bc0501c999\"><div class=\"flex w-full flex-col gap-1 empty:hidden first:pt-[3px]\"><div class=\"markdown prose w-full break-words dark:prose-invert light\"><p>\u0e40\u0e2a\u0e37\u0e48\u0e2d\u0e15\u0e35\u0e15\u0e35\u0e43\u0e19\u0e23\u0e48\u0e21 \u0e17\u0e35\u0e40\u0e17\u0e34\u0e23\u0e4c\u0e1f XL \u2013 200 x 200 \u0e0b\u0e21<\/p><\/div><\/div><\/div><\/div><\/li><\/ul>\t\t\t\t\t\t\t\t<\/div>\n\t\t\t\t<\/div>\n\t\t\t\t<div class=\"elementor-element elementor-element-bb6d3f3 elementor-align-center elementor-widget elementor-widget-button\" data-id=\"bb6d3f3\" data-element_type=\"widget\" data-e-type=\"widget\" data-widget_type=\"button.default\">\n\t\t\t\t<div class=\"elementor-widget-container\">\n\t\t\t\t\t\t\t\t\t<div class=\"elementor-button-wrapper\">\n\t\t\t\t\t<a class=\"elementor-button elementor-button-link elementor-size-lg elementor-animation-grow\" href=\"https:\/\/www.golfsimulator.shop\/Golf-Mats\" target=\"_blank\">\n\t\t\t\t\t\t<span class=\"elementor-button-content-wrapper\">\n\t\t\t\t\t\t\t\t\t<span class=\"elementor-button-text\">\u0e14\u0e39\u0e23\u0e32\u0e04\u0e32 &gt;<\/span>\n\t\t\t\t\t<\/span>\n\t\t\t\t\t<\/a>\n\t\t\t\t<\/div>\n\t\t\t\t\t\t\t\t<\/div>\n\t\t\t\t<\/div>\n\t\t\t\t<\/div>\n\t\t\t\t\t<\/div>\n\t\t\t\t<\/div>\n\t\t<div class=\"elementor-element elementor-element-3cb9b288 e-flex e-con-boxed e-con e-parent\" data-id=\"3cb9b288\" data-element_type=\"container\" data-e-type=\"container\" data-settings=\"{&quot;background_background&quot;:&quot;classic&quot;}\">\n\t\t\t\t\t<div class=\"e-con-inner\">\n\t\t<div class=\"elementor-element elementor-element-71379901 e-con-full e-flex e-con e-child\" data-id=\"71379901\" data-element_type=\"container\" data-e-type=\"container\" data-settings=\"{&quot;background_background&quot;:&quot;classic&quot;}\">\n\t\t\t\t<\/div>\n\t\t<div class=\"elementor-element elementor-element-11ac6691 e-con-full e-flex e-con e-child\" data-id=\"11ac6691\" data-element_type=\"container\" data-e-type=\"container\">\n\t\t\t\t<div class=\"elementor-element elementor-element-476840cc elementor-widget elementor-widget-heading\" data-id=\"476840cc\" data-element_type=\"widget\" data-e-type=\"widget\" data-widget_type=\"heading.default\">\n\t\t\t\t<div class=\"elementor-widget-container\">\n\t\t\t\t\t<h2 class=\"elementor-heading-title elementor-size-default\">\u0e25\u0e31\u0e01\u0e29\u0e13\u0e30\u0e40\u0e09\u0e1e\u0e32\u0e30<\/h2>\t\t\t\t<\/div>\n\t\t\t\t<\/div>\n\t\t\t\t<div class=\"elementor-element elementor-element-3036d02c elementor-widget elementor-widget-text-editor\" data-id=\"3036d02c\" data-element_type=\"widget\" data-e-type=\"widget\" data-widget_type=\"text-editor.default\">\n\t\t\t\t<div class=\"elementor-widget-container\">\n\t\t\t\t\t\t\t\t\t<ul><li>\u0e40\u0e2a\u0e49\u0e19\u0e43\u0e22\u0e2a\u0e39\u0e07 30 \u0e21\u0e21. \u0e0a\u0e48\u0e27\u0e22\u0e43\u0e2b\u0e49\u0e15\u0e31\u0e49\u0e07\u0e44\u0e14\u0e49\u0e2d\u0e22\u0e48\u0e32\u0e07\u0e21\u0e31\u0e48\u0e19\u0e04\u0e07 (\u0e41\u0e21\u0e49\u0e08\u0e30\u0e44\u0e21\u0e48\u0e40\u0e15\u0e34\u0e21\u0e17\u0e23\u0e32\u0e22\u0e2b\u0e23\u0e37\u0e2d\u0e22\u0e32\u0e07\u0e01\u0e47\u0e15\u0e32\u0e21)<\/li><li>\u0e40\u0e2b\u0e21\u0e32\u0e30\u0e2a\u0e33\u0e2b\u0e23\u0e31\u0e1a\u0e17\u0e35\u0e2d\u0e2d\u0e1f\u0e1b\u0e01\u0e15\u0e34<\/li><li>\u0e15\u0e34\u0e14\u0e15\u0e31\u0e49\u0e07\u0e07\u0e48\u0e32\u0e22\u0e41\u0e25\u0e30\u0e23\u0e27\u0e14\u0e40\u0e23\u0e47\u0e27<\/li><li>\u0e43\u0e0a\u0e49\u0e07\u0e32\u0e19\u0e44\u0e14\u0e49\u0e15\u0e25\u0e2d\u0e14\u0e17\u0e31\u0e49\u0e07\u0e1b\u0e35<\/li><li>\u0e21\u0e49\u0e27\u0e19 (\u0e01\u0e27\u0e49\u0e32\u0e07 2 \u0e21.) \u0e21\u0e35\u0e01\u0e49\u0e19\u0e22\u0e32\u0e07<\/li><li>\u0e43\u0e19\u0e23\u0e48\u0e21\u0e41\u0e25\u0e30\u0e01\u0e25\u0e32\u0e07\u0e41\u0e08\u0e49\u0e07<\/li><\/ul>\t\t\t\t\t\t\t\t<\/div>\n\t\t\t\t<\/div>\n\t\t\t\t<\/div>\n\t\t\t\t\t<\/div>\n\t\t\t\t<\/div>\n\t\t\t\t<\/div>","protected":false},"excerpt":{"rendered":"<p>\u0e41\u0e1c\u0e48\u0e19\u0e23\u0e2d\u0e07\u0e15\u0e35\u0e01\u0e2d\u0e25\u0e4c\u0e1f\u0e43\u0e19\u0e23\u0e48\u0e21 GSK Tee XL \u0e41\u0e1c\u0e48\u0e19\u0e23\u0e2d\u0e07\u0e15\u0e35\u0e01\u0e2d\u0e25\u0e4c\u0e1f\u0e43\u0e19\u0e23\u0e48\u0e21 GSK Tee XL \u0e0a\u0e48\u0e27\u0e22\u0e43\u0e2b\u0e49\u0e19\u0e31\u0e01\u0e01\u0e2d\u0e25\u0e4c\u0e1f\u0e2a\u0e32\u0e21\u0e32\u0e23\u0e16\u0e1d\u0e36\u0e01\u0e0b\u0e49\u0e2d\u0e21\u0e15\u0e35\u0e01\u0e2d\u0e25\u0e4c\u0e1f\u0e41\u0e1a\u0e1a\u0e2a\u0e21\u0e08\u0e23\u0e34\u0e07\u0e43\u0e19\u0e23\u0e48\u0e21 \u0e14\u0e49\u0e27\u0e22\u0e1e\u0e37\u0e49\u0e19\u0e1c\u0e34\u0e27\u0e17\u0e35\u0e48\u0e17\u0e19\u0e17\u0e32\u0e19\u0e41\u0e25\u0e30\u0e41\u0e02\u0e47\u0e07\u0e41\u0e23\u0e07 \u0e43\u0e2b\u0e49\u0e04\u0e27\u0e32\u0e21\u0e23\u0e39\u0e49\u0e2a\u0e36\u0e01\u0e40\u0e2b\u0e21\u0e37\u0e2d\u0e19\u0e40\u0e25\u0e48\u0e19\u0e08\u0e23\u0e34\u0e07 \u0e41\u0e25\u0e30\u0e40\u0e2b\u0e21\u0e32\u0e30\u0e2a\u0e33\u0e2b\u0e23\u0e31\u0e1a\u0e01\u0e32\u0e23\u0e1d\u0e36\u0e01\u0e0b\u0e49\u0e2d\u0e21\u0e41\u0e1a\u0e1a\u0e40\u0e02\u0e49\u0e21\u0e02\u0e49\u0e19 \u0e02\u0e49\u0e2d\u0e21\u0e39\u0e25\u0e40\u0e1e\u0e34\u0e48\u0e21\u0e40\u0e15\u0e34\u0e21 &gt; \u0e02\u0e19\u0e32\u0e14 \u0e40\u0e2a\u0e37\u0e48\u0e2d\u0e15\u0e35\u0e01\u0e2d\u0e25\u0e4c\u0e1f\u0e43\u0e19\u0e23\u0e48\u0e21 Turf XL [\u2026]<\/p>","protected":false},"author":2,"featured_media":0,"parent":0,"menu_order":0,"comment_status":"closed","ping_status":"closed","template":"","meta":{"_uag_custom_page_level_css":"","site-sidebar-layout":"no-sidebar","site-content-layout":"page-builder","ast-site-content-layout":"full-width-container","site-content-style":"default","site-sidebar-style":"default","ast-global-header-display":"","ast-banner-title-visibility":"","ast-main-header-display":"","ast-hfb-above-header-display":"","ast-hfb-below-header-display":"","ast-hfb-mobile-header-display":"","site-post-title":"disabled","ast-breadcrumbs-content":"","ast-featured-img":"disabled","footer-sml-layout":"","theme-transparent-header-meta":"","adv-header-id-meta":"","stick-header-meta":"","header-above-stick-meta":"","header-main-stick-meta":"","header-below-stick-meta":"","astra-migrate-meta-layouts":"set","ast-page-background-enabled":"default","ast-page-background-meta":{"desktop":{"background-color":"var(--ast-global-color-4)","background-image":"","background-repeat":"repeat","background-position":"center center","background-size":"auto","background-attachment":"scroll","background-type":"","background-media":"","overlay-type":"","overlay-color":"","overlay-opacity":"","overlay-gradient":""},"tablet":{"background-color":"","background-image":"","background-repeat":"repeat","background-position":"center center","background-size":"auto","background-attachment":"scroll","background-type":"","background-media":"","overlay-type":"","overlay-color":"","overlay-opacity":"","overlay-gradient":""},"mobile":{"background-color":"","background-image":"","background-repeat":"repeat","background-position":"center center","background-size":"auto","background-attachment":"scroll","background-type":"","background-media":"","overlay-type":"","overlay-color":"","overlay-opacity":"","overlay-gradient":""}},"ast-content-background-meta":{"desktop":{"background-color":"var(--ast-global-color-5)","background-image":"","background-repeat":"repeat","background-position":"center center","background-size":"auto","background-attachment":"scroll","background-type":"","background-media":"","overlay-type":"","overlay-color":"","overlay-opacity":"","overlay-gradient":""},"tablet":{"background-color":"var(--ast-global-color-5)","background-image":"","background-repeat":"repeat","background-position":"center center","background-size":"auto","background-attachment":"scroll","background-type":"","background-media":"","overlay-type":"","overlay-color":"","overlay-opacity":"","overlay-gradient":""},"mobile":{"background-color":"var(--ast-global-color-5)","background-image":"","background-repeat":"repeat","background-position":"center center","background-size":"auto","background-attachment":"scroll","background-type":"","background-media":"","overlay-type":"","overlay-color":"","overlay-opacity":"","overlay-gradient":""}},"footnotes":""},"class_list":["post-5861","page","type-page","status-publish","hentry"],"yoast_head":"<!-- This site is optimized with the Yoast SEO plugin v26.4 - https:\/\/yoast.com\/wordpress\/plugins\/seo\/ -->\n<title>Hitting Mats - Golfsimulator Kaufen #1 Indoor Golf in Europe<\/title>\n<meta name=\"description\" content=\"Tee XL Hitting Mat \u2013 langlebige Golf-Trainingsmatte mit 30 mm Fasern, realistischem Spielgef\u00fchl &amp; Indoor-\/Outdoor-Nutzung in mehreren Gr\u00f6\u00dfen.\" \/>\n<meta name=\"robots\" content=\"index, follow, max-snippet:-1, max-image-preview:large, max-video-preview:-1\" \/>\n<link rel=\"canonical\" href=\"https:\/\/www.golfsimulator.kaufen\/th\/\u0e17\u0e35\u0e40\u0e0a\u0e34\u0e49\u0e15-xl-\u0e41\u0e1c\u0e48\u0e19\u0e23\u0e2d\u0e07\u0e15\u0e35\/\" \/>\n<meta property=\"og:locale\" content=\"th_TH\" \/>\n<meta property=\"og:type\" content=\"article\" \/>\n<meta property=\"og:title\" content=\"Hitting Mats - Golfsimulator Kaufen #1 Indoor Golf in Europe\" \/>\n<meta property=\"og:description\" content=\"Tee XL Hitting Mat \u2013 langlebige Golf-Trainingsmatte mit 30 mm Fasern, realistischem Spielgef\u00fchl &amp; Indoor-\/Outdoor-Nutzung in mehreren Gr\u00f6\u00dfen.\" \/>\n<meta property=\"og:url\" content=\"https:\/\/www.golfsimulator.kaufen\/th\/\u0e17\u0e35\u0e40\u0e0a\u0e34\u0e49\u0e15-xl-\u0e41\u0e1c\u0e48\u0e19\u0e23\u0e2d\u0e07\u0e15\u0e35\/\" \/>\n<meta property=\"og:site_name\" content=\"Golfsimulator Kaufen #1 Indoor Golf in Europe\" \/>\n<meta property=\"article:publisher\" content=\"https:\/\/www.facebook.com\/golfballs.at\" \/>\n<meta property=\"article:modified_time\" content=\"2025-09-22T12:29:21+00:00\" \/>\n<meta name=\"twitter:card\" content=\"summary_large_image\" \/>\n<meta name=\"twitter:label1\" content=\"Est. reading time\" \/>\n\t<meta name=\"twitter:data1\" content=\"1 \u0e19\u0e32\u0e17\u0e35\" \/>\n<script type=\"application\/ld+json\" class=\"yoast-schema-graph\">{\"@context\":\"https:\/\/schema.org\",\"@graph\":[{\"@type\":\"WebPage\",\"@id\":\"https:\/\/www.golfsimulator.kaufen\/tee-xl-hitting-mat\/\",\"url\":\"https:\/\/www.golfsimulator.kaufen\/tee-xl-hitting-mat\/\",\"name\":\"Hitting Mats - Golfsimulator Kaufen #1 Indoor Golf in Europe\",\"isPartOf\":{\"@id\":\"https:\/\/www.golfsimulator.kaufen\/de_de\/#website\"},\"datePublished\":\"2024-09-17T12:44:49+00:00\",\"dateModified\":\"2025-09-22T12:29:21+00:00\",\"description\":\"Tee XL Hitting Mat \u2013 langlebige Golf-Trainingsmatte mit 30 mm Fasern, realistischem Spielgef\u00fchl & Indoor-\/Outdoor-Nutzung in mehreren Gr\u00f6\u00dfen.\",\"breadcrumb\":{\"@id\":\"https:\/\/www.golfsimulator.kaufen\/tee-xl-hitting-mat\/#breadcrumb\"},\"inLanguage\":\"th\",\"potentialAction\":[{\"@type\":\"ReadAction\",\"target\":[\"https:\/\/www.golfsimulator.kaufen\/tee-xl-hitting-mat\/\"]}]},{\"@type\":\"BreadcrumbList\",\"@id\":\"https:\/\/www.golfsimulator.kaufen\/tee-xl-hitting-mat\/#breadcrumb\",\"itemListElement\":[{\"@type\":\"ListItem\",\"position\":1,\"name\":\"Startseite\",\"item\":\"https:\/\/www.golfsimulator.kaufen\/\"},{\"@type\":\"ListItem\",\"position\":2,\"name\":\"Hitting Mats\"}]},{\"@type\":\"WebSite\",\"@id\":\"https:\/\/www.golfsimulator.kaufen\/de_de\/#website\",\"url\":\"https:\/\/www.golfsimulator.kaufen\/de_de\/\",\"name\":\"Golfsimulator Kaufen #1 Indoor Golf in Europe\",\"description\":\"Home of the GSK ELITE Enclosure\",\"publisher\":{\"@id\":\"https:\/\/www.golfsimulator.kaufen\/de_de\/#organization\"},\"potentialAction\":[{\"@type\":\"SearchAction\",\"target\":{\"@type\":\"EntryPoint\",\"urlTemplate\":\"https:\/\/www.golfsimulator.kaufen\/de_de\/?s={search_term_string}\"},\"query-input\":{\"@type\":\"PropertyValueSpecification\",\"valueRequired\":true,\"valueName\":\"search_term_string\"}}],\"inLanguage\":\"th\"},{\"@type\":\"Organization\",\"@id\":\"https:\/\/www.golfsimulator.kaufen\/de_de\/#organization\",\"name\":\"Golfsport Company KG\",\"url\":\"https:\/\/www.golfsimulator.kaufen\/de_de\/\",\"logo\":{\"@type\":\"ImageObject\",\"inLanguage\":\"th\",\"@id\":\"https:\/\/www.golfsimulator.kaufen\/de_de\/#\/schema\/logo\/image\/\",\"url\":\"https:\/\/www.golfsimulator.kaufen\/wp-content\/uploads\/2024\/09\/golfsimulator_kaufen_logo.png\",\"contentUrl\":\"https:\/\/www.golfsimulator.kaufen\/wp-content\/uploads\/2024\/09\/golfsimulator_kaufen_logo.png\",\"width\":300,\"height\":49,\"caption\":\"Golfsport Company KG\"},\"image\":{\"@id\":\"https:\/\/www.golfsimulator.kaufen\/de_de\/#\/schema\/logo\/image\/\"},\"sameAs\":[\"https:\/\/www.facebook.com\/golfballs.at\"]}]}<\/script>\n<!-- \/ Yoast SEO plugin. -->","yoast_head_json":{"title":"\u0e41\u0e1c\u0e48\u0e19\u0e23\u0e2d\u0e07\u0e15\u0e35 - \u0e0b\u0e37\u0e49\u0e2d\u0e40\u0e04\u0e23\u0e37\u0e48\u0e2d\u0e07\u0e08\u0e33\u0e25\u0e2d\u0e07\u0e01\u0e2d\u0e25\u0e4c\u0e1f #1 \u0e01\u0e2d\u0e25\u0e4c\u0e1f\u0e43\u0e19\u0e23\u0e48\u0e21\u0e43\u0e19\u0e22\u0e38\u0e42\u0e23\u0e1b","description":"\u0e40\u0e2a\u0e37\u0e48\u0e2d\u0e15\u0e35\u0e25\u0e39\u0e01\u0e01\u0e2d\u0e25\u0e4c\u0e1f XL \u2013 \u0e40\u0e2a\u0e37\u0e48\u0e2d\u0e1d\u0e36\u0e01\u0e0b\u0e49\u0e2d\u0e21\u0e01\u0e2d\u0e25\u0e4c\u0e1f\u0e17\u0e35\u0e48\u0e17\u0e19\u0e17\u0e32\u0e19\u0e1e\u0e23\u0e49\u0e2d\u0e21\u0e40\u0e2a\u0e49\u0e19\u0e43\u0e22\u0e2b\u0e19\u0e32 30 \u0e21\u0e21. \u0e43\u0e2b\u0e49\u0e04\u0e27\u0e32\u0e21\u0e23\u0e39\u0e49\u0e2a\u0e36\u0e01\u0e2a\u0e21\u0e08\u0e23\u0e34\u0e07 \u0e43\u0e0a\u0e49\u0e44\u0e14\u0e49\u0e17\u0e31\u0e49\u0e07\u0e43\u0e19\u0e23\u0e48\u0e21\u0e41\u0e25\u0e30\u0e01\u0e25\u0e32\u0e07\u0e41\u0e08\u0e49\u0e07 \u0e21\u0e35\u0e2b\u0e25\u0e32\u0e22\u0e02\u0e19\u0e32\u0e14.","robots":{"index":"index","follow":"follow","max-snippet":"max-snippet:-1","max-image-preview":"max-image-preview:large","max-video-preview":"max-video-preview:-1"},"canonical":"https:\/\/www.golfsimulator.kaufen\/th\/\u0e17\u0e35\u0e40\u0e0a\u0e34\u0e49\u0e15-xl-\u0e41\u0e1c\u0e48\u0e19\u0e23\u0e2d\u0e07\u0e15\u0e35\/","og_locale":"th_TH","og_type":"article","og_title":"Hitting Mats - Golfsimulator Kaufen #1 Indoor Golf in Europe","og_description":"Tee XL Hitting Mat \u2013 langlebige Golf-Trainingsmatte mit 30 mm Fasern, realistischem Spielgef\u00fchl & Indoor-\/Outdoor-Nutzung in mehreren Gr\u00f6\u00dfen.","og_url":"https:\/\/www.golfsimulator.kaufen\/th\/\u0e17\u0e35\u0e40\u0e0a\u0e34\u0e49\u0e15-xl-\u0e41\u0e1c\u0e48\u0e19\u0e23\u0e2d\u0e07\u0e15\u0e35\/","og_site_name":"Golfsimulator Kaufen #1 Indoor Golf in Europe","article_publisher":"https:\/\/www.facebook.com\/golfballs.at","article_modified_time":"2025-09-22T12:29:21+00:00","twitter_card":"summary_large_image","twitter_misc":{"Est. reading time":"1 \u0e19\u0e32\u0e17\u0e35"},"schema":{"@context":"https:\/\/schema.org","@graph":[{"@type":"WebPage","@id":"https:\/\/www.golfsimulator.kaufen\/tee-xl-hitting-mat\/","url":"https:\/\/www.golfsimulator.kaufen\/tee-xl-hitting-mat\/","name":"\u0e41\u0e1c\u0e48\u0e19\u0e23\u0e2d\u0e07\u0e15\u0e35 - \u0e0b\u0e37\u0e49\u0e2d\u0e40\u0e04\u0e23\u0e37\u0e48\u0e2d\u0e07\u0e08\u0e33\u0e25\u0e2d\u0e07\u0e01\u0e2d\u0e25\u0e4c\u0e1f #1 \u0e01\u0e2d\u0e25\u0e4c\u0e1f\u0e43\u0e19\u0e23\u0e48\u0e21\u0e43\u0e19\u0e22\u0e38\u0e42\u0e23\u0e1b","isPartOf":{"@id":"https:\/\/www.golfsimulator.kaufen\/de_de\/#website"},"datePublished":"2024-09-17T12:44:49+00:00","dateModified":"2025-09-22T12:29:21+00:00","description":"\u0e40\u0e2a\u0e37\u0e48\u0e2d\u0e15\u0e35\u0e25\u0e39\u0e01\u0e01\u0e2d\u0e25\u0e4c\u0e1f XL \u2013 \u0e40\u0e2a\u0e37\u0e48\u0e2d\u0e1d\u0e36\u0e01\u0e0b\u0e49\u0e2d\u0e21\u0e01\u0e2d\u0e25\u0e4c\u0e1f\u0e17\u0e35\u0e48\u0e17\u0e19\u0e17\u0e32\u0e19\u0e1e\u0e23\u0e49\u0e2d\u0e21\u0e40\u0e2a\u0e49\u0e19\u0e43\u0e22\u0e2b\u0e19\u0e32 30 \u0e21\u0e21. \u0e43\u0e2b\u0e49\u0e04\u0e27\u0e32\u0e21\u0e23\u0e39\u0e49\u0e2a\u0e36\u0e01\u0e2a\u0e21\u0e08\u0e23\u0e34\u0e07 \u0e43\u0e0a\u0e49\u0e44\u0e14\u0e49\u0e17\u0e31\u0e49\u0e07\u0e43\u0e19\u0e23\u0e48\u0e21\u0e41\u0e25\u0e30\u0e01\u0e25\u0e32\u0e07\u0e41\u0e08\u0e49\u0e07 \u0e21\u0e35\u0e2b\u0e25\u0e32\u0e22\u0e02\u0e19\u0e32\u0e14.","breadcrumb":{"@id":"https:\/\/www.golfsimulator.kaufen\/tee-xl-hitting-mat\/#breadcrumb"},"inLanguage":"th","potentialAction":[{"@type":"ReadAction","target":["https:\/\/www.golfsimulator.kaufen\/tee-xl-hitting-mat\/"]}]},{"@type":"BreadcrumbList","@id":"https:\/\/www.golfsimulator.kaufen\/tee-xl-hitting-mat\/#breadcrumb","itemListElement":[{"@type":"ListItem","position":1,"name":"Startseite","item":"https:\/\/www.golfsimulator.kaufen\/"},{"@type":"ListItem","position":2,"name":"Hitting Mats"}]},{"@type":"WebSite","@id":"https:\/\/www.golfsimulator.kaufen\/de_de\/#website","url":"https:\/\/www.golfsimulator.kaufen\/de_de\/","name":"\u0e40\u0e04\u0e23\u0e37\u0e48\u0e2d\u0e07\u0e08\u0e33\u0e25\u0e2d\u0e07\u0e01\u0e2d\u0e25\u0e4c\u0e1f \u0e0b\u0e37\u0e49\u0e2d #1 \u0e01\u0e2d\u0e25\u0e4c\u0e1f\u0e43\u0e19\u0e23\u0e48\u0e21\u0e43\u0e19\u0e22\u0e38\u0e42\u0e23\u0e1b","description":"\u0e1a\u0e49\u0e32\u0e19\u0e02\u0e2d\u0e07 GSK ELITE Enclosure","publisher":{"@id":"https:\/\/www.golfsimulator.kaufen\/de_de\/#organization"},"potentialAction":[{"@type":"SearchAction","target":{"@type":"EntryPoint","urlTemplate":"https:\/\/www.golfsimulator.kaufen\/de_de\/?s={search_term_string}"},"query-input":{"@type":"PropertyValueSpecification","valueRequired":true,"valueName":"search_term_string"}}],"inLanguage":"th"},{"@type":"Organization","@id":"https:\/\/www.golfsimulator.kaufen\/de_de\/#organization","name":"\u0e1a\u0e23\u0e34\u0e29\u0e31\u0e17 \u0e01\u0e2d\u0e25\u0e4c\u0e1f\u0e2a\u0e1b\u0e2d\u0e23\u0e4c\u0e15 \u0e40\u0e04\u0e08\u0e35","url":"https:\/\/www.golfsimulator.kaufen\/de_de\/","logo":{"@type":"ImageObject","inLanguage":"th","@id":"https:\/\/www.golfsimulator.kaufen\/de_de\/#\/schema\/logo\/image\/","url":"https:\/\/www.golfsimulator.kaufen\/wp-content\/uploads\/2024\/09\/golfsimulator_kaufen_logo.png","contentUrl":"https:\/\/www.golfsimulator.kaufen\/wp-content\/uploads\/2024\/09\/golfsimulator_kaufen_logo.png","width":300,"height":49,"caption":"Golfsport Company KG"},"image":{"@id":"https:\/\/www.golfsimulator.kaufen\/de_de\/#\/schema\/logo\/image\/"},"sameAs":["https:\/\/www.facebook.com\/golfballs.at"]}]}},"uagb_featured_image_src":{"full":false,"thumbnail":false,"medium":false,"medium_large":false,"large":false,"1536x1536":false,"2048x2048":false,"trp-custom-language-flag":false},"uagb_author_info":{"display_name":"Joshua Doerfl","author_link":"https:\/\/www.golfsimulator.kaufen\/th\/author\/joshua\/"},"uagb_comment_info":0,"uagb_excerpt":"Tee XL Hitting Mats Tee XL Hitting Mats Die GSK Tee XL Golf Indoor Hitting Mat bietet Golfern die M\u00f6glichkeit, realistische Abschl\u00e4ge auch im Innenbereich zu \u00fcben. Mit ihrer widerstandsf\u00e4higen und langlebigen Oberfl\u00e4che schafft sie ein authentisches Spielgef\u00fchl und ist ideal f\u00fcr intensives Training geeignet. more information > GR\u00d6\u00dfEN Indoor Hitting Matte Tee Turf XL&hellip;","_links":{"self":[{"href":"https:\/\/www.golfsimulator.kaufen\/th\/wp-json\/wp\/v2\/pages\/5861","targetHints":{"allow":["GET"]}}],"collection":[{"href":"https:\/\/www.golfsimulator.kaufen\/th\/wp-json\/wp\/v2\/pages"}],"about":[{"href":"https:\/\/www.golfsimulator.kaufen\/th\/wp-json\/wp\/v2\/types\/page"}],"author":[{"embeddable":true,"href":"https:\/\/www.golfsimulator.kaufen\/th\/wp-json\/wp\/v2\/users\/2"}],"replies":[{"embeddable":true,"href":"https:\/\/www.golfsimulator.kaufen\/th\/wp-json\/wp\/v2\/comments?post=5861"}],"version-history":[{"count":7,"href":"https:\/\/www.golfsimulator.kaufen\/th\/wp-json\/wp\/v2\/pages\/5861\/revisions"}],"predecessor-version":[{"id":5874,"href":"https:\/\/www.golfsimulator.kaufen\/th\/wp-json\/wp\/v2\/pages\/5861\/revisions\/5874"}],"wp:attachment":[{"href":"https:\/\/www.golfsimulator.kaufen\/th\/wp-json\/wp\/v2\/media?parent=5861"}],"curies":[{"name":"wp","href":"https:\/\/api.w.org\/{rel}","templated":true}]}}