{"id":6059,"date":"2025-09-03T15:46:11","date_gmt":"2025-09-03T13:46:11","guid":{"rendered":"https:\/\/www.golfsimulator.kaufen\/?page_id=6059"},"modified":"2025-09-23T14:09:10","modified_gmt":"2025-09-23T12:09:10","slug":"mevo-gen-2","status":"publish","type":"page","link":"https:\/\/www.golfsimulator.kaufen\/sv\/mevo-gen-2\/","title":{"rendered":"MEVO GEN 2"},"content":{"rendered":"<div data-elementor-type=\"wp-page\" data-elementor-id=\"6059\" class=\"elementor elementor-6059\" data-elementor-post-type=\"page\">\n\t\t\t\t<div class=\"elementor-element elementor-element-5e3af4e6 e-flex e-con-boxed e-con e-parent\" data-id=\"5e3af4e6\" data-element_type=\"container\" data-e-type=\"container\" data-settings=\"{&quot;background_background&quot;:&quot;classic&quot;}\">\n\t\t\t\t\t<div class=\"e-con-inner\">\n\t\t<div class=\"elementor-element elementor-element-1e5e9445 e-con-full e-flex e-con e-child\" data-id=\"1e5e9445\" data-element_type=\"container\" data-e-type=\"container\" data-settings=\"{&quot;background_background&quot;:&quot;classic&quot;}\">\n\t\t\t\t<div class=\"elementor-element elementor-element-1fb0c3a8 elementor-widget elementor-widget-heading\" data-id=\"1fb0c3a8\" data-element_type=\"widget\" data-e-type=\"widget\" data-widget_type=\"heading.default\">\n\t\t\t\t<div class=\"elementor-widget-container\">\n\t\t\t\t\t<h2 class=\"elementor-heading-title elementor-size-default\">Flightscope Mevo Gen2<\/h2>\t\t\t\t<\/div>\n\t\t\t\t<\/div>\n\t\t\t\t<div class=\"elementor-element elementor-element-492d6fa2 elementor-widget elementor-widget-heading\" data-id=\"492d6fa2\" data-element_type=\"widget\" data-e-type=\"widget\" data-widget_type=\"heading.default\">\n\t\t\t\t<div class=\"elementor-widget-container\">\n\t\t\t\t\t<h2 class=\"elementor-heading-title elementor-size-default\">Din n\u00e4sta viktiga golfinvestering<\/h2>\t\t\t\t<\/div>\n\t\t\t\t<\/div>\n\t\t\t\t<\/div>\n\t\t\t\t\t<\/div>\n\t\t\t\t<\/div>\n\t\t<div class=\"elementor-element elementor-element-21fbe7a2 e-con-full e-flex e-con e-parent\" data-id=\"21fbe7a2\" data-element_type=\"container\" data-e-type=\"container\" data-settings=\"{&quot;background_background&quot;:&quot;classic&quot;}\">\n\t\t<div class=\"elementor-element elementor-element-1cf00844 e-con-full e-flex e-con e-child\" data-id=\"1cf00844\" data-element_type=\"container\" data-e-type=\"container\" data-settings=\"{&quot;background_background&quot;:&quot;classic&quot;}\">\n\t\t\t\t<div class=\"elementor-element elementor-element-10ff1162 elementor-widget elementor-widget-heading\" data-id=\"10ff1162\" data-element_type=\"widget\" data-e-type=\"widget\" data-widget_type=\"heading.default\">\n\t\t\t\t<div class=\"elementor-widget-container\">\n\t\t\t\t\t<h2 class=\"elementor-heading-title elementor-size-default\">L\u00e4tt och b\u00e4rbar\n<\/h2>\t\t\t\t<\/div>\n\t\t\t\t<\/div>\n\t\t\t\t<div class=\"elementor-element elementor-element-75ae5ce3 elementor-widget elementor-widget-heading\" data-id=\"75ae5ce3\" data-element_type=\"widget\" data-e-type=\"widget\" data-widget_type=\"heading.default\">\n\t\t\t\t<div class=\"elementor-widget-container\">\n\t\t\t\t\t<h2 class=\"elementor-heading-title elementor-size-default\">Ta med dig ditt\nspel var som helst.<\/h2>\t\t\t\t<\/div>\n\t\t\t\t<\/div>\n\t\t\t\t<div class=\"elementor-element elementor-element-419a480b elementor-widget elementor-widget-text-editor\" data-id=\"419a480b\" data-element_type=\"widget\" data-e-type=\"widget\" data-widget_type=\"text-editor.default\">\n\t\t\t\t<div class=\"elementor-widget-container\">\n\t\t\t\t\t\t\t\t\t<p>Upplev framtiden inom start\u00f6vervakningsteknik med FlightScope Mevo Gen 2: <strong data-start=\"1561\" data-end=\"1589\">Patenterad fusionssp\u00e5rning<\/strong> - kombinationen av Dopplerradar och bildbehandling - levererar <strong data-start=\"1657\" data-end=\"1683\">Faktiska m\u00e4tdata<\/strong> av boll och racket. Ultrakompakt, mobil och med upp till sex timmars batteritid \u00e4r den den perfekta tr\u00e4ningspartnern. <strong data-start=\"1812\" data-end=\"1865\">Utan abonnemang, men med full simulering<\/strong><\/p>\t\t\t\t\t\t\t\t<\/div>\n\t\t\t\t<\/div>\n\t\t\t\t<div class=\"elementor-element elementor-element-7e347d80 elementor-align-center elementor-widget elementor-widget-button\" data-id=\"7e347d80\" data-element_type=\"widget\" data-e-type=\"widget\" data-widget_type=\"button.default\">\n\t\t\t\t<div class=\"elementor-widget-container\">\n\t\t\t\t\t\t\t\t\t<div class=\"elementor-button-wrapper\">\n\t\t\t\t\t<a class=\"elementor-button elementor-button-link elementor-size-lg elementor-animation-grow\" href=\"https:\/\/www.golfballs.at\/Flightscope-Mevo-Gen2\" target=\"_blank\">\n\t\t\t\t\t\t<span class=\"elementor-button-content-wrapper\">\n\t\t\t\t\t\t\t\t\t<span class=\"elementor-button-text\">se priser &gt;<\/span>\n\t\t\t\t\t<\/span>\n\t\t\t\t\t<\/a>\n\t\t\t\t<\/div>\n\t\t\t\t\t\t\t\t<\/div>\n\t\t\t\t<\/div>\n\t\t\t\t<\/div>\n\t\t<div class=\"elementor-element elementor-element-3f772d36 e-con-full e-flex e-con e-child\" data-id=\"3f772d36\" data-element_type=\"container\" data-e-type=\"container\" data-settings=\"{&quot;background_background&quot;:&quot;classic&quot;}\">\n\t\t\t\t<\/div>\n\t\t\t\t<\/div>\n\t\t<div class=\"elementor-element elementor-element-19a2db93 e-con-full e-flex e-con e-parent\" data-id=\"19a2db93\" data-element_type=\"container\" data-e-type=\"container\" data-settings=\"{&quot;background_background&quot;:&quot;classic&quot;}\">\n\t\t<div class=\"elementor-element elementor-element-40f55a5f e-con-full e-flex e-con e-child\" data-id=\"40f55a5f\" data-element_type=\"container\" data-e-type=\"container\">\n\t\t\t\t<div class=\"elementor-element elementor-element-111a7395 animated-slow elementor-invisible elementor-widget elementor-widget-heading\" data-id=\"111a7395\" data-element_type=\"widget\" data-e-type=\"widget\" data-settings=\"{&quot;_animation&quot;:&quot;slideInUp&quot;}\" data-widget_type=\"heading.default\">\n\t\t\t\t<div class=\"elementor-widget-container\">\n\t\t\t\t\t<h2 class=\"elementor-heading-title elementor-size-default\">O\u00f6vertr\u00e4ffad noggrannhet, oslagbart v\u00e4rde<\/h2>\t\t\t\t<\/div>\n\t\t\t\t<\/div>\n\t\t\t\t<div class=\"elementor-element elementor-element-5de8f109 animated-slow elementor-invisible elementor-widget elementor-widget-heading\" data-id=\"5de8f109\" data-element_type=\"widget\" data-e-type=\"widget\" data-settings=\"{&quot;_animation&quot;:&quot;slideInUp&quot;}\" data-widget_type=\"heading.default\">\n\t\t\t\t<div class=\"elementor-widget-container\">\n\t\t\t\t\t<h2 class=\"elementor-heading-title elementor-size-default\">Omfattande strokeanalys\n\n<\/h2>\t\t\t\t<\/div>\n\t\t\t\t<\/div>\n\t\t\t\t<\/div>\n\t\t<div class=\"elementor-element elementor-element-51747142 e-con-full e-flex e-con e-child\" data-id=\"51747142\" data-element_type=\"container\" data-e-type=\"container\">\n\t\t<div class=\"elementor-element elementor-element-1fee63cd e-con-full e-flex e-con e-child\" data-id=\"1fee63cd\" data-element_type=\"container\" data-e-type=\"container\">\n\t\t<div class=\"elementor-element elementor-element-32985f92 e-grid e-con-full e-con e-child\" data-id=\"32985f92\" data-element_type=\"container\" data-e-type=\"container\">\n\t\t<div class=\"elementor-element elementor-element-2e6773b e-con-full e-flex e-con e-child\" data-id=\"2e6773b\" data-element_type=\"container\" data-e-type=\"container\">\n\t\t<div class=\"elementor-element elementor-element-5a0566f6 e-con-full e-flex e-con e-child\" data-id=\"5a0566f6\" data-element_type=\"container\" data-e-type=\"container\" data-settings=\"{&quot;background_background&quot;:&quot;classic&quot;}\">\n\t\t\t\t<\/div>\n\t\t\t\t<div class=\"elementor-element elementor-element-3c9605ee elementor-widget elementor-widget-heading\" data-id=\"3c9605ee\" data-element_type=\"widget\" data-e-type=\"widget\" data-widget_type=\"heading.default\">\n\t\t\t\t<div class=\"elementor-widget-container\">\n\t\t\t\t\t<h2 class=\"elementor-heading-title elementor-size-default\">Tekniska specifikationer<\/h2>\t\t\t\t<\/div>\n\t\t\t\t<\/div>\n\t\t\t\t<div class=\"elementor-element elementor-element-59d61d28 elementor-widget elementor-widget-text-editor\" data-id=\"59d61d28\" data-element_type=\"widget\" data-e-type=\"widget\" data-widget_type=\"text-editor.default\">\n\t\t\t\t<div class=\"elementor-widget-container\">\n\t\t\t\t\t\t\t\t\t<p>- Fusion Tracking-teknik (3D Doppler-radar + synkroniserad bildbehandling)<br data-start=\"181\" data-end=\"184\" \/>- M\u00e5tt: ca 17,35 \u00d7 3 \u00d7 14,2 cm<br data-start=\"222\" data-end=\"225\" \/>- Vikt: ca 500 g<br data-start=\"245\" data-end=\"248\" \/>- Batteri: uppladdningsbart Li-Ion-batteri med upp till 6 timmars drifttid, USB-C-laddningsport<br data-start=\"336\" data-end=\"339\" \/>- Programvara och licens: inkl. FS Golf App, FS Skills App och livstids tillg\u00e5ng till \u00e5tta E6 Connect golfbanor (inga abonnemang)<br data-start=\"460\" data-end=\"463\" data-is-only-node=\"\" \/>- Kompatibilitet: PC, iOS och Android; st\u00f6djer tredjepartssimulatorer som E6 Connect, GSPro, Awesome Golf, Creative Golf<\/p>\t\t\t\t\t\t\t\t<\/div>\n\t\t\t\t<\/div>\n\t\t\t\t<\/div>\n\t\t<div class=\"elementor-element elementor-element-ad9ab1a e-con-full e-flex e-con e-child\" data-id=\"ad9ab1a\" data-element_type=\"container\" data-e-type=\"container\">\n\t\t<div class=\"elementor-element elementor-element-58916139 e-con-full e-flex e-con e-child\" data-id=\"58916139\" data-element_type=\"container\" data-e-type=\"container\" data-settings=\"{&quot;background_background&quot;:&quot;classic&quot;}\">\n\t\t\t\t<\/div>\n\t\t\t\t<div class=\"elementor-element elementor-element-7a813595 elementor-widget elementor-widget-heading\" data-id=\"7a813595\" data-element_type=\"widget\" data-e-type=\"widget\" data-widget_type=\"heading.default\">\n\t\t\t\t<div class=\"elementor-widget-container\">\n\t\t\t\t\t<h2 class=\"elementor-heading-title elementor-size-default\">Bolldata<\/h2>\t\t\t\t<\/div>\n\t\t\t\t<\/div>\n\t\t\t\t<div class=\"elementor-element elementor-element-690b1229 elementor-widget elementor-widget-text-editor\" data-id=\"690b1229\" data-element_type=\"widget\" data-e-type=\"widget\" data-widget_type=\"text-editor.default\">\n\t\t\t\t<div class=\"elementor-widget-container\">\n\t\t\t\t\t\t\t\t\t<ul><li>- B\u00e4ravst\u00e5nd<br data-start=\"626\" data-end=\"629\" \/>- Rullavst\u00e5nd<br data-start=\"644\" data-end=\"647\" \/>- Totalt avst\u00e5nd<br data-start=\"663\" data-end=\"666\" \/>- Kulans hastighet<br data-start=\"678\" data-end=\"681\" \/>- Vertikal startvinkel<br data-start=\"704\" data-end=\"707\" data-is-only-node=\"\" \/>- Horisontell startvinkel<br data-start=\"732\" data-end=\"735\" \/>- Snurrhastighet<br data-start=\"746\" data-end=\"749\" \/>- Snurr-axel<br data-start=\"760\" data-end=\"763\" \/>- Apex h\u00f6jd<br data-start=\"776\" data-end=\"779\" \/>- Flygtid<br data-start=\"792\" data-end=\"795\" \/>- Landning i sidled<br data-start=\"812\" data-end=\"815\" \/>- Slagtyp (t.ex. full swing, chippning, puttning)<br data-start=\"864\" data-end=\"867\" \/>- Starthastighet (Putting)<br data-start=\"891\" data-end=\"894\" \/>- Totalt avst\u00e5nd (puttning)<br data-start=\"920\" data-end=\"923\" \/>- Bollens riktning (puttning)<br data-start=\"949\" data-end=\"952\" \/>- Smash Factor<br data-start=\"966\" data-end=\"969\" \/>- Klubbens hastighet<br data-start=\"981\" data-end=\"984\" \/>- Angreppsvinkel<\/li><\/ul>\t\t\t\t\t\t\t\t<\/div>\n\t\t\t\t<\/div>\n\t\t\t\t<\/div>\n\t\t<div class=\"elementor-element elementor-element-6b50e1b5 e-con-full e-flex e-con e-child\" data-id=\"6b50e1b5\" data-element_type=\"container\" data-e-type=\"container\">\n\t\t<div class=\"elementor-element elementor-element-4059fc06 e-con-full e-flex e-con e-child\" data-id=\"4059fc06\" data-element_type=\"container\" data-e-type=\"container\" data-settings=\"{&quot;background_background&quot;:&quot;classic&quot;}\">\n\t\t\t\t<\/div>\n\t\t\t\t<div class=\"elementor-element elementor-element-3f61ceab elementor-widget elementor-widget-heading\" data-id=\"3f61ceab\" data-element_type=\"widget\" data-e-type=\"widget\" data-widget_type=\"heading.default\">\n\t\t\t\t<div class=\"elementor-widget-container\">\n\t\t\t\t\t<h2 class=\"elementor-heading-title elementor-size-default\">Klubbdata<\/h2>\t\t\t\t<\/div>\n\t\t\t\t<\/div>\n\t\t\t\t<div class=\"elementor-element elementor-element-7ab1e068 elementor-widget elementor-widget-text-editor\" data-id=\"7ab1e068\" data-element_type=\"widget\" data-e-type=\"widget\" data-widget_type=\"text-editor.default\">\n\t\t\t\t<div class=\"elementor-widget-container\">\n\t\t\t\t\t\t\t\t\t<p>- Klubbens hastighet<br data-start=\"695\" data-end=\"698\" \/>- Angreppsvinkel<\/p>\t\t\t\t\t\t\t\t<\/div>\n\t\t\t\t<\/div>\n\t\t\t\t<\/div>\n\t\t\t\t<\/div>\n\t\t\t\t<\/div>\n\t\t\t\t<\/div>\n\t\t\t\t<\/div>\n\t\t\t\t<\/div>","protected":false},"excerpt":{"rendered":"<p>Flightscope Mevo Gen2 Your Next Essential Golf Investment Lightweight &amp; Portable Take your game anywhere. Erleben Sie mit dem FlightScope Mevo Gen 2 die Zukunft der Launch-Monitor-Technologie: Patented Fusion Tracking \u2013 die Kombination aus Doppler-Radar und Bildverarbeitung \u2013 liefert tats\u00e4chliche Messdaten von Ball und Schl\u00e4ger. Ultrakompakt, mobil einsetzbar und mit bis zu sechs Stunden Akkulaufzeit [&hellip;]<\/p>","protected":false},"author":2,"featured_media":0,"parent":0,"menu_order":0,"comment_status":"closed","ping_status":"closed","template":"elementor_theme","meta":{"_uag_custom_page_level_css":"","site-sidebar-layout":"no-sidebar","site-content-layout":"page-builder","ast-site-content-layout":"full-width-container","site-content-style":"default","site-sidebar-style":"default","ast-global-header-display":"","ast-banner-title-visibility":"","ast-main-header-display":"","ast-hfb-above-header-display":"","ast-hfb-below-header-display":"","ast-hfb-mobile-header-display":"","site-post-title":"disabled","ast-breadcrumbs-content":"","ast-featured-img":"disabled","footer-sml-layout":"","theme-transparent-header-meta":"","adv-header-id-meta":"","stick-header-meta":"","header-above-stick-meta":"","header-main-stick-meta":"","header-below-stick-meta":"","astra-migrate-meta-layouts":"set","ast-page-background-enabled":"default","ast-page-background-meta":{"desktop":{"background-color":"var(--ast-global-color-4)","background-image":"","background-repeat":"repeat","background-position":"center center","background-size":"auto","background-attachment":"scroll","background-type":"","background-media":"","overlay-type":"","overlay-color":"","overlay-opacity":"","overlay-gradient":""},"tablet":{"background-color":"","background-image":"","background-repeat":"repeat","background-position":"center center","background-size":"auto","background-attachment":"scroll","background-type":"","background-media":"","overlay-type":"","overlay-color":"","overlay-opacity":"","overlay-gradient":""},"mobile":{"background-color":"","background-image":"","background-repeat":"repeat","background-position":"center center","background-size":"auto","background-attachment":"scroll","background-type":"","background-media":"","overlay-type":"","overlay-color":"","overlay-opacity":"","overlay-gradient":""}},"ast-content-background-meta":{"desktop":{"background-color":"var(--ast-global-color-5)","background-image":"","background-repeat":"repeat","background-position":"center center","background-size":"auto","background-attachment":"scroll","background-type":"","background-media":"","overlay-type":"","overlay-color":"","overlay-opacity":"","overlay-gradient":""},"tablet":{"background-color":"var(--ast-global-color-5)","background-image":"","background-repeat":"repeat","background-position":"center center","background-size":"auto","background-attachment":"scroll","background-type":"","background-media":"","overlay-type":"","overlay-color":"","overlay-opacity":"","overlay-gradient":""},"mobile":{"background-color":"var(--ast-global-color-5)","background-image":"","background-repeat":"repeat","background-position":"center center","background-size":"auto","background-attachment":"scroll","background-type":"","background-media":"","overlay-type":"","overlay-color":"","overlay-opacity":"","overlay-gradient":""}},"footnotes":""},"class_list":["post-6059","page","type-page","status-publish","hentry"],"yoast_head":"<!-- This site is optimized with the Yoast SEO plugin v26.4 - https:\/\/yoast.com\/wordpress\/plugins\/seo\/ -->\n<title>MEVO GEN 2 - Golfsimulator Kaufen #1 Indoor Golf in Europe<\/title>\n<meta name=\"description\" content=\"Mevo Gen 2 \u2013 kompakter Launch Monitor mit Fusion Tracking, 6h Akku &amp; Simulation. Pr\u00e4zise Daten ohne Abo f\u00fcr Indoor &amp; Outdoor.\" \/>\n<meta name=\"robots\" content=\"index, follow, max-snippet:-1, max-image-preview:large, max-video-preview:-1\" \/>\n<link rel=\"canonical\" href=\"https:\/\/www.golfsimulator.kaufen\/sv\/mevo-gen-2\/\" \/>\n<meta property=\"og:locale\" content=\"sv_SE\" \/>\n<meta property=\"og:type\" content=\"article\" \/>\n<meta property=\"og:title\" content=\"MEVO GEN 2 - Golfsimulator Kaufen #1 Indoor Golf in Europe\" \/>\n<meta property=\"og:description\" content=\"Mevo Gen 2 \u2013 kompakter Launch Monitor mit Fusion Tracking, 6h Akku &amp; Simulation. Pr\u00e4zise Daten ohne Abo f\u00fcr Indoor &amp; Outdoor.\" \/>\n<meta property=\"og:url\" content=\"https:\/\/www.golfsimulator.kaufen\/sv\/mevo-gen-2\/\" \/>\n<meta property=\"og:site_name\" content=\"Golfsimulator Kaufen #1 Indoor Golf in Europe\" \/>\n<meta property=\"article:publisher\" content=\"https:\/\/www.facebook.com\/golfballs.at\" \/>\n<meta property=\"article:modified_time\" content=\"2025-09-23T12:09:10+00:00\" \/>\n<meta name=\"twitter:card\" content=\"summary_large_image\" \/>\n<meta name=\"twitter:label1\" content=\"Ber\u00e4knad l\u00e4stid\" \/>\n\t<meta name=\"twitter:data1\" content=\"2 minuter\" \/>\n<script type=\"application\/ld+json\" class=\"yoast-schema-graph\">{\"@context\":\"https:\/\/schema.org\",\"@graph\":[{\"@type\":\"WebPage\",\"@id\":\"https:\/\/www.golfsimulator.kaufen\/mevo-gen-2\/\",\"url\":\"https:\/\/www.golfsimulator.kaufen\/mevo-gen-2\/\",\"name\":\"MEVO GEN 2 - Golfsimulator Kaufen #1 Indoor Golf in Europe\",\"isPartOf\":{\"@id\":\"https:\/\/www.golfsimulator.kaufen\/de_de\/#website\"},\"datePublished\":\"2025-09-03T13:46:11+00:00\",\"dateModified\":\"2025-09-23T12:09:10+00:00\",\"description\":\"Mevo Gen 2 \u2013 kompakter Launch Monitor mit Fusion Tracking, 6h Akku & Simulation. Pr\u00e4zise Daten ohne Abo f\u00fcr Indoor & Outdoor.\",\"breadcrumb\":{\"@id\":\"https:\/\/www.golfsimulator.kaufen\/mevo-gen-2\/#breadcrumb\"},\"inLanguage\":\"sv-SE\",\"potentialAction\":[{\"@type\":\"ReadAction\",\"target\":[\"https:\/\/www.golfsimulator.kaufen\/mevo-gen-2\/\"]}]},{\"@type\":\"BreadcrumbList\",\"@id\":\"https:\/\/www.golfsimulator.kaufen\/mevo-gen-2\/#breadcrumb\",\"itemListElement\":[{\"@type\":\"ListItem\",\"position\":1,\"name\":\"Startseite\",\"item\":\"https:\/\/www.golfsimulator.kaufen\/\"},{\"@type\":\"ListItem\",\"position\":2,\"name\":\"MEVO GEN 2\"}]},{\"@type\":\"WebSite\",\"@id\":\"https:\/\/www.golfsimulator.kaufen\/de_de\/#website\",\"url\":\"https:\/\/www.golfsimulator.kaufen\/de_de\/\",\"name\":\"Golfsimulator Kaufen #1 Indoor Golf in Europe\",\"description\":\"Home of the GSK ELITE Enclosure\",\"publisher\":{\"@id\":\"https:\/\/www.golfsimulator.kaufen\/de_de\/#organization\"},\"potentialAction\":[{\"@type\":\"SearchAction\",\"target\":{\"@type\":\"EntryPoint\",\"urlTemplate\":\"https:\/\/www.golfsimulator.kaufen\/de_de\/?s={search_term_string}\"},\"query-input\":{\"@type\":\"PropertyValueSpecification\",\"valueRequired\":true,\"valueName\":\"search_term_string\"}}],\"inLanguage\":\"sv-SE\"},{\"@type\":\"Organization\",\"@id\":\"https:\/\/www.golfsimulator.kaufen\/de_de\/#organization\",\"name\":\"Golfsport Company KG\",\"url\":\"https:\/\/www.golfsimulator.kaufen\/de_de\/\",\"logo\":{\"@type\":\"ImageObject\",\"inLanguage\":\"sv-SE\",\"@id\":\"https:\/\/www.golfsimulator.kaufen\/de_de\/#\/schema\/logo\/image\/\",\"url\":\"https:\/\/www.golfsimulator.kaufen\/wp-content\/uploads\/2024\/09\/golfsimulator_kaufen_logo.png\",\"contentUrl\":\"https:\/\/www.golfsimulator.kaufen\/wp-content\/uploads\/2024\/09\/golfsimulator_kaufen_logo.png\",\"width\":300,\"height\":49,\"caption\":\"Golfsport Company KG\"},\"image\":{\"@id\":\"https:\/\/www.golfsimulator.kaufen\/de_de\/#\/schema\/logo\/image\/\"},\"sameAs\":[\"https:\/\/www.facebook.com\/golfballs.at\"]}]}<\/script>\n<!-- \/ Yoast SEO plugin. -->","yoast_head_json":{"title":"MEVO GEN 2 - Golfsimulator K\u00f6p #1 Inomhusgolf i Europa","description":"Mevo Gen 2 - kompakt startmonitor med fusionssp\u00e5rning, 6 timmars batteri och simulering. Exakta data utan abonnemang f\u00f6r inomhus- och utomhusbruk.","robots":{"index":"index","follow":"follow","max-snippet":"max-snippet:-1","max-image-preview":"max-image-preview:large","max-video-preview":"max-video-preview:-1"},"canonical":"https:\/\/www.golfsimulator.kaufen\/sv\/mevo-gen-2\/","og_locale":"sv_SE","og_type":"article","og_title":"MEVO GEN 2 - Golfsimulator Kaufen #1 Indoor Golf in Europe","og_description":"Mevo Gen 2 \u2013 kompakter Launch Monitor mit Fusion Tracking, 6h Akku & Simulation. Pr\u00e4zise Daten ohne Abo f\u00fcr Indoor & Outdoor.","og_url":"https:\/\/www.golfsimulator.kaufen\/sv\/mevo-gen-2\/","og_site_name":"Golfsimulator Kaufen #1 Indoor Golf in Europe","article_publisher":"https:\/\/www.facebook.com\/golfballs.at","article_modified_time":"2025-09-23T12:09:10+00:00","twitter_card":"summary_large_image","twitter_misc":{"Ber\u00e4knad l\u00e4stid":"2 minuter"},"schema":{"@context":"https:\/\/schema.org","@graph":[{"@type":"WebPage","@id":"https:\/\/www.golfsimulator.kaufen\/mevo-gen-2\/","url":"https:\/\/www.golfsimulator.kaufen\/mevo-gen-2\/","name":"MEVO GEN 2 - Golfsimulator K\u00f6p #1 Inomhusgolf i Europa","isPartOf":{"@id":"https:\/\/www.golfsimulator.kaufen\/de_de\/#website"},"datePublished":"2025-09-03T13:46:11+00:00","dateModified":"2025-09-23T12:09:10+00:00","description":"Mevo Gen 2 - kompakt startmonitor med fusionssp\u00e5rning, 6 timmars batteri och simulering. Exakta data utan abonnemang f\u00f6r inomhus- och utomhusbruk.","breadcrumb":{"@id":"https:\/\/www.golfsimulator.kaufen\/mevo-gen-2\/#breadcrumb"},"inLanguage":"sv-SE","potentialAction":[{"@type":"ReadAction","target":["https:\/\/www.golfsimulator.kaufen\/mevo-gen-2\/"]}]},{"@type":"BreadcrumbList","@id":"https:\/\/www.golfsimulator.kaufen\/mevo-gen-2\/#breadcrumb","itemListElement":[{"@type":"ListItem","position":1,"name":"Startseite","item":"https:\/\/www.golfsimulator.kaufen\/"},{"@type":"ListItem","position":2,"name":"MEVO GEN 2"}]},{"@type":"WebSite","@id":"https:\/\/www.golfsimulator.kaufen\/de_de\/#website","url":"https:\/\/www.golfsimulator.kaufen\/de_de\/","name":"K\u00f6p golfsimulator #1 inomhusgolf i Europa","description":"GSK ELITE-kapslingens hemvist","publisher":{"@id":"https:\/\/www.golfsimulator.kaufen\/de_de\/#organization"},"potentialAction":[{"@type":"SearchAction","target":{"@type":"EntryPoint","urlTemplate":"https:\/\/www.golfsimulator.kaufen\/de_de\/?s={search_term_string}"},"query-input":{"@type":"PropertyValueSpecification","valueRequired":true,"valueName":"search_term_string"}}],"inLanguage":"sv-SE"},{"@type":"Organization","@id":"https:\/\/www.golfsimulator.kaufen\/de_de\/#organization","name":"Golfsport Company KG","url":"https:\/\/www.golfsimulator.kaufen\/de_de\/","logo":{"@type":"ImageObject","inLanguage":"sv-SE","@id":"https:\/\/www.golfsimulator.kaufen\/de_de\/#\/schema\/logo\/image\/","url":"https:\/\/www.golfsimulator.kaufen\/wp-content\/uploads\/2024\/09\/golfsimulator_kaufen_logo.png","contentUrl":"https:\/\/www.golfsimulator.kaufen\/wp-content\/uploads\/2024\/09\/golfsimulator_kaufen_logo.png","width":300,"height":49,"caption":"Golfsport Company KG"},"image":{"@id":"https:\/\/www.golfsimulator.kaufen\/de_de\/#\/schema\/logo\/image\/"},"sameAs":["https:\/\/www.facebook.com\/golfballs.at"]}]}},"uagb_featured_image_src":{"full":false,"thumbnail":false,"medium":false,"medium_large":false,"large":false,"1536x1536":false,"2048x2048":false,"trp-custom-language-flag":false},"uagb_author_info":{"display_name":"Joshua Doerfl","author_link":"https:\/\/www.golfsimulator.kaufen\/sv\/author\/joshua\/"},"uagb_comment_info":0,"uagb_excerpt":"Flightscope Mevo Gen2 Your Next Essential Golf Investment Lightweight &amp; Portable Take your game anywhere. Erleben Sie mit dem FlightScope Mevo Gen 2 die Zukunft der Launch-Monitor-Technologie: Patented Fusion Tracking \u2013 die Kombination aus Doppler-Radar und Bildverarbeitung \u2013 liefert tats\u00e4chliche Messdaten von Ball und Schl\u00e4ger. Ultrakompakt, mobil einsetzbar und mit bis zu sechs Stunden Akkulaufzeit&hellip;","_links":{"self":[{"href":"https:\/\/www.golfsimulator.kaufen\/sv\/wp-json\/wp\/v2\/pages\/6059","targetHints":{"allow":["GET"]}}],"collection":[{"href":"https:\/\/www.golfsimulator.kaufen\/sv\/wp-json\/wp\/v2\/pages"}],"about":[{"href":"https:\/\/www.golfsimulator.kaufen\/sv\/wp-json\/wp\/v2\/types\/page"}],"author":[{"embeddable":true,"href":"https:\/\/www.golfsimulator.kaufen\/sv\/wp-json\/wp\/v2\/users\/2"}],"replies":[{"embeddable":true,"href":"https:\/\/www.golfsimulator.kaufen\/sv\/wp-json\/wp\/v2\/comments?post=6059"}],"version-history":[{"count":4,"href":"https:\/\/www.golfsimulator.kaufen\/sv\/wp-json\/wp\/v2\/pages\/6059\/revisions"}],"predecessor-version":[{"id":6118,"href":"https:\/\/www.golfsimulator.kaufen\/sv\/wp-json\/wp\/v2\/pages\/6059\/revisions\/6118"}],"wp:attachment":[{"href":"https:\/\/www.golfsimulator.kaufen\/sv\/wp-json\/wp\/v2\/media?parent=6059"}],"curies":[{"name":"wp","href":"https:\/\/api.w.org\/{rel}","templated":true}]}}