{"id":5625,"date":"2024-09-11T09:57:26","date_gmt":"2024-09-11T07:57:26","guid":{"rendered":"https:\/\/www.golfsimulator.kaufen\/?page_id=5625"},"modified":"2025-09-22T13:32:45","modified_gmt":"2025-09-22T11:32:45","slug":"flightscope-mevo","status":"publish","type":"page","link":"https:\/\/www.golfsimulator.kaufen\/sv\/flightscope-mevo\/","title":{"rendered":"Flightscope Mevo+"},"content":{"rendered":"<h3>Kompakt och prisv\u00e4rd<\/h3>\n<h2>Flightscope Mevo+<\/h2>\n<h2>Kompakt och prisv\u00e4rd<br \/>\n<\/h2>\n<h2>De ultimata lanseringsmonitorerna f\u00f6r inomhus- och utomhusbruk<\/h2>\n<p>Mevo+ 2023 Edition drivs av FlightScopes patenterade Fusion Tracking-teknik och \u00e4r utrustad med 20 dataparametrar och ett exklusivt E6 Connect 12-banepaket som inkluderar Pebble Beach, St Andrews, Bethpage Black, Greenbrier och Bay Hill.<\/p>\n<p>\t\t\t<a href=\"https:\/\/www.golfsimulator.shop\/Flightscope-Mevo-Plus\" target=\"_blank\" rel=\"noopener\"><br \/>\n\t\t\t\t\t\t\t\t\tse priser &gt;<br \/>\n\t\t\t\t\t<\/a><\/p>\n<h2>Kompakt och prisv\u00e4rd<br \/>\n<\/h2>\n<h2>Omfattande strokeanalys<br \/>\n<\/h2>\n<h2>Tekniska specifikationer<\/h2>\n<ul>\n<li>Fusion Tracking-teknik<\/li>\n<li>&nbsp;1 LitiumpolymerbatterierApple:<\/li>\n<li>iPhones \/ iPads med iOS 14 eller senare. Bluetooth LE 4.0 st\u00f6der UART\/Serial Port Emulation-tj\u00e4nsten med RX- och TX-egenskaper<\/li>\n<li>Android: Android 6.0 eller senare (enheter byggda 2015 eller senare). Bluetooth LE 4.0 st\u00f6der UART\/Serial Port Emulation-tj\u00e4nsten med RX- och TX-egenskaper.<\/li>\n<\/ul>\n<h2>Bolldata<\/h2>\n<ul>\n<li>Kulans hastighet<\/li>\n<li>B\u00e4ravst\u00e5nd<\/li>\n<li>Startvinkel<\/li>\n<li>Snurrhastighet<\/li>\n<li>Apex h\u00f6jd<\/li>\n<li>Flygtid<\/li>\n<li>Startriktning<\/li>\n<li>Snurr-axel<\/li>\n<li>Rullavst\u00e5nd<\/li>\n<li>Totalt avst\u00e5nd<\/li>\n<li>Landning i sidled<\/li>\n<li>Spridning av skott<\/li>\n<li>Typ av skott<\/li>\n<li>Kurva<\/li>\n<\/ul>\n<h2>Klubbdata<\/h2>\n<ul>\n<li>Klubbhuvudets hastighet<\/li>\n<li>Smash-faktorn<\/li>\n<li>Angreppsvinkel<\/li>\n<li>Spin Loft<\/li>\n<li>Ansikte mot ansikte<\/li>\n<li>Ansikte mot ansikte<\/li>\n<li>Dynamiskt loft<\/li>\n<li>Klubbv\u00e4g<\/li>\n<li>Vertikalt sv\u00e4ngplan<\/li>\n<li>Horisontellt sv\u00e4ngplan<\/li>\n<li>L\u00e5gpunkt<\/li>\n<li>Vertikal nedstigningsvinkel<\/li>\n<li>Klubbens hastighetsprofil<\/li>\n<li>Profil f\u00f6r klubbacceleration<\/li>\n<\/ul>","protected":false},"excerpt":{"rendered":"<p>Kompakt och prisv\u00e4rd Flightscope Mevo+ Kompakt och prisv\u00e4rd De ultimata startmonitorerna f\u00f6r inomhus- och utomhusbruk Mevo+ 2023 Edition drivs av FlightScopes patenterade Fusion Tracking-teknik och \u00e4r utrustad med 20 dataparametrar och ett exklusivt E6 Connect 12-banepaket som inkluderar Pebble Beach, St Andrews, Bethpage Black, Greenbrier och Bay Hill. se priser &gt; Kompakt och prisv\u00e4rd Omfattande [...].<\/p>","protected":false},"author":2,"featured_media":0,"parent":0,"menu_order":0,"comment_status":"closed","ping_status":"closed","template":"elementor_theme","meta":{"_uag_custom_page_level_css":"","site-sidebar-layout":"no-sidebar","site-content-layout":"page-builder","ast-site-content-layout":"full-width-container","site-content-style":"default","site-sidebar-style":"default","ast-global-header-display":"","ast-banner-title-visibility":"","ast-main-header-display":"","ast-hfb-above-header-display":"","ast-hfb-below-header-display":"","ast-hfb-mobile-header-display":"","site-post-title":"disabled","ast-breadcrumbs-content":"","ast-featured-img":"disabled","footer-sml-layout":"","theme-transparent-header-meta":"","adv-header-id-meta":"","stick-header-meta":"","header-above-stick-meta":"","header-main-stick-meta":"","header-below-stick-meta":"","astra-migrate-meta-layouts":"set","ast-page-background-enabled":"default","ast-page-background-meta":{"desktop":{"background-color":"var(--ast-global-color-4)","background-image":"","background-repeat":"repeat","background-position":"center center","background-size":"auto","background-attachment":"scroll","background-type":"","background-media":"","overlay-type":"","overlay-color":"","overlay-opacity":"","overlay-gradient":""},"tablet":{"background-color":"","background-image":"","background-repeat":"repeat","background-position":"center center","background-size":"auto","background-attachment":"scroll","background-type":"","background-media":"","overlay-type":"","overlay-color":"","overlay-opacity":"","overlay-gradient":""},"mobile":{"background-color":"","background-image":"","background-repeat":"repeat","background-position":"center center","background-size":"auto","background-attachment":"scroll","background-type":"","background-media":"","overlay-type":"","overlay-color":"","overlay-opacity":"","overlay-gradient":""}},"ast-content-background-meta":{"desktop":{"background-color":"var(--ast-global-color-5)","background-image":"","background-repeat":"repeat","background-position":"center center","background-size":"auto","background-attachment":"scroll","background-type":"","background-media":"","overlay-type":"","overlay-color":"","overlay-opacity":"","overlay-gradient":""},"tablet":{"background-color":"var(--ast-global-color-5)","background-image":"","background-repeat":"repeat","background-position":"center center","background-size":"auto","background-attachment":"scroll","background-type":"","background-media":"","overlay-type":"","overlay-color":"","overlay-opacity":"","overlay-gradient":""},"mobile":{"background-color":"var(--ast-global-color-5)","background-image":"","background-repeat":"repeat","background-position":"center center","background-size":"auto","background-attachment":"scroll","background-type":"","background-media":"","overlay-type":"","overlay-color":"","overlay-opacity":"","overlay-gradient":""}},"footnotes":""},"class_list":["post-5625","page","type-page","status-publish","hentry"],"yoast_head":"<!-- This site is optimized with the Yoast SEO plugin v26.4 - https:\/\/yoast.com\/wordpress\/plugins\/seo\/ -->\n<title>Flightscope Mevo+ - Golfsimulator Kaufen #1 Indoor Golf in Europe<\/title>\n<meta name=\"description\" content=\"Flightscope Mevo+ Launch Monitor \u2013 kompakt, pr\u00e4zise &amp; mobil. Indoor &amp; Outdoor mit 20 Datenparametern &amp; E6 Connect Kurs-Paket.\" \/>\n<meta name=\"robots\" content=\"index, follow, max-snippet:-1, max-image-preview:large, max-video-preview:-1\" \/>\n<link rel=\"canonical\" href=\"https:\/\/www.golfsimulator.kaufen\/sv\/flightscope-mevo\/\" \/>\n<meta property=\"og:locale\" content=\"sv_SE\" \/>\n<meta property=\"og:type\" content=\"article\" \/>\n<meta property=\"og:title\" content=\"Flightscope Mevo+ - Golfsimulator Kaufen #1 Indoor Golf in Europe\" \/>\n<meta property=\"og:description\" content=\"Flightscope Mevo+ Launch Monitor \u2013 kompakt, pr\u00e4zise &amp; mobil. Indoor &amp; Outdoor mit 20 Datenparametern &amp; E6 Connect Kurs-Paket.\" \/>\n<meta property=\"og:url\" content=\"https:\/\/www.golfsimulator.kaufen\/sv\/flightscope-mevo\/\" \/>\n<meta property=\"og:site_name\" content=\"Golfsimulator Kaufen #1 Indoor Golf in Europe\" \/>\n<meta property=\"article:publisher\" content=\"https:\/\/www.facebook.com\/golfballs.at\" \/>\n<meta property=\"article:modified_time\" content=\"2025-09-22T11:32:45+00:00\" \/>\n<meta name=\"twitter:card\" content=\"summary_large_image\" \/>\n<meta name=\"twitter:label1\" content=\"Ber\u00e4knad l\u00e4stid\" \/>\n\t<meta name=\"twitter:data1\" content=\"1 minut\" \/>\n<script type=\"application\/ld+json\" class=\"yoast-schema-graph\">{\"@context\":\"https:\/\/schema.org\",\"@graph\":[{\"@type\":\"WebPage\",\"@id\":\"https:\/\/www.golfsimulator.kaufen\/flightscope-mevo\/\",\"url\":\"https:\/\/www.golfsimulator.kaufen\/flightscope-mevo\/\",\"name\":\"Flightscope Mevo+ - Golfsimulator Kaufen #1 Indoor Golf in Europe\",\"isPartOf\":{\"@id\":\"https:\/\/www.golfsimulator.kaufen\/de_de\/#website\"},\"datePublished\":\"2024-09-11T07:57:26+00:00\",\"dateModified\":\"2025-09-22T11:32:45+00:00\",\"description\":\"Flightscope Mevo+ Launch Monitor \u2013 kompakt, pr\u00e4zise & mobil. Indoor & Outdoor mit 20 Datenparametern & E6 Connect Kurs-Paket.\",\"breadcrumb\":{\"@id\":\"https:\/\/www.golfsimulator.kaufen\/flightscope-mevo\/#breadcrumb\"},\"inLanguage\":\"sv-SE\",\"potentialAction\":[{\"@type\":\"ReadAction\",\"target\":[\"https:\/\/www.golfsimulator.kaufen\/flightscope-mevo\/\"]}]},{\"@type\":\"BreadcrumbList\",\"@id\":\"https:\/\/www.golfsimulator.kaufen\/flightscope-mevo\/#breadcrumb\",\"itemListElement\":[{\"@type\":\"ListItem\",\"position\":1,\"name\":\"Startseite\",\"item\":\"https:\/\/www.golfsimulator.kaufen\/\"},{\"@type\":\"ListItem\",\"position\":2,\"name\":\"Flightscope Mevo+\"}]},{\"@type\":\"WebSite\",\"@id\":\"https:\/\/www.golfsimulator.kaufen\/de_de\/#website\",\"url\":\"https:\/\/www.golfsimulator.kaufen\/de_de\/\",\"name\":\"Golfsimulator Kaufen #1 Indoor Golf in Europe\",\"description\":\"Home of the GSK ELITE Enclosure\",\"publisher\":{\"@id\":\"https:\/\/www.golfsimulator.kaufen\/de_de\/#organization\"},\"potentialAction\":[{\"@type\":\"SearchAction\",\"target\":{\"@type\":\"EntryPoint\",\"urlTemplate\":\"https:\/\/www.golfsimulator.kaufen\/de_de\/?s={search_term_string}\"},\"query-input\":{\"@type\":\"PropertyValueSpecification\",\"valueRequired\":true,\"valueName\":\"search_term_string\"}}],\"inLanguage\":\"sv-SE\"},{\"@type\":\"Organization\",\"@id\":\"https:\/\/www.golfsimulator.kaufen\/de_de\/#organization\",\"name\":\"Golfsport Company KG\",\"url\":\"https:\/\/www.golfsimulator.kaufen\/de_de\/\",\"logo\":{\"@type\":\"ImageObject\",\"inLanguage\":\"sv-SE\",\"@id\":\"https:\/\/www.golfsimulator.kaufen\/de_de\/#\/schema\/logo\/image\/\",\"url\":\"https:\/\/www.golfsimulator.kaufen\/wp-content\/uploads\/2024\/09\/golfsimulator_kaufen_logo.png\",\"contentUrl\":\"https:\/\/www.golfsimulator.kaufen\/wp-content\/uploads\/2024\/09\/golfsimulator_kaufen_logo.png\",\"width\":300,\"height\":49,\"caption\":\"Golfsport Company KG\"},\"image\":{\"@id\":\"https:\/\/www.golfsimulator.kaufen\/de_de\/#\/schema\/logo\/image\/\"},\"sameAs\":[\"https:\/\/www.facebook.com\/golfballs.at\"]}]}<\/script>\n<!-- \/ Yoast SEO plugin. -->","yoast_head_json":{"title":"Flightscope Mevo+ - Golfsimulator K\u00f6p #1 Inomhusgolf i Europa","description":"Flightscope Mevo+ Launch Monitor - kompakt, exakt och mobil. Inomhus &amp; utomhus med 20 dataparametrar &amp; E6 Connect kurspaket.","robots":{"index":"index","follow":"follow","max-snippet":"max-snippet:-1","max-image-preview":"max-image-preview:large","max-video-preview":"max-video-preview:-1"},"canonical":"https:\/\/www.golfsimulator.kaufen\/sv\/flightscope-mevo\/","og_locale":"sv_SE","og_type":"article","og_title":"Flightscope Mevo+ - Golfsimulator Kaufen #1 Indoor Golf in Europe","og_description":"Flightscope Mevo+ Launch Monitor \u2013 kompakt, pr\u00e4zise & mobil. Indoor & Outdoor mit 20 Datenparametern & E6 Connect Kurs-Paket.","og_url":"https:\/\/www.golfsimulator.kaufen\/sv\/flightscope-mevo\/","og_site_name":"Golfsimulator Kaufen #1 Indoor Golf in Europe","article_publisher":"https:\/\/www.facebook.com\/golfballs.at","article_modified_time":"2025-09-22T11:32:45+00:00","twitter_card":"summary_large_image","twitter_misc":{"Ber\u00e4knad l\u00e4stid":"1 minut"},"schema":{"@context":"https:\/\/schema.org","@graph":[{"@type":"WebPage","@id":"https:\/\/www.golfsimulator.kaufen\/flightscope-mevo\/","url":"https:\/\/www.golfsimulator.kaufen\/flightscope-mevo\/","name":"Flightscope Mevo+ - Golfsimulator K\u00f6p #1 Inomhusgolf i Europa","isPartOf":{"@id":"https:\/\/www.golfsimulator.kaufen\/de_de\/#website"},"datePublished":"2024-09-11T07:57:26+00:00","dateModified":"2025-09-22T11:32:45+00:00","description":"Flightscope Mevo+ Launch Monitor - kompakt, exakt och mobil. Inomhus &amp; utomhus med 20 dataparametrar &amp; E6 Connect kurspaket.","breadcrumb":{"@id":"https:\/\/www.golfsimulator.kaufen\/flightscope-mevo\/#breadcrumb"},"inLanguage":"sv-SE","potentialAction":[{"@type":"ReadAction","target":["https:\/\/www.golfsimulator.kaufen\/flightscope-mevo\/"]}]},{"@type":"BreadcrumbList","@id":"https:\/\/www.golfsimulator.kaufen\/flightscope-mevo\/#breadcrumb","itemListElement":[{"@type":"ListItem","position":1,"name":"Startseite","item":"https:\/\/www.golfsimulator.kaufen\/"},{"@type":"ListItem","position":2,"name":"Flightscope Mevo+"}]},{"@type":"WebSite","@id":"https:\/\/www.golfsimulator.kaufen\/de_de\/#website","url":"https:\/\/www.golfsimulator.kaufen\/de_de\/","name":"K\u00f6p golfsimulator #1 inomhusgolf i Europa","description":"GSK ELITE-kapslingens hemvist","publisher":{"@id":"https:\/\/www.golfsimulator.kaufen\/de_de\/#organization"},"potentialAction":[{"@type":"SearchAction","target":{"@type":"EntryPoint","urlTemplate":"https:\/\/www.golfsimulator.kaufen\/de_de\/?s={search_term_string}"},"query-input":{"@type":"PropertyValueSpecification","valueRequired":true,"valueName":"search_term_string"}}],"inLanguage":"sv-SE"},{"@type":"Organization","@id":"https:\/\/www.golfsimulator.kaufen\/de_de\/#organization","name":"Golfsport Company KG","url":"https:\/\/www.golfsimulator.kaufen\/de_de\/","logo":{"@type":"ImageObject","inLanguage":"sv-SE","@id":"https:\/\/www.golfsimulator.kaufen\/de_de\/#\/schema\/logo\/image\/","url":"https:\/\/www.golfsimulator.kaufen\/wp-content\/uploads\/2024\/09\/golfsimulator_kaufen_logo.png","contentUrl":"https:\/\/www.golfsimulator.kaufen\/wp-content\/uploads\/2024\/09\/golfsimulator_kaufen_logo.png","width":300,"height":49,"caption":"Golfsport Company KG"},"image":{"@id":"https:\/\/www.golfsimulator.kaufen\/de_de\/#\/schema\/logo\/image\/"},"sameAs":["https:\/\/www.facebook.com\/golfballs.at"]}]}},"uagb_featured_image_src":{"full":false,"thumbnail":false,"medium":false,"medium_large":false,"large":false,"1536x1536":false,"2048x2048":false,"trp-custom-language-flag":false},"uagb_author_info":{"display_name":"Joshua Doerfl","author_link":"https:\/\/www.golfsimulator.kaufen\/sv\/author\/joshua\/"},"uagb_comment_info":0,"uagb_excerpt":"Compact and Affordable Flightscope Mevo+ Compact and Affordable The ultimate Indoor and Outdoor Launch Monitors Angetrieben von FlightScopes patentierter Fusion Tracking-Technologie, ist das Mevo+ 2023 Edition mit 20 Datenparametern und einem exklusiven E6 Connect 12-Kurs-Paket ausgestattet, das Pebble Beach, St Andrews, Bethpage Black, Greenbrier und Bay Hill umfasst. see pricing > Compact and Affordable Umfassende&hellip;","_links":{"self":[{"href":"https:\/\/www.golfsimulator.kaufen\/sv\/wp-json\/wp\/v2\/pages\/5625","targetHints":{"allow":["GET"]}}],"collection":[{"href":"https:\/\/www.golfsimulator.kaufen\/sv\/wp-json\/wp\/v2\/pages"}],"about":[{"href":"https:\/\/www.golfsimulator.kaufen\/sv\/wp-json\/wp\/v2\/types\/page"}],"author":[{"embeddable":true,"href":"https:\/\/www.golfsimulator.kaufen\/sv\/wp-json\/wp\/v2\/users\/2"}],"replies":[{"embeddable":true,"href":"https:\/\/www.golfsimulator.kaufen\/sv\/wp-json\/wp\/v2\/comments?post=5625"}],"version-history":[{"count":52,"href":"https:\/\/www.golfsimulator.kaufen\/sv\/wp-json\/wp\/v2\/pages\/5625\/revisions"}],"predecessor-version":[{"id":5905,"href":"https:\/\/www.golfsimulator.kaufen\/sv\/wp-json\/wp\/v2\/pages\/5625\/revisions\/5905"}],"wp:attachment":[{"href":"https:\/\/www.golfsimulator.kaufen\/sv\/wp-json\/wp\/v2\/media?parent=5625"}],"curies":[{"name":"wp","href":"https:\/\/api.w.org\/{rel}","templated":true}]}}