{"id":4962,"date":"2024-08-29T13:30:30","date_gmt":"2024-08-29T11:30:30","guid":{"rendered":"https:\/\/new.golfsimulator.kaufen\/?page_id=4962"},"modified":"2024-09-10T09:43:05","modified_gmt":"2024-09-10T07:43:05","slug":"protee-vx","status":"publish","type":"page","link":"https:\/\/www.golfsimulator.kaufen\/sl\/protee-vx\/","title":{"rendered":"PROTEE VX"},"content":{"rendered":"<div data-elementor-type=\"wp-page\" data-elementor-id=\"4962\" class=\"elementor elementor-4962\" data-elementor-post-type=\"page\">\n\t\t\t\t<div class=\"elementor-element elementor-element-29cefa52 e-flex e-con-boxed e-con e-parent\" data-id=\"29cefa52\" data-element_type=\"container\" data-e-type=\"container\" data-settings=\"{&quot;background_background&quot;:&quot;classic&quot;}\">\n\t\t\t\t\t<div class=\"e-con-inner\">\n\t\t<div class=\"elementor-element elementor-element-1d09c190 e-con-full e-flex e-con e-child\" data-id=\"1d09c190\" data-element_type=\"container\" data-e-type=\"container\">\n\t\t\t\t<div class=\"elementor-element elementor-element-7427b56e elementor-widget elementor-widget-heading\" data-id=\"7427b56e\" data-element_type=\"widget\" data-e-type=\"widget\" data-widget_type=\"heading.default\">\n\t\t\t\t<div class=\"elementor-widget-container\">\n\t\t\t\t\t<h2 class=\"elementor-heading-title elementor-size-default\">PROTEE VX<\/h2>\t\t\t\t<\/div>\n\t\t\t\t<\/div>\n\t\t\t\t<div class=\"elementor-element elementor-element-1903103b elementor-widget elementor-widget-heading\" data-id=\"1903103b\" data-element_type=\"widget\" data-e-type=\"widget\" data-widget_type=\"heading.default\">\n\t\t\t\t<div class=\"elementor-widget-container\">\n\t\t\t\t\t<h2 class=\"elementor-heading-title elementor-size-default\">IZMERITE VSE<\/h2>\t\t\t\t<\/div>\n\t\t\t\t<\/div>\n\t\t\t\t<\/div>\n\t\t\t\t\t<\/div>\n\t\t\t\t<\/div>\n\t\t<div class=\"elementor-element elementor-element-523f54a4 e-con-full e-flex e-con e-parent\" data-id=\"523f54a4\" data-element_type=\"container\" data-e-type=\"container\" data-settings=\"{&quot;background_background&quot;:&quot;classic&quot;}\">\n\t\t<div class=\"elementor-element elementor-element-5974c906 e-con-full e-flex e-con e-child\" data-id=\"5974c906\" data-element_type=\"container\" data-e-type=\"container\" data-settings=\"{&quot;background_background&quot;:&quot;classic&quot;}\">\n\t\t\t\t<div class=\"elementor-element elementor-element-8b022ac elementor-widget elementor-widget-heading\" data-id=\"8b022ac\" data-element_type=\"widget\" data-e-type=\"widget\" data-widget_type=\"heading.default\">\n\t\t\t\t<div class=\"elementor-widget-container\">\n\t\t\t\t\t<h2 class=\"elementor-heading-title elementor-size-default\">Neskon\u010dne mo\u017enosti<\/h2>\t\t\t\t<\/div>\n\t\t\t\t<\/div>\n\t\t\t\t<div class=\"elementor-element elementor-element-403681cb elementor-widget elementor-widget-heading\" data-id=\"403681cb\" data-element_type=\"widget\" data-e-type=\"widget\" data-widget_type=\"heading.default\">\n\t\t\t\t<div class=\"elementor-widget-container\">\n\t\t\t\t\t<h2 class=\"elementor-heading-title elementor-size-default\">OBVEZEN PRIPOMO\u010cEK ZA VSAKEGA RESNEGA IGRALCA GOLFA<\/h2>\t\t\t\t<\/div>\n\t\t\t\t<\/div>\n\t\t\t\t<div class=\"elementor-element elementor-element-6cb6e597 elementor-widget elementor-widget-text-editor\" data-id=\"6cb6e597\" data-element_type=\"widget\" data-e-type=\"widget\" data-widget_type=\"text-editor.default\">\n\t\t\t\t<div class=\"elementor-widget-container\">\n\t\t\t\t\t\t\t\t\t<div class=\"flex max-w-full flex-col flex-grow\"><div class=\"min-h-[20px] text-message flex w-full flex-col items-end gap-2 break-words [.text-message+&amp;]:mt-5 overflow-x-auto whitespace-normal\" dir=\"auto\" data-message-author-role=\"assistant\" data-message-id=\"8d4dba0e-0280-4281-aa2b-0d656da62989\"><div class=\"flex w-full flex-col gap-1 empty:hidden first:pt-[3px]\"><div class=\"markdown prose w-full break-words dark:prose-invert light\"><p><strong>Novi monitor za izstrelitev VX podjetja ProTee United odli\u010dno zdru\u017euje visoko tehnologijo in preprostost. Zaradi svoje elegantne oblike in visoke natan\u010dnosti je idealen monitor za izstrelitev za va\u0161 dom. Trenutno najbolj pri\u010dakovani stropni monitor za izstrelitev s \u0161tevilnimi odli\u010dnimi funkcijami.<\/strong><\/p><\/div><\/div><\/div><\/div>\t\t\t\t\t\t\t\t<\/div>\n\t\t\t\t<\/div>\n\t\t\t\t<div class=\"elementor-element elementor-element-67f78dcc elementor-align-center elementor-widget elementor-widget-button\" data-id=\"67f78dcc\" data-element_type=\"widget\" data-e-type=\"widget\" data-widget_type=\"button.default\">\n\t\t\t\t<div class=\"elementor-widget-container\">\n\t\t\t\t\t\t\t\t\t<div class=\"elementor-button-wrapper\">\n\t\t\t\t\t<a class=\"elementor-button elementor-button-link elementor-size-sm elementor-animation-grow\" href=\"https:\/\/www.golfsimulator.shop\/ProTee-VX\" target=\"_blank\">\n\t\t\t\t\t\t<span class=\"elementor-button-content-wrapper\">\n\t\t\t\t\t\t\t\t\t<span class=\"elementor-button-text\">Oglejte si cene &gt;<\/span>\n\t\t\t\t\t<\/span>\n\t\t\t\t\t<\/a>\n\t\t\t\t<\/div>\n\t\t\t\t\t\t\t\t<\/div>\n\t\t\t\t<\/div>\n\t\t\t\t<\/div>\n\t\t<div class=\"elementor-element elementor-element-2f25fb50 e-con-full e-flex e-con e-child\" data-id=\"2f25fb50\" data-element_type=\"container\" data-e-type=\"container\" data-settings=\"{&quot;background_background&quot;:&quot;classic&quot;}\">\n\t\t\t\t<\/div>\n\t\t\t\t<\/div>\n\t\t<div class=\"elementor-element elementor-element-19a55487 e-con-full e-flex e-con e-parent\" data-id=\"19a55487\" data-element_type=\"container\" data-e-type=\"container\" data-settings=\"{&quot;background_background&quot;:&quot;classic&quot;}\">\n\t\t<div class=\"elementor-element elementor-element-75a806e e-con-full e-flex e-con e-child\" data-id=\"75a806e\" data-element_type=\"container\" data-e-type=\"container\">\n\t\t\t\t<div class=\"elementor-element elementor-element-51337bac animated-slow elementor-invisible elementor-widget elementor-widget-heading\" data-id=\"51337bac\" data-element_type=\"widget\" data-e-type=\"widget\" data-settings=\"{&quot;_animation&quot;:&quot;slideInUp&quot;}\" data-widget_type=\"heading.default\">\n\t\t\t\t<div class=\"elementor-widget-container\">\n\t\t\t\t\t<h2 class=\"elementor-heading-title elementor-size-default\">Majhen paket, popolna simulacija<\/h2>\t\t\t\t<\/div>\n\t\t\t\t<\/div>\n\t\t\t\t<div class=\"elementor-element elementor-element-4781b8ff animated-slow elementor-invisible elementor-widget elementor-widget-heading\" data-id=\"4781b8ff\" data-element_type=\"widget\" data-e-type=\"widget\" data-settings=\"{&quot;_animation&quot;:&quot;slideInUp&quot;}\" data-widget_type=\"heading.default\">\n\t\t\t\t<div class=\"elementor-widget-container\">\n\t\t\t\t\t<h2 class=\"elementor-heading-title elementor-size-default\">Celovita analiza kapi\n\n<\/h2>\t\t\t\t<\/div>\n\t\t\t\t<\/div>\n\t\t\t\t<\/div>\n\t\t<div class=\"elementor-element elementor-element-5e47bb1a e-con-full e-flex e-con e-child\" data-id=\"5e47bb1a\" data-element_type=\"container\" data-e-type=\"container\">\n\t\t<div class=\"elementor-element elementor-element-56374740 e-con-full e-flex e-con e-child\" data-id=\"56374740\" data-element_type=\"container\" data-e-type=\"container\">\n\t\t<div class=\"elementor-element elementor-element-37240bff e-grid e-con-full e-con e-child\" data-id=\"37240bff\" data-element_type=\"container\" data-e-type=\"container\">\n\t\t<div class=\"elementor-element elementor-element-2243f68b e-con-full e-flex e-con e-child\" data-id=\"2243f68b\" data-element_type=\"container\" data-e-type=\"container\">\n\t\t<div class=\"elementor-element elementor-element-2249d984 e-con-full e-flex e-con e-child\" data-id=\"2249d984\" data-element_type=\"container\" data-e-type=\"container\" data-settings=\"{&quot;background_background&quot;:&quot;classic&quot;}\">\n\t\t\t\t<\/div>\n\t\t\t\t<div class=\"elementor-element elementor-element-f748aa9 elementor-widget elementor-widget-heading\" data-id=\"f748aa9\" data-element_type=\"widget\" data-e-type=\"widget\" data-widget_type=\"heading.default\">\n\t\t\t\t<div class=\"elementor-widget-container\">\n\t\t\t\t\t<h2 class=\"elementor-heading-title elementor-size-default\">Tehni\u010dne specifikacije<\/h2>\t\t\t\t<\/div>\n\t\t\t\t<\/div>\n\t\t\t\t<div class=\"elementor-element elementor-element-1607a629 elementor-widget elementor-widget-text-editor\" data-id=\"1607a629\" data-element_type=\"widget\" data-e-type=\"widget\" data-widget_type=\"text-editor.default\">\n\t\t\t\t<div class=\"elementor-widget-container\">\n\t\t\t\t\t\t\t\t\t<ul><li>Dvojne kamere za visoke hitrosti<\/li><li>Pogon na umetno inteligenco<\/li><\/ul>\t\t\t\t\t\t\t\t<\/div>\n\t\t\t\t<\/div>\n\t\t\t\t<\/div>\n\t\t<div class=\"elementor-element elementor-element-6be1d693 e-con-full e-flex e-con e-child\" data-id=\"6be1d693\" data-element_type=\"container\" data-e-type=\"container\">\n\t\t<div class=\"elementor-element elementor-element-4e61c23f e-con-full e-flex e-con e-child\" data-id=\"4e61c23f\" data-element_type=\"container\" data-e-type=\"container\" data-settings=\"{&quot;background_background&quot;:&quot;classic&quot;}\">\n\t\t\t\t<\/div>\n\t\t\t\t<div class=\"elementor-element elementor-element-1d3d831b elementor-widget elementor-widget-heading\" data-id=\"1d3d831b\" data-element_type=\"widget\" data-e-type=\"widget\" data-widget_type=\"heading.default\">\n\t\t\t\t<div class=\"elementor-widget-container\">\n\t\t\t\t\t<h2 class=\"elementor-heading-title elementor-size-default\">Podatki o \u017eogi<\/h2>\t\t\t\t<\/div>\n\t\t\t\t<\/div>\n\t\t\t\t<div class=\"elementor-element elementor-element-a49aabb elementor-widget elementor-widget-text-editor\" data-id=\"a49aabb\" data-element_type=\"widget\" data-e-type=\"widget\" data-widget_type=\"text-editor.default\">\n\t\t\t\t<div class=\"elementor-widget-container\">\n\t\t\t\t\t\t\t\t\t<ul><li>Hitrost \u017eoge<\/li><li>Skupno vrtenje<\/li><li>Os vrtenja<\/li><li>Vrtenje nazaj<\/li><li>Stranski obrat<\/li><li>Smer izstrelitve<\/li><li>Izstrelitveni kot<\/li><\/ul>\t\t\t\t\t\t\t\t<\/div>\n\t\t\t\t<\/div>\n\t\t\t\t<\/div>\n\t\t<div class=\"elementor-element elementor-element-14b252e7 e-con-full e-flex e-con e-child\" data-id=\"14b252e7\" data-element_type=\"container\" data-e-type=\"container\">\n\t\t<div class=\"elementor-element elementor-element-45b07b5d e-con-full e-flex e-con e-child\" data-id=\"45b07b5d\" data-element_type=\"container\" data-e-type=\"container\" data-settings=\"{&quot;background_background&quot;:&quot;classic&quot;}\">\n\t\t\t\t<\/div>\n\t\t\t\t<div class=\"elementor-element elementor-element-30a9cf91 elementor-widget elementor-widget-heading\" data-id=\"30a9cf91\" data-element_type=\"widget\" data-e-type=\"widget\" data-widget_type=\"heading.default\">\n\t\t\t\t<div class=\"elementor-widget-container\">\n\t\t\t\t\t<h2 class=\"elementor-heading-title elementor-size-default\">Klubski podatki<\/h2>\t\t\t\t<\/div>\n\t\t\t\t<\/div>\n\t\t\t\t<div class=\"elementor-element elementor-element-4e339250 elementor-widget elementor-widget-text-editor\" data-id=\"4e339250\" data-element_type=\"widget\" data-e-type=\"widget\" data-widget_type=\"text-editor.default\">\n\t\t\t\t<div class=\"elementor-widget-container\">\n\t\t\t\t\t\t\t\t\t<ul><li>Klubska hitrost<\/li><li>Pot za gugalnico<\/li><li>Kot obraza kluba<\/li><li>Klub Face to Path<\/li><li>Kot napada<\/li><li>Dinami\u010dno podstre\u0161je<\/li><li>Kot lege kluba<\/li><li>To\u010dka udarca Navpi\u010dno in vodoravno<\/li><\/ul>\t\t\t\t\t\t\t\t<\/div>\n\t\t\t\t<\/div>\n\t\t\t\t<\/div>\n\t\t\t\t<\/div>\n\t\t\t\t<\/div>\n\t\t\t\t<\/div>\n\t\t\t\t<\/div>\n\t\t\t\t<\/div>","protected":false},"excerpt":{"rendered":"<p>PROTEE VX MEASURE IT ALL Endless possibilities A MUST FOR EVERY SERIOUS GOLFER Der neue VX Launch Monitor von ProTee United vereint perfekt High-Tech und Einfachheit. Sein elegantes Design und seine hohe Genauigkeit machen ihn zum idealen Launch Monitor f\u00fcr Ihr Zuhause. Der derzeit am meisten erwartete Decken-Launch-Monitor mit einer Vielzahl gro\u00dfartiger Funktionen. see pricing [&hellip;]<\/p>","protected":false},"author":2,"featured_media":0,"parent":0,"menu_order":0,"comment_status":"closed","ping_status":"closed","template":"","meta":{"_uag_custom_page_level_css":"","site-sidebar-layout":"no-sidebar","site-content-layout":"page-builder","ast-site-content-layout":"full-width-container","site-content-style":"default","site-sidebar-style":"default","ast-global-header-display":"","ast-banner-title-visibility":"","ast-main-header-display":"","ast-hfb-above-header-display":"","ast-hfb-below-header-display":"","ast-hfb-mobile-header-display":"","site-post-title":"disabled","ast-breadcrumbs-content":"","ast-featured-img":"disabled","footer-sml-layout":"","theme-transparent-header-meta":"","adv-header-id-meta":"","stick-header-meta":"","header-above-stick-meta":"","header-main-stick-meta":"","header-below-stick-meta":"","astra-migrate-meta-layouts":"set","ast-page-background-enabled":"default","ast-page-background-meta":{"desktop":{"background-color":"var(--ast-global-color-4)","background-image":"","background-repeat":"repeat","background-position":"center center","background-size":"auto","background-attachment":"scroll","background-type":"","background-media":"","overlay-type":"","overlay-color":"","overlay-opacity":"","overlay-gradient":""},"tablet":{"background-color":"","background-image":"","background-repeat":"repeat","background-position":"center center","background-size":"auto","background-attachment":"scroll","background-type":"","background-media":"","overlay-type":"","overlay-color":"","overlay-opacity":"","overlay-gradient":""},"mobile":{"background-color":"","background-image":"","background-repeat":"repeat","background-position":"center center","background-size":"auto","background-attachment":"scroll","background-type":"","background-media":"","overlay-type":"","overlay-color":"","overlay-opacity":"","overlay-gradient":""}},"ast-content-background-meta":{"desktop":{"background-color":"var(--ast-global-color-5)","background-image":"","background-repeat":"repeat","background-position":"center center","background-size":"auto","background-attachment":"scroll","background-type":"","background-media":"","overlay-type":"","overlay-color":"","overlay-opacity":"","overlay-gradient":""},"tablet":{"background-color":"var(--ast-global-color-5)","background-image":"","background-repeat":"repeat","background-position":"center center","background-size":"auto","background-attachment":"scroll","background-type":"","background-media":"","overlay-type":"","overlay-color":"","overlay-opacity":"","overlay-gradient":""},"mobile":{"background-color":"var(--ast-global-color-5)","background-image":"","background-repeat":"repeat","background-position":"center center","background-size":"auto","background-attachment":"scroll","background-type":"","background-media":"","overlay-type":"","overlay-color":"","overlay-opacity":"","overlay-gradient":""}},"footnotes":""},"class_list":["post-4962","page","type-page","status-publish","hentry"],"yoast_head":"<!-- This site is optimized with the Yoast SEO plugin v26.4 - https:\/\/yoast.com\/wordpress\/plugins\/seo\/ -->\n<title>PROTEE VX - Golfsimulator Kaufen #1 Indoor Golf in Europe<\/title>\n<meta name=\"robots\" content=\"index, follow, max-snippet:-1, max-image-preview:large, max-video-preview:-1\" \/>\n<link rel=\"canonical\" href=\"https:\/\/www.golfsimulator.kaufen\/sl\/protee-vx\/\" \/>\n<meta property=\"og:locale\" content=\"sl_SI\" \/>\n<meta property=\"og:type\" content=\"article\" \/>\n<meta property=\"og:title\" content=\"PROTEE VX - Golfsimulator Kaufen #1 Indoor Golf in Europe\" \/>\n<meta property=\"og:description\" content=\"PROTEE VX MEASURE IT ALL Endless possibilities A MUST FOR EVERY SERIOUS GOLFER Der neue VX Launch Monitor von ProTee United vereint perfekt High-Tech und Einfachheit. Sein elegantes Design und seine hohe Genauigkeit machen ihn zum idealen Launch Monitor f\u00fcr Ihr Zuhause. Der derzeit am meisten erwartete Decken-Launch-Monitor mit einer Vielzahl gro\u00dfartiger Funktionen. see pricing [&hellip;]\" \/>\n<meta property=\"og:url\" content=\"https:\/\/www.golfsimulator.kaufen\/sl\/protee-vx\/\" \/>\n<meta property=\"og:site_name\" content=\"Golfsimulator Kaufen #1 Indoor Golf in Europe\" \/>\n<meta property=\"article:publisher\" content=\"https:\/\/www.facebook.com\/golfballs.at\" \/>\n<meta property=\"article:modified_time\" content=\"2024-09-10T07:43:05+00:00\" \/>\n<meta name=\"twitter:card\" content=\"summary_large_image\" \/>\n<script type=\"application\/ld+json\" class=\"yoast-schema-graph\">{\"@context\":\"https:\/\/schema.org\",\"@graph\":[{\"@type\":\"WebPage\",\"@id\":\"https:\/\/www.golfsimulator.kaufen\/protee-vx\/\",\"url\":\"https:\/\/www.golfsimulator.kaufen\/protee-vx\/\",\"name\":\"PROTEE VX - Golfsimulator Kaufen #1 Indoor Golf in Europe\",\"isPartOf\":{\"@id\":\"https:\/\/www.golfsimulator.kaufen\/de_de\/#website\"},\"datePublished\":\"2024-08-29T11:30:30+00:00\",\"dateModified\":\"2024-09-10T07:43:05+00:00\",\"breadcrumb\":{\"@id\":\"https:\/\/www.golfsimulator.kaufen\/protee-vx\/#breadcrumb\"},\"inLanguage\":\"sl-SI\",\"potentialAction\":[{\"@type\":\"ReadAction\",\"target\":[\"https:\/\/www.golfsimulator.kaufen\/protee-vx\/\"]}]},{\"@type\":\"BreadcrumbList\",\"@id\":\"https:\/\/www.golfsimulator.kaufen\/protee-vx\/#breadcrumb\",\"itemListElement\":[{\"@type\":\"ListItem\",\"position\":1,\"name\":\"Startseite\",\"item\":\"https:\/\/www.golfsimulator.kaufen\/\"},{\"@type\":\"ListItem\",\"position\":2,\"name\":\"PROTEE VX\"}]},{\"@type\":\"WebSite\",\"@id\":\"https:\/\/www.golfsimulator.kaufen\/de_de\/#website\",\"url\":\"https:\/\/www.golfsimulator.kaufen\/de_de\/\",\"name\":\"Golfsimulator Kaufen #1 Indoor Golf in Europe\",\"description\":\"Home of the GSK ELITE Enclosure\",\"publisher\":{\"@id\":\"https:\/\/www.golfsimulator.kaufen\/de_de\/#organization\"},\"potentialAction\":[{\"@type\":\"SearchAction\",\"target\":{\"@type\":\"EntryPoint\",\"urlTemplate\":\"https:\/\/www.golfsimulator.kaufen\/de_de\/?s={search_term_string}\"},\"query-input\":{\"@type\":\"PropertyValueSpecification\",\"valueRequired\":true,\"valueName\":\"search_term_string\"}}],\"inLanguage\":\"sl-SI\"},{\"@type\":\"Organization\",\"@id\":\"https:\/\/www.golfsimulator.kaufen\/de_de\/#organization\",\"name\":\"Golfsport Company KG\",\"url\":\"https:\/\/www.golfsimulator.kaufen\/de_de\/\",\"logo\":{\"@type\":\"ImageObject\",\"inLanguage\":\"sl-SI\",\"@id\":\"https:\/\/www.golfsimulator.kaufen\/de_de\/#\/schema\/logo\/image\/\",\"url\":\"https:\/\/www.golfsimulator.kaufen\/wp-content\/uploads\/2024\/09\/golfsimulator_kaufen_logo.png\",\"contentUrl\":\"https:\/\/www.golfsimulator.kaufen\/wp-content\/uploads\/2024\/09\/golfsimulator_kaufen_logo.png\",\"width\":300,\"height\":49,\"caption\":\"Golfsport Company KG\"},\"image\":{\"@id\":\"https:\/\/www.golfsimulator.kaufen\/de_de\/#\/schema\/logo\/image\/\"},\"sameAs\":[\"https:\/\/www.facebook.com\/golfballs.at\"]}]}<\/script>\n<!-- \/ Yoast SEO plugin. -->","yoast_head_json":{"title":"PROTEE VX - Simulator golfa Kupite #1 Indoor Golf v Evropi","robots":{"index":"index","follow":"follow","max-snippet":"max-snippet:-1","max-image-preview":"max-image-preview:large","max-video-preview":"max-video-preview:-1"},"canonical":"https:\/\/www.golfsimulator.kaufen\/sl\/protee-vx\/","og_locale":"sl_SI","og_type":"article","og_title":"PROTEE VX - Golfsimulator Kaufen #1 Indoor Golf in Europe","og_description":"PROTEE VX MEASURE IT ALL Endless possibilities A MUST FOR EVERY SERIOUS GOLFER Der neue VX Launch Monitor von ProTee United vereint perfekt High-Tech und Einfachheit. Sein elegantes Design und seine hohe Genauigkeit machen ihn zum idealen Launch Monitor f\u00fcr Ihr Zuhause. Der derzeit am meisten erwartete Decken-Launch-Monitor mit einer Vielzahl gro\u00dfartiger Funktionen. see pricing [&hellip;]","og_url":"https:\/\/www.golfsimulator.kaufen\/sl\/protee-vx\/","og_site_name":"Golfsimulator Kaufen #1 Indoor Golf in Europe","article_publisher":"https:\/\/www.facebook.com\/golfballs.at","article_modified_time":"2024-09-10T07:43:05+00:00","twitter_card":"summary_large_image","schema":{"@context":"https:\/\/schema.org","@graph":[{"@type":"WebPage","@id":"https:\/\/www.golfsimulator.kaufen\/protee-vx\/","url":"https:\/\/www.golfsimulator.kaufen\/protee-vx\/","name":"PROTEE VX - Simulator golfa Kupite #1 Indoor Golf v Evropi","isPartOf":{"@id":"https:\/\/www.golfsimulator.kaufen\/de_de\/#website"},"datePublished":"2024-08-29T11:30:30+00:00","dateModified":"2024-09-10T07:43:05+00:00","breadcrumb":{"@id":"https:\/\/www.golfsimulator.kaufen\/protee-vx\/#breadcrumb"},"inLanguage":"sl-SI","potentialAction":[{"@type":"ReadAction","target":["https:\/\/www.golfsimulator.kaufen\/protee-vx\/"]}]},{"@type":"BreadcrumbList","@id":"https:\/\/www.golfsimulator.kaufen\/protee-vx\/#breadcrumb","itemListElement":[{"@type":"ListItem","position":1,"name":"Startseite","item":"https:\/\/www.golfsimulator.kaufen\/"},{"@type":"ListItem","position":2,"name":"PROTEE VX"}]},{"@type":"WebSite","@id":"https:\/\/www.golfsimulator.kaufen\/de_de\/#website","url":"https:\/\/www.golfsimulator.kaufen\/de_de\/","name":"Nakup Golf Simulator #1 Indoor Golf v Evropi","description":"Domovina ohi\u0161ja GSK ELITE","publisher":{"@id":"https:\/\/www.golfsimulator.kaufen\/de_de\/#organization"},"potentialAction":[{"@type":"SearchAction","target":{"@type":"EntryPoint","urlTemplate":"https:\/\/www.golfsimulator.kaufen\/de_de\/?s={search_term_string}"},"query-input":{"@type":"PropertyValueSpecification","valueRequired":true,"valueName":"search_term_string"}}],"inLanguage":"sl-SI"},{"@type":"Organization","@id":"https:\/\/www.golfsimulator.kaufen\/de_de\/#organization","name":"Podjetje Golfsport KG","url":"https:\/\/www.golfsimulator.kaufen\/de_de\/","logo":{"@type":"ImageObject","inLanguage":"sl-SI","@id":"https:\/\/www.golfsimulator.kaufen\/de_de\/#\/schema\/logo\/image\/","url":"https:\/\/www.golfsimulator.kaufen\/wp-content\/uploads\/2024\/09\/golfsimulator_kaufen_logo.png","contentUrl":"https:\/\/www.golfsimulator.kaufen\/wp-content\/uploads\/2024\/09\/golfsimulator_kaufen_logo.png","width":300,"height":49,"caption":"Golfsport Company KG"},"image":{"@id":"https:\/\/www.golfsimulator.kaufen\/de_de\/#\/schema\/logo\/image\/"},"sameAs":["https:\/\/www.facebook.com\/golfballs.at"]}]}},"uagb_featured_image_src":{"full":false,"thumbnail":false,"medium":false,"medium_large":false,"large":false,"1536x1536":false,"2048x2048":false,"trp-custom-language-flag":false},"uagb_author_info":{"display_name":"Joshua Doerfl","author_link":"https:\/\/www.golfsimulator.kaufen\/sl\/author\/joshua\/"},"uagb_comment_info":0,"uagb_excerpt":"PROTEE VX MEASURE IT ALL Endless possibilities A MUST FOR EVERY SERIOUS GOLFER Der neue VX Launch Monitor von ProTee United vereint perfekt High-Tech und Einfachheit. Sein elegantes Design und seine hohe Genauigkeit machen ihn zum idealen Launch Monitor f\u00fcr Ihr Zuhause. Der derzeit am meisten erwartete Decken-Launch-Monitor mit einer Vielzahl gro\u00dfartiger Funktionen. see pricing&hellip;","_links":{"self":[{"href":"https:\/\/www.golfsimulator.kaufen\/sl\/wp-json\/wp\/v2\/pages\/4962","targetHints":{"allow":["GET"]}}],"collection":[{"href":"https:\/\/www.golfsimulator.kaufen\/sl\/wp-json\/wp\/v2\/pages"}],"about":[{"href":"https:\/\/www.golfsimulator.kaufen\/sl\/wp-json\/wp\/v2\/types\/page"}],"author":[{"embeddable":true,"href":"https:\/\/www.golfsimulator.kaufen\/sl\/wp-json\/wp\/v2\/users\/2"}],"replies":[{"embeddable":true,"href":"https:\/\/www.golfsimulator.kaufen\/sl\/wp-json\/wp\/v2\/comments?post=4962"}],"version-history":[{"count":26,"href":"https:\/\/www.golfsimulator.kaufen\/sl\/wp-json\/wp\/v2\/pages\/4962\/revisions"}],"predecessor-version":[{"id":6078,"href":"https:\/\/www.golfsimulator.kaufen\/sl\/wp-json\/wp\/v2\/pages\/4962\/revisions\/6078"}],"wp:attachment":[{"href":"https:\/\/www.golfsimulator.kaufen\/sl\/wp-json\/wp\/v2\/media?parent=4962"}],"curies":[{"name":"wp","href":"https:\/\/api.w.org\/{rel}","templated":true}]}}