{"id":5653,"date":"2024-09-11T10:23:31","date_gmt":"2024-09-11T08:23:31","guid":{"rendered":"https:\/\/www.golfsimulator.kaufen\/?page_id=5653"},"modified":"2025-09-22T13:42:09","modified_gmt":"2025-09-22T11:42:09","slug":"narazove-sito-gsk-elite","status":"publish","type":"page","link":"https:\/\/www.golfsimulator.kaufen\/sk\/narazove-sito-gsk-elite\/","title":{"rendered":"GSK Elite Impact Screen"},"content":{"rendered":"<div data-elementor-type=\"wp-page\" data-elementor-id=\"5653\" class=\"elementor elementor-5653\" data-elementor-post-type=\"page\">\n\t\t\t\t<div class=\"elementor-element elementor-element-307e52e e-flex e-con-boxed e-con e-parent\" data-id=\"307e52e\" data-element_type=\"container\" data-e-type=\"container\" data-settings=\"{&quot;background_background&quot;:&quot;classic&quot;}\">\n\t\t\t\t\t<div class=\"e-con-inner\">\n\t\t\t\t<div class=\"elementor-element elementor-element-6033810 elementor-widget elementor-widget-heading\" data-id=\"6033810\" data-element_type=\"widget\" data-e-type=\"widget\" data-widget_type=\"heading.default\">\n\t\t\t\t<div class=\"elementor-widget-container\">\n\t\t\t\t\t<h1 class=\"elementor-heading-title elementor-size-default\">N\u00c1RAZOV\u00c9 SIT\u00c1 GSK ELITE<\/h1>\t\t\t\t<\/div>\n\t\t\t\t<\/div>\n\t\t\t\t\t<\/div>\n\t\t\t\t<\/div>\n\t\t<div class=\"elementor-element elementor-element-690cbaf e-flex e-con-boxed e-con e-parent\" data-id=\"690cbaf\" data-element_type=\"container\" data-e-type=\"container\" data-settings=\"{&quot;background_background&quot;:&quot;classic&quot;}\">\n\t\t\t\t\t<div class=\"e-con-inner\">\n\t\t<div class=\"elementor-element elementor-element-a6fa2df e-con-full e-flex e-con e-child\" data-id=\"a6fa2df\" data-element_type=\"container\" data-e-type=\"container\" data-settings=\"{&quot;background_background&quot;:&quot;classic&quot;}\">\n\t\t\t\t<\/div>\n\t\t<div class=\"elementor-element elementor-element-c1c9fe1 e-con-full e-flex e-con e-child\" data-id=\"c1c9fe1\" data-element_type=\"container\" data-e-type=\"container\">\n\t\t\t\t<div class=\"elementor-element elementor-element-43a8fcf elementor-widget elementor-widget-heading\" data-id=\"43a8fcf\" data-element_type=\"widget\" data-e-type=\"widget\" data-widget_type=\"heading.default\">\n\t\t\t\t<div class=\"elementor-widget-container\">\n\t\t\t\t\t<h2 class=\"elementor-heading-title elementor-size-default\">\u00daplne nov\u00e1 dvojit\u00e1 vrstva<\/h2>\t\t\t\t<\/div>\n\t\t\t\t<\/div>\n\t\t\t\t<div class=\"elementor-element elementor-element-fd0a3ef elementor-widget elementor-widget-heading\" data-id=\"fd0a3ef\" data-element_type=\"widget\" data-e-type=\"widget\" data-widget_type=\"heading.default\">\n\t\t\t\t<div class=\"elementor-widget-container\">\n\t\t\t\t\t<h4 class=\"elementor-heading-title elementor-size-default\">Preto\u017ee dvojn\u00e1sobok je jednoducho lep\u0161\u00ed<\/h4>\t\t\t\t<\/div>\n\t\t\t\t<\/div>\n\t\t\t\t<div class=\"elementor-element elementor-element-6672249 elementor-widget elementor-widget-text-editor\" data-id=\"6672249\" data-element_type=\"widget\" data-e-type=\"widget\" data-widget_type=\"text-editor.default\">\n\t\t\t\t<div class=\"elementor-widget-container\">\n\t\t\t\t\t\t\t\t\t<p>Ve\u013emi tich\u00fd \/ tich\u0161\u00ed\u00a0\u00a0<br \/>\u0160es\u0165n\u00e1sobn\u00fd n\u00e1ter <br \/>Dvojvrstvov\u00e1 n\u00e1razov\u00e1 clona <br \/>Profesion\u00e1lny golfov\u00fd n\u00e1raz Hitting Screen<\/p>\t\t\t\t\t\t\t\t<\/div>\n\t\t\t\t<\/div>\n\t\t\t\t<div class=\"elementor-element elementor-element-6b31163 elementor-align-center elementor-widget elementor-widget-button\" data-id=\"6b31163\" data-element_type=\"widget\" data-e-type=\"widget\" data-widget_type=\"button.default\">\n\t\t\t\t<div class=\"elementor-widget-container\">\n\t\t\t\t\t\t\t\t\t<div class=\"elementor-button-wrapper\">\n\t\t\t\t\t<a class=\"elementor-button elementor-button-link elementor-size-lg elementor-animation-grow\" href=\"https:\/\/www.golfsimulator.shop\/Golf-Impact-Screens\" target=\"_blank\">\n\t\t\t\t\t\t<span class=\"elementor-button-content-wrapper\">\n\t\t\t\t\t\t\t\t\t<span class=\"elementor-button-text\">pozrite si cenn\u00edk &gt;<\/span>\n\t\t\t\t\t<\/span>\n\t\t\t\t\t<\/a>\n\t\t\t\t<\/div>\n\t\t\t\t\t\t\t\t<\/div>\n\t\t\t\t<\/div>\n\t\t\t\t<\/div>\n\t\t\t\t\t<\/div>\n\t\t\t\t<\/div>\n\t\t<div class=\"elementor-element elementor-element-08d75ea e-flex e-con-boxed e-con e-parent\" data-id=\"08d75ea\" data-element_type=\"container\" data-e-type=\"container\" data-settings=\"{&quot;background_background&quot;:&quot;classic&quot;}\">\n\t\t\t\t\t<div class=\"e-con-inner\">\n\t\t<div class=\"elementor-element elementor-element-b531da4 e-con-full e-flex e-con e-child\" data-id=\"b531da4\" data-element_type=\"container\" data-e-type=\"container\" data-settings=\"{&quot;background_background&quot;:&quot;classic&quot;}\">\n\t\t\t\t<\/div>\n\t\t<div class=\"elementor-element elementor-element-a507983 e-con-full e-flex e-con e-child\" data-id=\"a507983\" data-element_type=\"container\" data-e-type=\"container\">\n\t\t\t\t<div class=\"elementor-element elementor-element-bd6c6d5 elementor-widget elementor-widget-heading\" data-id=\"bd6c6d5\" data-element_type=\"widget\" data-e-type=\"widget\" data-widget_type=\"heading.default\">\n\t\t\t\t<div class=\"elementor-widget-container\">\n\t\t\t\t\t<h2 class=\"elementor-heading-title elementor-size-default\">Ultimate<\/h2>\t\t\t\t<\/div>\n\t\t\t\t<\/div>\n\t\t\t\t<div class=\"elementor-element elementor-element-dae8108 elementor-widget elementor-widget-heading\" data-id=\"dae8108\" data-element_type=\"widget\" data-e-type=\"widget\" data-widget_type=\"heading.default\">\n\t\t\t\t<div class=\"elementor-widget-container\">\n\t\t\t\t\t<h4 class=\"elementor-heading-title elementor-size-default\">Kvalita a trvanlivos\u0165 obrazu<\/h4>\t\t\t\t<\/div>\n\t\t\t\t<\/div>\n\t\t\t\t<div class=\"elementor-element elementor-element-c51fcdb elementor-widget elementor-widget-text-editor\" data-id=\"c51fcdb\" data-element_type=\"widget\" data-e-type=\"widget\" data-widget_type=\"text-editor.default\">\n\t\t\t\t<div class=\"elementor-widget-container\">\n\t\t\t\t\t\t\t\t\t<p>Posu\u0148te svoj z\u00e1\u017eitok z indoor golfu na vy\u0161\u0161iu \u00farove\u0148 s n\u00e1razovou obrazovkou GSK ELITE. Toto pl\u00e1tno je navrhnut\u00e9 pre kri\u0161t\u00e1\u013eovo \u010dist\u00fd obraz a maxim\u00e1lnu odolnos\u0165 a je ide\u00e1lne pre v\u00e1\u0161 golfov\u00fd simul\u00e1tor.<\/p>\t\t\t\t\t\t\t\t<\/div>\n\t\t\t\t<\/div>\n\t\t\t\t<\/div>\n\t\t\t\t\t<\/div>\n\t\t\t\t<\/div>\n\t\t<div class=\"elementor-element elementor-element-262b5c3 e-flex e-con-boxed e-con e-parent\" data-id=\"262b5c3\" data-element_type=\"container\" data-e-type=\"container\" data-settings=\"{&quot;background_background&quot;:&quot;classic&quot;}\">\n\t\t\t\t\t<div class=\"e-con-inner\">\n\t\t<div class=\"elementor-element elementor-element-e70bd5d e-con-full e-flex e-con e-child\" data-id=\"e70bd5d\" data-element_type=\"container\" data-e-type=\"container\" data-settings=\"{&quot;background_background&quot;:&quot;classic&quot;}\">\n\t\t\t\t<\/div>\n\t\t<div class=\"elementor-element elementor-element-ff39747 e-con-full e-flex e-con e-child\" data-id=\"ff39747\" data-element_type=\"container\" data-e-type=\"container\">\n\t\t\t\t<div class=\"elementor-element elementor-element-5cb5008 elementor-widget elementor-widget-heading\" data-id=\"5cb5008\" data-element_type=\"widget\" data-e-type=\"widget\" data-widget_type=\"heading.default\">\n\t\t\t\t<div class=\"elementor-widget-container\">\n\t\t\t\t\t<h2 class=\"elementor-heading-title elementor-size-default\">Dvojit\u00e1 vrstva<\/h2>\t\t\t\t<\/div>\n\t\t\t\t<\/div>\n\t\t\t\t<div class=\"elementor-element elementor-element-a748bc0 elementor-widget elementor-widget-heading\" data-id=\"a748bc0\" data-element_type=\"widget\" data-e-type=\"widget\" data-widget_type=\"heading.default\">\n\t\t\t\t<div class=\"elementor-widget-container\">\n\t\t\t\t\t<h4 class=\"elementor-heading-title elementor-size-default\">Dvakr\u00e1t silnej\u0161\u00ed pre viac golfu<\/h4>\t\t\t\t<\/div>\n\t\t\t\t<\/div>\n\t\t\t\t<div class=\"elementor-element elementor-element-7625b71 elementor-widget elementor-widget-text-editor\" data-id=\"7625b71\" data-element_type=\"widget\" data-e-type=\"widget\" data-widget_type=\"text-editor.default\">\n\t\t\t\t<div class=\"elementor-widget-container\">\n\t\t\t\t\t\t\t\t\t<p>N\u00e1razov\u00e1 clona GSK ELITE zaujme svojou inovat\u00edvnou dvojvrstvovou kon\u0161trukciou, ktor\u00e1 zaru\u010duje maxim\u00e1lnu odolnos\u0165. Obrazovka zost\u00e1va odoln\u00e1 aj po\u010das intenz\u00edvnych \u00faderov a z\u00e1rove\u0148 poskytuje obraz v kvalite ostrej ako britva pre pohlcuj\u00faci z\u00e1\u017eitok z golfu v hale.<\/p>\t\t\t\t\t\t\t\t<\/div>\n\t\t\t\t<\/div>\n\t\t\t\t<\/div>\n\t\t\t\t\t<\/div>\n\t\t\t\t<\/div>\n\t\t<div class=\"elementor-element elementor-element-614747d e-flex e-con-boxed e-con e-parent\" data-id=\"614747d\" data-element_type=\"container\" data-e-type=\"container\" data-settings=\"{&quot;background_background&quot;:&quot;classic&quot;}\">\n\t\t\t\t\t<div class=\"e-con-inner\">\n\t\t<div class=\"elementor-element elementor-element-ef63328 e-con-full e-flex e-con e-child\" data-id=\"ef63328\" data-element_type=\"container\" data-e-type=\"container\" data-settings=\"{&quot;background_background&quot;:&quot;classic&quot;}\">\n\t\t\t\t<\/div>\n\t\t<div class=\"elementor-element elementor-element-ae377c4 e-con-full e-flex e-con e-child\" data-id=\"ae377c4\" data-element_type=\"container\" data-e-type=\"container\">\n\t\t\t\t<div class=\"elementor-element elementor-element-fad3fb7 elementor-widget elementor-widget-heading\" data-id=\"fad3fb7\" data-element_type=\"widget\" data-e-type=\"widget\" data-widget_type=\"heading.default\">\n\t\t\t\t<div class=\"elementor-widget-container\">\n\t\t\t\t\t<h2 class=\"elementor-heading-title elementor-size-default\">Perfektn\u00e9<\/h2>\t\t\t\t<\/div>\n\t\t\t\t<\/div>\n\t\t\t\t<div class=\"elementor-element elementor-element-a19957e elementor-widget elementor-widget-heading\" data-id=\"a19957e\" data-element_type=\"widget\" data-e-type=\"widget\" data-widget_type=\"heading.default\">\n\t\t\t\t<div class=\"elementor-widget-container\">\n\t\t\t\t\t<h4 class=\"elementor-heading-title elementor-size-default\">pre ak\u00e9ko\u013evek indoor golfov\u00e9 prostredie<\/h4>\t\t\t\t<\/div>\n\t\t\t\t<\/div>\n\t\t\t\t<div class=\"elementor-element elementor-element-61d0007 elementor-widget elementor-widget-text-editor\" data-id=\"61d0007\" data-element_type=\"widget\" data-e-type=\"widget\" data-widget_type=\"text-editor.default\">\n\t\t\t\t<div class=\"elementor-widget-container\">\n\t\t\t\t\t\t\t\t\t<p>N\u00e1razov\u00e1 obrazovka GSK ELITE kombinuje odolnos\u0165 s brilantn\u00fdm vizu\u00e1lnym zobrazen\u00edm - ide\u00e1lna pre v\u00e1\u0161 kryt\u00fd golfov\u00fd are\u00e1l. Je robustn\u00fd a odoln\u00fd, vydr\u017e\u00ed aj tie najtvrd\u0161ie \u00fadery bez toho, aby stratil \u010doko\u013evek zo svojej kvality.<\/p>\t\t\t\t\t\t\t\t<\/div>\n\t\t\t\t<\/div>\n\t\t\t\t<\/div>\n\t\t\t\t\t<\/div>\n\t\t\t\t<\/div>\n\t\t<div class=\"elementor-element elementor-element-ecd6e0e e-flex e-con-boxed e-con e-parent\" data-id=\"ecd6e0e\" data-element_type=\"container\" data-e-type=\"container\" data-settings=\"{&quot;background_background&quot;:&quot;classic&quot;}\">\n\t\t\t\t\t<div class=\"e-con-inner\">\n\t\t<div class=\"elementor-element elementor-element-f481b7e e-con-full e-flex e-con e-child\" data-id=\"f481b7e\" data-element_type=\"container\" data-e-type=\"container\" data-settings=\"{&quot;background_background&quot;:&quot;classic&quot;}\">\n\t\t\t\t<\/div>\n\t\t<div class=\"elementor-element elementor-element-527fe49 e-con-full e-flex e-con e-child\" data-id=\"527fe49\" data-element_type=\"container\" data-e-type=\"container\">\n\t\t\t\t<div class=\"elementor-element elementor-element-5c2e85f elementor-widget elementor-widget-heading\" data-id=\"5c2e85f\" data-element_type=\"widget\" data-e-type=\"widget\" data-widget_type=\"heading.default\">\n\t\t\t\t<div class=\"elementor-widget-container\">\n\t\t\t\t\t<h2 class=\"elementor-heading-title elementor-size-default\">Prisp\u00f4soben\u00e9 ve\u013ekosti<\/h2>\t\t\t\t<\/div>\n\t\t\t\t<\/div>\n\t\t\t\t<div class=\"elementor-element elementor-element-85269b1 elementor-widget elementor-widget-heading\" data-id=\"85269b1\" data-element_type=\"widget\" data-e-type=\"widget\" data-widget_type=\"heading.default\">\n\t\t\t\t<div class=\"elementor-widget-container\">\n\t\t\t\t\t<h4 class=\"elementor-heading-title elementor-size-default\">pre va\u0161e prisp\u00f4soben\u00e9 nastavenie<\/h4>\t\t\t\t<\/div>\n\t\t\t\t<\/div>\n\t\t\t\t<div class=\"elementor-element elementor-element-d938480 elementor-widget elementor-widget-text-editor\" data-id=\"d938480\" data-element_type=\"widget\" data-e-type=\"widget\" data-widget_type=\"text-editor.default\">\n\t\t\t\t<div class=\"elementor-widget-container\">\n\t\t\t\t\t\t\t\t\t<p>Nez\u00e1le\u017e\u00ed na rozmeroch miestnosti, ktor\u00fa m\u00e1te - n\u00e1razov\u00e9 pl\u00e1tno GSK ELITE prisp\u00f4sob\u00edme presne va\u0161im po\u017eiadavk\u00e1m. Od \u0161tandardn\u00fdch ve\u013ekost\u00ed a\u017e po rie\u0161enia na mieru - poskytujeme v\u00e1m presne to, \u010do potrebujete pre svoju dokonal\u00fa indoorov\u00fa golfov\u00fa zostavu.<\/p>\t\t\t\t\t\t\t\t<\/div>\n\t\t\t\t<\/div>\n\t\t\t\t<div class=\"elementor-element elementor-element-f1d758e elementor-align-center elementor-widget elementor-widget-button\" data-id=\"f1d758e\" data-element_type=\"widget\" data-e-type=\"widget\" data-widget_type=\"button.default\">\n\t\t\t\t<div class=\"elementor-widget-container\">\n\t\t\t\t\t\t\t\t\t<div class=\"elementor-button-wrapper\">\n\t\t\t\t\t<a class=\"elementor-button elementor-button-link elementor-size-lg elementor-animation-grow\" href=\"https:\/\/www.golfsimulator.shop\/Golf-Impact-Screens\" target=\"_blank\">\n\t\t\t\t\t\t<span class=\"elementor-button-content-wrapper\">\n\t\t\t\t\t\t\t\t\t<span class=\"elementor-button-text\">pozrite si cenn\u00edk &gt;<\/span>\n\t\t\t\t\t<\/span>\n\t\t\t\t\t<\/a>\n\t\t\t\t<\/div>\n\t\t\t\t\t\t\t\t<\/div>\n\t\t\t\t<\/div>\n\t\t\t\t<\/div>\n\t\t\t\t\t<\/div>\n\t\t\t\t<\/div>\n\t\t\t\t<\/div>","protected":false},"excerpt":{"rendered":"<p>GSK ELITE IMPACT SCREENS \u00dapln\u00e1 novinka DUAL Layer Preto\u017ee dvojit\u00fd je jednoducho lep\u0161\u00ed Super tich\u00fd \/ tich\u00fd \u0160es\u0165vrstvov\u00fd DUAL LAYER Impact Screen Profesion\u00e1lny golfov\u00fd Impact Hitting Screen Pozrite si ceny &gt; Maxim\u00e1lna kvalita obrazu a odolnos\u0165 Za\u017eite golf v hale na novej \u00farovni s GSK ELITE Impact Screen. Je navrhnut\u00e9 pre kri\u0161t\u00e1\u013eovo \u010dist\u00fd obraz a maxim\u00e1lnu odolnos\u0165, je [...]<\/p>","protected":false},"author":1,"featured_media":0,"parent":0,"menu_order":0,"comment_status":"closed","ping_status":"closed","template":"","meta":{"_uag_custom_page_level_css":"","site-sidebar-layout":"no-sidebar","site-content-layout":"page-builder","ast-site-content-layout":"full-width-container","site-content-style":"default","site-sidebar-style":"default","ast-global-header-display":"","ast-banner-title-visibility":"","ast-main-header-display":"","ast-hfb-above-header-display":"","ast-hfb-below-header-display":"","ast-hfb-mobile-header-display":"","site-post-title":"disabled","ast-breadcrumbs-content":"","ast-featured-img":"disabled","footer-sml-layout":"","theme-transparent-header-meta":"","adv-header-id-meta":"","stick-header-meta":"","header-above-stick-meta":"","header-main-stick-meta":"","header-below-stick-meta":"","astra-migrate-meta-layouts":"set","ast-page-background-enabled":"default","ast-page-background-meta":{"desktop":{"background-color":"var(--ast-global-color-4)","background-image":"","background-repeat":"repeat","background-position":"center center","background-size":"auto","background-attachment":"scroll","background-type":"","background-media":"","overlay-type":"","overlay-color":"","overlay-opacity":"","overlay-gradient":""},"tablet":{"background-color":"","background-image":"","background-repeat":"repeat","background-position":"center center","background-size":"auto","background-attachment":"scroll","background-type":"","background-media":"","overlay-type":"","overlay-color":"","overlay-opacity":"","overlay-gradient":""},"mobile":{"background-color":"","background-image":"","background-repeat":"repeat","background-position":"center center","background-size":"auto","background-attachment":"scroll","background-type":"","background-media":"","overlay-type":"","overlay-color":"","overlay-opacity":"","overlay-gradient":""}},"ast-content-background-meta":{"desktop":{"background-color":"var(--ast-global-color-5)","background-image":"","background-repeat":"repeat","background-position":"center center","background-size":"auto","background-attachment":"scroll","background-type":"","background-media":"","overlay-type":"","overlay-color":"","overlay-opacity":"","overlay-gradient":""},"tablet":{"background-color":"var(--ast-global-color-5)","background-image":"","background-repeat":"repeat","background-position":"center center","background-size":"auto","background-attachment":"scroll","background-type":"","background-media":"","overlay-type":"","overlay-color":"","overlay-opacity":"","overlay-gradient":""},"mobile":{"background-color":"var(--ast-global-color-5)","background-image":"","background-repeat":"repeat","background-position":"center center","background-size":"auto","background-attachment":"scroll","background-type":"","background-media":"","overlay-type":"","overlay-color":"","overlay-opacity":"","overlay-gradient":""}},"footnotes":""},"class_list":["post-5653","page","type-page","status-publish","hentry"],"yoast_head":"<!-- This site is optimized with the Yoast SEO plugin v26.4 - https:\/\/yoast.com\/wordpress\/plugins\/seo\/ -->\n<title>GSK Elite Impact Screen - Golfsimulator Kaufen #1 Indoor Golf in Europe<\/title>\n<meta name=\"description\" content=\"GSK ELITE Impact Screen \u2013 Dual-Layer Golf-Simulator-Leinwand mit Silent-Technologie, brillanter Bildqualit\u00e4t &amp; ma\u00dfgeschneiderter Gr\u00f6\u00dfe.\" \/>\n<meta name=\"robots\" content=\"index, follow, max-snippet:-1, max-image-preview:large, max-video-preview:-1\" \/>\n<link rel=\"canonical\" href=\"https:\/\/www.golfsimulator.kaufen\/sk\/narazove-sito-gsk-elite\/\" \/>\n<meta property=\"og:locale\" content=\"sk_SK\" \/>\n<meta property=\"og:type\" content=\"article\" \/>\n<meta property=\"og:title\" content=\"GSK Elite Impact Screen - Golfsimulator Kaufen #1 Indoor Golf in Europe\" \/>\n<meta property=\"og:description\" content=\"GSK ELITE Impact Screen \u2013 Dual-Layer Golf-Simulator-Leinwand mit Silent-Technologie, brillanter Bildqualit\u00e4t &amp; ma\u00dfgeschneiderter Gr\u00f6\u00dfe.\" \/>\n<meta property=\"og:url\" content=\"https:\/\/www.golfsimulator.kaufen\/sk\/narazove-sito-gsk-elite\/\" \/>\n<meta property=\"og:site_name\" content=\"Golfsimulator Kaufen #1 Indoor Golf in Europe\" \/>\n<meta property=\"article:publisher\" content=\"https:\/\/www.facebook.com\/golfballs.at\" \/>\n<meta property=\"article:modified_time\" content=\"2025-09-22T11:42:09+00:00\" \/>\n<meta name=\"twitter:card\" content=\"summary_large_image\" \/>\n<meta name=\"twitter:label1\" content=\"Predpokladan\u00fd \u010das \u010d\u00edtania\" \/>\n\t<meta name=\"twitter:data1\" content=\"2 min\u00faty\" \/>\n<script type=\"application\/ld+json\" class=\"yoast-schema-graph\">{\"@context\":\"https:\/\/schema.org\",\"@graph\":[{\"@type\":\"WebPage\",\"@id\":\"https:\/\/www.golfsimulator.kaufen\/gsk-elite-impact-screen\/\",\"url\":\"https:\/\/www.golfsimulator.kaufen\/gsk-elite-impact-screen\/\",\"name\":\"GSK Elite Impact Screen - Golfsimulator Kaufen #1 Indoor Golf in Europe\",\"isPartOf\":{\"@id\":\"https:\/\/www.golfsimulator.kaufen\/de_de\/#website\"},\"datePublished\":\"2024-09-11T08:23:31+00:00\",\"dateModified\":\"2025-09-22T11:42:09+00:00\",\"description\":\"GSK ELITE Impact Screen \u2013 Dual-Layer Golf-Simulator-Leinwand mit Silent-Technologie, brillanter Bildqualit\u00e4t & ma\u00dfgeschneiderter Gr\u00f6\u00dfe.\",\"breadcrumb\":{\"@id\":\"https:\/\/www.golfsimulator.kaufen\/gsk-elite-impact-screen\/#breadcrumb\"},\"inLanguage\":\"sk-SK\",\"potentialAction\":[{\"@type\":\"ReadAction\",\"target\":[\"https:\/\/www.golfsimulator.kaufen\/gsk-elite-impact-screen\/\"]}]},{\"@type\":\"BreadcrumbList\",\"@id\":\"https:\/\/www.golfsimulator.kaufen\/gsk-elite-impact-screen\/#breadcrumb\",\"itemListElement\":[{\"@type\":\"ListItem\",\"position\":1,\"name\":\"Startseite\",\"item\":\"https:\/\/www.golfsimulator.kaufen\/\"},{\"@type\":\"ListItem\",\"position\":2,\"name\":\"GSK Elite Impact Screen\"}]},{\"@type\":\"WebSite\",\"@id\":\"https:\/\/www.golfsimulator.kaufen\/de_de\/#website\",\"url\":\"https:\/\/www.golfsimulator.kaufen\/de_de\/\",\"name\":\"Golfsimulator Kaufen #1 Indoor Golf in Europe\",\"description\":\"Home of the GSK ELITE Enclosure\",\"publisher\":{\"@id\":\"https:\/\/www.golfsimulator.kaufen\/de_de\/#organization\"},\"potentialAction\":[{\"@type\":\"SearchAction\",\"target\":{\"@type\":\"EntryPoint\",\"urlTemplate\":\"https:\/\/www.golfsimulator.kaufen\/de_de\/?s={search_term_string}\"},\"query-input\":{\"@type\":\"PropertyValueSpecification\",\"valueRequired\":true,\"valueName\":\"search_term_string\"}}],\"inLanguage\":\"sk-SK\"},{\"@type\":\"Organization\",\"@id\":\"https:\/\/www.golfsimulator.kaufen\/de_de\/#organization\",\"name\":\"Golfsport Company KG\",\"url\":\"https:\/\/www.golfsimulator.kaufen\/de_de\/\",\"logo\":{\"@type\":\"ImageObject\",\"inLanguage\":\"sk-SK\",\"@id\":\"https:\/\/www.golfsimulator.kaufen\/de_de\/#\/schema\/logo\/image\/\",\"url\":\"https:\/\/www.golfsimulator.kaufen\/wp-content\/uploads\/2024\/09\/golfsimulator_kaufen_logo.png\",\"contentUrl\":\"https:\/\/www.golfsimulator.kaufen\/wp-content\/uploads\/2024\/09\/golfsimulator_kaufen_logo.png\",\"width\":300,\"height\":49,\"caption\":\"Golfsport Company KG\"},\"image\":{\"@id\":\"https:\/\/www.golfsimulator.kaufen\/de_de\/#\/schema\/logo\/image\/\"},\"sameAs\":[\"https:\/\/www.facebook.com\/golfballs.at\"]}]}<\/script>\n<!-- \/ Yoast SEO plugin. -->","yoast_head_json":{"title":"GSK Elite Impact Screen - Golfov\u00fd simul\u00e1tor K\u00fapi\u0165 #1 Indoor Golf v Eur\u00f3pe","description":"GSK ELITE Impact Screen - Dvojvrstvov\u00e1 obrazovka golfov\u00e9ho simul\u00e1tora s tichou technol\u00f3giou, vynikaj\u00facou kvalitou obrazu a prisp\u00f4sobenou ve\u013ekos\u0165ou.","robots":{"index":"index","follow":"follow","max-snippet":"max-snippet:-1","max-image-preview":"max-image-preview:large","max-video-preview":"max-video-preview:-1"},"canonical":"https:\/\/www.golfsimulator.kaufen\/sk\/narazove-sito-gsk-elite\/","og_locale":"sk_SK","og_type":"article","og_title":"GSK Elite Impact Screen - Golfsimulator Kaufen #1 Indoor Golf in Europe","og_description":"GSK ELITE Impact Screen \u2013 Dual-Layer Golf-Simulator-Leinwand mit Silent-Technologie, brillanter Bildqualit\u00e4t & ma\u00dfgeschneiderter Gr\u00f6\u00dfe.","og_url":"https:\/\/www.golfsimulator.kaufen\/sk\/narazove-sito-gsk-elite\/","og_site_name":"Golfsimulator Kaufen #1 Indoor Golf in Europe","article_publisher":"https:\/\/www.facebook.com\/golfballs.at","article_modified_time":"2025-09-22T11:42:09+00:00","twitter_card":"summary_large_image","twitter_misc":{"Predpokladan\u00fd \u010das \u010d\u00edtania":"2 min\u00faty"},"schema":{"@context":"https:\/\/schema.org","@graph":[{"@type":"WebPage","@id":"https:\/\/www.golfsimulator.kaufen\/gsk-elite-impact-screen\/","url":"https:\/\/www.golfsimulator.kaufen\/gsk-elite-impact-screen\/","name":"GSK Elite Impact Screen - Golfov\u00fd simul\u00e1tor K\u00fapi\u0165 #1 Indoor Golf v Eur\u00f3pe","isPartOf":{"@id":"https:\/\/www.golfsimulator.kaufen\/de_de\/#website"},"datePublished":"2024-09-11T08:23:31+00:00","dateModified":"2025-09-22T11:42:09+00:00","description":"GSK ELITE Impact Screen - Dvojvrstvov\u00e1 obrazovka golfov\u00e9ho simul\u00e1tora s tichou technol\u00f3giou, vynikaj\u00facou kvalitou obrazu a prisp\u00f4sobenou ve\u013ekos\u0165ou.","breadcrumb":{"@id":"https:\/\/www.golfsimulator.kaufen\/gsk-elite-impact-screen\/#breadcrumb"},"inLanguage":"sk-SK","potentialAction":[{"@type":"ReadAction","target":["https:\/\/www.golfsimulator.kaufen\/gsk-elite-impact-screen\/"]}]},{"@type":"BreadcrumbList","@id":"https:\/\/www.golfsimulator.kaufen\/gsk-elite-impact-screen\/#breadcrumb","itemListElement":[{"@type":"ListItem","position":1,"name":"Startseite","item":"https:\/\/www.golfsimulator.kaufen\/"},{"@type":"ListItem","position":2,"name":"GSK Elite Impact Screen"}]},{"@type":"WebSite","@id":"https:\/\/www.golfsimulator.kaufen\/de_de\/#website","url":"https:\/\/www.golfsimulator.kaufen\/de_de\/","name":"K\u00fapi\u0165 golfov\u00fd simul\u00e1tor #1 Indoor Golf v Eur\u00f3pe","description":"Domovsk\u00e1 str\u00e1nka skrine GSK ELITE","publisher":{"@id":"https:\/\/www.golfsimulator.kaufen\/de_de\/#organization"},"potentialAction":[{"@type":"SearchAction","target":{"@type":"EntryPoint","urlTemplate":"https:\/\/www.golfsimulator.kaufen\/de_de\/?s={search_term_string}"},"query-input":{"@type":"PropertyValueSpecification","valueRequired":true,"valueName":"search_term_string"}}],"inLanguage":"sk-SK"},{"@type":"Organization","@id":"https:\/\/www.golfsimulator.kaufen\/de_de\/#organization","name":"Spolo\u010dnos\u0165 Golfsport KG","url":"https:\/\/www.golfsimulator.kaufen\/de_de\/","logo":{"@type":"ImageObject","inLanguage":"sk-SK","@id":"https:\/\/www.golfsimulator.kaufen\/de_de\/#\/schema\/logo\/image\/","url":"https:\/\/www.golfsimulator.kaufen\/wp-content\/uploads\/2024\/09\/golfsimulator_kaufen_logo.png","contentUrl":"https:\/\/www.golfsimulator.kaufen\/wp-content\/uploads\/2024\/09\/golfsimulator_kaufen_logo.png","width":300,"height":49,"caption":"Golfsport Company KG"},"image":{"@id":"https:\/\/www.golfsimulator.kaufen\/de_de\/#\/schema\/logo\/image\/"},"sameAs":["https:\/\/www.facebook.com\/golfballs.at"]}]}},"uagb_featured_image_src":{"full":false,"thumbnail":false,"medium":false,"medium_large":false,"large":false,"1536x1536":false,"2048x2048":false,"trp-custom-language-flag":false},"uagb_author_info":{"display_name":"admin","author_link":"https:\/\/www.golfsimulator.kaufen\/sk\/author\/admin\/"},"uagb_comment_info":0,"uagb_excerpt":"GSK ELITE IMPACT SCREENS Brand NEW DUAL Layer Weil doppelt einfach besser ist Super Silent \/ Leiser\u00a0\u00a0Sechsfach Beschichtet DUAL LAYER Impact Screen Professional Golf Impact Hitting Screen see pricing > Ultimative Bildqualit\u00e4t und Haltbarkeit Erleben Sie Indoor-Golf auf einem neuen Niveau mit dem GSK ELITE Impact Screen. Entwickelt f\u00fcr kristallklare Bilddarstellung und maximale Strapazierf\u00e4higkeit, ist&hellip;","_links":{"self":[{"href":"https:\/\/www.golfsimulator.kaufen\/sk\/wp-json\/wp\/v2\/pages\/5653","targetHints":{"allow":["GET"]}}],"collection":[{"href":"https:\/\/www.golfsimulator.kaufen\/sk\/wp-json\/wp\/v2\/pages"}],"about":[{"href":"https:\/\/www.golfsimulator.kaufen\/sk\/wp-json\/wp\/v2\/types\/page"}],"author":[{"embeddable":true,"href":"https:\/\/www.golfsimulator.kaufen\/sk\/wp-json\/wp\/v2\/users\/1"}],"replies":[{"embeddable":true,"href":"https:\/\/www.golfsimulator.kaufen\/sk\/wp-json\/wp\/v2\/comments?post=5653"}],"version-history":[{"count":25,"href":"https:\/\/www.golfsimulator.kaufen\/sk\/wp-json\/wp\/v2\/pages\/5653\/revisions"}],"predecessor-version":[{"id":5689,"href":"https:\/\/www.golfsimulator.kaufen\/sk\/wp-json\/wp\/v2\/pages\/5653\/revisions\/5689"}],"wp:attachment":[{"href":"https:\/\/www.golfsimulator.kaufen\/sk\/wp-json\/wp\/v2\/media?parent=5653"}],"curies":[{"name":"wp","href":"https:\/\/api.w.org\/{rel}","templated":true}]}}