{"id":4980,"date":"2024-08-29T13:48:05","date_gmt":"2024-08-29T11:48:05","guid":{"rendered":"https:\/\/new.golfsimulator.kaufen\/?page_id=4980"},"modified":"2024-09-10T09:41:40","modified_gmt":"2024-09-10T07:41:40","slug":"skytrak-plus","status":"publish","type":"page","link":"https:\/\/www.golfsimulator.kaufen\/sk\/skytrak-plus\/","title":{"rendered":"Skytrak Plus"},"content":{"rendered":"<div data-elementor-type=\"wp-page\" data-elementor-id=\"4980\" class=\"elementor elementor-4980\" data-elementor-post-type=\"page\">\n\t\t\t\t<div class=\"elementor-element elementor-element-74dbdac6 e-flex e-con-boxed e-con e-parent\" data-id=\"74dbdac6\" data-element_type=\"container\" data-e-type=\"container\" data-settings=\"{&quot;background_background&quot;:&quot;classic&quot;}\">\n\t\t\t\t\t<div class=\"e-con-inner\">\n\t\t<div class=\"elementor-element elementor-element-2b28546e e-con-full e-flex e-con e-child\" data-id=\"2b28546e\" data-element_type=\"container\" data-e-type=\"container\">\n\t\t\t\t<div class=\"elementor-element elementor-element-855fb19 elementor-widget elementor-widget-heading\" data-id=\"855fb19\" data-element_type=\"widget\" data-e-type=\"widget\" data-widget_type=\"heading.default\">\n\t\t\t\t<div class=\"elementor-widget-container\">\n\t\t\t\t\t<h2 class=\"elementor-heading-title elementor-size-default\">SKYTRAK PLUS<\/h2>\t\t\t\t<\/div>\n\t\t\t\t<\/div>\n\t\t\t\t<div class=\"elementor-element elementor-element-3c667029 elementor-widget elementor-widget-heading\" data-id=\"3c667029\" data-element_type=\"widget\" data-e-type=\"widget\" data-widget_type=\"heading.default\">\n\t\t\t\t<div class=\"elementor-widget-container\">\n\t\t\t\t\t<h2 class=\"elementor-heading-title elementor-size-default\">Bezkonkuren\u010dn\u00e1 presnos\u0165<\/h2>\t\t\t\t<\/div>\n\t\t\t\t<\/div>\n\t\t\t\t<\/div>\n\t\t\t\t\t<\/div>\n\t\t\t\t<\/div>\n\t\t<div class=\"elementor-element elementor-element-74556cc3 e-con-full e-flex e-con e-parent\" data-id=\"74556cc3\" data-element_type=\"container\" data-e-type=\"container\" data-settings=\"{&quot;background_background&quot;:&quot;classic&quot;}\">\n\t\t<div class=\"elementor-element elementor-element-6d382142 e-con-full e-flex e-con e-child\" data-id=\"6d382142\" data-element_type=\"container\" data-e-type=\"container\" data-settings=\"{&quot;background_background&quot;:&quot;classic&quot;}\">\n\t\t\t\t<div class=\"elementor-element elementor-element-5a5c052a elementor-widget elementor-widget-heading\" data-id=\"5a5c052a\" data-element_type=\"widget\" data-e-type=\"widget\" data-widget_type=\"heading.default\">\n\t\t\t\t<div class=\"elementor-widget-container\">\n\t\t\t\t\t<h2 class=\"elementor-heading-title elementor-size-default\">Verte v seba<\/h2>\t\t\t\t<\/div>\n\t\t\t\t<\/div>\n\t\t\t\t<div class=\"elementor-element elementor-element-13f62d96 elementor-widget elementor-widget-heading\" data-id=\"13f62d96\" data-element_type=\"widget\" data-e-type=\"widget\" data-widget_type=\"heading.default\">\n\t\t\t\t<div class=\"elementor-widget-container\">\n\t\t\t\t\t<h2 class=\"elementor-heading-title elementor-size-default\">Lep\u0161\u00ed golf. Kedyko\u013evek. Kdeko\u013evek.<\/h2>\t\t\t\t<\/div>\n\t\t\t\t<\/div>\n\t\t\t\t<div class=\"elementor-element elementor-element-4d197df2 elementor-widget elementor-widget-text-editor\" data-id=\"4d197df2\" data-element_type=\"widget\" data-e-type=\"widget\" data-widget_type=\"text-editor.default\">\n\t\t\t\t<div class=\"elementor-widget-container\">\n\t\t\t\t\t\t\t\t\t<p>Monitor \u0161tartu SKYTRAK+ prin\u00e1\u0161a do svojej z\u00e1kladnej technol\u00f3gie v\u00fdznamn\u00fd pokrok v podobe pridania dvojit\u00e9ho dopplerovsk\u00e9ho radarov\u00e9ho syst\u00e9mu a vlastn\u00e9ho softv\u00e9ru strojov\u00e9ho u\u010denia, ktor\u00fd poskytuje bezkonkuren\u010dn\u00fa presnos\u0165 vo svojej triede. Pr\u00eddavok v podobe radaru stavia do centra pozornosti \u00fadaje o klube - pou\u017e\u00edvatelia syst\u00e9mu SKYTRAK tak z\u00edskavaj\u00fa k\u013e\u00fa\u010dov\u00e9 \u00fadaje na zlep\u0161enie svojej hry.<\/p>\t\t\t\t\t\t\t\t<\/div>\n\t\t\t\t<\/div>\n\t\t\t\t<div class=\"elementor-element elementor-element-495670c9 elementor-align-center elementor-widget elementor-widget-button\" data-id=\"495670c9\" data-element_type=\"widget\" data-e-type=\"widget\" data-widget_type=\"button.default\">\n\t\t\t\t<div class=\"elementor-widget-container\">\n\t\t\t\t\t\t\t\t\t<div class=\"elementor-button-wrapper\">\n\t\t\t\t\t<a class=\"elementor-button elementor-button-link elementor-size-lg elementor-animation-grow\" href=\"https:\/\/www.golfsimulator.shop\/SkyTrakPlus\" target=\"_blank\">\n\t\t\t\t\t\t<span class=\"elementor-button-content-wrapper\">\n\t\t\t\t\t\t\t\t\t<span class=\"elementor-button-text\">pozrite si cenn\u00edk &gt;<\/span>\n\t\t\t\t\t<\/span>\n\t\t\t\t\t<\/a>\n\t\t\t\t<\/div>\n\t\t\t\t\t\t\t\t<\/div>\n\t\t\t\t<\/div>\n\t\t\t\t<\/div>\n\t\t<div class=\"elementor-element elementor-element-7a3c940b e-con-full e-flex e-con e-child\" data-id=\"7a3c940b\" data-element_type=\"container\" data-e-type=\"container\" data-settings=\"{&quot;background_background&quot;:&quot;classic&quot;}\">\n\t\t\t\t<\/div>\n\t\t\t\t<\/div>\n\t\t<div class=\"elementor-element elementor-element-4973ae65 e-con-full e-flex e-con e-parent\" data-id=\"4973ae65\" data-element_type=\"container\" data-e-type=\"container\" data-settings=\"{&quot;background_background&quot;:&quot;classic&quot;}\">\n\t\t<div class=\"elementor-element elementor-element-484a5a44 e-con-full e-flex e-con e-child\" data-id=\"484a5a44\" data-element_type=\"container\" data-e-type=\"container\">\n\t\t\t\t<div class=\"elementor-element elementor-element-7af50ae4 animated-slow elementor-invisible elementor-widget elementor-widget-heading\" data-id=\"7af50ae4\" data-element_type=\"widget\" data-e-type=\"widget\" data-settings=\"{&quot;_animation&quot;:&quot;slideInUp&quot;}\" data-widget_type=\"heading.default\">\n\t\t\t\t<div class=\"elementor-widget-container\">\n\t\t\t\t\t<h2 class=\"elementor-heading-title elementor-size-default\">Mal\u00e9 balenie, pln\u00e1 simul\u00e1cia<\/h2>\t\t\t\t<\/div>\n\t\t\t\t<\/div>\n\t\t\t\t<div class=\"elementor-element elementor-element-2efd01d7 animated-slow elementor-invisible elementor-widget elementor-widget-heading\" data-id=\"2efd01d7\" data-element_type=\"widget\" data-e-type=\"widget\" data-settings=\"{&quot;_animation&quot;:&quot;slideInUp&quot;}\" data-widget_type=\"heading.default\">\n\t\t\t\t<div class=\"elementor-widget-container\">\n\t\t\t\t\t<h2 class=\"elementor-heading-title elementor-size-default\">Komplexn\u00e1 anal\u00fdza m\u0155tvice\n\n<\/h2>\t\t\t\t<\/div>\n\t\t\t\t<\/div>\n\t\t\t\t<\/div>\n\t\t<div class=\"elementor-element elementor-element-364079c8 e-con-full e-flex e-con e-child\" data-id=\"364079c8\" data-element_type=\"container\" data-e-type=\"container\">\n\t\t<div class=\"elementor-element elementor-element-2f2bdc7 e-con-full e-flex e-con e-child\" data-id=\"2f2bdc7\" data-element_type=\"container\" data-e-type=\"container\">\n\t\t<div class=\"elementor-element elementor-element-17f3f728 e-grid e-con-full e-con e-child\" data-id=\"17f3f728\" data-element_type=\"container\" data-e-type=\"container\">\n\t\t<div class=\"elementor-element elementor-element-485c7ac3 e-con-full e-flex e-con e-child\" data-id=\"485c7ac3\" data-element_type=\"container\" data-e-type=\"container\">\n\t\t<div class=\"elementor-element elementor-element-21b96a92 e-con-full e-flex e-con e-child\" data-id=\"21b96a92\" data-element_type=\"container\" data-e-type=\"container\" data-settings=\"{&quot;background_background&quot;:&quot;classic&quot;}\">\n\t\t\t\t<\/div>\n\t\t\t\t<div class=\"elementor-element elementor-element-296f92e6 elementor-widget elementor-widget-heading\" data-id=\"296f92e6\" data-element_type=\"widget\" data-e-type=\"widget\" data-widget_type=\"heading.default\">\n\t\t\t\t<div class=\"elementor-widget-container\">\n\t\t\t\t\t<h2 class=\"elementor-heading-title elementor-size-default\">Technick\u00e9 \u0161pecifik\u00e1cie<\/h2>\t\t\t\t<\/div>\n\t\t\t\t<\/div>\n\t\t\t\t<div class=\"elementor-element elementor-element-161d4ce8 elementor-widget elementor-widget-text-editor\" data-id=\"161d4ce8\" data-element_type=\"widget\" data-e-type=\"widget\" data-widget_type=\"text-editor.default\">\n\t\t\t\t<div class=\"elementor-widget-container\">\n\t\t\t\t\t\t\t\t\t<ul><li>Du\u00e1lny Dopplerov radar<\/li><li>Fotometrick\u00fd kamerov\u00fd syst\u00e9m<\/li><\/ul>\t\t\t\t\t\t\t\t<\/div>\n\t\t\t\t<\/div>\n\t\t\t\t<\/div>\n\t\t<div class=\"elementor-element elementor-element-4cff75ce e-con-full e-flex e-con e-child\" data-id=\"4cff75ce\" data-element_type=\"container\" data-e-type=\"container\">\n\t\t<div class=\"elementor-element elementor-element-2c825c10 e-con-full e-flex e-con e-child\" data-id=\"2c825c10\" data-element_type=\"container\" data-e-type=\"container\" data-settings=\"{&quot;background_background&quot;:&quot;classic&quot;}\">\n\t\t\t\t<\/div>\n\t\t\t\t<div class=\"elementor-element elementor-element-6e1abd04 elementor-widget elementor-widget-heading\" data-id=\"6e1abd04\" data-element_type=\"widget\" data-e-type=\"widget\" data-widget_type=\"heading.default\">\n\t\t\t\t<div class=\"elementor-widget-container\">\n\t\t\t\t\t<h2 class=\"elementor-heading-title elementor-size-default\">\u00dadaje o lopte<\/h2>\t\t\t\t<\/div>\n\t\t\t\t<\/div>\n\t\t\t\t<div class=\"elementor-element elementor-element-64961d6d elementor-widget elementor-widget-text-editor\" data-id=\"64961d6d\" data-element_type=\"widget\" data-e-type=\"widget\" data-widget_type=\"text-editor.default\">\n\t\t\t\t<div class=\"elementor-widget-container\">\n\t\t\t\t\t\t\t\t\t<ul><li>Vzdialenos\u0165 pren\u00e1\u0161ania,<\/li><li>Celkov\u00e1 vzdialenos\u0165<\/li><li>R\u00fdchlos\u0165 lopty,<\/li><li>Sp\u00e4tn\u00e9 ot\u00e1\u010danie<\/li><li>Bo\u010dn\u00e9 ot\u00e1\u010danie<\/li><li>Uhol zostupu<\/li><li>Bo\u010dn\u00fd uhol<\/li><li>Uhol spustenia<\/li><li>Tvar z\u00e1beru<\/li><\/ul>\t\t\t\t\t\t\t\t<\/div>\n\t\t\t\t<\/div>\n\t\t\t\t<\/div>\n\t\t<div class=\"elementor-element elementor-element-6904775b e-con-full e-flex e-con e-child\" data-id=\"6904775b\" data-element_type=\"container\" data-e-type=\"container\">\n\t\t<div class=\"elementor-element elementor-element-7167d394 e-con-full e-flex e-con e-child\" data-id=\"7167d394\" data-element_type=\"container\" data-e-type=\"container\" data-settings=\"{&quot;background_background&quot;:&quot;classic&quot;}\">\n\t\t\t\t<\/div>\n\t\t\t\t<div class=\"elementor-element elementor-element-1e0e69af elementor-widget elementor-widget-heading\" data-id=\"1e0e69af\" data-element_type=\"widget\" data-e-type=\"widget\" data-widget_type=\"heading.default\">\n\t\t\t\t<div class=\"elementor-widget-container\">\n\t\t\t\t\t<h2 class=\"elementor-heading-title elementor-size-default\">\u00dadaje o klube<\/h2>\t\t\t\t<\/div>\n\t\t\t\t<\/div>\n\t\t\t\t<div class=\"elementor-element elementor-element-1c91edd2 elementor-widget elementor-widget-text-editor\" data-id=\"1c91edd2\" data-element_type=\"widget\" data-e-type=\"widget\" data-widget_type=\"text-editor.default\">\n\t\t\t\t<div class=\"elementor-widget-container\">\n\t\t\t\t\t\t\t\t\t<ul><li>R\u00fdchlos\u0165 hlavy klubu<\/li><li>Smash Factor<\/li><li>Klubov\u00e1 cesta<\/li><li>Uhol tv\u00e1re<\/li><li>Face-to-Path<\/li><\/ul>\t\t\t\t\t\t\t\t<\/div>\n\t\t\t\t<\/div>\n\t\t\t\t<\/div>\n\t\t\t\t<\/div>\n\t\t\t\t<\/div>\n\t\t\t\t<\/div>\n\t\t\t\t<\/div>\n\t\t\t\t<\/div>","protected":false},"excerpt":{"rendered":"<p>SKYTRAK PLUS Bezkonkuren\u010dn\u00e1 presnos\u0165 Verte si na lep\u0161\u00ed golf. Kedyko\u013evek. Monitor odpalu SKYTRAK+ prin\u00e1\u0161a do svojej z\u00e1kladnej technol\u00f3gie v\u00fdznamn\u00fd pokrok pridan\u00edm du\u00e1lneho dopplerovsk\u00e9ho radarov\u00e9ho syst\u00e9mu a vlastn\u00e9ho softv\u00e9ru strojov\u00e9ho u\u010denia - aby poskytol bezkonkuren\u010dn\u00fa presnos\u0165 vo svojej triede. V\u010faka radarov\u00e9mu doplnku sa do centra z\u00e1\u017eitku dost\u00e1vaj\u00fa \u00fadaje o klube - pou\u017e\u00edvate\u013eom syst\u00e9mu SKYTRAK pon\u00faka [...]<\/p>","protected":false},"author":2,"featured_media":0,"parent":0,"menu_order":0,"comment_status":"closed","ping_status":"closed","template":"","meta":{"_uag_custom_page_level_css":"","site-sidebar-layout":"no-sidebar","site-content-layout":"page-builder","ast-site-content-layout":"full-width-container","site-content-style":"default","site-sidebar-style":"default","ast-global-header-display":"","ast-banner-title-visibility":"","ast-main-header-display":"","ast-hfb-above-header-display":"","ast-hfb-below-header-display":"","ast-hfb-mobile-header-display":"","site-post-title":"disabled","ast-breadcrumbs-content":"","ast-featured-img":"disabled","footer-sml-layout":"","theme-transparent-header-meta":"","adv-header-id-meta":"","stick-header-meta":"","header-above-stick-meta":"","header-main-stick-meta":"","header-below-stick-meta":"","astra-migrate-meta-layouts":"set","ast-page-background-enabled":"default","ast-page-background-meta":{"desktop":{"background-color":"var(--ast-global-color-4)","background-image":"","background-repeat":"repeat","background-position":"center center","background-size":"auto","background-attachment":"scroll","background-type":"","background-media":"","overlay-type":"","overlay-color":"","overlay-opacity":"","overlay-gradient":""},"tablet":{"background-color":"","background-image":"","background-repeat":"repeat","background-position":"center center","background-size":"auto","background-attachment":"scroll","background-type":"","background-media":"","overlay-type":"","overlay-color":"","overlay-opacity":"","overlay-gradient":""},"mobile":{"background-color":"","background-image":"","background-repeat":"repeat","background-position":"center center","background-size":"auto","background-attachment":"scroll","background-type":"","background-media":"","overlay-type":"","overlay-color":"","overlay-opacity":"","overlay-gradient":""}},"ast-content-background-meta":{"desktop":{"background-color":"var(--ast-global-color-5)","background-image":"","background-repeat":"repeat","background-position":"center center","background-size":"auto","background-attachment":"scroll","background-type":"","background-media":"","overlay-type":"","overlay-color":"","overlay-opacity":"","overlay-gradient":""},"tablet":{"background-color":"var(--ast-global-color-5)","background-image":"","background-repeat":"repeat","background-position":"center center","background-size":"auto","background-attachment":"scroll","background-type":"","background-media":"","overlay-type":"","overlay-color":"","overlay-opacity":"","overlay-gradient":""},"mobile":{"background-color":"var(--ast-global-color-5)","background-image":"","background-repeat":"repeat","background-position":"center center","background-size":"auto","background-attachment":"scroll","background-type":"","background-media":"","overlay-type":"","overlay-color":"","overlay-opacity":"","overlay-gradient":""}},"footnotes":""},"class_list":["post-4980","page","type-page","status-publish","hentry"],"yoast_head":"<!-- This site is optimized with the Yoast SEO plugin v26.4 - https:\/\/yoast.com\/wordpress\/plugins\/seo\/ -->\n<title>Skytrak Plus - Golfsimulator Kaufen #1 Indoor Golf in Europe<\/title>\n<meta name=\"robots\" content=\"index, follow, max-snippet:-1, max-image-preview:large, max-video-preview:-1\" \/>\n<link rel=\"canonical\" href=\"https:\/\/www.golfsimulator.kaufen\/sk\/skytrak-plus\/\" \/>\n<meta property=\"og:locale\" content=\"sk_SK\" \/>\n<meta property=\"og:type\" content=\"article\" \/>\n<meta property=\"og:title\" content=\"Skytrak Plus - Golfsimulator Kaufen #1 Indoor Golf in Europe\" \/>\n<meta property=\"og:description\" content=\"SKYTRAK PLUS Unmatched Accuracy Believe in Yourself Better Golf. Anytime. Anywhere.\u200b Der SKYTRAK+ Launch Monitor bringt bedeutende Fortschritte in seiner Kerntechnologie, indem er ein duales Doppler-Radarsystem und propriet\u00e4re maschinelle Lernsoftware hinzuf\u00fcgt \u2013 um eine un\u00fcbertroffene Genauigkeit in seiner Klasse zu bieten. Die Radarerg\u00e4nzung r\u00fcckt die Schl\u00e4gerdaten in den Mittelpunkt der Erfahrung \u2013 und bietet SKYTRAK-Nutzern [&hellip;]\" \/>\n<meta property=\"og:url\" content=\"https:\/\/www.golfsimulator.kaufen\/sk\/skytrak-plus\/\" \/>\n<meta property=\"og:site_name\" content=\"Golfsimulator Kaufen #1 Indoor Golf in Europe\" \/>\n<meta property=\"article:publisher\" content=\"https:\/\/www.facebook.com\/golfballs.at\" \/>\n<meta property=\"article:modified_time\" content=\"2024-09-10T07:41:40+00:00\" \/>\n<meta name=\"twitter:card\" content=\"summary_large_image\" \/>\n<meta name=\"twitter:label1\" content=\"Predpokladan\u00fd \u010das \u010d\u00edtania\" \/>\n\t<meta name=\"twitter:data1\" content=\"1 min\u00fata\" \/>\n<script type=\"application\/ld+json\" class=\"yoast-schema-graph\">{\"@context\":\"https:\/\/schema.org\",\"@graph\":[{\"@type\":\"WebPage\",\"@id\":\"https:\/\/www.golfsimulator.kaufen\/skytrak-plus\/\",\"url\":\"https:\/\/www.golfsimulator.kaufen\/skytrak-plus\/\",\"name\":\"Skytrak Plus - Golfsimulator Kaufen #1 Indoor Golf in Europe\",\"isPartOf\":{\"@id\":\"https:\/\/www.golfsimulator.kaufen\/de_de\/#website\"},\"datePublished\":\"2024-08-29T11:48:05+00:00\",\"dateModified\":\"2024-09-10T07:41:40+00:00\",\"breadcrumb\":{\"@id\":\"https:\/\/www.golfsimulator.kaufen\/skytrak-plus\/#breadcrumb\"},\"inLanguage\":\"sk-SK\",\"potentialAction\":[{\"@type\":\"ReadAction\",\"target\":[\"https:\/\/www.golfsimulator.kaufen\/skytrak-plus\/\"]}]},{\"@type\":\"BreadcrumbList\",\"@id\":\"https:\/\/www.golfsimulator.kaufen\/skytrak-plus\/#breadcrumb\",\"itemListElement\":[{\"@type\":\"ListItem\",\"position\":1,\"name\":\"Startseite\",\"item\":\"https:\/\/www.golfsimulator.kaufen\/\"},{\"@type\":\"ListItem\",\"position\":2,\"name\":\"Skytrak Plus\"}]},{\"@type\":\"WebSite\",\"@id\":\"https:\/\/www.golfsimulator.kaufen\/de_de\/#website\",\"url\":\"https:\/\/www.golfsimulator.kaufen\/de_de\/\",\"name\":\"Golfsimulator Kaufen #1 Indoor Golf in Europe\",\"description\":\"Home of the GSK ELITE Enclosure\",\"publisher\":{\"@id\":\"https:\/\/www.golfsimulator.kaufen\/de_de\/#organization\"},\"potentialAction\":[{\"@type\":\"SearchAction\",\"target\":{\"@type\":\"EntryPoint\",\"urlTemplate\":\"https:\/\/www.golfsimulator.kaufen\/de_de\/?s={search_term_string}\"},\"query-input\":{\"@type\":\"PropertyValueSpecification\",\"valueRequired\":true,\"valueName\":\"search_term_string\"}}],\"inLanguage\":\"sk-SK\"},{\"@type\":\"Organization\",\"@id\":\"https:\/\/www.golfsimulator.kaufen\/de_de\/#organization\",\"name\":\"Golfsport Company KG\",\"url\":\"https:\/\/www.golfsimulator.kaufen\/de_de\/\",\"logo\":{\"@type\":\"ImageObject\",\"inLanguage\":\"sk-SK\",\"@id\":\"https:\/\/www.golfsimulator.kaufen\/de_de\/#\/schema\/logo\/image\/\",\"url\":\"https:\/\/www.golfsimulator.kaufen\/wp-content\/uploads\/2024\/09\/golfsimulator_kaufen_logo.png\",\"contentUrl\":\"https:\/\/www.golfsimulator.kaufen\/wp-content\/uploads\/2024\/09\/golfsimulator_kaufen_logo.png\",\"width\":300,\"height\":49,\"caption\":\"Golfsport Company KG\"},\"image\":{\"@id\":\"https:\/\/www.golfsimulator.kaufen\/de_de\/#\/schema\/logo\/image\/\"},\"sameAs\":[\"https:\/\/www.facebook.com\/golfballs.at\"]}]}<\/script>\n<!-- \/ Yoast SEO plugin. -->","yoast_head_json":{"title":"Skytrak Plus - Golfov\u00fd simul\u00e1tor K\u00fapi\u0165 #1 Indoor Golf v Eur\u00f3pe","robots":{"index":"index","follow":"follow","max-snippet":"max-snippet:-1","max-image-preview":"max-image-preview:large","max-video-preview":"max-video-preview:-1"},"canonical":"https:\/\/www.golfsimulator.kaufen\/sk\/skytrak-plus\/","og_locale":"sk_SK","og_type":"article","og_title":"Skytrak Plus - Golfsimulator Kaufen #1 Indoor Golf in Europe","og_description":"SKYTRAK PLUS Unmatched Accuracy Believe in Yourself Better Golf. Anytime. Anywhere.\u200b Der SKYTRAK+ Launch Monitor bringt bedeutende Fortschritte in seiner Kerntechnologie, indem er ein duales Doppler-Radarsystem und propriet\u00e4re maschinelle Lernsoftware hinzuf\u00fcgt \u2013 um eine un\u00fcbertroffene Genauigkeit in seiner Klasse zu bieten. Die Radarerg\u00e4nzung r\u00fcckt die Schl\u00e4gerdaten in den Mittelpunkt der Erfahrung \u2013 und bietet SKYTRAK-Nutzern [&hellip;]","og_url":"https:\/\/www.golfsimulator.kaufen\/sk\/skytrak-plus\/","og_site_name":"Golfsimulator Kaufen #1 Indoor Golf in Europe","article_publisher":"https:\/\/www.facebook.com\/golfballs.at","article_modified_time":"2024-09-10T07:41:40+00:00","twitter_card":"summary_large_image","twitter_misc":{"Predpokladan\u00fd \u010das \u010d\u00edtania":"1 min\u00fata"},"schema":{"@context":"https:\/\/schema.org","@graph":[{"@type":"WebPage","@id":"https:\/\/www.golfsimulator.kaufen\/skytrak-plus\/","url":"https:\/\/www.golfsimulator.kaufen\/skytrak-plus\/","name":"Skytrak Plus - Golfov\u00fd simul\u00e1tor K\u00fapi\u0165 #1 Indoor Golf v Eur\u00f3pe","isPartOf":{"@id":"https:\/\/www.golfsimulator.kaufen\/de_de\/#website"},"datePublished":"2024-08-29T11:48:05+00:00","dateModified":"2024-09-10T07:41:40+00:00","breadcrumb":{"@id":"https:\/\/www.golfsimulator.kaufen\/skytrak-plus\/#breadcrumb"},"inLanguage":"sk-SK","potentialAction":[{"@type":"ReadAction","target":["https:\/\/www.golfsimulator.kaufen\/skytrak-plus\/"]}]},{"@type":"BreadcrumbList","@id":"https:\/\/www.golfsimulator.kaufen\/skytrak-plus\/#breadcrumb","itemListElement":[{"@type":"ListItem","position":1,"name":"Startseite","item":"https:\/\/www.golfsimulator.kaufen\/"},{"@type":"ListItem","position":2,"name":"Skytrak Plus"}]},{"@type":"WebSite","@id":"https:\/\/www.golfsimulator.kaufen\/de_de\/#website","url":"https:\/\/www.golfsimulator.kaufen\/de_de\/","name":"K\u00fapi\u0165 golfov\u00fd simul\u00e1tor #1 Indoor Golf v Eur\u00f3pe","description":"Domovsk\u00e1 str\u00e1nka skrine GSK ELITE","publisher":{"@id":"https:\/\/www.golfsimulator.kaufen\/de_de\/#organization"},"potentialAction":[{"@type":"SearchAction","target":{"@type":"EntryPoint","urlTemplate":"https:\/\/www.golfsimulator.kaufen\/de_de\/?s={search_term_string}"},"query-input":{"@type":"PropertyValueSpecification","valueRequired":true,"valueName":"search_term_string"}}],"inLanguage":"sk-SK"},{"@type":"Organization","@id":"https:\/\/www.golfsimulator.kaufen\/de_de\/#organization","name":"Spolo\u010dnos\u0165 Golfsport KG","url":"https:\/\/www.golfsimulator.kaufen\/de_de\/","logo":{"@type":"ImageObject","inLanguage":"sk-SK","@id":"https:\/\/www.golfsimulator.kaufen\/de_de\/#\/schema\/logo\/image\/","url":"https:\/\/www.golfsimulator.kaufen\/wp-content\/uploads\/2024\/09\/golfsimulator_kaufen_logo.png","contentUrl":"https:\/\/www.golfsimulator.kaufen\/wp-content\/uploads\/2024\/09\/golfsimulator_kaufen_logo.png","width":300,"height":49,"caption":"Golfsport Company KG"},"image":{"@id":"https:\/\/www.golfsimulator.kaufen\/de_de\/#\/schema\/logo\/image\/"},"sameAs":["https:\/\/www.facebook.com\/golfballs.at"]}]}},"uagb_featured_image_src":{"full":false,"thumbnail":false,"medium":false,"medium_large":false,"large":false,"1536x1536":false,"2048x2048":false,"trp-custom-language-flag":false},"uagb_author_info":{"display_name":"Joshua Doerfl","author_link":"https:\/\/www.golfsimulator.kaufen\/sk\/author\/joshua\/"},"uagb_comment_info":0,"uagb_excerpt":"SKYTRAK PLUS Unmatched Accuracy Believe in Yourself Better Golf. Anytime. Anywhere.\u200b Der SKYTRAK+ Launch Monitor bringt bedeutende Fortschritte in seiner Kerntechnologie, indem er ein duales Doppler-Radarsystem und propriet\u00e4re maschinelle Lernsoftware hinzuf\u00fcgt \u2013 um eine un\u00fcbertroffene Genauigkeit in seiner Klasse zu bieten. Die Radarerg\u00e4nzung r\u00fcckt die Schl\u00e4gerdaten in den Mittelpunkt der Erfahrung \u2013 und bietet SKYTRAK-Nutzern&hellip;","_links":{"self":[{"href":"https:\/\/www.golfsimulator.kaufen\/sk\/wp-json\/wp\/v2\/pages\/4980","targetHints":{"allow":["GET"]}}],"collection":[{"href":"https:\/\/www.golfsimulator.kaufen\/sk\/wp-json\/wp\/v2\/pages"}],"about":[{"href":"https:\/\/www.golfsimulator.kaufen\/sk\/wp-json\/wp\/v2\/types\/page"}],"author":[{"embeddable":true,"href":"https:\/\/www.golfsimulator.kaufen\/sk\/wp-json\/wp\/v2\/users\/2"}],"replies":[{"embeddable":true,"href":"https:\/\/www.golfsimulator.kaufen\/sk\/wp-json\/wp\/v2\/comments?post=4980"}],"version-history":[{"count":22,"href":"https:\/\/www.golfsimulator.kaufen\/sk\/wp-json\/wp\/v2\/pages\/4980\/revisions"}],"predecessor-version":[{"id":5544,"href":"https:\/\/www.golfsimulator.kaufen\/sk\/wp-json\/wp\/v2\/pages\/4980\/revisions\/5544"}],"wp:attachment":[{"href":"https:\/\/www.golfsimulator.kaufen\/sk\/wp-json\/wp\/v2\/media?parent=4980"}],"curies":[{"name":"wp","href":"https:\/\/api.w.org\/{rel}","templated":true}]}}