{"id":5875,"date":"2024-09-17T15:19:33","date_gmt":"2024-09-17T13:19:33","guid":{"rendered":"https:\/\/www.golfsimulator.kaufen\/?page_id=5875"},"modified":"2024-09-18T09:49:16","modified_gmt":"2024-09-18T07:49:16","slug":"puttinggras","status":"publish","type":"page","link":"https:\/\/www.golfsimulator.kaufen\/nl\/puttinggras\/","title":{"rendered":"Putting Turf"},"content":{"rendered":"<div data-elementor-type=\"wp-page\" data-elementor-id=\"5875\" class=\"elementor elementor-5875\" data-elementor-post-type=\"page\">\n\t\t\t\t<div class=\"elementor-element elementor-element-20201a9f e-flex e-con-boxed e-con e-parent\" data-id=\"20201a9f\" data-element_type=\"container\" data-e-type=\"container\" data-settings=\"{&quot;background_background&quot;:&quot;classic&quot;}\">\n\t\t\t\t\t<div class=\"e-con-inner\">\n\t\t\t\t<div class=\"elementor-element elementor-element-11152b94 elementor-widget elementor-widget-heading\" data-id=\"11152b94\" data-element_type=\"widget\" data-e-type=\"widget\" data-widget_type=\"heading.default\">\n\t\t\t\t<div class=\"elementor-widget-container\">\n\t\t\t\t\t<h1 class=\"elementor-heading-title elementor-size-default\">Hoogwaardig indoor gras<\/h1>\t\t\t\t<\/div>\n\t\t\t\t<\/div>\n\t\t\t\t\t<\/div>\n\t\t\t\t<\/div>\n\t\t<div class=\"elementor-element elementor-element-584f3bb4 e-flex e-con-boxed e-con e-parent\" data-id=\"584f3bb4\" data-element_type=\"container\" data-e-type=\"container\" data-settings=\"{&quot;background_background&quot;:&quot;classic&quot;}\">\n\t\t\t\t\t<div class=\"e-con-inner\">\n\t\t<div class=\"elementor-element elementor-element-15b98e5 e-con-full e-flex e-con e-child\" data-id=\"15b98e5\" data-element_type=\"container\" data-e-type=\"container\" data-settings=\"{&quot;background_background&quot;:&quot;classic&quot;}\">\n\t\t\t\t<\/div>\n\t\t<div class=\"elementor-element elementor-element-50c0daca e-con-full e-flex e-con e-child\" data-id=\"50c0daca\" data-element_type=\"container\" data-e-type=\"container\">\n\t\t\t\t<div class=\"elementor-element elementor-element-6c06253a elementor-widget elementor-widget-heading\" data-id=\"6c06253a\" data-element_type=\"widget\" data-e-type=\"widget\" data-widget_type=\"heading.default\">\n\t\t\t\t<div class=\"elementor-widget-container\">\n\t\t\t\t\t<h2 class=\"elementor-heading-title elementor-size-default\">Hoogwaardig indoor gras<\/h2>\t\t\t\t<\/div>\n\t\t\t\t<\/div>\n\t\t\t\t<div class=\"elementor-element elementor-element-21024343 elementor-widget elementor-widget-text-editor\" data-id=\"21024343\" data-element_type=\"widget\" data-e-type=\"widget\" data-widget_type=\"text-editor.default\">\n\t\t\t\t<div class=\"elementor-widget-container\">\n\t\t\t\t\t\t\t\t\t<div class=\"flex max-w-full flex-col flex-grow\"><div class=\"min-h-[20px] text-message flex w-full flex-col items-end gap-2 whitespace-normal break-words [.text-message+&amp;]:mt-5\" dir=\"auto\" data-message-author-role=\"assistant\" data-message-id=\"2c5b154d-fc96-4677-99ca-314b7dd5b621\"><div class=\"flex w-full flex-col gap-1 empty:hidden first:pt-[3px]\"><div class=\"markdown prose w-full break-words dark:prose-invert light\"><p>Het GSK Golf Indoor kunstgras biedt golfers de mogelijkheid om indoor te trainen net als op een echte fairway. De slijtvaste en realistische textuur zorgt voor een authentieke speelervaring en is ideaal voor intensieve training.<\/p><\/div><\/div><\/div><\/div>\t\t\t\t\t\t\t\t<\/div>\n\t\t\t\t<\/div>\n\t\t\t\t<div class=\"elementor-element elementor-element-552807f3 elementor-align-center elementor-widget elementor-widget-button\" data-id=\"552807f3\" data-element_type=\"widget\" data-e-type=\"widget\" data-widget_type=\"button.default\">\n\t\t\t\t<div class=\"elementor-widget-container\">\n\t\t\t\t\t\t\t\t\t<div class=\"elementor-button-wrapper\">\n\t\t\t\t\t<a class=\"elementor-button elementor-button-link elementor-size-lg elementor-animation-grow\" href=\"https:\/\/www.golfsimulator.shop\/Putting-Turf\" target=\"_blank\">\n\t\t\t\t\t\t<span class=\"elementor-button-content-wrapper\">\n\t\t\t\t\t\t\t\t\t<span class=\"elementor-button-text\">meer informatie &gt;<\/span>\n\t\t\t\t\t<\/span>\n\t\t\t\t\t<\/a>\n\t\t\t\t<\/div>\n\t\t\t\t\t\t\t\t<\/div>\n\t\t\t\t<\/div>\n\t\t\t\t<\/div>\n\t\t\t\t\t<\/div>\n\t\t\t\t<\/div>\n\t\t<div class=\"elementor-element elementor-element-37012705 e-flex e-con-boxed e-con e-parent\" data-id=\"37012705\" data-element_type=\"container\" data-e-type=\"container\" data-settings=\"{&quot;background_background&quot;:&quot;classic&quot;}\">\n\t\t\t\t\t<div class=\"e-con-inner\">\n\t\t<div class=\"elementor-element elementor-element-142df457 e-con-full e-flex e-con e-child\" data-id=\"142df457\" data-element_type=\"container\" data-e-type=\"container\" data-settings=\"{&quot;background_background&quot;:&quot;classic&quot;}\">\n\t\t\t\t<\/div>\n\t\t<div class=\"elementor-element elementor-element-be0b2be e-con-full e-flex e-con e-child\" data-id=\"be0b2be\" data-element_type=\"container\" data-e-type=\"container\">\n\t\t\t\t<div class=\"elementor-element elementor-element-52bad607 elementor-widget elementor-widget-heading\" data-id=\"52bad607\" data-element_type=\"widget\" data-e-type=\"widget\" data-widget_type=\"heading.default\">\n\t\t\t\t<div class=\"elementor-widget-container\">\n\t\t\t\t\t<h2 class=\"elementor-heading-title elementor-size-default\">Maten<\/h2>\t\t\t\t<\/div>\n\t\t\t\t<\/div>\n\t\t\t\t<div class=\"elementor-element elementor-element-2dabe791 elementor-widget elementor-widget-text-editor\" data-id=\"2dabe791\" data-element_type=\"widget\" data-e-type=\"widget\" data-widget_type=\"text-editor.default\">\n\t\t\t\t<div class=\"elementor-widget-container\">\n\t\t\t\t\t\t\t\t\t<div class=\"flex max-w-full flex-col flex-grow\"><div class=\"min-h-[20px] text-message flex w-full flex-col items-end gap-2 whitespace-normal break-words [.text-message+&amp;]:mt-5\" dir=\"auto\" data-message-author-role=\"assistant\" data-message-id=\"333b35d6-7cf7-48c0-bbcb-d27c6dbbee25\"><div class=\"flex w-full flex-col gap-1 empty:hidden first:pt-[3px]\"><div class=\"markdown prose w-full break-words dark:prose-invert light\"><ul><li>4\u00d74,5 meter<\/li><li>5\u00d74 meter<\/li><li>3\u00d74 meter<\/li><li>4\u00d74 meter<\/li><\/ul><\/div><\/div><\/div><\/div>\t\t\t\t\t\t\t\t<\/div>\n\t\t\t\t<\/div>\n\t\t\t\t<div class=\"elementor-element elementor-element-a5b0fc2 elementor-align-center elementor-widget elementor-widget-button\" data-id=\"a5b0fc2\" data-element_type=\"widget\" data-e-type=\"widget\" data-widget_type=\"button.default\">\n\t\t\t\t<div class=\"elementor-widget-container\">\n\t\t\t\t\t\t\t\t\t<div class=\"elementor-button-wrapper\">\n\t\t\t\t\t<a class=\"elementor-button elementor-button-link elementor-size-lg elementor-animation-grow\" href=\"https:\/\/www.golfsimulator.shop\/Putting-Turf\" target=\"_blank\">\n\t\t\t\t\t\t<span class=\"elementor-button-content-wrapper\">\n\t\t\t\t\t\t\t\t\t<span class=\"elementor-button-text\">zie prijzen &gt;<\/span>\n\t\t\t\t\t<\/span>\n\t\t\t\t\t<\/a>\n\t\t\t\t<\/div>\n\t\t\t\t\t\t\t\t<\/div>\n\t\t\t\t<\/div>\n\t\t\t\t<\/div>\n\t\t\t\t\t<\/div>\n\t\t\t\t<\/div>\n\t\t<div class=\"elementor-element elementor-element-e8a9541 e-flex e-con-boxed e-con e-parent\" data-id=\"e8a9541\" data-element_type=\"container\" data-e-type=\"container\" data-settings=\"{&quot;background_background&quot;:&quot;classic&quot;}\">\n\t\t\t\t\t<div class=\"e-con-inner\">\n\t\t<div class=\"elementor-element elementor-element-14303d6c e-con-full e-flex e-con e-child\" data-id=\"14303d6c\" data-element_type=\"container\" data-e-type=\"container\" data-settings=\"{&quot;background_background&quot;:&quot;classic&quot;}\">\n\t\t\t\t<\/div>\n\t\t<div class=\"elementor-element elementor-element-7f63f92f e-con-full e-flex e-con e-child\" data-id=\"7f63f92f\" data-element_type=\"container\" data-e-type=\"container\">\n\t\t\t\t<div class=\"elementor-element elementor-element-361fe4c9 elementor-widget elementor-widget-heading\" data-id=\"361fe4c9\" data-element_type=\"widget\" data-e-type=\"widget\" data-widget_type=\"heading.default\">\n\t\t\t\t<div class=\"elementor-widget-container\">\n\t\t\t\t\t<h2 class=\"elementor-heading-title elementor-size-default\">Technische eigenschappen<\/h2>\t\t\t\t<\/div>\n\t\t\t\t<\/div>\n\t\t\t\t<div class=\"elementor-element elementor-element-6a47e31 elementor-widget elementor-widget-text-editor\" data-id=\"6a47e31\" data-element_type=\"widget\" data-e-type=\"widget\" data-widget_type=\"text-editor.default\">\n\t\t\t\t<div class=\"elementor-widget-container\">\n\t\t\t\t\t\t\t\t\t<ul><li>Vezel: Polyamide monofilament<\/li><li>Vezellengte: 13 mm<\/li><li>Oppervlaktegewicht: 2,753 g\/m\u00b2<br \/>67.200 knopen\/m\u00b2<br \/>10 voet op de stimulatiemeter<\/li><\/ul>\t\t\t\t\t\t\t\t<\/div>\n\t\t\t\t<\/div>\n\t\t\t\t<div class=\"elementor-element elementor-element-e51dd9d elementor-align-center elementor-widget elementor-widget-button\" data-id=\"e51dd9d\" data-element_type=\"widget\" data-e-type=\"widget\" data-widget_type=\"button.default\">\n\t\t\t\t<div class=\"elementor-widget-container\">\n\t\t\t\t\t\t\t\t\t<div class=\"elementor-button-wrapper\">\n\t\t\t\t\t<a class=\"elementor-button elementor-button-link elementor-size-lg elementor-animation-grow\" href=\"https:\/\/www.golfsimulator.shop\/Putting-Turf\" target=\"_blank\">\n\t\t\t\t\t\t<span class=\"elementor-button-content-wrapper\">\n\t\t\t\t\t\t\t\t\t<span class=\"elementor-button-text\">zie prijzen &gt;<\/span>\n\t\t\t\t\t<\/span>\n\t\t\t\t\t<\/a>\n\t\t\t\t<\/div>\n\t\t\t\t\t\t\t\t<\/div>\n\t\t\t\t<\/div>\n\t\t\t\t<\/div>\n\t\t\t\t\t<\/div>\n\t\t\t\t<\/div>\n\t\t\t\t<\/div>","protected":false},"excerpt":{"rendered":"<p>High Class Indoor Turf High Class Indoor Turf Het GSK Golf Indoor kunstgras biedt golfers de mogelijkheid om indoor te trainen alsof ze op een echte fairway staan. De slijtvaste en realistische textuur zorgt voor een authentieke speelervaring en is ideaal voor intensieve training. meer informatie &gt; MATEN 4\u00d74,5 meter 5\u00d74 meter 3\u00d74 meter 4\u00d74 meter [...]<\/p>","protected":false},"author":2,"featured_media":0,"parent":0,"menu_order":0,"comment_status":"closed","ping_status":"closed","template":"","meta":{"_uag_custom_page_level_css":"","site-sidebar-layout":"no-sidebar","site-content-layout":"page-builder","ast-site-content-layout":"full-width-container","site-content-style":"default","site-sidebar-style":"default","ast-global-header-display":"","ast-banner-title-visibility":"","ast-main-header-display":"","ast-hfb-above-header-display":"","ast-hfb-below-header-display":"","ast-hfb-mobile-header-display":"","site-post-title":"disabled","ast-breadcrumbs-content":"","ast-featured-img":"disabled","footer-sml-layout":"","theme-transparent-header-meta":"","adv-header-id-meta":"","stick-header-meta":"","header-above-stick-meta":"","header-main-stick-meta":"","header-below-stick-meta":"","astra-migrate-meta-layouts":"set","ast-page-background-enabled":"default","ast-page-background-meta":{"desktop":{"background-color":"var(--ast-global-color-4)","background-image":"","background-repeat":"repeat","background-position":"center center","background-size":"auto","background-attachment":"scroll","background-type":"","background-media":"","overlay-type":"","overlay-color":"","overlay-opacity":"","overlay-gradient":""},"tablet":{"background-color":"","background-image":"","background-repeat":"repeat","background-position":"center center","background-size":"auto","background-attachment":"scroll","background-type":"","background-media":"","overlay-type":"","overlay-color":"","overlay-opacity":"","overlay-gradient":""},"mobile":{"background-color":"","background-image":"","background-repeat":"repeat","background-position":"center center","background-size":"auto","background-attachment":"scroll","background-type":"","background-media":"","overlay-type":"","overlay-color":"","overlay-opacity":"","overlay-gradient":""}},"ast-content-background-meta":{"desktop":{"background-color":"var(--ast-global-color-5)","background-image":"","background-repeat":"repeat","background-position":"center center","background-size":"auto","background-attachment":"scroll","background-type":"","background-media":"","overlay-type":"","overlay-color":"","overlay-opacity":"","overlay-gradient":""},"tablet":{"background-color":"var(--ast-global-color-5)","background-image":"","background-repeat":"repeat","background-position":"center center","background-size":"auto","background-attachment":"scroll","background-type":"","background-media":"","overlay-type":"","overlay-color":"","overlay-opacity":"","overlay-gradient":""},"mobile":{"background-color":"var(--ast-global-color-5)","background-image":"","background-repeat":"repeat","background-position":"center center","background-size":"auto","background-attachment":"scroll","background-type":"","background-media":"","overlay-type":"","overlay-color":"","overlay-opacity":"","overlay-gradient":""}},"footnotes":""},"class_list":["post-5875","page","type-page","status-publish","hentry"],"yoast_head":"<!-- This site is optimized with the Yoast SEO plugin v26.4 - https:\/\/yoast.com\/wordpress\/plugins\/seo\/ -->\n<title>Putting Turf - Golfsimulator Kaufen #1 Indoor Golf in Europe<\/title>\n<meta name=\"robots\" content=\"index, follow, max-snippet:-1, max-image-preview:large, max-video-preview:-1\" \/>\n<link rel=\"canonical\" href=\"https:\/\/www.golfsimulator.kaufen\/nl\/puttinggras\/\" \/>\n<meta property=\"og:locale\" content=\"nl_NL\" \/>\n<meta property=\"og:type\" content=\"article\" \/>\n<meta property=\"og:title\" content=\"Putting Turf - Golfsimulator Kaufen #1 Indoor Golf in Europe\" \/>\n<meta property=\"og:description\" content=\"High Class Indoor Turf High Class Indoor Turf Der GSK Golf Indoor Kunstrasen bietet Golfern die M\u00f6glichkeit, im Innenbereich wie auf einem echten Fairway zu trainieren. Seine strapazierf\u00e4hige und realit\u00e4tsnahe Beschaffenheit sorgt f\u00fcr ein authentisches Spielgef\u00fchl und ist ideal f\u00fcr intensives Training geeignet. more information &gt; GR\u00d6\u00dfEN 4&#215;4,5 Meter 5&#215;4 Meter 3&#215;4 Meter 4&#215;4 Meter [&hellip;]\" \/>\n<meta property=\"og:url\" content=\"https:\/\/www.golfsimulator.kaufen\/nl\/puttinggras\/\" \/>\n<meta property=\"og:site_name\" content=\"Golfsimulator Kaufen #1 Indoor Golf in Europe\" \/>\n<meta property=\"article:publisher\" content=\"https:\/\/www.facebook.com\/golfballs.at\" \/>\n<meta property=\"article:modified_time\" content=\"2024-09-18T07:49:16+00:00\" \/>\n<meta name=\"twitter:card\" content=\"summary_large_image\" \/>\n<script type=\"application\/ld+json\" class=\"yoast-schema-graph\">{\"@context\":\"https:\/\/schema.org\",\"@graph\":[{\"@type\":\"WebPage\",\"@id\":\"https:\/\/www.golfsimulator.kaufen\/putting-turf\/\",\"url\":\"https:\/\/www.golfsimulator.kaufen\/putting-turf\/\",\"name\":\"Putting Turf - Golfsimulator Kaufen #1 Indoor Golf in Europe\",\"isPartOf\":{\"@id\":\"https:\/\/www.golfsimulator.kaufen\/de_de\/#website\"},\"datePublished\":\"2024-09-17T13:19:33+00:00\",\"dateModified\":\"2024-09-18T07:49:16+00:00\",\"breadcrumb\":{\"@id\":\"https:\/\/www.golfsimulator.kaufen\/putting-turf\/#breadcrumb\"},\"inLanguage\":\"nl-NL\",\"potentialAction\":[{\"@type\":\"ReadAction\",\"target\":[\"https:\/\/www.golfsimulator.kaufen\/putting-turf\/\"]}]},{\"@type\":\"BreadcrumbList\",\"@id\":\"https:\/\/www.golfsimulator.kaufen\/putting-turf\/#breadcrumb\",\"itemListElement\":[{\"@type\":\"ListItem\",\"position\":1,\"name\":\"Startseite\",\"item\":\"https:\/\/www.golfsimulator.kaufen\/\"},{\"@type\":\"ListItem\",\"position\":2,\"name\":\"Putting Turf\"}]},{\"@type\":\"WebSite\",\"@id\":\"https:\/\/www.golfsimulator.kaufen\/de_de\/#website\",\"url\":\"https:\/\/www.golfsimulator.kaufen\/de_de\/\",\"name\":\"Golfsimulator Kaufen #1 Indoor Golf in Europe\",\"description\":\"Home of the GSK ELITE Enclosure\",\"publisher\":{\"@id\":\"https:\/\/www.golfsimulator.kaufen\/de_de\/#organization\"},\"potentialAction\":[{\"@type\":\"SearchAction\",\"target\":{\"@type\":\"EntryPoint\",\"urlTemplate\":\"https:\/\/www.golfsimulator.kaufen\/de_de\/?s={search_term_string}\"},\"query-input\":{\"@type\":\"PropertyValueSpecification\",\"valueRequired\":true,\"valueName\":\"search_term_string\"}}],\"inLanguage\":\"nl-NL\"},{\"@type\":\"Organization\",\"@id\":\"https:\/\/www.golfsimulator.kaufen\/de_de\/#organization\",\"name\":\"Golfsport Company KG\",\"url\":\"https:\/\/www.golfsimulator.kaufen\/de_de\/\",\"logo\":{\"@type\":\"ImageObject\",\"inLanguage\":\"nl-NL\",\"@id\":\"https:\/\/www.golfsimulator.kaufen\/de_de\/#\/schema\/logo\/image\/\",\"url\":\"https:\/\/www.golfsimulator.kaufen\/wp-content\/uploads\/2024\/09\/golfsimulator_kaufen_logo.png\",\"contentUrl\":\"https:\/\/www.golfsimulator.kaufen\/wp-content\/uploads\/2024\/09\/golfsimulator_kaufen_logo.png\",\"width\":300,\"height\":49,\"caption\":\"Golfsport Company KG\"},\"image\":{\"@id\":\"https:\/\/www.golfsimulator.kaufen\/de_de\/#\/schema\/logo\/image\/\"},\"sameAs\":[\"https:\/\/www.facebook.com\/golfballs.at\"]}]}<\/script>\n<!-- \/ Yoast SEO plugin. -->","yoast_head_json":{"title":"Putting Turf - Koop Golfsimulator #1 Indoor Golf in Europa","robots":{"index":"index","follow":"follow","max-snippet":"max-snippet:-1","max-image-preview":"max-image-preview:large","max-video-preview":"max-video-preview:-1"},"canonical":"https:\/\/www.golfsimulator.kaufen\/nl\/puttinggras\/","og_locale":"nl_NL","og_type":"article","og_title":"Putting Turf - Golfsimulator Kaufen #1 Indoor Golf in Europe","og_description":"High Class Indoor Turf High Class Indoor Turf Der GSK Golf Indoor Kunstrasen bietet Golfern die M\u00f6glichkeit, im Innenbereich wie auf einem echten Fairway zu trainieren. Seine strapazierf\u00e4hige und realit\u00e4tsnahe Beschaffenheit sorgt f\u00fcr ein authentisches Spielgef\u00fchl und ist ideal f\u00fcr intensives Training geeignet. more information > GR\u00d6\u00dfEN 4&#215;4,5 Meter 5&#215;4 Meter 3&#215;4 Meter 4&#215;4 Meter [&hellip;]","og_url":"https:\/\/www.golfsimulator.kaufen\/nl\/puttinggras\/","og_site_name":"Golfsimulator Kaufen #1 Indoor Golf in Europe","article_publisher":"https:\/\/www.facebook.com\/golfballs.at","article_modified_time":"2024-09-18T07:49:16+00:00","twitter_card":"summary_large_image","schema":{"@context":"https:\/\/schema.org","@graph":[{"@type":"WebPage","@id":"https:\/\/www.golfsimulator.kaufen\/putting-turf\/","url":"https:\/\/www.golfsimulator.kaufen\/putting-turf\/","name":"Putting Turf - Koop Golfsimulator #1 Indoor Golf in Europa","isPartOf":{"@id":"https:\/\/www.golfsimulator.kaufen\/de_de\/#website"},"datePublished":"2024-09-17T13:19:33+00:00","dateModified":"2024-09-18T07:49:16+00:00","breadcrumb":{"@id":"https:\/\/www.golfsimulator.kaufen\/putting-turf\/#breadcrumb"},"inLanguage":"nl-NL","potentialAction":[{"@type":"ReadAction","target":["https:\/\/www.golfsimulator.kaufen\/putting-turf\/"]}]},{"@type":"BreadcrumbList","@id":"https:\/\/www.golfsimulator.kaufen\/putting-turf\/#breadcrumb","itemListElement":[{"@type":"ListItem","position":1,"name":"Startseite","item":"https:\/\/www.golfsimulator.kaufen\/"},{"@type":"ListItem","position":2,"name":"Putting Turf"}]},{"@type":"WebSite","@id":"https:\/\/www.golfsimulator.kaufen\/de_de\/#website","url":"https:\/\/www.golfsimulator.kaufen\/de_de\/","name":"Koop Golfsimulator #1 Indoor Golf in Europa","description":"De thuisbasis van de GSK ELITE behuizing","publisher":{"@id":"https:\/\/www.golfsimulator.kaufen\/de_de\/#organization"},"potentialAction":[{"@type":"SearchAction","target":{"@type":"EntryPoint","urlTemplate":"https:\/\/www.golfsimulator.kaufen\/de_de\/?s={search_term_string}"},"query-input":{"@type":"PropertyValueSpecification","valueRequired":true,"valueName":"search_term_string"}}],"inLanguage":"nl-NL"},{"@type":"Organization","@id":"https:\/\/www.golfsimulator.kaufen\/de_de\/#organization","name":"Golfsport Onderneming KG","url":"https:\/\/www.golfsimulator.kaufen\/de_de\/","logo":{"@type":"ImageObject","inLanguage":"nl-NL","@id":"https:\/\/www.golfsimulator.kaufen\/de_de\/#\/schema\/logo\/image\/","url":"https:\/\/www.golfsimulator.kaufen\/wp-content\/uploads\/2024\/09\/golfsimulator_kaufen_logo.png","contentUrl":"https:\/\/www.golfsimulator.kaufen\/wp-content\/uploads\/2024\/09\/golfsimulator_kaufen_logo.png","width":300,"height":49,"caption":"Golfsport Company KG"},"image":{"@id":"https:\/\/www.golfsimulator.kaufen\/de_de\/#\/schema\/logo\/image\/"},"sameAs":["https:\/\/www.facebook.com\/golfballs.at"]}]}},"uagb_featured_image_src":{"full":false,"thumbnail":false,"medium":false,"medium_large":false,"large":false,"1536x1536":false,"2048x2048":false,"trp-custom-language-flag":false},"uagb_author_info":{"display_name":"Joshua Doerfl","author_link":"https:\/\/www.golfsimulator.kaufen\/nl\/author\/joshua\/"},"uagb_comment_info":0,"uagb_excerpt":"High Class Indoor Turf High Class Indoor Turf Der GSK Golf Indoor Kunstrasen bietet Golfern die M\u00f6glichkeit, im Innenbereich wie auf einem echten Fairway zu trainieren. Seine strapazierf\u00e4hige und realit\u00e4tsnahe Beschaffenheit sorgt f\u00fcr ein authentisches Spielgef\u00fchl und ist ideal f\u00fcr intensives Training geeignet. more information > GR\u00d6\u00dfEN 4&#215;4,5 Meter 5&#215;4 Meter 3&#215;4 Meter 4&#215;4 Meter&hellip;","_links":{"self":[{"href":"https:\/\/www.golfsimulator.kaufen\/nl\/wp-json\/wp\/v2\/pages\/5875","targetHints":{"allow":["GET"]}}],"collection":[{"href":"https:\/\/www.golfsimulator.kaufen\/nl\/wp-json\/wp\/v2\/pages"}],"about":[{"href":"https:\/\/www.golfsimulator.kaufen\/nl\/wp-json\/wp\/v2\/types\/page"}],"author":[{"embeddable":true,"href":"https:\/\/www.golfsimulator.kaufen\/nl\/wp-json\/wp\/v2\/users\/2"}],"replies":[{"embeddable":true,"href":"https:\/\/www.golfsimulator.kaufen\/nl\/wp-json\/wp\/v2\/comments?post=5875"}],"version-history":[{"count":4,"href":"https:\/\/www.golfsimulator.kaufen\/nl\/wp-json\/wp\/v2\/pages\/5875\/revisions"}],"predecessor-version":[{"id":5881,"href":"https:\/\/www.golfsimulator.kaufen\/nl\/wp-json\/wp\/v2\/pages\/5875\/revisions\/5881"}],"wp:attachment":[{"href":"https:\/\/www.golfsimulator.kaufen\/nl\/wp-json\/wp\/v2\/media?parent=5875"}],"curies":[{"name":"WordPress","href":"https:\/\/api.w.org\/{rel}","templated":true}]}}