{"id":5919,"date":"2025-04-18T13:10:10","date_gmt":"2025-04-18T11:10:10","guid":{"rendered":"https:\/\/www.golfsimulator.kaufen\/?page_id=5919"},"modified":"2025-04-18T13:39:19","modified_gmt":"2025-04-18T11:39:19","slug":"uneekor-xr","status":"publish","type":"page","link":"https:\/\/www.golfsimulator.kaufen\/ko\/uneekor-xr\/","title":{"rendered":"Uneekor XR"},"content":{"rendered":"<div data-elementor-type=\"wp-page\" data-elementor-id=\"5919\" class=\"elementor elementor-5919\" data-elementor-post-type=\"page\">\n\t\t\t\t<div class=\"elementor-element elementor-element-a9d75dc e-flex e-con-boxed e-con e-parent\" data-id=\"a9d75dc\" data-element_type=\"container\" data-e-type=\"container\" data-settings=\"{&quot;background_background&quot;:&quot;classic&quot;}\">\n\t\t\t\t\t<div class=\"e-con-inner\">\n\t\t<div class=\"elementor-element elementor-element-c9c6609 e-con-full e-flex e-con e-child\" data-id=\"c9c6609\" data-element_type=\"container\" data-e-type=\"container\" data-settings=\"{&quot;background_background&quot;:&quot;classic&quot;}\">\n\t\t\t\t<div class=\"elementor-element elementor-element-352a10c elementor-widget elementor-widget-heading\" data-id=\"352a10c\" data-element_type=\"widget\" data-e-type=\"widget\" data-widget_type=\"heading.default\">\n\t\t\t\t<div class=\"elementor-widget-container\">\n\t\t\t\t\t<h2 class=\"elementor-heading-title elementor-size-default\">UNEEKOR XR<\/h2>\t\t\t\t<\/div>\n\t\t\t\t<\/div>\n\t\t\t\t<div class=\"elementor-element elementor-element-dd8d051 elementor-widget elementor-widget-heading\" data-id=\"dd8d051\" data-element_type=\"widget\" data-e-type=\"widget\" data-widget_type=\"heading.default\">\n\t\t\t\t<div class=\"elementor-widget-container\">\n\t\t\t\t\t<h2 class=\"elementor-heading-title elementor-size-default\">\ud6c4\uba74 \uc7a5\ucc29 - \uc7ac\uc815\uc758<\/h2>\t\t\t\t<\/div>\n\t\t\t\t<\/div>\n\t\t\t\t<\/div>\n\t\t\t\t\t<\/div>\n\t\t\t\t<\/div>\n\t\t<div class=\"elementor-element elementor-element-21f46dbd e-con-full e-flex e-con e-parent\" data-id=\"21f46dbd\" data-element_type=\"container\" data-e-type=\"container\" data-settings=\"{&quot;background_background&quot;:&quot;classic&quot;}\">\n\t\t<div class=\"elementor-element elementor-element-458c43ab e-con-full e-flex e-con e-child\" data-id=\"458c43ab\" data-element_type=\"container\" data-e-type=\"container\" data-settings=\"{&quot;background_background&quot;:&quot;classic&quot;}\">\n\t\t\t\t<div class=\"elementor-element elementor-element-c579b1a elementor-widget elementor-widget-heading\" data-id=\"c579b1a\" data-element_type=\"widget\" data-e-type=\"widget\" data-widget_type=\"heading.default\">\n\t\t\t\t<div class=\"elementor-widget-container\">\n\t\t\t\t\t<h2 class=\"elementor-heading-title elementor-size-default\">\ud6c4\uba74 \uc7a5\ucc29<\/h2>\t\t\t\t<\/div>\n\t\t\t\t<\/div>\n\t\t\t\t<div class=\"elementor-element elementor-element-7d36c05d elementor-widget elementor-widget-heading\" data-id=\"7d36c05d\" data-element_type=\"widget\" data-e-type=\"widget\" data-widget_type=\"heading.default\">\n\t\t\t\t<div class=\"elementor-widget-container\">\n\t\t\t\t\t<h2 class=\"elementor-heading-title elementor-size-default\">\ud074\ub7fd AI \uae30\uc220<\/h2>\t\t\t\t<\/div>\n\t\t\t\t<\/div>\n\t\t\t\t<div class=\"elementor-element elementor-element-663a8d3d elementor-widget elementor-widget-text-editor\" data-id=\"663a8d3d\" data-element_type=\"widget\" data-e-type=\"widget\" data-widget_type=\"text-editor.default\">\n\t\t\t\t<div class=\"elementor-widget-container\">\n\t\t\t\t\t\t\t\t\t<p>Uneekor EYE XR\uc740 \ub450 \uac1c\uc758 \uace0\uc18d \uce74\uba54\ub77c\uc640 \uc801\uc678\uc120 \uc13c\uc11c\ub97c \uc0ac\uc6a9\ud558\uc5ec \uc815\ud655\ud55c \ubcfc\uacfc \ud074\ub7fd \ub370\uc774\ud130\ub97c \ucea1\ucc98\ud558\ub294 \uace0\uae09 \ud6c4\uba74 \uc7a5\ucc29\ud615 \uace8\ud504 \ub7f0\uce58 \ubaa8\ub2c8\ud130\uc785\ub2c8\ub2e4. \ub524\ud50c \uc635\ud2f1\uc2a4 \uae30\uc220 \ub355\ubd84\uc5d0 \uc5b4\ub5a4 \uace8\ud504\uacf5\uc774\ub4e0 \ub9c8\ud0b9 \uc5c6\uc774\ub3c4 \uc0ac\uc6a9\ud560 \uc218 \uc788\uc2b5\ub2c8\ub2e4. \ud074\ub7fd \uc635\ud2f1\uc2a4 \uae30\ub2a5\uc740 \uc784\ud329\ud2b8 \uc21c\uac04\uc5d0 \ub300\ud55c \uc0c1\uc138\ud55c \uc2dc\uac01\uc801 \ud53c\ub4dc\ubc31\uc744 \uc81c\uacf5\ud569\ub2c8\ub2e4. 19\uac1c\uc758 \ub370\uc774\ud130 \ud3ec\uc778\ud2b8\uac00 \uae30\ub85d\ub41c EYE XR\uc740 \ud6c8\ub828\uacfc \ud50c\ub808\uc774\uc5d0 \ub300\ud55c \uc885\ud569\uc801\uc778 \ubd84\uc11d\uc744 \uc81c\uacf5\ud569\ub2c8\ub2e4.<\/p>\t\t\t\t\t\t\t\t<\/div>\n\t\t\t\t<\/div>\n\t\t\t\t<div class=\"elementor-element elementor-element-244292cf elementor-align-center elementor-widget elementor-widget-button\" data-id=\"244292cf\" data-element_type=\"widget\" data-e-type=\"widget\" data-widget_type=\"button.default\">\n\t\t\t\t<div class=\"elementor-widget-container\">\n\t\t\t\t\t\t\t\t\t<div class=\"elementor-button-wrapper\">\n\t\t\t\t\t<a class=\"elementor-button elementor-button-link elementor-size-lg elementor-animation-grow\" href=\"https:\/\/www.golfsimulator.shop\/Uneekor-EYE-XR-Golf-Launch-Monitor\" target=\"_blank\">\n\t\t\t\t\t\t<span class=\"elementor-button-content-wrapper\">\n\t\t\t\t\t\t\t\t\t<span class=\"elementor-button-text\">\uac00\uaca9 \ubcf4\uae30 &gt;<\/span>\n\t\t\t\t\t<\/span>\n\t\t\t\t\t<\/a>\n\t\t\t\t<\/div>\n\t\t\t\t\t\t\t\t<\/div>\n\t\t\t\t<\/div>\n\t\t\t\t<\/div>\n\t\t<div class=\"elementor-element elementor-element-3f19f20f e-con-full e-flex e-con e-child\" data-id=\"3f19f20f\" data-element_type=\"container\" data-e-type=\"container\" data-settings=\"{&quot;background_background&quot;:&quot;classic&quot;}\">\n\t\t\t\t<\/div>\n\t\t\t\t<\/div>\n\t\t<div class=\"elementor-element elementor-element-3a79c5ab e-con-full e-flex e-con e-parent\" data-id=\"3a79c5ab\" data-element_type=\"container\" data-e-type=\"container\" data-settings=\"{&quot;background_background&quot;:&quot;classic&quot;}\">\n\t\t<div class=\"elementor-element elementor-element-2e7b00cc e-con-full e-flex e-con e-child\" data-id=\"2e7b00cc\" data-element_type=\"container\" data-e-type=\"container\">\n\t\t\t\t<div class=\"elementor-element elementor-element-46154747 animated-slow elementor-invisible elementor-widget elementor-widget-heading\" data-id=\"46154747\" data-element_type=\"widget\" data-e-type=\"widget\" data-settings=\"{&quot;_animation&quot;:&quot;slideInUp&quot;}\" data-widget_type=\"heading.default\">\n\t\t\t\t<div class=\"elementor-widget-container\">\n\t\t\t\t\t<h2 class=\"elementor-heading-title elementor-size-default\">\uc791\uc740 \ud328\ud0a4\uc9c0, \uc644\ubcbd\ud55c \uc2dc\ubbac\ub808\uc774\uc158<\/h2>\t\t\t\t<\/div>\n\t\t\t\t<\/div>\n\t\t\t\t<div class=\"elementor-element elementor-element-76f053ae animated-slow elementor-invisible elementor-widget elementor-widget-heading\" data-id=\"76f053ae\" data-element_type=\"widget\" data-e-type=\"widget\" data-settings=\"{&quot;_animation&quot;:&quot;slideInUp&quot;}\" data-widget_type=\"heading.default\">\n\t\t\t\t<div class=\"elementor-widget-container\">\n\t\t\t\t\t<h2 class=\"elementor-heading-title elementor-size-default\">\uc885\ud569\uc801\uc778 \ub1cc\uc878\uc911 \ubd84\uc11d\n\n<\/h2>\t\t\t\t<\/div>\n\t\t\t\t<\/div>\n\t\t\t\t<\/div>\n\t\t<div class=\"elementor-element elementor-element-13294a5 e-con-full e-flex e-con e-child\" data-id=\"13294a5\" data-element_type=\"container\" data-e-type=\"container\">\n\t\t<div class=\"elementor-element elementor-element-f722e75 e-con-full e-flex e-con e-child\" data-id=\"f722e75\" data-element_type=\"container\" data-e-type=\"container\">\n\t\t<div class=\"elementor-element elementor-element-521d277f e-grid e-con-full e-con e-child\" data-id=\"521d277f\" data-element_type=\"container\" data-e-type=\"container\">\n\t\t<div class=\"elementor-element elementor-element-4dfafc82 e-con-full e-flex e-con e-child\" data-id=\"4dfafc82\" data-element_type=\"container\" data-e-type=\"container\">\n\t\t<div class=\"elementor-element elementor-element-79cba040 e-con-full e-flex e-con e-child\" data-id=\"79cba040\" data-element_type=\"container\" data-e-type=\"container\" data-settings=\"{&quot;background_background&quot;:&quot;classic&quot;}\">\n\t\t\t\t<\/div>\n\t\t\t\t<div class=\"elementor-element elementor-element-54f2d520 elementor-widget elementor-widget-heading\" data-id=\"54f2d520\" data-element_type=\"widget\" data-e-type=\"widget\" data-widget_type=\"heading.default\">\n\t\t\t\t<div class=\"elementor-widget-container\">\n\t\t\t\t\t<h2 class=\"elementor-heading-title elementor-size-default\">\uae30\uc220 \uc0ac\uc591<\/h2>\t\t\t\t<\/div>\n\t\t\t\t<\/div>\n\t\t\t\t<div class=\"elementor-element elementor-element-21345aeb elementor-widget elementor-widget-text-editor\" data-id=\"21345aeb\" data-element_type=\"widget\" data-e-type=\"widget\" data-widget_type=\"text-editor.default\">\n\t\t\t\t<div class=\"elementor-widget-container\">\n\t\t\t\t\t\t\t\t\t<ul><li>\ucd08\uace0\uc18d \uce74\uba54\ub77c 2\uac1c<\/li><li>\uc774\ub354\ub137\uc744 \ud1b5\ud55c \uc804\uc6d0 \uacf5\uae09 - PoE<\/li><li>\uc801\uc678\uc120 \uce74\uba54\ub77c<\/li><\/ul>\t\t\t\t\t\t\t\t<\/div>\n\t\t\t\t<\/div>\n\t\t\t\t<\/div>\n\t\t<div class=\"elementor-element elementor-element-453f2271 e-con-full e-flex e-con e-child\" data-id=\"453f2271\" data-element_type=\"container\" data-e-type=\"container\">\n\t\t<div class=\"elementor-element elementor-element-29ecaf93 e-con-full e-flex e-con e-child\" data-id=\"29ecaf93\" data-element_type=\"container\" data-e-type=\"container\" data-settings=\"{&quot;background_background&quot;:&quot;classic&quot;}\">\n\t\t\t\t<\/div>\n\t\t\t\t<div class=\"elementor-element elementor-element-a55b426 elementor-widget elementor-widget-heading\" data-id=\"a55b426\" data-element_type=\"widget\" data-e-type=\"widget\" data-widget_type=\"heading.default\">\n\t\t\t\t<div class=\"elementor-widget-container\">\n\t\t\t\t\t<h2 class=\"elementor-heading-title elementor-size-default\">\ubcfc \ub370\uc774\ud130<\/h2>\t\t\t\t<\/div>\n\t\t\t\t<\/div>\n\t\t\t\t<div class=\"elementor-element elementor-element-3e9b1ceb elementor-widget elementor-widget-text-editor\" data-id=\"3e9b1ceb\" data-element_type=\"widget\" data-e-type=\"widget\" data-widget_type=\"text-editor.default\">\n\t\t\t\t<div class=\"elementor-widget-container\">\n\t\t\t\t\t\t\t\t\t<ul><li>\ubcfc \uc18d\ub3c4<\/li><li>\ube44\ud589 \uc2dc\uac04<\/li><li>\uc815\uc810\uae4c\uc9c0\uc758 \uac70\ub9ac<\/li><li>\uc774\ub3d9 \uac70\ub9ac<\/li><li>\ub864 \uac70\ub9ac<\/li><li>\ucd1d \uac70\ub9ac<\/li><li>\ubc31 \uc2a4\ud540<\/li><li>\uc0ac\uc774\ub4dc \uc2a4\ud540<\/li><li>\uce21\uba74 \uac01\ub3c4<\/li><li>\uc218\uc9c1\/\uc218\ud3c9 \ubc1c\uc0ac \uac01\ub3c4<\/li><li>\ud558\uac15 \uac01\ub3c4<\/li><\/ul>\t\t\t\t\t\t\t\t<\/div>\n\t\t\t\t<\/div>\n\t\t\t\t<\/div>\n\t\t<div class=\"elementor-element elementor-element-73e0dbef e-con-full e-flex e-con e-child\" data-id=\"73e0dbef\" data-element_type=\"container\" data-e-type=\"container\">\n\t\t<div class=\"elementor-element elementor-element-384159dc e-con-full e-flex e-con e-child\" data-id=\"384159dc\" data-element_type=\"container\" data-e-type=\"container\" data-settings=\"{&quot;background_background&quot;:&quot;classic&quot;}\">\n\t\t\t\t<\/div>\n\t\t\t\t<div class=\"elementor-element elementor-element-7044945a elementor-widget elementor-widget-heading\" data-id=\"7044945a\" data-element_type=\"widget\" data-e-type=\"widget\" data-widget_type=\"heading.default\">\n\t\t\t\t<div class=\"elementor-widget-container\">\n\t\t\t\t\t<h2 class=\"elementor-heading-title elementor-size-default\">\ud074\ub7fd \ub370\uc774\ud130<\/h2>\t\t\t\t<\/div>\n\t\t\t\t<\/div>\n\t\t\t\t<div class=\"elementor-element elementor-element-14ac2643 elementor-widget elementor-widget-text-editor\" data-id=\"14ac2643\" data-element_type=\"widget\" data-e-type=\"widget\" data-widget_type=\"text-editor.default\">\n\t\t\t\t<div class=\"elementor-widget-container\">\n\t\t\t\t\t\t\t\t\t<ul>\n<li>\uc2a4\ub9e4\uc2dc \ud329\ud130<\/li>\n<li>\ud074\ub7fd \uacbd\ub85c<\/li>\n<li>\ud074\ub7fd \ud398\uc774\uc2a4 \uac01\ub3c4<\/li>\n<li>\ud074\ub7fd \ud398\uc774\uc2a4 \ud22c \ud328\uc2a4<\/li><li>\ud074\ub7fd \ud398\uc774\uc2a4 \ud22c \ud0c0\uac9f<\/li>\n<\/ul>\t\t\t\t\t\t\t\t<\/div>\n\t\t\t\t<\/div>\n\t\t\t\t<\/div>\n\t\t\t\t<\/div>\n\t\t\t\t<\/div>\n\t\t\t\t<\/div>\n\t\t\t\t<\/div>\n\t\t\t\t<\/div>","protected":false},"excerpt":{"rendered":"<p>UNEEKOR XR Rear mounted &#8211; Redefined Rear Mounted CLUB AI Technology Der Uneekor EYE XR ist ein fortschrittlicher, r\u00fcckseitig montierter Golf-Launch-Monitor, der mit zwei Hochgeschwindigkeitskameras und Infrarotsensoren pr\u00e4zise Ball- und Schl\u00e4gerdaten erfasst. Dank der Dimple Optix-Technologie k\u00f6nnen beliebige Golfb\u00e4lle ohne Markierungen verwendet werden. Die Club Optix-Funktion bietet detaillierte visuelle R\u00fcckmeldungen zum Treffmoment. Mit 19 erfassten [&hellip;]<\/p>","protected":false},"author":1,"featured_media":0,"parent":0,"menu_order":0,"comment_status":"closed","ping_status":"closed","template":"","meta":{"_uag_custom_page_level_css":"","site-sidebar-layout":"no-sidebar","site-content-layout":"page-builder","ast-site-content-layout":"full-width-container","site-content-style":"default","site-sidebar-style":"default","ast-global-header-display":"","ast-banner-title-visibility":"","ast-main-header-display":"","ast-hfb-above-header-display":"","ast-hfb-below-header-display":"","ast-hfb-mobile-header-display":"","site-post-title":"disabled","ast-breadcrumbs-content":"","ast-featured-img":"disabled","footer-sml-layout":"","theme-transparent-header-meta":"","adv-header-id-meta":"","stick-header-meta":"","header-above-stick-meta":"","header-main-stick-meta":"","header-below-stick-meta":"","astra-migrate-meta-layouts":"set","ast-page-background-enabled":"default","ast-page-background-meta":{"desktop":{"background-color":"var(--ast-global-color-4)","background-image":"","background-repeat":"repeat","background-position":"center center","background-size":"auto","background-attachment":"scroll","background-type":"","background-media":"","overlay-type":"","overlay-color":"","overlay-opacity":"","overlay-gradient":""},"tablet":{"background-color":"","background-image":"","background-repeat":"repeat","background-position":"center center","background-size":"auto","background-attachment":"scroll","background-type":"","background-media":"","overlay-type":"","overlay-color":"","overlay-opacity":"","overlay-gradient":""},"mobile":{"background-color":"","background-image":"","background-repeat":"repeat","background-position":"center center","background-size":"auto","background-attachment":"scroll","background-type":"","background-media":"","overlay-type":"","overlay-color":"","overlay-opacity":"","overlay-gradient":""}},"ast-content-background-meta":{"desktop":{"background-color":"var(--ast-global-color-5)","background-image":"","background-repeat":"repeat","background-position":"center center","background-size":"auto","background-attachment":"scroll","background-type":"","background-media":"","overlay-type":"","overlay-color":"","overlay-opacity":"","overlay-gradient":""},"tablet":{"background-color":"var(--ast-global-color-5)","background-image":"","background-repeat":"repeat","background-position":"center center","background-size":"auto","background-attachment":"scroll","background-type":"","background-media":"","overlay-type":"","overlay-color":"","overlay-opacity":"","overlay-gradient":""},"mobile":{"background-color":"var(--ast-global-color-5)","background-image":"","background-repeat":"repeat","background-position":"center center","background-size":"auto","background-attachment":"scroll","background-type":"","background-media":"","overlay-type":"","overlay-color":"","overlay-opacity":"","overlay-gradient":""}},"footnotes":""},"class_list":["post-5919","page","type-page","status-publish","hentry"],"yoast_head":"<!-- This site is optimized with the Yoast SEO plugin v26.4 - https:\/\/yoast.com\/wordpress\/plugins\/seo\/ -->\n<title>Uneekor XR - Golfsimulator Kaufen #1 Indoor Golf in Europe<\/title>\n<meta name=\"robots\" content=\"index, follow, max-snippet:-1, max-image-preview:large, max-video-preview:-1\" \/>\n<link rel=\"canonical\" href=\"https:\/\/www.golfsimulator.kaufen\/ko\/uneekor-xr\/\" \/>\n<meta property=\"og:locale\" content=\"ko_KR\" \/>\n<meta property=\"og:type\" content=\"article\" \/>\n<meta property=\"og:title\" content=\"Uneekor XR - Golfsimulator Kaufen #1 Indoor Golf in Europe\" \/>\n<meta property=\"og:description\" content=\"UNEEKOR XR Rear mounted &#8211; Redefined Rear Mounted CLUB AI Technology Der Uneekor EYE XR ist ein fortschrittlicher, r\u00fcckseitig montierter Golf-Launch-Monitor, der mit zwei Hochgeschwindigkeitskameras und Infrarotsensoren pr\u00e4zise Ball- und Schl\u00e4gerdaten erfasst. Dank der Dimple Optix-Technologie k\u00f6nnen beliebige Golfb\u00e4lle ohne Markierungen verwendet werden. Die Club Optix-Funktion bietet detaillierte visuelle R\u00fcckmeldungen zum Treffmoment. Mit 19 erfassten [&hellip;]\" \/>\n<meta property=\"og:url\" content=\"https:\/\/www.golfsimulator.kaufen\/ko\/uneekor-xr\/\" \/>\n<meta property=\"og:site_name\" content=\"Golfsimulator Kaufen #1 Indoor Golf in Europe\" \/>\n<meta property=\"article:publisher\" content=\"https:\/\/www.facebook.com\/golfballs.at\" \/>\n<meta property=\"article:modified_time\" content=\"2025-04-18T11:39:19+00:00\" \/>\n<meta name=\"twitter:card\" content=\"summary_large_image\" \/>\n<meta name=\"twitter:label1\" content=\"\uc608\uc0c1 \ub418\ub294 \ud310\ub3c5 \uc2dc\uac04\" \/>\n\t<meta name=\"twitter:data1\" content=\"1\ubd84\" \/>\n<script type=\"application\/ld+json\" class=\"yoast-schema-graph\">{\"@context\":\"https:\/\/schema.org\",\"@graph\":[{\"@type\":\"WebPage\",\"@id\":\"https:\/\/www.golfsimulator.kaufen\/uneekor-xr\/\",\"url\":\"https:\/\/www.golfsimulator.kaufen\/uneekor-xr\/\",\"name\":\"Uneekor XR - Golfsimulator Kaufen #1 Indoor Golf in Europe\",\"isPartOf\":{\"@id\":\"https:\/\/www.golfsimulator.kaufen\/de_de\/#website\"},\"datePublished\":\"2025-04-18T11:10:10+00:00\",\"dateModified\":\"2025-04-18T11:39:19+00:00\",\"breadcrumb\":{\"@id\":\"https:\/\/www.golfsimulator.kaufen\/uneekor-xr\/#breadcrumb\"},\"inLanguage\":\"ko-KR\",\"potentialAction\":[{\"@type\":\"ReadAction\",\"target\":[\"https:\/\/www.golfsimulator.kaufen\/uneekor-xr\/\"]}]},{\"@type\":\"BreadcrumbList\",\"@id\":\"https:\/\/www.golfsimulator.kaufen\/uneekor-xr\/#breadcrumb\",\"itemListElement\":[{\"@type\":\"ListItem\",\"position\":1,\"name\":\"Startseite\",\"item\":\"https:\/\/www.golfsimulator.kaufen\/\"},{\"@type\":\"ListItem\",\"position\":2,\"name\":\"Uneekor XR\"}]},{\"@type\":\"WebSite\",\"@id\":\"https:\/\/www.golfsimulator.kaufen\/de_de\/#website\",\"url\":\"https:\/\/www.golfsimulator.kaufen\/de_de\/\",\"name\":\"Golfsimulator Kaufen #1 Indoor Golf in Europe\",\"description\":\"Home of the GSK ELITE Enclosure\",\"publisher\":{\"@id\":\"https:\/\/www.golfsimulator.kaufen\/de_de\/#organization\"},\"potentialAction\":[{\"@type\":\"SearchAction\",\"target\":{\"@type\":\"EntryPoint\",\"urlTemplate\":\"https:\/\/www.golfsimulator.kaufen\/de_de\/?s={search_term_string}\"},\"query-input\":{\"@type\":\"PropertyValueSpecification\",\"valueRequired\":true,\"valueName\":\"search_term_string\"}}],\"inLanguage\":\"ko-KR\"},{\"@type\":\"Organization\",\"@id\":\"https:\/\/www.golfsimulator.kaufen\/de_de\/#organization\",\"name\":\"Golfsport Company KG\",\"url\":\"https:\/\/www.golfsimulator.kaufen\/de_de\/\",\"logo\":{\"@type\":\"ImageObject\",\"inLanguage\":\"ko-KR\",\"@id\":\"https:\/\/www.golfsimulator.kaufen\/de_de\/#\/schema\/logo\/image\/\",\"url\":\"https:\/\/www.golfsimulator.kaufen\/wp-content\/uploads\/2024\/09\/golfsimulator_kaufen_logo.png\",\"contentUrl\":\"https:\/\/www.golfsimulator.kaufen\/wp-content\/uploads\/2024\/09\/golfsimulator_kaufen_logo.png\",\"width\":300,\"height\":49,\"caption\":\"Golfsport Company KG\"},\"image\":{\"@id\":\"https:\/\/www.golfsimulator.kaufen\/de_de\/#\/schema\/logo\/image\/\"},\"sameAs\":[\"https:\/\/www.facebook.com\/golfballs.at\"]}]}<\/script>\n<!-- \/ Yoast SEO plugin. -->","yoast_head_json":{"title":"Uneekor XR - \uace8\ud504 \uc2dc\ubbac\ub808\uc774\ud130 \uc720\ub7fd\uc5d0\uc11c #1 \uc2e4\ub0b4 \uace8\ud504 \uad6c\ub9e4\ud558\uae30","robots":{"index":"index","follow":"follow","max-snippet":"max-snippet:-1","max-image-preview":"max-image-preview:large","max-video-preview":"max-video-preview:-1"},"canonical":"https:\/\/www.golfsimulator.kaufen\/ko\/uneekor-xr\/","og_locale":"ko_KR","og_type":"article","og_title":"Uneekor XR - Golfsimulator Kaufen #1 Indoor Golf in Europe","og_description":"UNEEKOR XR Rear mounted &#8211; Redefined Rear Mounted CLUB AI Technology Der Uneekor EYE XR ist ein fortschrittlicher, r\u00fcckseitig montierter Golf-Launch-Monitor, der mit zwei Hochgeschwindigkeitskameras und Infrarotsensoren pr\u00e4zise Ball- und Schl\u00e4gerdaten erfasst. Dank der Dimple Optix-Technologie k\u00f6nnen beliebige Golfb\u00e4lle ohne Markierungen verwendet werden. Die Club Optix-Funktion bietet detaillierte visuelle R\u00fcckmeldungen zum Treffmoment. Mit 19 erfassten [&hellip;]","og_url":"https:\/\/www.golfsimulator.kaufen\/ko\/uneekor-xr\/","og_site_name":"Golfsimulator Kaufen #1 Indoor Golf in Europe","article_publisher":"https:\/\/www.facebook.com\/golfballs.at","article_modified_time":"2025-04-18T11:39:19+00:00","twitter_card":"summary_large_image","twitter_misc":{"\uc608\uc0c1 \ub418\ub294 \ud310\ub3c5 \uc2dc\uac04":"1\ubd84"},"schema":{"@context":"https:\/\/schema.org","@graph":[{"@type":"WebPage","@id":"https:\/\/www.golfsimulator.kaufen\/uneekor-xr\/","url":"https:\/\/www.golfsimulator.kaufen\/uneekor-xr\/","name":"Uneekor XR - \uace8\ud504 \uc2dc\ubbac\ub808\uc774\ud130 \uc720\ub7fd\uc5d0\uc11c #1 \uc2e4\ub0b4 \uace8\ud504 \uad6c\ub9e4\ud558\uae30","isPartOf":{"@id":"https:\/\/www.golfsimulator.kaufen\/de_de\/#website"},"datePublished":"2025-04-18T11:10:10+00:00","dateModified":"2025-04-18T11:39:19+00:00","breadcrumb":{"@id":"https:\/\/www.golfsimulator.kaufen\/uneekor-xr\/#breadcrumb"},"inLanguage":"ko-KR","potentialAction":[{"@type":"ReadAction","target":["https:\/\/www.golfsimulator.kaufen\/uneekor-xr\/"]}]},{"@type":"BreadcrumbList","@id":"https:\/\/www.golfsimulator.kaufen\/uneekor-xr\/#breadcrumb","itemListElement":[{"@type":"ListItem","position":1,"name":"Startseite","item":"https:\/\/www.golfsimulator.kaufen\/"},{"@type":"ListItem","position":2,"name":"Uneekor XR"}]},{"@type":"WebSite","@id":"https:\/\/www.golfsimulator.kaufen\/de_de\/#website","url":"https:\/\/www.golfsimulator.kaufen\/de_de\/","name":"\uc720\ub7fd\uc5d0\uc11c \uace8\ud504 \uc2dc\ubbac\ub808\uc774\ud130 #1 \uc2e4\ub0b4 \uace8\ud504 \uad6c\ub9e4\ud558\uae30","description":"GSK \uc5d8\ub9ac\ud2b8 \uc778\ud074\ub85c\uc800\uc758 \ud648","publisher":{"@id":"https:\/\/www.golfsimulator.kaufen\/de_de\/#organization"},"potentialAction":[{"@type":"SearchAction","target":{"@type":"EntryPoint","urlTemplate":"https:\/\/www.golfsimulator.kaufen\/de_de\/?s={search_term_string}"},"query-input":{"@type":"PropertyValueSpecification","valueRequired":true,"valueName":"search_term_string"}}],"inLanguage":"ko-KR"},{"@type":"Organization","@id":"https:\/\/www.golfsimulator.kaufen\/de_de\/#organization","name":"\uace8\ud504 \uc2a4\ud3ec\uce20 \ud68c\uc0ac KG","url":"https:\/\/www.golfsimulator.kaufen\/de_de\/","logo":{"@type":"ImageObject","inLanguage":"ko-KR","@id":"https:\/\/www.golfsimulator.kaufen\/de_de\/#\/schema\/logo\/image\/","url":"https:\/\/www.golfsimulator.kaufen\/wp-content\/uploads\/2024\/09\/golfsimulator_kaufen_logo.png","contentUrl":"https:\/\/www.golfsimulator.kaufen\/wp-content\/uploads\/2024\/09\/golfsimulator_kaufen_logo.png","width":300,"height":49,"caption":"Golfsport Company KG"},"image":{"@id":"https:\/\/www.golfsimulator.kaufen\/de_de\/#\/schema\/logo\/image\/"},"sameAs":["https:\/\/www.facebook.com\/golfballs.at"]}]}},"uagb_featured_image_src":{"full":false,"thumbnail":false,"medium":false,"medium_large":false,"large":false,"1536x1536":false,"2048x2048":false,"trp-custom-language-flag":false},"uagb_author_info":{"display_name":"admin","author_link":"https:\/\/www.golfsimulator.kaufen\/ko\/author\/admin\/"},"uagb_comment_info":0,"uagb_excerpt":"UNEEKOR XR Rear mounted &#8211; Redefined Rear Mounted CLUB AI Technology Der Uneekor EYE XR ist ein fortschrittlicher, r\u00fcckseitig montierter Golf-Launch-Monitor, der mit zwei Hochgeschwindigkeitskameras und Infrarotsensoren pr\u00e4zise Ball- und Schl\u00e4gerdaten erfasst. Dank der Dimple Optix-Technologie k\u00f6nnen beliebige Golfb\u00e4lle ohne Markierungen verwendet werden. Die Club Optix-Funktion bietet detaillierte visuelle R\u00fcckmeldungen zum Treffmoment. Mit 19 erfassten&hellip;","_links":{"self":[{"href":"https:\/\/www.golfsimulator.kaufen\/ko\/wp-json\/wp\/v2\/pages\/5919","targetHints":{"allow":["GET"]}}],"collection":[{"href":"https:\/\/www.golfsimulator.kaufen\/ko\/wp-json\/wp\/v2\/pages"}],"about":[{"href":"https:\/\/www.golfsimulator.kaufen\/ko\/wp-json\/wp\/v2\/types\/page"}],"author":[{"embeddable":true,"href":"https:\/\/www.golfsimulator.kaufen\/ko\/wp-json\/wp\/v2\/users\/1"}],"replies":[{"embeddable":true,"href":"https:\/\/www.golfsimulator.kaufen\/ko\/wp-json\/wp\/v2\/comments?post=5919"}],"version-history":[{"count":24,"href":"https:\/\/www.golfsimulator.kaufen\/ko\/wp-json\/wp\/v2\/pages\/5919\/revisions"}],"predecessor-version":[{"id":5974,"href":"https:\/\/www.golfsimulator.kaufen\/ko\/wp-json\/wp\/v2\/pages\/5919\/revisions\/5974"}],"wp:attachment":[{"href":"https:\/\/www.golfsimulator.kaufen\/ko\/wp-json\/wp\/v2\/media?parent=5919"}],"curies":[{"name":"wp","href":"https:\/\/api.w.org\/{rel}","templated":true}]}}