{"id":5041,"date":"2024-08-29T14:56:23","date_gmt":"2024-08-29T12:56:23","guid":{"rendered":"https:\/\/new.golfsimulator.kaufen\/?page_id=5041"},"modified":"2024-09-10T09:48:57","modified_gmt":"2024-09-10T07:48:57","slug":"%ed%8a%b8%eb%9e%99%eb%a7%a8-4","status":"publish","type":"page","link":"https:\/\/www.golfsimulator.kaufen\/ko\/%ed%8a%b8%eb%9e%99%eb%a7%a8-4\/","title":{"rendered":"\ud2b8\ub799\ub9e8 4"},"content":{"rendered":"<div data-elementor-type=\"wp-page\" data-elementor-id=\"5041\" class=\"elementor elementor-5041\" data-elementor-post-type=\"page\">\n\t\t\t\t<div class=\"elementor-element elementor-element-719cd8ac e-flex e-con-boxed e-con e-parent\" data-id=\"719cd8ac\" data-element_type=\"container\" data-e-type=\"container\" data-settings=\"{&quot;background_background&quot;:&quot;classic&quot;}\">\n\t\t\t\t\t<div class=\"e-con-inner\">\n\t\t<div class=\"elementor-element elementor-element-6d754472 e-con-full e-flex e-con e-child\" data-id=\"6d754472\" data-element_type=\"container\" data-e-type=\"container\">\n\t\t\t\t<div class=\"elementor-element elementor-element-833057f elementor-widget elementor-widget-heading\" data-id=\"833057f\" data-element_type=\"widget\" data-e-type=\"widget\" data-widget_type=\"heading.default\">\n\t\t\t\t<div class=\"elementor-widget-container\">\n\t\t\t\t\t<h2 class=\"elementor-heading-title elementor-size-default\">\ud2b8\ub799\ub9e8 4<\/h2>\t\t\t\t<\/div>\n\t\t\t\t<\/div>\n\t\t\t\t<div class=\"elementor-element elementor-element-443ea7f3 elementor-widget elementor-widget-heading\" data-id=\"443ea7f3\" data-element_type=\"widget\" data-e-type=\"widget\" data-widget_type=\"heading.default\">\n\t\t\t\t<div class=\"elementor-widget-container\">\n\t\t\t\t\t<h2 class=\"elementor-heading-title elementor-size-default\">\uc774\uc81c \uc0c8\ub85c\uc6b4 \uad00\uc810\uc774 \ud544\uc694\ud55c \ub54c\uc785\ub2c8\ub2e4. <\/h2>\t\t\t\t<\/div>\n\t\t\t\t<\/div>\n\t\t\t\t<\/div>\n\t\t\t\t\t<\/div>\n\t\t\t\t<\/div>\n\t\t<div class=\"elementor-element elementor-element-578f5a2b e-con-full e-flex e-con e-parent\" data-id=\"578f5a2b\" data-element_type=\"container\" data-e-type=\"container\" data-settings=\"{&quot;background_background&quot;:&quot;classic&quot;}\">\n\t\t<div class=\"elementor-element elementor-element-7e081f25 e-con-full e-flex e-con e-child\" data-id=\"7e081f25\" data-element_type=\"container\" data-e-type=\"container\" data-settings=\"{&quot;background_background&quot;:&quot;classic&quot;}\">\n\t\t\t\t<div class=\"elementor-element elementor-element-3c9a851 elementor-widget elementor-widget-heading\" data-id=\"3c9a851\" data-element_type=\"widget\" data-e-type=\"widget\" data-widget_type=\"heading.default\">\n\t\t\t\t<div class=\"elementor-widget-container\">\n\t\t\t\t\t<h2 class=\"elementor-heading-title elementor-size-default\">\ubc14\ub85c \ud50c\ub808\uc774\ud560 \uc218 \uc788\ub294 \uc900\ube44 \uc644\ub8cc<\/h2>\t\t\t\t<\/div>\n\t\t\t\t<\/div>\n\t\t\t\t<div class=\"elementor-element elementor-element-4b22a1af elementor-widget elementor-widget-heading\" data-id=\"4b22a1af\" data-element_type=\"widget\" data-e-type=\"widget\" data-widget_type=\"heading.default\">\n\t\t\t\t<div class=\"elementor-widget-container\">\n\t\t\t\t\t<h2 class=\"elementor-heading-title elementor-size-default\">\uc5b4\ub514\uc5d0\uc11c\ub098 \ubaa8\ub4e0 \uac83\uc744 \ud560 \uc218 \uc788\ub294 \uac15\uc790.<\/h2>\t\t\t\t<\/div>\n\t\t\t\t<\/div>\n\t\t\t\t<div class=\"elementor-element elementor-element-5acbcae3 elementor-widget elementor-widget-text-editor\" data-id=\"5acbcae3\" data-element_type=\"widget\" data-e-type=\"widget\" data-widget_type=\"text-editor.default\">\n\t\t\t\t<div class=\"elementor-widget-container\">\n\t\t\t\t\t\t\t\t\t<div class=\"flex max-w-full flex-col flex-grow\"><div class=\"min-h-[20px] text-message flex w-full flex-col items-end gap-2 break-words [.text-message+&amp;]:mt-5 overflow-x-auto whitespace-normal\" dir=\"auto\" data-message-author-role=\"assistant\" data-message-id=\"8609c566-b682-4082-9d34-ca98d11568dc\"><div class=\"flex w-full flex-col gap-1 empty:hidden first:pt-[3px]\"><div class=\"markdown prose w-full break-words dark:prose-invert light\"><p>\ud2b8\ub799\ub9e8 4\ub294 \ucf54\uc2a4\uc640 \uc5f0\uc2b5\uc7a5\uc5d0\uc11c \uace8\ud37c\uc5d0\uac8c \ud0c1\uc6d4\ud55c \uc815\ud655\uc131\uacfc \ud1b5\ucc30\ub825\uc744 \uc81c\uacf5\ud558\ub294 \ucd5c\ucca8\ub2e8 \ub7f0\uce58 \ubaa8\ub2c8\ud130 \uc2dc\uc2a4\ud15c\uc785\ub2c8\ub2e4. \ucca8\ub2e8 \ub4c0\uc5bc \ub808\uc774\ub354 \uae30\uc220\uc744 \ud65c\uc6a9\ud558\ub294 TrackMan 4\ub294 \uc885\ud569\uc801\uc778 \ud074\ub7fd \ubc0f \uacf5 \uc131\ub2a5 \ub370\uc774\ud130\ub97c \ucea1\ucc98\ud558\uace0 \uc0c1\uc138\ud55c \ubd84\uc11d\uc744 \uc81c\uacf5\ud558\uc5ec \uace8\ud37c\uac00 \uc2a4\uc719\uc744 \ucd5c\uc801\ud654\ud558\uace0 \uac8c\uc784\uc744 \uac1c\uc120\ud560 \uc218 \uc788\ub3c4\ub85d \ub3c4\uc640\uc90d\ub2c8\ub2e4. \uac15\ub825\ud55c \uc131\ub2a5\uacfc \ub2e4\uc7ac\ub2e4\ub2a5\ud568\uc744 \uac16\ucd98 TrackMan 4\ub294 \ub2e4\uc591\ud55c \uc6a9\ub3c4\uc5d0 \uc774\uc0c1\uc801\uc785\ub2c8\ub2e4.<\/p><\/div><\/div><\/div><\/div>\t\t\t\t\t\t\t\t<\/div>\n\t\t\t\t<\/div>\n\t\t\t\t<div class=\"elementor-element elementor-element-3a8af5fe elementor-align-center elementor-widget elementor-widget-button\" data-id=\"3a8af5fe\" data-element_type=\"widget\" data-e-type=\"widget\" data-widget_type=\"button.default\">\n\t\t\t\t<div class=\"elementor-widget-container\">\n\t\t\t\t\t\t\t\t\t<div class=\"elementor-button-wrapper\">\n\t\t\t\t\t<a class=\"elementor-button elementor-button-link elementor-size-lg elementor-animation-grow\" href=\"https:\/\/www.golfsimulator.shop\/Trackman-4\" target=\"_blank\">\n\t\t\t\t\t\t<span class=\"elementor-button-content-wrapper\">\n\t\t\t\t\t\t\t\t\t<span class=\"elementor-button-text\">\uac00\uaca9 \ubcf4\uae30 &gt;<\/span>\n\t\t\t\t\t<\/span>\n\t\t\t\t\t<\/a>\n\t\t\t\t<\/div>\n\t\t\t\t\t\t\t\t<\/div>\n\t\t\t\t<\/div>\n\t\t\t\t<\/div>\n\t\t<div class=\"elementor-element elementor-element-7520ae9d e-con-full e-flex e-con e-child\" data-id=\"7520ae9d\" data-element_type=\"container\" data-e-type=\"container\" data-settings=\"{&quot;background_background&quot;:&quot;classic&quot;}\">\n\t\t\t\t<\/div>\n\t\t\t\t<\/div>\n\t\t<div class=\"elementor-element elementor-element-6be383c4 e-con-full e-flex e-con e-parent\" data-id=\"6be383c4\" data-element_type=\"container\" data-e-type=\"container\" data-settings=\"{&quot;background_background&quot;:&quot;classic&quot;}\">\n\t\t<div class=\"elementor-element elementor-element-7bc585ef e-con-full e-flex e-con e-child\" data-id=\"7bc585ef\" data-element_type=\"container\" data-e-type=\"container\">\n\t\t\t\t<div class=\"elementor-element elementor-element-7f2bc620 animated-slow elementor-invisible elementor-widget elementor-widget-heading\" data-id=\"7f2bc620\" data-element_type=\"widget\" data-e-type=\"widget\" data-settings=\"{&quot;_animation&quot;:&quot;slideInUp&quot;}\" data-widget_type=\"heading.default\">\n\t\t\t\t<div class=\"elementor-widget-container\">\n\t\t\t\t\t<h2 class=\"elementor-heading-title elementor-size-default\">\uc791\uc740 \ud328\ud0a4\uc9c0, \uc644\ubcbd\ud55c \uc2dc\ubbac\ub808\uc774\uc158<\/h2>\t\t\t\t<\/div>\n\t\t\t\t<\/div>\n\t\t\t\t<div class=\"elementor-element elementor-element-1e5a2f9c animated-slow elementor-invisible elementor-widget elementor-widget-heading\" data-id=\"1e5a2f9c\" data-element_type=\"widget\" data-e-type=\"widget\" data-settings=\"{&quot;_animation&quot;:&quot;slideInUp&quot;}\" data-widget_type=\"heading.default\">\n\t\t\t\t<div class=\"elementor-widget-container\">\n\t\t\t\t\t<h2 class=\"elementor-heading-title elementor-size-default\">\uc885\ud569\uc801\uc778 \ub1cc\uc878\uc911 \ubd84\uc11d\n\n<\/h2>\t\t\t\t<\/div>\n\t\t\t\t<\/div>\n\t\t\t\t<\/div>\n\t\t<div class=\"elementor-element elementor-element-7cffcf1d e-con-full e-flex e-con e-child\" data-id=\"7cffcf1d\" data-element_type=\"container\" data-e-type=\"container\">\n\t\t<div class=\"elementor-element elementor-element-57838762 e-con-full e-flex e-con e-child\" data-id=\"57838762\" data-element_type=\"container\" data-e-type=\"container\">\n\t\t<div class=\"elementor-element elementor-element-1c8df473 e-grid e-con-full e-con e-child\" data-id=\"1c8df473\" data-element_type=\"container\" data-e-type=\"container\">\n\t\t<div class=\"elementor-element elementor-element-1199c3f6 e-con-full e-flex e-con e-child\" data-id=\"1199c3f6\" data-element_type=\"container\" data-e-type=\"container\">\n\t\t<div class=\"elementor-element elementor-element-6254ae17 e-con-full e-flex e-con e-child\" data-id=\"6254ae17\" data-element_type=\"container\" data-e-type=\"container\" data-settings=\"{&quot;background_background&quot;:&quot;classic&quot;}\">\n\t\t\t\t<\/div>\n\t\t\t\t<div class=\"elementor-element elementor-element-58cba6d3 elementor-widget elementor-widget-heading\" data-id=\"58cba6d3\" data-element_type=\"widget\" data-e-type=\"widget\" data-widget_type=\"heading.default\">\n\t\t\t\t<div class=\"elementor-widget-container\">\n\t\t\t\t\t<h2 class=\"elementor-heading-title elementor-size-default\">\uae30\uc220 \uc0ac\uc591<\/h2>\t\t\t\t<\/div>\n\t\t\t\t<\/div>\n\t\t\t\t<div class=\"elementor-element elementor-element-168650f7 elementor-widget elementor-widget-text-editor\" data-id=\"168650f7\" data-element_type=\"widget\" data-e-type=\"widget\" data-widget_type=\"text-editor.default\">\n\t\t\t\t<div class=\"elementor-widget-container\">\n\t\t\t\t\t\t\t\t\t<ul><li>\ub808\uc774\ub354 \ucd94\uc801<\/li><li>\ub4c0\uc5bc \uce74\uba54\ub77c \uc2dc\uc2a4\ud15c<\/li><li>\ub0b4\uc7a5\ud615 \uc801\uc678\uc120 \uc870\uba85 \uc2dc\uc2a4\ud15c<\/li><\/ul>\t\t\t\t\t\t\t\t<\/div>\n\t\t\t\t<\/div>\n\t\t\t\t<\/div>\n\t\t<div class=\"elementor-element elementor-element-f95107e e-con-full e-flex e-con e-child\" data-id=\"f95107e\" data-element_type=\"container\" data-e-type=\"container\">\n\t\t<div class=\"elementor-element elementor-element-24a567cd e-con-full e-flex e-con e-child\" data-id=\"24a567cd\" data-element_type=\"container\" data-e-type=\"container\" data-settings=\"{&quot;background_background&quot;:&quot;classic&quot;}\">\n\t\t\t\t<\/div>\n\t\t\t\t<div class=\"elementor-element elementor-element-3fa96b9e elementor-widget elementor-widget-heading\" data-id=\"3fa96b9e\" data-element_type=\"widget\" data-e-type=\"widget\" data-widget_type=\"heading.default\">\n\t\t\t\t<div class=\"elementor-widget-container\">\n\t\t\t\t\t<h2 class=\"elementor-heading-title elementor-size-default\">\ubcfc \ub370\uc774\ud130<\/h2>\t\t\t\t<\/div>\n\t\t\t\t<\/div>\n\t\t\t\t<div class=\"elementor-element elementor-element-31b3c129 elementor-widget elementor-widget-text-editor\" data-id=\"31b3c129\" data-element_type=\"widget\" data-e-type=\"widget\" data-widget_type=\"text-editor.default\">\n\t\t\t\t<div class=\"elementor-widget-container\">\n\t\t\t\t\t\t\t\t\t<ul><li>\ubcfc \uc18d\ub3c4<\/li><li>\ubc1c\uc0ac \uac01\ub3c4<\/li><li>\ud68c\uc804\uc728<\/li><li>\uc2a4\ud540 \ucd95<\/li><li>\uc774\ub3d9 \uac70\ub9ac<\/li><li>\ucd1d \uac70\ub9ac<\/li><li>\uacf5\uaca9 \uac01\ub3c4<\/li><li>\uc218\ud3c9 \ubc1c\uc0ac \uc870\uac74<\/li><li>\uc218\uc9c1 \ubc1c\uc0ac \uc870\uac74<\/li><li>\ubcfc \uacbd\ub85c<\/li><\/ul>\t\t\t\t\t\t\t\t<\/div>\n\t\t\t\t<\/div>\n\t\t\t\t<\/div>\n\t\t<div class=\"elementor-element elementor-element-2dfa1ddb e-con-full e-flex e-con e-child\" data-id=\"2dfa1ddb\" data-element_type=\"container\" data-e-type=\"container\">\n\t\t<div class=\"elementor-element elementor-element-20aacd0a e-con-full e-flex e-con e-child\" data-id=\"20aacd0a\" data-element_type=\"container\" data-e-type=\"container\" data-settings=\"{&quot;background_background&quot;:&quot;classic&quot;}\">\n\t\t\t\t<\/div>\n\t\t\t\t<div class=\"elementor-element elementor-element-13e10e9c elementor-widget elementor-widget-heading\" data-id=\"13e10e9c\" data-element_type=\"widget\" data-e-type=\"widget\" data-widget_type=\"heading.default\">\n\t\t\t\t<div class=\"elementor-widget-container\">\n\t\t\t\t\t<h2 class=\"elementor-heading-title elementor-size-default\">\ud074\ub7fd \ub370\uc774\ud130<\/h2>\t\t\t\t<\/div>\n\t\t\t\t<\/div>\n\t\t\t\t<div class=\"elementor-element elementor-element-5f48466f elementor-widget elementor-widget-text-editor\" data-id=\"5f48466f\" data-element_type=\"widget\" data-e-type=\"widget\" data-widget_type=\"text-editor.default\">\n\t\t\t\t<div class=\"elementor-widget-container\">\n\t\t\t\t\t\t\t\t\t<ul><li>\ud074\ub7fd \uc18d\ub3c4<\/li><li>\ud074\ub7fd \uacbd\ub85c<\/li><li>\uc5bc\uad74 \uac01\ub3c4<\/li><li>\uc5bc\uad74 \ucda9\uaca9 \uc704\uce58<\/li><li>\uacf5\uaca9 \uac01\ub3c4<\/li><li>\ub2e4\uc774\ub098\ubbf9 \ub85c\ud504\ud2b8<\/li><li>\ud074\ub7fd\ud5e4\ub4dc \uc18d\ub3c4<\/li><li>\uc0e4\ud504\ud2b8 \ub9b0<\/li><li>\uc18d\ub3c4<\/li><li>\uc2a4\ud2b8\ub77c\uc774\ud06c \uc704\uce58<\/li><\/ul>\t\t\t\t\t\t\t\t<\/div>\n\t\t\t\t<\/div>\n\t\t\t\t<\/div>\n\t\t\t\t<\/div>\n\t\t\t\t<\/div>\n\t\t\t\t<\/div>\n\t\t\t\t<\/div>\n\t\t\t\t<\/div>","protected":false},"excerpt":{"rendered":"<p>TRACKMAN 4 Es ist Zeit f\u00fcr eine neue Perspektive. ready to play right out of the box\u200b The go-anywhere, do-it-all powerhouse. Der TrackMan 4 ist ein hochmodernes Launch-Monitor-System, das au\u00dfergew\u00f6hnliche Genauigkeit und Einblicke f\u00fcr Golfspieler sowohl auf dem Platz als auch im Trainingsbereich bietet. Durch die Nutzung fortschrittlicher Dual-Radar-Technologie erfasst der TrackMan 4 umfassende Daten [&hellip;]<\/p>","protected":false},"author":1,"featured_media":0,"parent":0,"menu_order":0,"comment_status":"closed","ping_status":"closed","template":"elementor_theme","meta":{"_uag_custom_page_level_css":"","site-sidebar-layout":"no-sidebar","site-content-layout":"page-builder","ast-site-content-layout":"full-width-container","site-content-style":"default","site-sidebar-style":"default","ast-global-header-display":"","ast-banner-title-visibility":"","ast-main-header-display":"","ast-hfb-above-header-display":"","ast-hfb-below-header-display":"","ast-hfb-mobile-header-display":"","site-post-title":"disabled","ast-breadcrumbs-content":"","ast-featured-img":"disabled","footer-sml-layout":"","theme-transparent-header-meta":"","adv-header-id-meta":"","stick-header-meta":"","header-above-stick-meta":"","header-main-stick-meta":"","header-below-stick-meta":"","astra-migrate-meta-layouts":"set","ast-page-background-enabled":"default","ast-page-background-meta":{"desktop":{"background-color":"var(--ast-global-color-4)","background-image":"","background-repeat":"repeat","background-position":"center center","background-size":"auto","background-attachment":"scroll","background-type":"","background-media":"","overlay-type":"","overlay-color":"","overlay-opacity":"","overlay-gradient":""},"tablet":{"background-color":"","background-image":"","background-repeat":"repeat","background-position":"center center","background-size":"auto","background-attachment":"scroll","background-type":"","background-media":"","overlay-type":"","overlay-color":"","overlay-opacity":"","overlay-gradient":""},"mobile":{"background-color":"","background-image":"","background-repeat":"repeat","background-position":"center center","background-size":"auto","background-attachment":"scroll","background-type":"","background-media":"","overlay-type":"","overlay-color":"","overlay-opacity":"","overlay-gradient":""}},"ast-content-background-meta":{"desktop":{"background-color":"var(--ast-global-color-5)","background-image":"","background-repeat":"repeat","background-position":"center center","background-size":"auto","background-attachment":"scroll","background-type":"","background-media":"","overlay-type":"","overlay-color":"","overlay-opacity":"","overlay-gradient":""},"tablet":{"background-color":"var(--ast-global-color-5)","background-image":"","background-repeat":"repeat","background-position":"center center","background-size":"auto","background-attachment":"scroll","background-type":"","background-media":"","overlay-type":"","overlay-color":"","overlay-opacity":"","overlay-gradient":""},"mobile":{"background-color":"var(--ast-global-color-5)","background-image":"","background-repeat":"repeat","background-position":"center center","background-size":"auto","background-attachment":"scroll","background-type":"","background-media":"","overlay-type":"","overlay-color":"","overlay-opacity":"","overlay-gradient":""}},"footnotes":""},"class_list":["post-5041","page","type-page","status-publish","hentry"],"yoast_head":"<!-- This site is optimized with the Yoast SEO plugin v26.4 - https:\/\/yoast.com\/wordpress\/plugins\/seo\/ -->\n<title>Trackman 4 - Golfsimulator Kaufen #1 Indoor Golf in Europe<\/title>\n<meta name=\"robots\" content=\"index, follow, max-snippet:-1, max-image-preview:large, max-video-preview:-1\" \/>\n<link rel=\"canonical\" href=\"https:\/\/www.golfsimulator.kaufen\/ko\/\ud2b8\ub799\ub9e8-4\/\" \/>\n<meta property=\"og:locale\" content=\"ko_KR\" \/>\n<meta property=\"og:type\" content=\"article\" \/>\n<meta property=\"og:title\" content=\"Trackman 4 - Golfsimulator Kaufen #1 Indoor Golf in Europe\" \/>\n<meta property=\"og:description\" content=\"TRACKMAN 4 Es ist Zeit f\u00fcr eine neue Perspektive. ready to play right out of the box\u200b The go-anywhere, do-it-all powerhouse. Der TrackMan 4 ist ein hochmodernes Launch-Monitor-System, das au\u00dfergew\u00f6hnliche Genauigkeit und Einblicke f\u00fcr Golfspieler sowohl auf dem Platz als auch im Trainingsbereich bietet. Durch die Nutzung fortschrittlicher Dual-Radar-Technologie erfasst der TrackMan 4 umfassende Daten [&hellip;]\" \/>\n<meta property=\"og:url\" content=\"https:\/\/www.golfsimulator.kaufen\/ko\/\ud2b8\ub799\ub9e8-4\/\" \/>\n<meta property=\"og:site_name\" content=\"Golfsimulator Kaufen #1 Indoor Golf in Europe\" \/>\n<meta property=\"article:publisher\" content=\"https:\/\/www.facebook.com\/golfballs.at\" \/>\n<meta property=\"article:modified_time\" content=\"2024-09-10T07:48:57+00:00\" \/>\n<meta name=\"twitter:card\" content=\"summary_large_image\" \/>\n<meta name=\"twitter:label1\" content=\"\uc608\uc0c1 \ub418\ub294 \ud310\ub3c5 \uc2dc\uac04\" \/>\n\t<meta name=\"twitter:data1\" content=\"1\ubd84\" \/>\n<script type=\"application\/ld+json\" class=\"yoast-schema-graph\">{\"@context\":\"https:\/\/schema.org\",\"@graph\":[{\"@type\":\"WebPage\",\"@id\":\"https:\/\/www.golfsimulator.kaufen\/trackman-4\/\",\"url\":\"https:\/\/www.golfsimulator.kaufen\/trackman-4\/\",\"name\":\"Trackman 4 - Golfsimulator Kaufen #1 Indoor Golf in Europe\",\"isPartOf\":{\"@id\":\"https:\/\/www.golfsimulator.kaufen\/de_de\/#website\"},\"datePublished\":\"2024-08-29T12:56:23+00:00\",\"dateModified\":\"2024-09-10T07:48:57+00:00\",\"breadcrumb\":{\"@id\":\"https:\/\/www.golfsimulator.kaufen\/trackman-4\/#breadcrumb\"},\"inLanguage\":\"ko-KR\",\"potentialAction\":[{\"@type\":\"ReadAction\",\"target\":[\"https:\/\/www.golfsimulator.kaufen\/trackman-4\/\"]}]},{\"@type\":\"BreadcrumbList\",\"@id\":\"https:\/\/www.golfsimulator.kaufen\/trackman-4\/#breadcrumb\",\"itemListElement\":[{\"@type\":\"ListItem\",\"position\":1,\"name\":\"Startseite\",\"item\":\"https:\/\/www.golfsimulator.kaufen\/\"},{\"@type\":\"ListItem\",\"position\":2,\"name\":\"Trackman 4\"}]},{\"@type\":\"WebSite\",\"@id\":\"https:\/\/www.golfsimulator.kaufen\/de_de\/#website\",\"url\":\"https:\/\/www.golfsimulator.kaufen\/de_de\/\",\"name\":\"Golfsimulator Kaufen #1 Indoor Golf in Europe\",\"description\":\"Home of the GSK ELITE Enclosure\",\"publisher\":{\"@id\":\"https:\/\/www.golfsimulator.kaufen\/de_de\/#organization\"},\"potentialAction\":[{\"@type\":\"SearchAction\",\"target\":{\"@type\":\"EntryPoint\",\"urlTemplate\":\"https:\/\/www.golfsimulator.kaufen\/de_de\/?s={search_term_string}\"},\"query-input\":{\"@type\":\"PropertyValueSpecification\",\"valueRequired\":true,\"valueName\":\"search_term_string\"}}],\"inLanguage\":\"ko-KR\"},{\"@type\":\"Organization\",\"@id\":\"https:\/\/www.golfsimulator.kaufen\/de_de\/#organization\",\"name\":\"Golfsport Company KG\",\"url\":\"https:\/\/www.golfsimulator.kaufen\/de_de\/\",\"logo\":{\"@type\":\"ImageObject\",\"inLanguage\":\"ko-KR\",\"@id\":\"https:\/\/www.golfsimulator.kaufen\/de_de\/#\/schema\/logo\/image\/\",\"url\":\"https:\/\/www.golfsimulator.kaufen\/wp-content\/uploads\/2024\/09\/golfsimulator_kaufen_logo.png\",\"contentUrl\":\"https:\/\/www.golfsimulator.kaufen\/wp-content\/uploads\/2024\/09\/golfsimulator_kaufen_logo.png\",\"width\":300,\"height\":49,\"caption\":\"Golfsport Company KG\"},\"image\":{\"@id\":\"https:\/\/www.golfsimulator.kaufen\/de_de\/#\/schema\/logo\/image\/\"},\"sameAs\":[\"https:\/\/www.facebook.com\/golfballs.at\"]}]}<\/script>\n<!-- \/ Yoast SEO plugin. -->","yoast_head_json":{"title":"\ud2b8\ub799\ub9e8 4 - \uace8\ud504 \uc2dc\ubbac\ub808\uc774\ud130 \uc720\ub7fd\uc5d0\uc11c #1 \uc2e4\ub0b4 \uace8\ud504 \uad6c\ub9e4\ud558\uae30","robots":{"index":"index","follow":"follow","max-snippet":"max-snippet:-1","max-image-preview":"max-image-preview:large","max-video-preview":"max-video-preview:-1"},"canonical":"https:\/\/www.golfsimulator.kaufen\/ko\/\ud2b8\ub799\ub9e8-4\/","og_locale":"ko_KR","og_type":"article","og_title":"Trackman 4 - Golfsimulator Kaufen #1 Indoor Golf in Europe","og_description":"TRACKMAN 4 Es ist Zeit f\u00fcr eine neue Perspektive. ready to play right out of the box\u200b The go-anywhere, do-it-all powerhouse. Der TrackMan 4 ist ein hochmodernes Launch-Monitor-System, das au\u00dfergew\u00f6hnliche Genauigkeit und Einblicke f\u00fcr Golfspieler sowohl auf dem Platz als auch im Trainingsbereich bietet. Durch die Nutzung fortschrittlicher Dual-Radar-Technologie erfasst der TrackMan 4 umfassende Daten [&hellip;]","og_url":"https:\/\/www.golfsimulator.kaufen\/ko\/\ud2b8\ub799\ub9e8-4\/","og_site_name":"Golfsimulator Kaufen #1 Indoor Golf in Europe","article_publisher":"https:\/\/www.facebook.com\/golfballs.at","article_modified_time":"2024-09-10T07:48:57+00:00","twitter_card":"summary_large_image","twitter_misc":{"\uc608\uc0c1 \ub418\ub294 \ud310\ub3c5 \uc2dc\uac04":"1\ubd84"},"schema":{"@context":"https:\/\/schema.org","@graph":[{"@type":"WebPage","@id":"https:\/\/www.golfsimulator.kaufen\/trackman-4\/","url":"https:\/\/www.golfsimulator.kaufen\/trackman-4\/","name":"\ud2b8\ub799\ub9e8 4 - \uace8\ud504 \uc2dc\ubbac\ub808\uc774\ud130 \uc720\ub7fd\uc5d0\uc11c #1 \uc2e4\ub0b4 \uace8\ud504 \uad6c\ub9e4\ud558\uae30","isPartOf":{"@id":"https:\/\/www.golfsimulator.kaufen\/de_de\/#website"},"datePublished":"2024-08-29T12:56:23+00:00","dateModified":"2024-09-10T07:48:57+00:00","breadcrumb":{"@id":"https:\/\/www.golfsimulator.kaufen\/trackman-4\/#breadcrumb"},"inLanguage":"ko-KR","potentialAction":[{"@type":"ReadAction","target":["https:\/\/www.golfsimulator.kaufen\/trackman-4\/"]}]},{"@type":"BreadcrumbList","@id":"https:\/\/www.golfsimulator.kaufen\/trackman-4\/#breadcrumb","itemListElement":[{"@type":"ListItem","position":1,"name":"Startseite","item":"https:\/\/www.golfsimulator.kaufen\/"},{"@type":"ListItem","position":2,"name":"Trackman 4"}]},{"@type":"WebSite","@id":"https:\/\/www.golfsimulator.kaufen\/de_de\/#website","url":"https:\/\/www.golfsimulator.kaufen\/de_de\/","name":"\uc720\ub7fd\uc5d0\uc11c \uace8\ud504 \uc2dc\ubbac\ub808\uc774\ud130 #1 \uc2e4\ub0b4 \uace8\ud504 \uad6c\ub9e4\ud558\uae30","description":"GSK \uc5d8\ub9ac\ud2b8 \uc778\ud074\ub85c\uc800\uc758 \ud648","publisher":{"@id":"https:\/\/www.golfsimulator.kaufen\/de_de\/#organization"},"potentialAction":[{"@type":"SearchAction","target":{"@type":"EntryPoint","urlTemplate":"https:\/\/www.golfsimulator.kaufen\/de_de\/?s={search_term_string}"},"query-input":{"@type":"PropertyValueSpecification","valueRequired":true,"valueName":"search_term_string"}}],"inLanguage":"ko-KR"},{"@type":"Organization","@id":"https:\/\/www.golfsimulator.kaufen\/de_de\/#organization","name":"\uace8\ud504 \uc2a4\ud3ec\uce20 \ud68c\uc0ac KG","url":"https:\/\/www.golfsimulator.kaufen\/de_de\/","logo":{"@type":"ImageObject","inLanguage":"ko-KR","@id":"https:\/\/www.golfsimulator.kaufen\/de_de\/#\/schema\/logo\/image\/","url":"https:\/\/www.golfsimulator.kaufen\/wp-content\/uploads\/2024\/09\/golfsimulator_kaufen_logo.png","contentUrl":"https:\/\/www.golfsimulator.kaufen\/wp-content\/uploads\/2024\/09\/golfsimulator_kaufen_logo.png","width":300,"height":49,"caption":"Golfsport Company KG"},"image":{"@id":"https:\/\/www.golfsimulator.kaufen\/de_de\/#\/schema\/logo\/image\/"},"sameAs":["https:\/\/www.facebook.com\/golfballs.at"]}]}},"uagb_featured_image_src":{"full":false,"thumbnail":false,"medium":false,"medium_large":false,"large":false,"1536x1536":false,"2048x2048":false,"trp-custom-language-flag":false},"uagb_author_info":{"display_name":"admin","author_link":"https:\/\/www.golfsimulator.kaufen\/ko\/author\/admin\/"},"uagb_comment_info":0,"uagb_excerpt":"TRACKMAN 4 Es ist Zeit f\u00fcr eine neue Perspektive. ready to play right out of the box\u200b The go-anywhere, do-it-all powerhouse. Der TrackMan 4 ist ein hochmodernes Launch-Monitor-System, das au\u00dfergew\u00f6hnliche Genauigkeit und Einblicke f\u00fcr Golfspieler sowohl auf dem Platz als auch im Trainingsbereich bietet. Durch die Nutzung fortschrittlicher Dual-Radar-Technologie erfasst der TrackMan 4 umfassende Daten&hellip;","_links":{"self":[{"href":"https:\/\/www.golfsimulator.kaufen\/ko\/wp-json\/wp\/v2\/pages\/5041","targetHints":{"allow":["GET"]}}],"collection":[{"href":"https:\/\/www.golfsimulator.kaufen\/ko\/wp-json\/wp\/v2\/pages"}],"about":[{"href":"https:\/\/www.golfsimulator.kaufen\/ko\/wp-json\/wp\/v2\/types\/page"}],"author":[{"embeddable":true,"href":"https:\/\/www.golfsimulator.kaufen\/ko\/wp-json\/wp\/v2\/users\/1"}],"replies":[{"embeddable":true,"href":"https:\/\/www.golfsimulator.kaufen\/ko\/wp-json\/wp\/v2\/comments?post=5041"}],"version-history":[{"count":22,"href":"https:\/\/www.golfsimulator.kaufen\/ko\/wp-json\/wp\/v2\/pages\/5041\/revisions"}],"predecessor-version":[{"id":5555,"href":"https:\/\/www.golfsimulator.kaufen\/ko\/wp-json\/wp\/v2\/pages\/5041\/revisions\/5555"}],"wp:attachment":[{"href":"https:\/\/www.golfsimulator.kaufen\/ko\/wp-json\/wp\/v2\/media?parent=5041"}],"curies":[{"name":"wp","href":"https:\/\/api.w.org\/{rel}","templated":true}]}}