{"id":4980,"date":"2024-08-29T13:48:05","date_gmt":"2024-08-29T11:48:05","guid":{"rendered":"https:\/\/new.golfsimulator.kaufen\/?page_id=4980"},"modified":"2024-09-10T09:41:40","modified_gmt":"2024-09-10T07:41:40","slug":"%ec%8a%a4%ec%b9%b4%ec%9d%b4%ed%8a%b8%eb%9e%99-%ed%94%8c%eb%9f%ac%ec%8a%a4","status":"publish","type":"page","link":"https:\/\/www.golfsimulator.kaufen\/ko\/%ec%8a%a4%ec%b9%b4%ec%9d%b4%ed%8a%b8%eb%9e%99-%ed%94%8c%eb%9f%ac%ec%8a%a4\/","title":{"rendered":"\uc2a4\uce74\uc774\ud2b8\ub799 \ud50c\ub7ec\uc2a4"},"content":{"rendered":"<div data-elementor-type=\"wp-page\" data-elementor-id=\"4980\" class=\"elementor elementor-4980\" data-elementor-post-type=\"page\">\n\t\t\t\t<div class=\"elementor-element elementor-element-74dbdac6 e-flex e-con-boxed e-con e-parent\" data-id=\"74dbdac6\" data-element_type=\"container\" data-e-type=\"container\" data-settings=\"{&quot;background_background&quot;:&quot;classic&quot;}\">\n\t\t\t\t\t<div class=\"e-con-inner\">\n\t\t<div class=\"elementor-element elementor-element-2b28546e e-con-full e-flex e-con e-child\" data-id=\"2b28546e\" data-element_type=\"container\" data-e-type=\"container\">\n\t\t\t\t<div class=\"elementor-element elementor-element-855fb19 elementor-widget elementor-widget-heading\" data-id=\"855fb19\" data-element_type=\"widget\" data-e-type=\"widget\" data-widget_type=\"heading.default\">\n\t\t\t\t<div class=\"elementor-widget-container\">\n\t\t\t\t\t<h2 class=\"elementor-heading-title elementor-size-default\">\uc2a4\uce74\uc774\ud2b8\ub799 \ud50c\ub7ec\uc2a4<\/h2>\t\t\t\t<\/div>\n\t\t\t\t<\/div>\n\t\t\t\t<div class=\"elementor-element elementor-element-3c667029 elementor-widget elementor-widget-heading\" data-id=\"3c667029\" data-element_type=\"widget\" data-e-type=\"widget\" data-widget_type=\"heading.default\">\n\t\t\t\t<div class=\"elementor-widget-container\">\n\t\t\t\t\t<h2 class=\"elementor-heading-title elementor-size-default\">\ud0c1\uc6d4\ud55c \uc815\ud655\uc131<\/h2>\t\t\t\t<\/div>\n\t\t\t\t<\/div>\n\t\t\t\t<\/div>\n\t\t\t\t\t<\/div>\n\t\t\t\t<\/div>\n\t\t<div class=\"elementor-element elementor-element-74556cc3 e-con-full e-flex e-con e-parent\" data-id=\"74556cc3\" data-element_type=\"container\" data-e-type=\"container\" data-settings=\"{&quot;background_background&quot;:&quot;classic&quot;}\">\n\t\t<div class=\"elementor-element elementor-element-6d382142 e-con-full e-flex e-con e-child\" data-id=\"6d382142\" data-element_type=\"container\" data-e-type=\"container\" data-settings=\"{&quot;background_background&quot;:&quot;classic&quot;}\">\n\t\t\t\t<div class=\"elementor-element elementor-element-5a5c052a elementor-widget elementor-widget-heading\" data-id=\"5a5c052a\" data-element_type=\"widget\" data-e-type=\"widget\" data-widget_type=\"heading.default\">\n\t\t\t\t<div class=\"elementor-widget-container\">\n\t\t\t\t\t<h2 class=\"elementor-heading-title elementor-size-default\">\uc790\uc2e0\uc744 \ubbff\uc73c\uc138\uc694<\/h2>\t\t\t\t<\/div>\n\t\t\t\t<\/div>\n\t\t\t\t<div class=\"elementor-element elementor-element-13f62d96 elementor-widget elementor-widget-heading\" data-id=\"13f62d96\" data-element_type=\"widget\" data-e-type=\"widget\" data-widget_type=\"heading.default\">\n\t\t\t\t<div class=\"elementor-widget-container\">\n\t\t\t\t\t<h2 class=\"elementor-heading-title elementor-size-default\">\ub354 \ub098\uc740 \uace8\ud504. \uc5b8\uc81c \uc5b4\ub514\uc11c\ub098. \uc5b4\ub514\uc11c\ub098.<\/h2>\t\t\t\t<\/div>\n\t\t\t\t<\/div>\n\t\t\t\t<div class=\"elementor-element elementor-element-4d197df2 elementor-widget elementor-widget-text-editor\" data-id=\"4d197df2\" data-element_type=\"widget\" data-e-type=\"widget\" data-widget_type=\"text-editor.default\">\n\t\t\t\t<div class=\"elementor-widget-container\">\n\t\t\t\t\t\t\t\t\t<p>\uc2a4\uce74\uc774\ud2b8\ub799+ \ub7f0\uce58 \ubaa8\ub2c8\ud130\ub294 \ub4c0\uc5bc \ub3c4\ud50c\ub7ec \ub808\uc774\ub354 \uc2dc\uc2a4\ud15c\uacfc \ub3c5\uc810\uc801\uc778 \uba38\uc2e0 \ub7ec\ub2dd \uc18c\ud504\ud2b8\uc6e8\uc5b4\ub97c \ucd94\uac00\ud558\uc5ec \ud575\uc2ec \uae30\uc220\uc744 \ud06c\uac8c \ubc1c\uc804\uc2dc\ucf1c \ub3d9\uae09 \ucd5c\uace0\uc758 \uc815\ud655\ub3c4\ub97c \uc81c\uacf5\ud569\ub2c8\ub2e4. \ub808\uc774\ub354\uac00 \ucd94\uac00\ub418\uc5b4 \ud074\ub7fd \ub370\uc774\ud130\ub97c \uacbd\ud5d8\uc758 \uc911\uc2ec\uc5d0 \ub450\uc5b4 \uc2a4\uce74\uc774\ud2b8\ub799 \uc0ac\uc6a9\uc790\uc5d0\uac8c \uacbd\uae30\ub825 \ud5a5\uc0c1\uc744 \uc704\ud55c \ud575\uc2ec \ub370\uc774\ud130 \ud3ec\uc778\ud2b8\ub97c \uc81c\uacf5\ud569\ub2c8\ub2e4.<\/p>\t\t\t\t\t\t\t\t<\/div>\n\t\t\t\t<\/div>\n\t\t\t\t<div class=\"elementor-element elementor-element-495670c9 elementor-align-center elementor-widget elementor-widget-button\" data-id=\"495670c9\" data-element_type=\"widget\" data-e-type=\"widget\" data-widget_type=\"button.default\">\n\t\t\t\t<div class=\"elementor-widget-container\">\n\t\t\t\t\t\t\t\t\t<div class=\"elementor-button-wrapper\">\n\t\t\t\t\t<a class=\"elementor-button elementor-button-link elementor-size-lg elementor-animation-grow\" href=\"https:\/\/www.golfsimulator.shop\/SkyTrakPlus\" target=\"_blank\">\n\t\t\t\t\t\t<span class=\"elementor-button-content-wrapper\">\n\t\t\t\t\t\t\t\t\t<span class=\"elementor-button-text\">\uac00\uaca9 \ubcf4\uae30 &gt;<\/span>\n\t\t\t\t\t<\/span>\n\t\t\t\t\t<\/a>\n\t\t\t\t<\/div>\n\t\t\t\t\t\t\t\t<\/div>\n\t\t\t\t<\/div>\n\t\t\t\t<\/div>\n\t\t<div class=\"elementor-element elementor-element-7a3c940b e-con-full e-flex e-con e-child\" data-id=\"7a3c940b\" data-element_type=\"container\" data-e-type=\"container\" data-settings=\"{&quot;background_background&quot;:&quot;classic&quot;}\">\n\t\t\t\t<\/div>\n\t\t\t\t<\/div>\n\t\t<div class=\"elementor-element elementor-element-4973ae65 e-con-full e-flex e-con e-parent\" data-id=\"4973ae65\" data-element_type=\"container\" data-e-type=\"container\" data-settings=\"{&quot;background_background&quot;:&quot;classic&quot;}\">\n\t\t<div class=\"elementor-element elementor-element-484a5a44 e-con-full e-flex e-con e-child\" data-id=\"484a5a44\" data-element_type=\"container\" data-e-type=\"container\">\n\t\t\t\t<div class=\"elementor-element elementor-element-7af50ae4 animated-slow elementor-invisible elementor-widget elementor-widget-heading\" data-id=\"7af50ae4\" data-element_type=\"widget\" data-e-type=\"widget\" data-settings=\"{&quot;_animation&quot;:&quot;slideInUp&quot;}\" data-widget_type=\"heading.default\">\n\t\t\t\t<div class=\"elementor-widget-container\">\n\t\t\t\t\t<h2 class=\"elementor-heading-title elementor-size-default\">\uc791\uc740 \ud328\ud0a4\uc9c0, \uc644\ubcbd\ud55c \uc2dc\ubbac\ub808\uc774\uc158<\/h2>\t\t\t\t<\/div>\n\t\t\t\t<\/div>\n\t\t\t\t<div class=\"elementor-element elementor-element-2efd01d7 animated-slow elementor-invisible elementor-widget elementor-widget-heading\" data-id=\"2efd01d7\" data-element_type=\"widget\" data-e-type=\"widget\" data-settings=\"{&quot;_animation&quot;:&quot;slideInUp&quot;}\" data-widget_type=\"heading.default\">\n\t\t\t\t<div class=\"elementor-widget-container\">\n\t\t\t\t\t<h2 class=\"elementor-heading-title elementor-size-default\">\uc885\ud569\uc801\uc778 \ub1cc\uc878\uc911 \ubd84\uc11d\n\n<\/h2>\t\t\t\t<\/div>\n\t\t\t\t<\/div>\n\t\t\t\t<\/div>\n\t\t<div class=\"elementor-element elementor-element-364079c8 e-con-full e-flex e-con e-child\" data-id=\"364079c8\" data-element_type=\"container\" data-e-type=\"container\">\n\t\t<div class=\"elementor-element elementor-element-2f2bdc7 e-con-full e-flex e-con e-child\" data-id=\"2f2bdc7\" data-element_type=\"container\" data-e-type=\"container\">\n\t\t<div class=\"elementor-element elementor-element-17f3f728 e-grid e-con-full e-con e-child\" data-id=\"17f3f728\" data-element_type=\"container\" data-e-type=\"container\">\n\t\t<div class=\"elementor-element elementor-element-485c7ac3 e-con-full e-flex e-con e-child\" data-id=\"485c7ac3\" data-element_type=\"container\" data-e-type=\"container\">\n\t\t<div class=\"elementor-element elementor-element-21b96a92 e-con-full e-flex e-con e-child\" data-id=\"21b96a92\" data-element_type=\"container\" data-e-type=\"container\" data-settings=\"{&quot;background_background&quot;:&quot;classic&quot;}\">\n\t\t\t\t<\/div>\n\t\t\t\t<div class=\"elementor-element elementor-element-296f92e6 elementor-widget elementor-widget-heading\" data-id=\"296f92e6\" data-element_type=\"widget\" data-e-type=\"widget\" data-widget_type=\"heading.default\">\n\t\t\t\t<div class=\"elementor-widget-container\">\n\t\t\t\t\t<h2 class=\"elementor-heading-title elementor-size-default\">\uae30\uc220 \uc0ac\uc591<\/h2>\t\t\t\t<\/div>\n\t\t\t\t<\/div>\n\t\t\t\t<div class=\"elementor-element elementor-element-161d4ce8 elementor-widget elementor-widget-text-editor\" data-id=\"161d4ce8\" data-element_type=\"widget\" data-e-type=\"widget\" data-widget_type=\"text-editor.default\">\n\t\t\t\t<div class=\"elementor-widget-container\">\n\t\t\t\t\t\t\t\t\t<ul><li>\ub4c0\uc5bc \ub3c4\ud50c\ub7ec \ub808\uc774\ub354<\/li><li>\uad11\uce21\uc815 \uce74\uba54\ub77c \uc2dc\uc2a4\ud15c<\/li><\/ul>\t\t\t\t\t\t\t\t<\/div>\n\t\t\t\t<\/div>\n\t\t\t\t<\/div>\n\t\t<div class=\"elementor-element elementor-element-4cff75ce e-con-full e-flex e-con e-child\" data-id=\"4cff75ce\" data-element_type=\"container\" data-e-type=\"container\">\n\t\t<div class=\"elementor-element elementor-element-2c825c10 e-con-full e-flex e-con e-child\" data-id=\"2c825c10\" data-element_type=\"container\" data-e-type=\"container\" data-settings=\"{&quot;background_background&quot;:&quot;classic&quot;}\">\n\t\t\t\t<\/div>\n\t\t\t\t<div class=\"elementor-element elementor-element-6e1abd04 elementor-widget elementor-widget-heading\" data-id=\"6e1abd04\" data-element_type=\"widget\" data-e-type=\"widget\" data-widget_type=\"heading.default\">\n\t\t\t\t<div class=\"elementor-widget-container\">\n\t\t\t\t\t<h2 class=\"elementor-heading-title elementor-size-default\">\ubcfc \ub370\uc774\ud130<\/h2>\t\t\t\t<\/div>\n\t\t\t\t<\/div>\n\t\t\t\t<div class=\"elementor-element elementor-element-64961d6d elementor-widget elementor-widget-text-editor\" data-id=\"64961d6d\" data-element_type=\"widget\" data-e-type=\"widget\" data-widget_type=\"text-editor.default\">\n\t\t\t\t<div class=\"elementor-widget-container\">\n\t\t\t\t\t\t\t\t\t<ul><li>\uc774\ub3d9 \uac70\ub9ac,<\/li><li>\ucd1d \uac70\ub9ac<\/li><li>\ubcfc \uc18d\ub3c4,<\/li><li>\ubc31 \uc2a4\ud540<\/li><li>\uc0ac\uc774\ub4dc \uc2a4\ud540<\/li><li>\ud558\uac15 \uac01\ub3c4<\/li><li>\uce21\uba74 \uac01\ub3c4<\/li><li>\ubc1c\uc0ac \uac01\ub3c4<\/li><li>\uc0f7 \ubaa8\uc591<\/li><\/ul>\t\t\t\t\t\t\t\t<\/div>\n\t\t\t\t<\/div>\n\t\t\t\t<\/div>\n\t\t<div class=\"elementor-element elementor-element-6904775b e-con-full e-flex e-con e-child\" data-id=\"6904775b\" data-element_type=\"container\" data-e-type=\"container\">\n\t\t<div class=\"elementor-element elementor-element-7167d394 e-con-full e-flex e-con e-child\" data-id=\"7167d394\" data-element_type=\"container\" data-e-type=\"container\" data-settings=\"{&quot;background_background&quot;:&quot;classic&quot;}\">\n\t\t\t\t<\/div>\n\t\t\t\t<div class=\"elementor-element elementor-element-1e0e69af elementor-widget elementor-widget-heading\" data-id=\"1e0e69af\" data-element_type=\"widget\" data-e-type=\"widget\" data-widget_type=\"heading.default\">\n\t\t\t\t<div class=\"elementor-widget-container\">\n\t\t\t\t\t<h2 class=\"elementor-heading-title elementor-size-default\">\ud074\ub7fd \ub370\uc774\ud130<\/h2>\t\t\t\t<\/div>\n\t\t\t\t<\/div>\n\t\t\t\t<div class=\"elementor-element elementor-element-1c91edd2 elementor-widget elementor-widget-text-editor\" data-id=\"1c91edd2\" data-element_type=\"widget\" data-e-type=\"widget\" data-widget_type=\"text-editor.default\">\n\t\t\t\t<div class=\"elementor-widget-container\">\n\t\t\t\t\t\t\t\t\t<ul><li>\ud074\ub7fd \ud5e4\ub4dc \uc18d\ub3c4<\/li><li>\uc2a4\ub9e4\uc2dc \ud329\ud130<\/li><li>\ud074\ub7fd \uacbd\ub85c<\/li><li>\uc5bc\uad74 \uac01\ub3c4<\/li><li>\ub300\uba74 \uacbd\ub85c<\/li><\/ul>\t\t\t\t\t\t\t\t<\/div>\n\t\t\t\t<\/div>\n\t\t\t\t<\/div>\n\t\t\t\t<\/div>\n\t\t\t\t<\/div>\n\t\t\t\t<\/div>\n\t\t\t\t<\/div>\n\t\t\t\t<\/div>","protected":false},"excerpt":{"rendered":"<p>SKYTRAK PLUS Unmatched Accuracy Believe in Yourself Better Golf. Anytime. Anywhere.\u200b Der SKYTRAK+ Launch Monitor bringt bedeutende Fortschritte in seiner Kerntechnologie, indem er ein duales Doppler-Radarsystem und propriet\u00e4re maschinelle Lernsoftware hinzuf\u00fcgt \u2013 um eine un\u00fcbertroffene Genauigkeit in seiner Klasse zu bieten. Die Radarerg\u00e4nzung r\u00fcckt die Schl\u00e4gerdaten in den Mittelpunkt der Erfahrung \u2013 und bietet SKYTRAK-Nutzern [&hellip;]<\/p>","protected":false},"author":2,"featured_media":0,"parent":0,"menu_order":0,"comment_status":"closed","ping_status":"closed","template":"","meta":{"_uag_custom_page_level_css":"","site-sidebar-layout":"no-sidebar","site-content-layout":"page-builder","ast-site-content-layout":"full-width-container","site-content-style":"default","site-sidebar-style":"default","ast-global-header-display":"","ast-banner-title-visibility":"","ast-main-header-display":"","ast-hfb-above-header-display":"","ast-hfb-below-header-display":"","ast-hfb-mobile-header-display":"","site-post-title":"disabled","ast-breadcrumbs-content":"","ast-featured-img":"disabled","footer-sml-layout":"","theme-transparent-header-meta":"","adv-header-id-meta":"","stick-header-meta":"","header-above-stick-meta":"","header-main-stick-meta":"","header-below-stick-meta":"","astra-migrate-meta-layouts":"set","ast-page-background-enabled":"default","ast-page-background-meta":{"desktop":{"background-color":"var(--ast-global-color-4)","background-image":"","background-repeat":"repeat","background-position":"center center","background-size":"auto","background-attachment":"scroll","background-type":"","background-media":"","overlay-type":"","overlay-color":"","overlay-opacity":"","overlay-gradient":""},"tablet":{"background-color":"","background-image":"","background-repeat":"repeat","background-position":"center center","background-size":"auto","background-attachment":"scroll","background-type":"","background-media":"","overlay-type":"","overlay-color":"","overlay-opacity":"","overlay-gradient":""},"mobile":{"background-color":"","background-image":"","background-repeat":"repeat","background-position":"center center","background-size":"auto","background-attachment":"scroll","background-type":"","background-media":"","overlay-type":"","overlay-color":"","overlay-opacity":"","overlay-gradient":""}},"ast-content-background-meta":{"desktop":{"background-color":"var(--ast-global-color-5)","background-image":"","background-repeat":"repeat","background-position":"center center","background-size":"auto","background-attachment":"scroll","background-type":"","background-media":"","overlay-type":"","overlay-color":"","overlay-opacity":"","overlay-gradient":""},"tablet":{"background-color":"var(--ast-global-color-5)","background-image":"","background-repeat":"repeat","background-position":"center center","background-size":"auto","background-attachment":"scroll","background-type":"","background-media":"","overlay-type":"","overlay-color":"","overlay-opacity":"","overlay-gradient":""},"mobile":{"background-color":"var(--ast-global-color-5)","background-image":"","background-repeat":"repeat","background-position":"center center","background-size":"auto","background-attachment":"scroll","background-type":"","background-media":"","overlay-type":"","overlay-color":"","overlay-opacity":"","overlay-gradient":""}},"footnotes":""},"class_list":["post-4980","page","type-page","status-publish","hentry"],"yoast_head":"<!-- This site is optimized with the Yoast SEO plugin v26.4 - https:\/\/yoast.com\/wordpress\/plugins\/seo\/ -->\n<title>Skytrak Plus - Golfsimulator Kaufen #1 Indoor Golf in Europe<\/title>\n<meta name=\"robots\" content=\"index, follow, max-snippet:-1, max-image-preview:large, max-video-preview:-1\" \/>\n<link rel=\"canonical\" href=\"https:\/\/www.golfsimulator.kaufen\/ko\/\uc2a4\uce74\uc774\ud2b8\ub799-\ud50c\ub7ec\uc2a4\/\" \/>\n<meta property=\"og:locale\" content=\"ko_KR\" \/>\n<meta property=\"og:type\" content=\"article\" \/>\n<meta property=\"og:title\" content=\"Skytrak Plus - Golfsimulator Kaufen #1 Indoor Golf in Europe\" \/>\n<meta property=\"og:description\" content=\"SKYTRAK PLUS Unmatched Accuracy Believe in Yourself Better Golf. Anytime. Anywhere.\u200b Der SKYTRAK+ Launch Monitor bringt bedeutende Fortschritte in seiner Kerntechnologie, indem er ein duales Doppler-Radarsystem und propriet\u00e4re maschinelle Lernsoftware hinzuf\u00fcgt \u2013 um eine un\u00fcbertroffene Genauigkeit in seiner Klasse zu bieten. Die Radarerg\u00e4nzung r\u00fcckt die Schl\u00e4gerdaten in den Mittelpunkt der Erfahrung \u2013 und bietet SKYTRAK-Nutzern [&hellip;]\" \/>\n<meta property=\"og:url\" content=\"https:\/\/www.golfsimulator.kaufen\/ko\/\uc2a4\uce74\uc774\ud2b8\ub799-\ud50c\ub7ec\uc2a4\/\" \/>\n<meta property=\"og:site_name\" content=\"Golfsimulator Kaufen #1 Indoor Golf in Europe\" \/>\n<meta property=\"article:publisher\" content=\"https:\/\/www.facebook.com\/golfballs.at\" \/>\n<meta property=\"article:modified_time\" content=\"2024-09-10T07:41:40+00:00\" \/>\n<meta name=\"twitter:card\" content=\"summary_large_image\" \/>\n<meta name=\"twitter:label1\" content=\"\uc608\uc0c1 \ub418\ub294 \ud310\ub3c5 \uc2dc\uac04\" \/>\n\t<meta name=\"twitter:data1\" content=\"1\ubd84\" \/>\n<script type=\"application\/ld+json\" class=\"yoast-schema-graph\">{\"@context\":\"https:\/\/schema.org\",\"@graph\":[{\"@type\":\"WebPage\",\"@id\":\"https:\/\/www.golfsimulator.kaufen\/skytrak-plus\/\",\"url\":\"https:\/\/www.golfsimulator.kaufen\/skytrak-plus\/\",\"name\":\"Skytrak Plus - Golfsimulator Kaufen #1 Indoor Golf in Europe\",\"isPartOf\":{\"@id\":\"https:\/\/www.golfsimulator.kaufen\/de_de\/#website\"},\"datePublished\":\"2024-08-29T11:48:05+00:00\",\"dateModified\":\"2024-09-10T07:41:40+00:00\",\"breadcrumb\":{\"@id\":\"https:\/\/www.golfsimulator.kaufen\/skytrak-plus\/#breadcrumb\"},\"inLanguage\":\"ko-KR\",\"potentialAction\":[{\"@type\":\"ReadAction\",\"target\":[\"https:\/\/www.golfsimulator.kaufen\/skytrak-plus\/\"]}]},{\"@type\":\"BreadcrumbList\",\"@id\":\"https:\/\/www.golfsimulator.kaufen\/skytrak-plus\/#breadcrumb\",\"itemListElement\":[{\"@type\":\"ListItem\",\"position\":1,\"name\":\"Startseite\",\"item\":\"https:\/\/www.golfsimulator.kaufen\/\"},{\"@type\":\"ListItem\",\"position\":2,\"name\":\"Skytrak Plus\"}]},{\"@type\":\"WebSite\",\"@id\":\"https:\/\/www.golfsimulator.kaufen\/de_de\/#website\",\"url\":\"https:\/\/www.golfsimulator.kaufen\/de_de\/\",\"name\":\"Golfsimulator Kaufen #1 Indoor Golf in Europe\",\"description\":\"Home of the GSK ELITE Enclosure\",\"publisher\":{\"@id\":\"https:\/\/www.golfsimulator.kaufen\/de_de\/#organization\"},\"potentialAction\":[{\"@type\":\"SearchAction\",\"target\":{\"@type\":\"EntryPoint\",\"urlTemplate\":\"https:\/\/www.golfsimulator.kaufen\/de_de\/?s={search_term_string}\"},\"query-input\":{\"@type\":\"PropertyValueSpecification\",\"valueRequired\":true,\"valueName\":\"search_term_string\"}}],\"inLanguage\":\"ko-KR\"},{\"@type\":\"Organization\",\"@id\":\"https:\/\/www.golfsimulator.kaufen\/de_de\/#organization\",\"name\":\"Golfsport Company KG\",\"url\":\"https:\/\/www.golfsimulator.kaufen\/de_de\/\",\"logo\":{\"@type\":\"ImageObject\",\"inLanguage\":\"ko-KR\",\"@id\":\"https:\/\/www.golfsimulator.kaufen\/de_de\/#\/schema\/logo\/image\/\",\"url\":\"https:\/\/www.golfsimulator.kaufen\/wp-content\/uploads\/2024\/09\/golfsimulator_kaufen_logo.png\",\"contentUrl\":\"https:\/\/www.golfsimulator.kaufen\/wp-content\/uploads\/2024\/09\/golfsimulator_kaufen_logo.png\",\"width\":300,\"height\":49,\"caption\":\"Golfsport Company KG\"},\"image\":{\"@id\":\"https:\/\/www.golfsimulator.kaufen\/de_de\/#\/schema\/logo\/image\/\"},\"sameAs\":[\"https:\/\/www.facebook.com\/golfballs.at\"]}]}<\/script>\n<!-- \/ Yoast SEO plugin. -->","yoast_head_json":{"title":"\uc2a4\uce74\uc774\ud2b8\ub799 \ud50c\ub7ec\uc2a4 - \uace8\ud504 \uc2dc\ubbac\ub808\uc774\ud130 \uc720\ub7fd\uc5d0\uc11c #1 \uc2e4\ub0b4 \uace8\ud504 \uad6c\ub9e4\ud558\uae30","robots":{"index":"index","follow":"follow","max-snippet":"max-snippet:-1","max-image-preview":"max-image-preview:large","max-video-preview":"max-video-preview:-1"},"canonical":"https:\/\/www.golfsimulator.kaufen\/ko\/\uc2a4\uce74\uc774\ud2b8\ub799-\ud50c\ub7ec\uc2a4\/","og_locale":"ko_KR","og_type":"article","og_title":"Skytrak Plus - Golfsimulator Kaufen #1 Indoor Golf in Europe","og_description":"SKYTRAK PLUS Unmatched Accuracy Believe in Yourself Better Golf. Anytime. Anywhere.\u200b Der SKYTRAK+ Launch Monitor bringt bedeutende Fortschritte in seiner Kerntechnologie, indem er ein duales Doppler-Radarsystem und propriet\u00e4re maschinelle Lernsoftware hinzuf\u00fcgt \u2013 um eine un\u00fcbertroffene Genauigkeit in seiner Klasse zu bieten. Die Radarerg\u00e4nzung r\u00fcckt die Schl\u00e4gerdaten in den Mittelpunkt der Erfahrung \u2013 und bietet SKYTRAK-Nutzern [&hellip;]","og_url":"https:\/\/www.golfsimulator.kaufen\/ko\/\uc2a4\uce74\uc774\ud2b8\ub799-\ud50c\ub7ec\uc2a4\/","og_site_name":"Golfsimulator Kaufen #1 Indoor Golf in Europe","article_publisher":"https:\/\/www.facebook.com\/golfballs.at","article_modified_time":"2024-09-10T07:41:40+00:00","twitter_card":"summary_large_image","twitter_misc":{"\uc608\uc0c1 \ub418\ub294 \ud310\ub3c5 \uc2dc\uac04":"1\ubd84"},"schema":{"@context":"https:\/\/schema.org","@graph":[{"@type":"WebPage","@id":"https:\/\/www.golfsimulator.kaufen\/skytrak-plus\/","url":"https:\/\/www.golfsimulator.kaufen\/skytrak-plus\/","name":"\uc2a4\uce74\uc774\ud2b8\ub799 \ud50c\ub7ec\uc2a4 - \uace8\ud504 \uc2dc\ubbac\ub808\uc774\ud130 \uc720\ub7fd\uc5d0\uc11c #1 \uc2e4\ub0b4 \uace8\ud504 \uad6c\ub9e4\ud558\uae30","isPartOf":{"@id":"https:\/\/www.golfsimulator.kaufen\/de_de\/#website"},"datePublished":"2024-08-29T11:48:05+00:00","dateModified":"2024-09-10T07:41:40+00:00","breadcrumb":{"@id":"https:\/\/www.golfsimulator.kaufen\/skytrak-plus\/#breadcrumb"},"inLanguage":"ko-KR","potentialAction":[{"@type":"ReadAction","target":["https:\/\/www.golfsimulator.kaufen\/skytrak-plus\/"]}]},{"@type":"BreadcrumbList","@id":"https:\/\/www.golfsimulator.kaufen\/skytrak-plus\/#breadcrumb","itemListElement":[{"@type":"ListItem","position":1,"name":"Startseite","item":"https:\/\/www.golfsimulator.kaufen\/"},{"@type":"ListItem","position":2,"name":"Skytrak Plus"}]},{"@type":"WebSite","@id":"https:\/\/www.golfsimulator.kaufen\/de_de\/#website","url":"https:\/\/www.golfsimulator.kaufen\/de_de\/","name":"\uc720\ub7fd\uc5d0\uc11c \uace8\ud504 \uc2dc\ubbac\ub808\uc774\ud130 #1 \uc2e4\ub0b4 \uace8\ud504 \uad6c\ub9e4\ud558\uae30","description":"GSK \uc5d8\ub9ac\ud2b8 \uc778\ud074\ub85c\uc800\uc758 \ud648","publisher":{"@id":"https:\/\/www.golfsimulator.kaufen\/de_de\/#organization"},"potentialAction":[{"@type":"SearchAction","target":{"@type":"EntryPoint","urlTemplate":"https:\/\/www.golfsimulator.kaufen\/de_de\/?s={search_term_string}"},"query-input":{"@type":"PropertyValueSpecification","valueRequired":true,"valueName":"search_term_string"}}],"inLanguage":"ko-KR"},{"@type":"Organization","@id":"https:\/\/www.golfsimulator.kaufen\/de_de\/#organization","name":"\uace8\ud504 \uc2a4\ud3ec\uce20 \ud68c\uc0ac KG","url":"https:\/\/www.golfsimulator.kaufen\/de_de\/","logo":{"@type":"ImageObject","inLanguage":"ko-KR","@id":"https:\/\/www.golfsimulator.kaufen\/de_de\/#\/schema\/logo\/image\/","url":"https:\/\/www.golfsimulator.kaufen\/wp-content\/uploads\/2024\/09\/golfsimulator_kaufen_logo.png","contentUrl":"https:\/\/www.golfsimulator.kaufen\/wp-content\/uploads\/2024\/09\/golfsimulator_kaufen_logo.png","width":300,"height":49,"caption":"Golfsport Company KG"},"image":{"@id":"https:\/\/www.golfsimulator.kaufen\/de_de\/#\/schema\/logo\/image\/"},"sameAs":["https:\/\/www.facebook.com\/golfballs.at"]}]}},"uagb_featured_image_src":{"full":false,"thumbnail":false,"medium":false,"medium_large":false,"large":false,"1536x1536":false,"2048x2048":false,"trp-custom-language-flag":false},"uagb_author_info":{"display_name":"Joshua Doerfl","author_link":"https:\/\/www.golfsimulator.kaufen\/ko\/author\/joshua\/"},"uagb_comment_info":0,"uagb_excerpt":"SKYTRAK PLUS Unmatched Accuracy Believe in Yourself Better Golf. Anytime. Anywhere.\u200b Der SKYTRAK+ Launch Monitor bringt bedeutende Fortschritte in seiner Kerntechnologie, indem er ein duales Doppler-Radarsystem und propriet\u00e4re maschinelle Lernsoftware hinzuf\u00fcgt \u2013 um eine un\u00fcbertroffene Genauigkeit in seiner Klasse zu bieten. Die Radarerg\u00e4nzung r\u00fcckt die Schl\u00e4gerdaten in den Mittelpunkt der Erfahrung \u2013 und bietet SKYTRAK-Nutzern&hellip;","_links":{"self":[{"href":"https:\/\/www.golfsimulator.kaufen\/ko\/wp-json\/wp\/v2\/pages\/4980","targetHints":{"allow":["GET"]}}],"collection":[{"href":"https:\/\/www.golfsimulator.kaufen\/ko\/wp-json\/wp\/v2\/pages"}],"about":[{"href":"https:\/\/www.golfsimulator.kaufen\/ko\/wp-json\/wp\/v2\/types\/page"}],"author":[{"embeddable":true,"href":"https:\/\/www.golfsimulator.kaufen\/ko\/wp-json\/wp\/v2\/users\/2"}],"replies":[{"embeddable":true,"href":"https:\/\/www.golfsimulator.kaufen\/ko\/wp-json\/wp\/v2\/comments?post=4980"}],"version-history":[{"count":22,"href":"https:\/\/www.golfsimulator.kaufen\/ko\/wp-json\/wp\/v2\/pages\/4980\/revisions"}],"predecessor-version":[{"id":5544,"href":"https:\/\/www.golfsimulator.kaufen\/ko\/wp-json\/wp\/v2\/pages\/4980\/revisions\/5544"}],"wp:attachment":[{"href":"https:\/\/www.golfsimulator.kaufen\/ko\/wp-json\/wp\/v2\/media?parent=4980"}],"curies":[{"name":"wp","href":"https:\/\/api.w.org\/{rel}","templated":true}]}}