{"id":5653,"date":"2024-09-11T10:23:31","date_gmt":"2024-09-11T08:23:31","guid":{"rendered":"https:\/\/www.golfsimulator.kaufen\/?page_id=5653"},"modified":"2025-09-22T13:42:09","modified_gmt":"2025-09-22T11:42:09","slug":"gsk-elite-udarni-zaslon","status":"publish","type":"page","link":"https:\/\/www.golfsimulator.kaufen\/hr\/gsk-elite-udarni-zaslon\/","title":{"rendered":"GSK Elite Impact Screen"},"content":{"rendered":"<div data-elementor-type=\"wp-page\" data-elementor-id=\"5653\" class=\"elementor elementor-5653\" data-elementor-post-type=\"page\">\n\t\t\t\t<div class=\"elementor-element elementor-element-307e52e e-flex e-con-boxed e-con e-parent\" data-id=\"307e52e\" data-element_type=\"container\" data-e-type=\"container\" data-settings=\"{&quot;background_background&quot;:&quot;classic&quot;}\">\n\t\t\t\t\t<div class=\"e-con-inner\">\n\t\t\t\t<div class=\"elementor-element elementor-element-6033810 elementor-widget elementor-widget-heading\" data-id=\"6033810\" data-element_type=\"widget\" data-e-type=\"widget\" data-widget_type=\"heading.default\">\n\t\t\t\t<div class=\"elementor-widget-container\">\n\t\t\t\t\t<h1 class=\"elementor-heading-title elementor-size-default\">GSK ELITE UDARNE ZASITE<\/h1>\t\t\t\t<\/div>\n\t\t\t\t<\/div>\n\t\t\t\t\t<\/div>\n\t\t\t\t<\/div>\n\t\t<div class=\"elementor-element elementor-element-690cbaf e-flex e-con-boxed e-con e-parent\" data-id=\"690cbaf\" data-element_type=\"container\" data-e-type=\"container\" data-settings=\"{&quot;background_background&quot;:&quot;classic&quot;}\">\n\t\t\t\t\t<div class=\"e-con-inner\">\n\t\t<div class=\"elementor-element elementor-element-a6fa2df e-con-full e-flex e-con e-child\" data-id=\"a6fa2df\" data-element_type=\"container\" data-e-type=\"container\" data-settings=\"{&quot;background_background&quot;:&quot;classic&quot;}\">\n\t\t\t\t<\/div>\n\t\t<div class=\"elementor-element elementor-element-c1c9fe1 e-con-full e-flex e-con e-child\" data-id=\"c1c9fe1\" data-element_type=\"container\" data-e-type=\"container\">\n\t\t\t\t<div class=\"elementor-element elementor-element-43a8fcf elementor-widget elementor-widget-heading\" data-id=\"43a8fcf\" data-element_type=\"widget\" data-e-type=\"widget\" data-widget_type=\"heading.default\">\n\t\t\t\t<div class=\"elementor-widget-container\">\n\t\t\t\t\t<h2 class=\"elementor-heading-title elementor-size-default\">Potpuno NOVI DUAL Layer<\/h2>\t\t\t\t<\/div>\n\t\t\t\t<\/div>\n\t\t\t\t<div class=\"elementor-element elementor-element-fd0a3ef elementor-widget elementor-widget-heading\" data-id=\"fd0a3ef\" data-element_type=\"widget\" data-e-type=\"widget\" data-widget_type=\"heading.default\">\n\t\t\t\t<div class=\"elementor-widget-container\">\n\t\t\t\t\t<h4 class=\"elementor-heading-title elementor-size-default\">Jer dvaput je jednostavno bolje<\/h4>\t\t\t\t<\/div>\n\t\t\t\t<\/div>\n\t\t\t\t<div class=\"elementor-element elementor-element-6672249 elementor-widget elementor-widget-text-editor\" data-id=\"6672249\" data-element_type=\"widget\" data-e-type=\"widget\" data-widget_type=\"text-editor.default\">\n\t\t\t\t<div class=\"elementor-widget-container\">\n\t\t\t\t\t\t\t\t\t<p>Super tihi\/ti\u0161i\u00a0\u00a0<br \/>\u0160est puta premazan <br \/>DVOSLOJNI udarni ekran <br \/>Profesionalni golf udarni zaslon<\/p>\t\t\t\t\t\t\t\t<\/div>\n\t\t\t\t<\/div>\n\t\t\t\t<div class=\"elementor-element elementor-element-6b31163 elementor-align-center elementor-widget elementor-widget-button\" data-id=\"6b31163\" data-element_type=\"widget\" data-e-type=\"widget\" data-widget_type=\"button.default\">\n\t\t\t\t<div class=\"elementor-widget-container\">\n\t\t\t\t\t\t\t\t\t<div class=\"elementor-button-wrapper\">\n\t\t\t\t\t<a class=\"elementor-button elementor-button-link elementor-size-lg elementor-animation-grow\" href=\"https:\/\/www.golfsimulator.shop\/Golf-Impact-Screens\" target=\"_blank\">\n\t\t\t\t\t\t<span class=\"elementor-button-content-wrapper\">\n\t\t\t\t\t\t\t\t\t<span class=\"elementor-button-text\">pogledajte cijene &gt;<\/span>\n\t\t\t\t\t<\/span>\n\t\t\t\t\t<\/a>\n\t\t\t\t<\/div>\n\t\t\t\t\t\t\t\t<\/div>\n\t\t\t\t<\/div>\n\t\t\t\t<\/div>\n\t\t\t\t\t<\/div>\n\t\t\t\t<\/div>\n\t\t<div class=\"elementor-element elementor-element-08d75ea e-flex e-con-boxed e-con e-parent\" data-id=\"08d75ea\" data-element_type=\"container\" data-e-type=\"container\" data-settings=\"{&quot;background_background&quot;:&quot;classic&quot;}\">\n\t\t\t\t\t<div class=\"e-con-inner\">\n\t\t<div class=\"elementor-element elementor-element-b531da4 e-con-full e-flex e-con e-child\" data-id=\"b531da4\" data-element_type=\"container\" data-e-type=\"container\" data-settings=\"{&quot;background_background&quot;:&quot;classic&quot;}\">\n\t\t\t\t<\/div>\n\t\t<div class=\"elementor-element elementor-element-a507983 e-con-full e-flex e-con e-child\" data-id=\"a507983\" data-element_type=\"container\" data-e-type=\"container\">\n\t\t\t\t<div class=\"elementor-element elementor-element-bd6c6d5 elementor-widget elementor-widget-heading\" data-id=\"bd6c6d5\" data-element_type=\"widget\" data-e-type=\"widget\" data-widget_type=\"heading.default\">\n\t\t\t\t<div class=\"elementor-widget-container\">\n\t\t\t\t\t<h2 class=\"elementor-heading-title elementor-size-default\">Krajnji<\/h2>\t\t\t\t<\/div>\n\t\t\t\t<\/div>\n\t\t\t\t<div class=\"elementor-element elementor-element-dae8108 elementor-widget elementor-widget-heading\" data-id=\"dae8108\" data-element_type=\"widget\" data-e-type=\"widget\" data-widget_type=\"heading.default\">\n\t\t\t\t<div class=\"elementor-widget-container\">\n\t\t\t\t\t<h4 class=\"elementor-heading-title elementor-size-default\">Kvaliteta slike i trajnost<\/h4>\t\t\t\t<\/div>\n\t\t\t\t<\/div>\n\t\t\t\t<div class=\"elementor-element elementor-element-c51fcdb elementor-widget elementor-widget-text-editor\" data-id=\"c51fcdb\" data-element_type=\"widget\" data-e-type=\"widget\" data-widget_type=\"text-editor.default\">\n\t\t\t\t<div class=\"elementor-widget-container\">\n\t\t\t\t\t\t\t\t\t<p>Do\u017eivite dvoranski golf na novoj razini uz GSK ELITE Impact Screen. Dizajniran za kristalno \u010distu sliku i maksimalnu izdr\u017eljivost, ovaj zaslon je savr\u0161en za va\u0161 golf simulator.<\/p>\t\t\t\t\t\t\t\t<\/div>\n\t\t\t\t<\/div>\n\t\t\t\t<\/div>\n\t\t\t\t\t<\/div>\n\t\t\t\t<\/div>\n\t\t<div class=\"elementor-element elementor-element-262b5c3 e-flex e-con-boxed e-con e-parent\" data-id=\"262b5c3\" data-element_type=\"container\" data-e-type=\"container\" data-settings=\"{&quot;background_background&quot;:&quot;classic&quot;}\">\n\t\t\t\t\t<div class=\"e-con-inner\">\n\t\t<div class=\"elementor-element elementor-element-e70bd5d e-con-full e-flex e-con e-child\" data-id=\"e70bd5d\" data-element_type=\"container\" data-e-type=\"container\" data-settings=\"{&quot;background_background&quot;:&quot;classic&quot;}\">\n\t\t\t\t<\/div>\n\t\t<div class=\"elementor-element elementor-element-ff39747 e-con-full e-flex e-con e-child\" data-id=\"ff39747\" data-element_type=\"container\" data-e-type=\"container\">\n\t\t\t\t<div class=\"elementor-element elementor-element-5cb5008 elementor-widget elementor-widget-heading\" data-id=\"5cb5008\" data-element_type=\"widget\" data-e-type=\"widget\" data-widget_type=\"heading.default\">\n\t\t\t\t<div class=\"elementor-widget-container\">\n\t\t\t\t\t<h2 class=\"elementor-heading-title elementor-size-default\">Dvostruki sloj<\/h2>\t\t\t\t<\/div>\n\t\t\t\t<\/div>\n\t\t\t\t<div class=\"elementor-element elementor-element-a748bc0 elementor-widget elementor-widget-heading\" data-id=\"a748bc0\" data-element_type=\"widget\" data-e-type=\"widget\" data-widget_type=\"heading.default\">\n\t\t\t\t<div class=\"elementor-widget-container\">\n\t\t\t\t\t<h4 class=\"elementor-heading-title elementor-size-default\">Dvostruko ja\u010di za vi\u0161e golfa<\/h4>\t\t\t\t<\/div>\n\t\t\t\t<\/div>\n\t\t\t\t<div class=\"elementor-element elementor-element-7625b71 elementor-widget elementor-widget-text-editor\" data-id=\"7625b71\" data-element_type=\"widget\" data-e-type=\"widget\" data-widget_type=\"text-editor.default\">\n\t\t\t\t<div class=\"elementor-widget-container\">\n\t\t\t\t\t\t\t\t\t<p>GSK ELITE Impact Screen impresionira svojom inovativnom DUAL-Layer konstrukcijom, koja osigurava maksimalnu izdr\u017eljivost. \u010cak i tijekom intenzivnih zamaha, zaslon ostaje izdr\u017eljiv dok isporu\u010duje o\u0161tru kvalitetu slike za impresivno iskustvo golfa u zatvorenom prostoru.<\/p>\t\t\t\t\t\t\t\t<\/div>\n\t\t\t\t<\/div>\n\t\t\t\t<\/div>\n\t\t\t\t\t<\/div>\n\t\t\t\t<\/div>\n\t\t<div class=\"elementor-element elementor-element-614747d e-flex e-con-boxed e-con e-parent\" data-id=\"614747d\" data-element_type=\"container\" data-e-type=\"container\" data-settings=\"{&quot;background_background&quot;:&quot;classic&quot;}\">\n\t\t\t\t\t<div class=\"e-con-inner\">\n\t\t<div class=\"elementor-element elementor-element-ef63328 e-con-full e-flex e-con e-child\" data-id=\"ef63328\" data-element_type=\"container\" data-e-type=\"container\" data-settings=\"{&quot;background_background&quot;:&quot;classic&quot;}\">\n\t\t\t\t<\/div>\n\t\t<div class=\"elementor-element elementor-element-ae377c4 e-con-full e-flex e-con e-child\" data-id=\"ae377c4\" data-element_type=\"container\" data-e-type=\"container\">\n\t\t\t\t<div class=\"elementor-element elementor-element-fad3fb7 elementor-widget elementor-widget-heading\" data-id=\"fad3fb7\" data-element_type=\"widget\" data-e-type=\"widget\" data-widget_type=\"heading.default\">\n\t\t\t\t<div class=\"elementor-widget-container\">\n\t\t\t\t\t<h2 class=\"elementor-heading-title elementor-size-default\">Savr\u0161en<\/h2>\t\t\t\t<\/div>\n\t\t\t\t<\/div>\n\t\t\t\t<div class=\"elementor-element elementor-element-a19957e elementor-widget elementor-widget-heading\" data-id=\"a19957e\" data-element_type=\"widget\" data-e-type=\"widget\" data-widget_type=\"heading.default\">\n\t\t\t\t<div class=\"elementor-widget-container\">\n\t\t\t\t\t<h4 class=\"elementor-heading-title elementor-size-default\">za svako unutarnje golf okru\u017eenje<\/h4>\t\t\t\t<\/div>\n\t\t\t\t<\/div>\n\t\t\t\t<div class=\"elementor-element elementor-element-61d0007 elementor-widget elementor-widget-text-editor\" data-id=\"61d0007\" data-element_type=\"widget\" data-e-type=\"widget\" data-widget_type=\"text-editor.default\">\n\t\t\t\t<div class=\"elementor-widget-container\">\n\t\t\t\t\t\t\t\t\t<p>GSK ELITE Impact Screen kombinira izdr\u017eljivost s briljantnim vizualnim prikazom - idealno za va\u0161e unutarnje golf igrali\u0161te. Robustan i izdr\u017eljiv, mo\u017ee izdr\u017eati i najte\u017ee udarce bez gubitka kvalitete.<\/p>\t\t\t\t\t\t\t\t<\/div>\n\t\t\t\t<\/div>\n\t\t\t\t<\/div>\n\t\t\t\t\t<\/div>\n\t\t\t\t<\/div>\n\t\t<div class=\"elementor-element elementor-element-ecd6e0e e-flex e-con-boxed e-con e-parent\" data-id=\"ecd6e0e\" data-element_type=\"container\" data-e-type=\"container\" data-settings=\"{&quot;background_background&quot;:&quot;classic&quot;}\">\n\t\t\t\t\t<div class=\"e-con-inner\">\n\t\t<div class=\"elementor-element elementor-element-f481b7e e-con-full e-flex e-con e-child\" data-id=\"f481b7e\" data-element_type=\"container\" data-e-type=\"container\" data-settings=\"{&quot;background_background&quot;:&quot;classic&quot;}\">\n\t\t\t\t<\/div>\n\t\t<div class=\"elementor-element elementor-element-527fe49 e-con-full e-flex e-con e-child\" data-id=\"527fe49\" data-element_type=\"container\" data-e-type=\"container\">\n\t\t\t\t<div class=\"elementor-element elementor-element-5c2e85f elementor-widget elementor-widget-heading\" data-id=\"5c2e85f\" data-element_type=\"widget\" data-e-type=\"widget\" data-widget_type=\"heading.default\">\n\t\t\t\t<div class=\"elementor-widget-container\">\n\t\t\t\t\t<h2 class=\"elementor-heading-title elementor-size-default\">Prilago\u0111ene veli\u010dine<\/h2>\t\t\t\t<\/div>\n\t\t\t\t<\/div>\n\t\t\t\t<div class=\"elementor-element elementor-element-85269b1 elementor-widget elementor-widget-heading\" data-id=\"85269b1\" data-element_type=\"widget\" data-e-type=\"widget\" data-widget_type=\"heading.default\">\n\t\t\t\t<div class=\"elementor-widget-container\">\n\t\t\t\t\t<h4 class=\"elementor-heading-title elementor-size-default\">za va\u0161e individualno postavljanje<\/h4>\t\t\t\t<\/div>\n\t\t\t\t<\/div>\n\t\t\t\t<div class=\"elementor-element elementor-element-d938480 elementor-widget elementor-widget-text-editor\" data-id=\"d938480\" data-element_type=\"widget\" data-e-type=\"widget\" data-widget_type=\"text-editor.default\">\n\t\t\t\t<div class=\"elementor-widget-container\">\n\t\t\t\t\t\t\t\t\t<p>Bez obzira na dimenzije va\u0161e prostorije, mi \u0107emo GSK ELITE Impact Screen prilagoditi to\u010dno va\u0161im zahtjevima. Od standardnih veli\u010dina do individualno skrojenih rje\u0161enja, pru\u017eamo vam upravo ono \u0161to vam je potrebno za va\u0161 savr\u0161eni unutarnji golf.<\/p>\t\t\t\t\t\t\t\t<\/div>\n\t\t\t\t<\/div>\n\t\t\t\t<div class=\"elementor-element elementor-element-f1d758e elementor-align-center elementor-widget elementor-widget-button\" data-id=\"f1d758e\" data-element_type=\"widget\" data-e-type=\"widget\" data-widget_type=\"button.default\">\n\t\t\t\t<div class=\"elementor-widget-container\">\n\t\t\t\t\t\t\t\t\t<div class=\"elementor-button-wrapper\">\n\t\t\t\t\t<a class=\"elementor-button elementor-button-link elementor-size-lg elementor-animation-grow\" href=\"https:\/\/www.golfsimulator.shop\/Golf-Impact-Screens\" target=\"_blank\">\n\t\t\t\t\t\t<span class=\"elementor-button-content-wrapper\">\n\t\t\t\t\t\t\t\t\t<span class=\"elementor-button-text\">pogledajte cijene &gt;<\/span>\n\t\t\t\t\t<\/span>\n\t\t\t\t\t<\/a>\n\t\t\t\t<\/div>\n\t\t\t\t\t\t\t\t<\/div>\n\t\t\t\t<\/div>\n\t\t\t\t<\/div>\n\t\t\t\t\t<\/div>\n\t\t\t\t<\/div>\n\t\t\t\t<\/div>","protected":false},"excerpt":{"rendered":"<p>GSK ELITE IMPACT SCREENS Potpuno NOVO DVOSTRUKOSLOJNO Jer dvoslojno je bolje Super Silent \u0160estoslojno oblo\u017eeno DVOSTOJNO SLOJNO Udarno sito Profesionalno Udarno sito za golf pogledajte cijene &gt; Vrhunska kvaliteta slike i izdr\u017eljivost Do\u017eivite dvoranski golf na novoj razini s GSK ELITE Impact Screenom. Dizajniran za kristalno jasan prikaz slike i maksimalnu izdr\u017eljivost, [\u2026]<\/p>","protected":false},"author":1,"featured_media":0,"parent":0,"menu_order":0,"comment_status":"closed","ping_status":"closed","template":"","meta":{"_uag_custom_page_level_css":"","site-sidebar-layout":"no-sidebar","site-content-layout":"page-builder","ast-site-content-layout":"full-width-container","site-content-style":"default","site-sidebar-style":"default","ast-global-header-display":"","ast-banner-title-visibility":"","ast-main-header-display":"","ast-hfb-above-header-display":"","ast-hfb-below-header-display":"","ast-hfb-mobile-header-display":"","site-post-title":"disabled","ast-breadcrumbs-content":"","ast-featured-img":"disabled","footer-sml-layout":"","theme-transparent-header-meta":"","adv-header-id-meta":"","stick-header-meta":"","header-above-stick-meta":"","header-main-stick-meta":"","header-below-stick-meta":"","astra-migrate-meta-layouts":"set","ast-page-background-enabled":"default","ast-page-background-meta":{"desktop":{"background-color":"var(--ast-global-color-4)","background-image":"","background-repeat":"repeat","background-position":"center center","background-size":"auto","background-attachment":"scroll","background-type":"","background-media":"","overlay-type":"","overlay-color":"","overlay-opacity":"","overlay-gradient":""},"tablet":{"background-color":"","background-image":"","background-repeat":"repeat","background-position":"center center","background-size":"auto","background-attachment":"scroll","background-type":"","background-media":"","overlay-type":"","overlay-color":"","overlay-opacity":"","overlay-gradient":""},"mobile":{"background-color":"","background-image":"","background-repeat":"repeat","background-position":"center center","background-size":"auto","background-attachment":"scroll","background-type":"","background-media":"","overlay-type":"","overlay-color":"","overlay-opacity":"","overlay-gradient":""}},"ast-content-background-meta":{"desktop":{"background-color":"var(--ast-global-color-5)","background-image":"","background-repeat":"repeat","background-position":"center center","background-size":"auto","background-attachment":"scroll","background-type":"","background-media":"","overlay-type":"","overlay-color":"","overlay-opacity":"","overlay-gradient":""},"tablet":{"background-color":"var(--ast-global-color-5)","background-image":"","background-repeat":"repeat","background-position":"center center","background-size":"auto","background-attachment":"scroll","background-type":"","background-media":"","overlay-type":"","overlay-color":"","overlay-opacity":"","overlay-gradient":""},"mobile":{"background-color":"var(--ast-global-color-5)","background-image":"","background-repeat":"repeat","background-position":"center center","background-size":"auto","background-attachment":"scroll","background-type":"","background-media":"","overlay-type":"","overlay-color":"","overlay-opacity":"","overlay-gradient":""}},"footnotes":""},"class_list":["post-5653","page","type-page","status-publish","hentry"],"yoast_head":"<!-- This site is optimized with the Yoast SEO plugin v26.4 - https:\/\/yoast.com\/wordpress\/plugins\/seo\/ -->\n<title>GSK Elite Impact Screen - Golfsimulator Kaufen #1 Indoor Golf in Europe<\/title>\n<meta name=\"description\" content=\"GSK ELITE Impact Screen \u2013 Dual-Layer Golf-Simulator-Leinwand mit Silent-Technologie, brillanter Bildqualit\u00e4t &amp; ma\u00dfgeschneiderter Gr\u00f6\u00dfe.\" \/>\n<meta name=\"robots\" content=\"index, follow, max-snippet:-1, max-image-preview:large, max-video-preview:-1\" \/>\n<link rel=\"canonical\" href=\"https:\/\/www.golfsimulator.kaufen\/hr\/gsk-elite-udarni-zaslon\/\" \/>\n<meta property=\"og:locale\" content=\"hr_HR\" \/>\n<meta property=\"og:type\" content=\"article\" \/>\n<meta property=\"og:title\" content=\"GSK Elite Impact Screen - Golfsimulator Kaufen #1 Indoor Golf in Europe\" \/>\n<meta property=\"og:description\" content=\"GSK ELITE Impact Screen \u2013 Dual-Layer Golf-Simulator-Leinwand mit Silent-Technologie, brillanter Bildqualit\u00e4t &amp; ma\u00dfgeschneiderter Gr\u00f6\u00dfe.\" \/>\n<meta property=\"og:url\" content=\"https:\/\/www.golfsimulator.kaufen\/hr\/gsk-elite-udarni-zaslon\/\" \/>\n<meta property=\"og:site_name\" content=\"Golfsimulator Kaufen #1 Indoor Golf in Europe\" \/>\n<meta property=\"article:publisher\" content=\"https:\/\/www.facebook.com\/golfballs.at\" \/>\n<meta property=\"article:modified_time\" content=\"2025-09-22T11:42:09+00:00\" \/>\n<meta name=\"twitter:card\" content=\"summary_large_image\" \/>\n<meta name=\"twitter:label1\" content=\"Procijenjeno vrijeme \u010ditanja\" \/>\n\t<meta name=\"twitter:data1\" content=\"2 minute\" \/>\n<script type=\"application\/ld+json\" class=\"yoast-schema-graph\">{\"@context\":\"https:\/\/schema.org\",\"@graph\":[{\"@type\":\"WebPage\",\"@id\":\"https:\/\/www.golfsimulator.kaufen\/gsk-elite-impact-screen\/\",\"url\":\"https:\/\/www.golfsimulator.kaufen\/gsk-elite-impact-screen\/\",\"name\":\"GSK Elite Impact Screen - Golfsimulator Kaufen #1 Indoor Golf in Europe\",\"isPartOf\":{\"@id\":\"https:\/\/www.golfsimulator.kaufen\/de_de\/#website\"},\"datePublished\":\"2024-09-11T08:23:31+00:00\",\"dateModified\":\"2025-09-22T11:42:09+00:00\",\"description\":\"GSK ELITE Impact Screen \u2013 Dual-Layer Golf-Simulator-Leinwand mit Silent-Technologie, brillanter Bildqualit\u00e4t & ma\u00dfgeschneiderter Gr\u00f6\u00dfe.\",\"breadcrumb\":{\"@id\":\"https:\/\/www.golfsimulator.kaufen\/gsk-elite-impact-screen\/#breadcrumb\"},\"inLanguage\":\"hr\",\"potentialAction\":[{\"@type\":\"ReadAction\",\"target\":[\"https:\/\/www.golfsimulator.kaufen\/gsk-elite-impact-screen\/\"]}]},{\"@type\":\"BreadcrumbList\",\"@id\":\"https:\/\/www.golfsimulator.kaufen\/gsk-elite-impact-screen\/#breadcrumb\",\"itemListElement\":[{\"@type\":\"ListItem\",\"position\":1,\"name\":\"Startseite\",\"item\":\"https:\/\/www.golfsimulator.kaufen\/\"},{\"@type\":\"ListItem\",\"position\":2,\"name\":\"GSK Elite Impact Screen\"}]},{\"@type\":\"WebSite\",\"@id\":\"https:\/\/www.golfsimulator.kaufen\/de_de\/#website\",\"url\":\"https:\/\/www.golfsimulator.kaufen\/de_de\/\",\"name\":\"Golfsimulator Kaufen #1 Indoor Golf in Europe\",\"description\":\"Home of the GSK ELITE Enclosure\",\"publisher\":{\"@id\":\"https:\/\/www.golfsimulator.kaufen\/de_de\/#organization\"},\"potentialAction\":[{\"@type\":\"SearchAction\",\"target\":{\"@type\":\"EntryPoint\",\"urlTemplate\":\"https:\/\/www.golfsimulator.kaufen\/de_de\/?s={search_term_string}\"},\"query-input\":{\"@type\":\"PropertyValueSpecification\",\"valueRequired\":true,\"valueName\":\"search_term_string\"}}],\"inLanguage\":\"hr\"},{\"@type\":\"Organization\",\"@id\":\"https:\/\/www.golfsimulator.kaufen\/de_de\/#organization\",\"name\":\"Golfsport Company KG\",\"url\":\"https:\/\/www.golfsimulator.kaufen\/de_de\/\",\"logo\":{\"@type\":\"ImageObject\",\"inLanguage\":\"hr\",\"@id\":\"https:\/\/www.golfsimulator.kaufen\/de_de\/#\/schema\/logo\/image\/\",\"url\":\"https:\/\/www.golfsimulator.kaufen\/wp-content\/uploads\/2024\/09\/golfsimulator_kaufen_logo.png\",\"contentUrl\":\"https:\/\/www.golfsimulator.kaufen\/wp-content\/uploads\/2024\/09\/golfsimulator_kaufen_logo.png\",\"width\":300,\"height\":49,\"caption\":\"Golfsport Company KG\"},\"image\":{\"@id\":\"https:\/\/www.golfsimulator.kaufen\/de_de\/#\/schema\/logo\/image\/\"},\"sameAs\":[\"https:\/\/www.facebook.com\/golfballs.at\"]}]}<\/script>\n<!-- \/ Yoast SEO plugin. -->","yoast_head_json":{"title":"GSK Elite Impact Screen - Golf Simulator Kupite #1 Indoor Golf u Europi","description":"GSK ELITE Impact Screen \u2013 Dvoslojni ekran za golf simulator s tihom tehnologijom, briljantnom kvalitetom slike i prilagodljivom veli\u010dinom.","robots":{"index":"index","follow":"follow","max-snippet":"max-snippet:-1","max-image-preview":"max-image-preview:large","max-video-preview":"max-video-preview:-1"},"canonical":"https:\/\/www.golfsimulator.kaufen\/hr\/gsk-elite-udarni-zaslon\/","og_locale":"hr_HR","og_type":"article","og_title":"GSK Elite Impact Screen - Golfsimulator Kaufen #1 Indoor Golf in Europe","og_description":"GSK ELITE Impact Screen \u2013 Dual-Layer Golf-Simulator-Leinwand mit Silent-Technologie, brillanter Bildqualit\u00e4t & ma\u00dfgeschneiderter Gr\u00f6\u00dfe.","og_url":"https:\/\/www.golfsimulator.kaufen\/hr\/gsk-elite-udarni-zaslon\/","og_site_name":"Golfsimulator Kaufen #1 Indoor Golf in Europe","article_publisher":"https:\/\/www.facebook.com\/golfballs.at","article_modified_time":"2025-09-22T11:42:09+00:00","twitter_card":"summary_large_image","twitter_misc":{"Procijenjeno vrijeme \u010ditanja":"2 minute"},"schema":{"@context":"https:\/\/schema.org","@graph":[{"@type":"WebPage","@id":"https:\/\/www.golfsimulator.kaufen\/gsk-elite-impact-screen\/","url":"https:\/\/www.golfsimulator.kaufen\/gsk-elite-impact-screen\/","name":"GSK Elite Impact Screen - Golf Simulator Kupite #1 Indoor Golf u Europi","isPartOf":{"@id":"https:\/\/www.golfsimulator.kaufen\/de_de\/#website"},"datePublished":"2024-09-11T08:23:31+00:00","dateModified":"2025-09-22T11:42:09+00:00","description":"GSK ELITE Impact Screen \u2013 Dvoslojni ekran za golf simulator s tihom tehnologijom, briljantnom kvalitetom slike i prilagodljivom veli\u010dinom.","breadcrumb":{"@id":"https:\/\/www.golfsimulator.kaufen\/gsk-elite-impact-screen\/#breadcrumb"},"inLanguage":"hr","potentialAction":[{"@type":"ReadAction","target":["https:\/\/www.golfsimulator.kaufen\/gsk-elite-impact-screen\/"]}]},{"@type":"BreadcrumbList","@id":"https:\/\/www.golfsimulator.kaufen\/gsk-elite-impact-screen\/#breadcrumb","itemListElement":[{"@type":"ListItem","position":1,"name":"Startseite","item":"https:\/\/www.golfsimulator.kaufen\/"},{"@type":"ListItem","position":2,"name":"GSK Elite Impact Screen"}]},{"@type":"WebSite","@id":"https:\/\/www.golfsimulator.kaufen\/de_de\/#website","url":"https:\/\/www.golfsimulator.kaufen\/de_de\/","name":"Golf Simulator Kupite #1 Indoor Golf u Europi","description":"Dom GSK ELITE ku\u0107i\u0161ta","publisher":{"@id":"https:\/\/www.golfsimulator.kaufen\/de_de\/#organization"},"potentialAction":[{"@type":"SearchAction","target":{"@type":"EntryPoint","urlTemplate":"https:\/\/www.golfsimulator.kaufen\/de_de\/?s={search_term_string}"},"query-input":{"@type":"PropertyValueSpecification","valueRequired":true,"valueName":"search_term_string"}}],"inLanguage":"hr"},{"@type":"Organization","@id":"https:\/\/www.golfsimulator.kaufen\/de_de\/#organization","name":"Golfsport Company KG","url":"https:\/\/www.golfsimulator.kaufen\/de_de\/","logo":{"@type":"ImageObject","inLanguage":"hr","@id":"https:\/\/www.golfsimulator.kaufen\/de_de\/#\/schema\/logo\/image\/","url":"https:\/\/www.golfsimulator.kaufen\/wp-content\/uploads\/2024\/09\/golfsimulator_kaufen_logo.png","contentUrl":"https:\/\/www.golfsimulator.kaufen\/wp-content\/uploads\/2024\/09\/golfsimulator_kaufen_logo.png","width":300,"height":49,"caption":"Golfsport Company KG"},"image":{"@id":"https:\/\/www.golfsimulator.kaufen\/de_de\/#\/schema\/logo\/image\/"},"sameAs":["https:\/\/www.facebook.com\/golfballs.at"]}]}},"uagb_featured_image_src":{"full":false,"thumbnail":false,"medium":false,"medium_large":false,"large":false,"1536x1536":false,"2048x2048":false,"trp-custom-language-flag":false},"uagb_author_info":{"display_name":"admin","author_link":"https:\/\/www.golfsimulator.kaufen\/hr\/author\/admin\/"},"uagb_comment_info":0,"uagb_excerpt":"GSK ELITE IMPACT SCREENS Brand NEW DUAL Layer Weil doppelt einfach besser ist Super Silent \/ Leiser\u00a0\u00a0Sechsfach Beschichtet DUAL LAYER Impact Screen Professional Golf Impact Hitting Screen see pricing > Ultimative Bildqualit\u00e4t und Haltbarkeit Erleben Sie Indoor-Golf auf einem neuen Niveau mit dem GSK ELITE Impact Screen. Entwickelt f\u00fcr kristallklare Bilddarstellung und maximale Strapazierf\u00e4higkeit, ist&hellip;","_links":{"self":[{"href":"https:\/\/www.golfsimulator.kaufen\/hr\/wp-json\/wp\/v2\/pages\/5653","targetHints":{"allow":["GET"]}}],"collection":[{"href":"https:\/\/www.golfsimulator.kaufen\/hr\/wp-json\/wp\/v2\/pages"}],"about":[{"href":"https:\/\/www.golfsimulator.kaufen\/hr\/wp-json\/wp\/v2\/types\/page"}],"author":[{"embeddable":true,"href":"https:\/\/www.golfsimulator.kaufen\/hr\/wp-json\/wp\/v2\/users\/1"}],"replies":[{"embeddable":true,"href":"https:\/\/www.golfsimulator.kaufen\/hr\/wp-json\/wp\/v2\/comments?post=5653"}],"version-history":[{"count":25,"href":"https:\/\/www.golfsimulator.kaufen\/hr\/wp-json\/wp\/v2\/pages\/5653\/revisions"}],"predecessor-version":[{"id":5689,"href":"https:\/\/www.golfsimulator.kaufen\/hr\/wp-json\/wp\/v2\/pages\/5653\/revisions\/5689"}],"wp:attachment":[{"href":"https:\/\/www.golfsimulator.kaufen\/hr\/wp-json\/wp\/v2\/media?parent=5653"}],"curies":[{"name":"radni list","href":"https:\/\/api.w.org\/{rel}","templated":true}]}}