{"id":6061,"date":"2025-09-03T14:41:27","date_gmt":"2025-09-03T12:41:27","guid":{"rendered":"https:\/\/www.golfsimulator.kaufen\/?page_id=6061"},"modified":"2025-09-22T13:33:55","modified_gmt":"2025-09-22T11:33:55","slug":"garmin-r50","status":"publish","type":"page","link":"https:\/\/www.golfsimulator.kaufen\/fi\/garmin-r50\/","title":{"rendered":"Garmin R50"},"content":{"rendered":"<div data-elementor-type=\"wp-page\" data-elementor-id=\"6061\" class=\"elementor elementor-6061\" data-elementor-post-type=\"page\">\n\t\t\t\t<div class=\"elementor-element elementor-element-2cc1718b e-con-full e-flex e-con e-parent\" data-id=\"2cc1718b\" data-element_type=\"container\" data-e-type=\"container\" data-settings=\"{&quot;background_background&quot;:&quot;classic&quot;}\">\n\t\t<div class=\"elementor-element elementor-element-23d70e35 e-con-full e-flex e-con e-child\" data-id=\"23d70e35\" data-element_type=\"container\" data-e-type=\"container\" data-settings=\"{&quot;background_background&quot;:&quot;classic&quot;}\">\n\t\t\t\t<div class=\"elementor-element elementor-element-94ce57c elementor-widget elementor-widget-heading\" data-id=\"94ce57c\" data-element_type=\"widget\" data-e-type=\"widget\" data-widget_type=\"heading.default\">\n\t\t\t\t<div class=\"elementor-widget-container\">\n\t\t\t\t\t<h2 class=\"elementor-heading-title elementor-size-default\">Garmin Approach R50 <\/h2>\t\t\t\t<\/div>\n\t\t\t\t<\/div>\n\t\t\t\t<div class=\"elementor-element elementor-element-16cf8a elementor-widget elementor-widget-heading\" data-id=\"16cf8a\" data-element_type=\"widget\" data-e-type=\"widget\" data-widget_type=\"heading.default\">\n\t\t\t\t<div class=\"elementor-widget-container\">\n\t\t\t\t\t<h2 class=\"elementor-heading-title elementor-size-default\">Hanki tee-aika milloin tahansa <\/h2>\t\t\t\t<\/div>\n\t\t\t\t<\/div>\n\t\t\t\t<\/div>\n\t\t\t\t<\/div>\n\t\t<div class=\"elementor-element elementor-element-7e82ff06 e-con-full e-flex e-con e-parent\" data-id=\"7e82ff06\" data-element_type=\"container\" data-e-type=\"container\" data-settings=\"{&quot;background_background&quot;:&quot;classic&quot;}\">\n\t\t<div class=\"elementor-element elementor-element-574a1353 e-con-full e-flex e-con e-child\" data-id=\"574a1353\" data-element_type=\"container\" data-e-type=\"container\" data-settings=\"{&quot;background_background&quot;:&quot;classic&quot;}\">\n\t\t\t\t<div class=\"elementor-element elementor-element-41b4a695 elementor-widget elementor-widget-heading\" data-id=\"41b4a695\" data-element_type=\"widget\" data-e-type=\"widget\" data-widget_type=\"heading.default\">\n\t\t\t\t<div class=\"elementor-widget-container\">\n\t\t\t\t\t<h2 class=\"elementor-heading-title elementor-size-default\">Hanki tee-aika milloin tahansa<\/h2>\t\t\t\t<\/div>\n\t\t\t\t<\/div>\n\t\t\t\t<div class=\"elementor-element elementor-element-7ab58177 elementor-widget elementor-widget-heading\" data-id=\"7ab58177\" data-element_type=\"widget\" data-e-type=\"widget\" data-widget_type=\"heading.default\">\n\t\t\t\t<div class=\"elementor-widget-container\">\n\t\t\t\t\t<h2 class=\"elementor-heading-title elementor-size-default\">TARKKUUS KOHTAA YKSINKERTAISUUDEN<\/h2>\t\t\t\t<\/div>\n\t\t\t\t<\/div>\n\t\t\t\t<div class=\"elementor-element elementor-element-5efe425d elementor-widget elementor-widget-text-editor\" data-id=\"5efe425d\" data-element_type=\"widget\" data-e-type=\"widget\" data-widget_type=\"text-editor.default\">\n\t\t\t\t<div class=\"elementor-widget-container\">\n\t\t\t\t\t\t\t\t\t<p data-start=\"2042\" data-end=\"2384\">Koe edistyksellisin fotometrinen teknologia Garmin Approach R50:ss\u00e4: kolme nopeaa kameraa tuottaa tarkkoja analyysej\u00e4 pallo- ja mailatiedoista - suoraan integroidulla 10-tuumaisella kosketusn\u00e4yt\u00f6ll\u00e4. K\u00e4ytt\u00f6valmis heti, ilman tutkalaitteita, mutkattomaan sis\u00e4k\u00e4ytt\u00f6\u00f6n ja vaikuttavaan harjoittelun laatuun.<\/p>\t\t\t\t\t\t\t\t<\/div>\n\t\t\t\t<\/div>\n\t\t\t\t<div class=\"elementor-element elementor-element-648a5828 elementor-align-center elementor-widget elementor-widget-button\" data-id=\"648a5828\" data-element_type=\"widget\" data-e-type=\"widget\" data-widget_type=\"button.default\">\n\t\t\t\t<div class=\"elementor-widget-container\">\n\t\t\t\t\t\t\t\t\t<div class=\"elementor-button-wrapper\">\n\t\t\t\t\t<a class=\"elementor-button elementor-button-link elementor-size-lg elementor-animation-grow\" href=\"https:\/\/www.golfballs.at\/Garmin-Approach-R50-Launch-Monitor\" target=\"_blank\">\n\t\t\t\t\t\t<span class=\"elementor-button-content-wrapper\">\n\t\t\t\t\t\t\t\t\t<span class=\"elementor-button-text\">katso hinnoittelu &gt;<\/span>\n\t\t\t\t\t<\/span>\n\t\t\t\t\t<\/a>\n\t\t\t\t<\/div>\n\t\t\t\t\t\t\t\t<\/div>\n\t\t\t\t<\/div>\n\t\t\t\t<\/div>\n\t\t<div class=\"elementor-element elementor-element-1d882bf8 e-con-full e-flex e-con e-child\" data-id=\"1d882bf8\" data-element_type=\"container\" data-e-type=\"container\" data-settings=\"{&quot;background_background&quot;:&quot;classic&quot;}\">\n\t\t\t\t<\/div>\n\t\t\t\t<\/div>\n\t\t<div class=\"elementor-element elementor-element-65190eca e-con-full e-flex e-con e-parent\" data-id=\"65190eca\" data-element_type=\"container\" data-e-type=\"container\" data-settings=\"{&quot;background_background&quot;:&quot;classic&quot;}\">\n\t\t<div class=\"elementor-element elementor-element-3a6246f1 e-con-full e-flex e-con e-child\" data-id=\"3a6246f1\" data-element_type=\"container\" data-e-type=\"container\">\n\t\t\t\t<div class=\"elementor-element elementor-element-7111a5f9 animated-slow elementor-invisible elementor-widget elementor-widget-heading\" data-id=\"7111a5f9\" data-element_type=\"widget\" data-e-type=\"widget\" data-settings=\"{&quot;_animation&quot;:&quot;slideInUp&quot;}\" data-widget_type=\"heading.default\">\n\t\t\t\t<div class=\"elementor-widget-container\">\n\t\t\t\t\t<h2 class=\"elementor-heading-title elementor-size-default\">Pieni paketti, t\u00e4ydellinen simulointi<\/h2>\t\t\t\t<\/div>\n\t\t\t\t<\/div>\n\t\t\t\t<div class=\"elementor-element elementor-element-69257afe animated-slow elementor-invisible elementor-widget elementor-widget-heading\" data-id=\"69257afe\" data-element_type=\"widget\" data-e-type=\"widget\" data-settings=\"{&quot;_animation&quot;:&quot;slideInUp&quot;}\" data-widget_type=\"heading.default\">\n\t\t\t\t<div class=\"elementor-widget-container\">\n\t\t\t\t\t<h2 class=\"elementor-heading-title elementor-size-default\">Kattava aivohalvausanalyysi\n\n<\/h2>\t\t\t\t<\/div>\n\t\t\t\t<\/div>\n\t\t\t\t<\/div>\n\t\t<div class=\"elementor-element elementor-element-622b83c5 e-con-full e-flex e-con e-child\" data-id=\"622b83c5\" data-element_type=\"container\" data-e-type=\"container\">\n\t\t<div class=\"elementor-element elementor-element-5643b59b e-con-full e-flex e-con e-child\" data-id=\"5643b59b\" data-element_type=\"container\" data-e-type=\"container\">\n\t\t<div class=\"elementor-element elementor-element-49b59d12 e-grid e-con-full e-con e-child\" data-id=\"49b59d12\" data-element_type=\"container\" data-e-type=\"container\">\n\t\t<div class=\"elementor-element elementor-element-2402f420 e-con-full e-flex e-con e-child\" data-id=\"2402f420\" data-element_type=\"container\" data-e-type=\"container\">\n\t\t<div class=\"elementor-element elementor-element-3c9475b5 e-con-full e-flex e-con e-child\" data-id=\"3c9475b5\" data-element_type=\"container\" data-e-type=\"container\" data-settings=\"{&quot;background_background&quot;:&quot;classic&quot;}\">\n\t\t\t\t<\/div>\n\t\t\t\t<div class=\"elementor-element elementor-element-7845fc9 elementor-widget elementor-widget-heading\" data-id=\"7845fc9\" data-element_type=\"widget\" data-e-type=\"widget\" data-widget_type=\"heading.default\">\n\t\t\t\t<div class=\"elementor-widget-container\">\n\t\t\t\t\t<h2 class=\"elementor-heading-title elementor-size-default\">Tekniset tiedot<\/h2>\t\t\t\t<\/div>\n\t\t\t\t<\/div>\n\t\t\t\t<div class=\"elementor-element elementor-element-77a0fa84 elementor-widget elementor-widget-text-editor\" data-id=\"77a0fa84\" data-element_type=\"widget\" data-e-type=\"widget\" data-widget_type=\"text-editor.default\">\n\t\t\t\t<div class=\"elementor-widget-container\">\n\t\t\t\t\t\t\t\t\t<p data-start=\"105\" data-end=\"488\">- 10 tuuman v\u00e4rillinen kosketusn\u00e4ytt\u00f6 (800 \u00d7 1280 px)<br data-start=\"197\" data-end=\"200\" \/>- 3 suurnopeuskameraa (fotometrinen)<br data-start=\"247\" data-end=\"250\" \/>- Mitat: noin 42 \u00d7 27 \u00d7 19 cm.<br data-start=\"277\" data-end=\"280\" \/>- Paino: noin 4,1 kg<br data-start=\"301\" data-end=\"304\" \/>- Litium-ioniakku, k\u00e4ytt\u00f6aika jopa 4 tuntia.<br data-start=\"346\" data-end=\"349\" \/>- WLAN ja Bluetooth<br data-start=\"369\" data-end=\"372\" \/>- HDMI- ja USB-C-liit\u00e4nn\u00e4t<br data-start=\"400\" data-end=\"403\" \/>- IPX3-roiskevesisuojaus<br data-start=\"431\" data-end=\"434\" \/>- Integroitu simulaattori (Home Tee Hero, jossa on 43 000 kentt\u00e4\u00e4)<br data-start=\"492\" data-end=\"495\" \/>- Iskuvideon tallennus<\/p><p data-start=\"490\" data-end=\"677\">\u00a0<\/p>\t\t\t\t\t\t\t\t<\/div>\n\t\t\t\t<\/div>\n\t\t\t\t<\/div>\n\t\t<div class=\"elementor-element elementor-element-c598ab7 e-con-full e-flex e-con e-child\" data-id=\"c598ab7\" data-element_type=\"container\" data-e-type=\"container\">\n\t\t<div class=\"elementor-element elementor-element-5e3d25a e-con-full e-flex e-con e-child\" data-id=\"5e3d25a\" data-element_type=\"container\" data-e-type=\"container\" data-settings=\"{&quot;background_background&quot;:&quot;classic&quot;}\">\n\t\t\t\t<\/div>\n\t\t\t\t<div class=\"elementor-element elementor-element-3480675 elementor-widget elementor-widget-heading\" data-id=\"3480675\" data-element_type=\"widget\" data-e-type=\"widget\" data-widget_type=\"heading.default\">\n\t\t\t\t<div class=\"elementor-widget-container\">\n\t\t\t\t\t<h2 class=\"elementor-heading-title elementor-size-default\">Pallon tiedot<\/h2>\t\t\t\t<\/div>\n\t\t\t\t<\/div>\n\t\t\t\t<div class=\"elementor-element elementor-element-109034f elementor-widget elementor-widget-text-editor\" data-id=\"109034f\" data-element_type=\"widget\" data-e-type=\"widget\" data-widget_type=\"text-editor.default\">\n\t\t\t\t<div class=\"elementor-widget-container\">\n\t\t\t\t\t\t\t\t\t<p>- Pallon nopeus<br data-start=\"515\" data-end=\"518\" \/>- Laukaisukulma<br data-start=\"532\" data-end=\"535\" \/>- Laukaisusuunta<br data-start=\"553\" data-end=\"556\" \/>- Py\u00f6rimisnopeus<br data-start=\"567\" data-end=\"570\" \/>- Spin Axis<br data-start=\"581\" data-end=\"584\" \/>- Kuljetuset\u00e4isyys<br data-start=\"600\" data-end=\"603\" \/>- Kokonaismatka<br data-start=\"619\" data-end=\"622\" \/>- Smash Factor<br data-start=\"636\" data-end=\"639\" \/>- Apex Korkeus<br data-start=\"652\" data-end=\"655\" \/>- Poikkeama Et\u00e4isyys<\/p>\t\t\t\t\t\t\t\t<\/div>\n\t\t\t\t<\/div>\n\t\t\t\t<\/div>\n\t\t<div class=\"elementor-element elementor-element-4f3e1b12 e-con-full e-flex e-con e-child\" data-id=\"4f3e1b12\" data-element_type=\"container\" data-e-type=\"container\">\n\t\t<div class=\"elementor-element elementor-element-6ef9c9f e-con-full e-flex e-con e-child\" data-id=\"6ef9c9f\" data-element_type=\"container\" data-e-type=\"container\" data-settings=\"{&quot;background_background&quot;:&quot;classic&quot;}\">\n\t\t\t\t<\/div>\n\t\t\t\t<div class=\"elementor-element elementor-element-42b995ae elementor-widget elementor-widget-heading\" data-id=\"42b995ae\" data-element_type=\"widget\" data-e-type=\"widget\" data-widget_type=\"heading.default\">\n\t\t\t\t<div class=\"elementor-widget-container\">\n\t\t\t\t\t<h2 class=\"elementor-heading-title elementor-size-default\">Klubin tiedot<\/h2>\t\t\t\t<\/div>\n\t\t\t\t<\/div>\n\t\t\t\t<div class=\"elementor-element elementor-element-3642108c elementor-widget elementor-widget-text-editor\" data-id=\"3642108c\" data-element_type=\"widget\" data-e-type=\"widget\" data-widget_type=\"text-editor.default\">\n\t\t\t\t<div class=\"elementor-widget-container\">\n\t\t\t\t\t\t\t\t\t<p>- Mailan p\u00e4\u00e4n nopeus<br data-start=\"747\" data-end=\"750\" \/>- Polun kulma<br data-start=\"762\" data-end=\"765\" \/>- Hy\u00f6kk\u00e4yskulma<br data-start=\"782\" data-end=\"785\" \/>- Kasvokulma<br data-start=\"797\" data-end=\"800\" \/>- Kasvot polulle<\/p>\t\t\t\t\t\t\t\t<\/div>\n\t\t\t\t<\/div>\n\t\t\t\t<\/div>\n\t\t\t\t<\/div>\n\t\t\t\t<\/div>\n\t\t\t\t<\/div>\n\t\t\t\t<\/div>\n\t\t\t\t<\/div>","protected":false},"excerpt":{"rendered":"<p>Garmin Approach R50 Get a tee time anytime Get a tee time anytime PRECISION MEETS SIMPLICITY Erleben Sie mit dem Garmin Approach R50 fortschrittlichste photometrische Technologie: Drei Hochgeschwindigkeitskameras liefern pr\u00e4zise Analysen von Ball- und Schl\u00e4gerdaten \u2013 direkt auf dem integrierten 10-Zoll-Touchscreen. Sofort einsatzbereit, ganz ohne Radar-Apparat, f\u00fcr unkomplizierte Indoor-Nutzung und beeindruckende Trainingsqualit\u00e4t. see pricing &gt; [&hellip;]<\/p>","protected":false},"author":2,"featured_media":0,"parent":0,"menu_order":0,"comment_status":"closed","ping_status":"closed","template":"elementor_theme","meta":{"_uag_custom_page_level_css":"","site-sidebar-layout":"no-sidebar","site-content-layout":"page-builder","ast-site-content-layout":"full-width-container","site-content-style":"default","site-sidebar-style":"default","ast-global-header-display":"","ast-banner-title-visibility":"","ast-main-header-display":"","ast-hfb-above-header-display":"","ast-hfb-below-header-display":"","ast-hfb-mobile-header-display":"","site-post-title":"disabled","ast-breadcrumbs-content":"","ast-featured-img":"disabled","footer-sml-layout":"","theme-transparent-header-meta":"","adv-header-id-meta":"","stick-header-meta":"","header-above-stick-meta":"","header-main-stick-meta":"","header-below-stick-meta":"","astra-migrate-meta-layouts":"set","ast-page-background-enabled":"default","ast-page-background-meta":{"desktop":{"background-color":"var(--ast-global-color-4)","background-image":"","background-repeat":"repeat","background-position":"center center","background-size":"auto","background-attachment":"scroll","background-type":"","background-media":"","overlay-type":"","overlay-color":"","overlay-opacity":"","overlay-gradient":""},"tablet":{"background-color":"","background-image":"","background-repeat":"repeat","background-position":"center center","background-size":"auto","background-attachment":"scroll","background-type":"","background-media":"","overlay-type":"","overlay-color":"","overlay-opacity":"","overlay-gradient":""},"mobile":{"background-color":"","background-image":"","background-repeat":"repeat","background-position":"center center","background-size":"auto","background-attachment":"scroll","background-type":"","background-media":"","overlay-type":"","overlay-color":"","overlay-opacity":"","overlay-gradient":""}},"ast-content-background-meta":{"desktop":{"background-color":"var(--ast-global-color-5)","background-image":"","background-repeat":"repeat","background-position":"center center","background-size":"auto","background-attachment":"scroll","background-type":"","background-media":"","overlay-type":"","overlay-color":"","overlay-opacity":"","overlay-gradient":""},"tablet":{"background-color":"var(--ast-global-color-5)","background-image":"","background-repeat":"repeat","background-position":"center center","background-size":"auto","background-attachment":"scroll","background-type":"","background-media":"","overlay-type":"","overlay-color":"","overlay-opacity":"","overlay-gradient":""},"mobile":{"background-color":"var(--ast-global-color-5)","background-image":"","background-repeat":"repeat","background-position":"center center","background-size":"auto","background-attachment":"scroll","background-type":"","background-media":"","overlay-type":"","overlay-color":"","overlay-opacity":"","overlay-gradient":""}},"footnotes":""},"class_list":["post-6061","page","type-page","status-publish","hentry"],"yoast_head":"<!-- This site is optimized with the Yoast SEO plugin v26.4 - https:\/\/yoast.com\/wordpress\/plugins\/seo\/ -->\n<title>Garmin R50 - Golfsimulator Kaufen #1 Indoor Golf in Europe<\/title>\n<meta name=\"description\" content=\"Garmin Approach R50 \u2013 Launch Monitor mit 3 Kameras, 10\u2033 Touchscreen &amp; integriertem Simulator mit 43.000 Kursen. Pr\u00e4zision &amp; Einfachheit.\" \/>\n<meta name=\"robots\" content=\"index, follow, max-snippet:-1, max-image-preview:large, max-video-preview:-1\" \/>\n<link rel=\"canonical\" href=\"https:\/\/www.golfsimulator.kaufen\/fi\/garmin-r50\/\" \/>\n<meta property=\"og:locale\" content=\"fi_FI\" \/>\n<meta property=\"og:type\" content=\"article\" \/>\n<meta property=\"og:title\" content=\"Garmin R50 - Golfsimulator Kaufen #1 Indoor Golf in Europe\" \/>\n<meta property=\"og:description\" content=\"Garmin Approach R50 \u2013 Launch Monitor mit 3 Kameras, 10\u2033 Touchscreen &amp; integriertem Simulator mit 43.000 Kursen. Pr\u00e4zision &amp; Einfachheit.\" \/>\n<meta property=\"og:url\" content=\"https:\/\/www.golfsimulator.kaufen\/fi\/garmin-r50\/\" \/>\n<meta property=\"og:site_name\" content=\"Golfsimulator Kaufen #1 Indoor Golf in Europe\" \/>\n<meta property=\"article:publisher\" content=\"https:\/\/www.facebook.com\/golfballs.at\" \/>\n<meta property=\"article:modified_time\" content=\"2025-09-22T11:33:55+00:00\" \/>\n<meta name=\"twitter:card\" content=\"summary_large_image\" \/>\n<meta name=\"twitter:label1\" content=\"Arvioitu lukuaika\" \/>\n\t<meta name=\"twitter:data1\" content=\"1 minuutti\" \/>\n<script type=\"application\/ld+json\" class=\"yoast-schema-graph\">{\"@context\":\"https:\/\/schema.org\",\"@graph\":[{\"@type\":\"WebPage\",\"@id\":\"https:\/\/www.golfsimulator.kaufen\/garmin-r50\/\",\"url\":\"https:\/\/www.golfsimulator.kaufen\/garmin-r50\/\",\"name\":\"Garmin R50 - Golfsimulator Kaufen #1 Indoor Golf in Europe\",\"isPartOf\":{\"@id\":\"https:\/\/www.golfsimulator.kaufen\/de_de\/#website\"},\"datePublished\":\"2025-09-03T12:41:27+00:00\",\"dateModified\":\"2025-09-22T11:33:55+00:00\",\"description\":\"Garmin Approach R50 \u2013 Launch Monitor mit 3 Kameras, 10\u2033 Touchscreen & integriertem Simulator mit 43.000 Kursen. Pr\u00e4zision & Einfachheit.\",\"breadcrumb\":{\"@id\":\"https:\/\/www.golfsimulator.kaufen\/garmin-r50\/#breadcrumb\"},\"inLanguage\":\"fi\",\"potentialAction\":[{\"@type\":\"ReadAction\",\"target\":[\"https:\/\/www.golfsimulator.kaufen\/garmin-r50\/\"]}]},{\"@type\":\"BreadcrumbList\",\"@id\":\"https:\/\/www.golfsimulator.kaufen\/garmin-r50\/#breadcrumb\",\"itemListElement\":[{\"@type\":\"ListItem\",\"position\":1,\"name\":\"Startseite\",\"item\":\"https:\/\/www.golfsimulator.kaufen\/\"},{\"@type\":\"ListItem\",\"position\":2,\"name\":\"Garmin R50\"}]},{\"@type\":\"WebSite\",\"@id\":\"https:\/\/www.golfsimulator.kaufen\/de_de\/#website\",\"url\":\"https:\/\/www.golfsimulator.kaufen\/de_de\/\",\"name\":\"Golfsimulator Kaufen #1 Indoor Golf in Europe\",\"description\":\"Home of the GSK ELITE Enclosure\",\"publisher\":{\"@id\":\"https:\/\/www.golfsimulator.kaufen\/de_de\/#organization\"},\"potentialAction\":[{\"@type\":\"SearchAction\",\"target\":{\"@type\":\"EntryPoint\",\"urlTemplate\":\"https:\/\/www.golfsimulator.kaufen\/de_de\/?s={search_term_string}\"},\"query-input\":{\"@type\":\"PropertyValueSpecification\",\"valueRequired\":true,\"valueName\":\"search_term_string\"}}],\"inLanguage\":\"fi\"},{\"@type\":\"Organization\",\"@id\":\"https:\/\/www.golfsimulator.kaufen\/de_de\/#organization\",\"name\":\"Golfsport Company KG\",\"url\":\"https:\/\/www.golfsimulator.kaufen\/de_de\/\",\"logo\":{\"@type\":\"ImageObject\",\"inLanguage\":\"fi\",\"@id\":\"https:\/\/www.golfsimulator.kaufen\/de_de\/#\/schema\/logo\/image\/\",\"url\":\"https:\/\/www.golfsimulator.kaufen\/wp-content\/uploads\/2024\/09\/golfsimulator_kaufen_logo.png\",\"contentUrl\":\"https:\/\/www.golfsimulator.kaufen\/wp-content\/uploads\/2024\/09\/golfsimulator_kaufen_logo.png\",\"width\":300,\"height\":49,\"caption\":\"Golfsport Company KG\"},\"image\":{\"@id\":\"https:\/\/www.golfsimulator.kaufen\/de_de\/#\/schema\/logo\/image\/\"},\"sameAs\":[\"https:\/\/www.facebook.com\/golfballs.at\"]}]}<\/script>\n<!-- \/ Yoast SEO plugin. -->","yoast_head_json":{"title":"Garmin R50 - Golfsimulaattori Osta #1 Indoor Golf Euroopassa","description":"Garmin Approach R50 - Launch Monitor, jossa on 3 kameraa, 10 tuuman kosketusn\u00e4ytt\u00f6 ja integroitu simulaattori, jossa on 43 000 kurssia. Tarkkuus ja yksinkertaisuus.","robots":{"index":"index","follow":"follow","max-snippet":"max-snippet:-1","max-image-preview":"max-image-preview:large","max-video-preview":"max-video-preview:-1"},"canonical":"https:\/\/www.golfsimulator.kaufen\/fi\/garmin-r50\/","og_locale":"fi_FI","og_type":"article","og_title":"Garmin R50 - Golfsimulator Kaufen #1 Indoor Golf in Europe","og_description":"Garmin Approach R50 \u2013 Launch Monitor mit 3 Kameras, 10\u2033 Touchscreen & integriertem Simulator mit 43.000 Kursen. Pr\u00e4zision & Einfachheit.","og_url":"https:\/\/www.golfsimulator.kaufen\/fi\/garmin-r50\/","og_site_name":"Golfsimulator Kaufen #1 Indoor Golf in Europe","article_publisher":"https:\/\/www.facebook.com\/golfballs.at","article_modified_time":"2025-09-22T11:33:55+00:00","twitter_card":"summary_large_image","twitter_misc":{"Arvioitu lukuaika":"1 minuutti"},"schema":{"@context":"https:\/\/schema.org","@graph":[{"@type":"WebPage","@id":"https:\/\/www.golfsimulator.kaufen\/garmin-r50\/","url":"https:\/\/www.golfsimulator.kaufen\/garmin-r50\/","name":"Garmin R50 - Golfsimulaattori Osta #1 Indoor Golf Euroopassa","isPartOf":{"@id":"https:\/\/www.golfsimulator.kaufen\/de_de\/#website"},"datePublished":"2025-09-03T12:41:27+00:00","dateModified":"2025-09-22T11:33:55+00:00","description":"Garmin Approach R50 - Launch Monitor, jossa on 3 kameraa, 10 tuuman kosketusn\u00e4ytt\u00f6 ja integroitu simulaattori, jossa on 43 000 kurssia. Tarkkuus ja yksinkertaisuus.","breadcrumb":{"@id":"https:\/\/www.golfsimulator.kaufen\/garmin-r50\/#breadcrumb"},"inLanguage":"fi","potentialAction":[{"@type":"ReadAction","target":["https:\/\/www.golfsimulator.kaufen\/garmin-r50\/"]}]},{"@type":"BreadcrumbList","@id":"https:\/\/www.golfsimulator.kaufen\/garmin-r50\/#breadcrumb","itemListElement":[{"@type":"ListItem","position":1,"name":"Startseite","item":"https:\/\/www.golfsimulator.kaufen\/"},{"@type":"ListItem","position":2,"name":"Garmin R50"}]},{"@type":"WebSite","@id":"https:\/\/www.golfsimulator.kaufen\/de_de\/#website","url":"https:\/\/www.golfsimulator.kaufen\/de_de\/","name":"Osta golfsimulaattori #1 Indoor Golf Euroopassa","description":"GSK ELITE -kotelon koti","publisher":{"@id":"https:\/\/www.golfsimulator.kaufen\/de_de\/#organization"},"potentialAction":[{"@type":"SearchAction","target":{"@type":"EntryPoint","urlTemplate":"https:\/\/www.golfsimulator.kaufen\/de_de\/?s={search_term_string}"},"query-input":{"@type":"PropertyValueSpecification","valueRequired":true,"valueName":"search_term_string"}}],"inLanguage":"fi"},{"@type":"Organization","@id":"https:\/\/www.golfsimulator.kaufen\/de_de\/#organization","name":"Golfsport Company KG","url":"https:\/\/www.golfsimulator.kaufen\/de_de\/","logo":{"@type":"ImageObject","inLanguage":"fi","@id":"https:\/\/www.golfsimulator.kaufen\/de_de\/#\/schema\/logo\/image\/","url":"https:\/\/www.golfsimulator.kaufen\/wp-content\/uploads\/2024\/09\/golfsimulator_kaufen_logo.png","contentUrl":"https:\/\/www.golfsimulator.kaufen\/wp-content\/uploads\/2024\/09\/golfsimulator_kaufen_logo.png","width":300,"height":49,"caption":"Golfsport Company KG"},"image":{"@id":"https:\/\/www.golfsimulator.kaufen\/de_de\/#\/schema\/logo\/image\/"},"sameAs":["https:\/\/www.facebook.com\/golfballs.at"]}]}},"uagb_featured_image_src":{"full":false,"thumbnail":false,"medium":false,"medium_large":false,"large":false,"1536x1536":false,"2048x2048":false,"trp-custom-language-flag":false},"uagb_author_info":{"display_name":"Joshua Doerfl","author_link":"https:\/\/www.golfsimulator.kaufen\/fi\/author\/joshua\/"},"uagb_comment_info":0,"uagb_excerpt":"Garmin Approach R50 Get a tee time anytime Get a tee time anytime PRECISION MEETS SIMPLICITY Erleben Sie mit dem Garmin Approach R50 fortschrittlichste photometrische Technologie: Drei Hochgeschwindigkeitskameras liefern pr\u00e4zise Analysen von Ball- und Schl\u00e4gerdaten \u2013 direkt auf dem integrierten 10-Zoll-Touchscreen. Sofort einsatzbereit, ganz ohne Radar-Apparat, f\u00fcr unkomplizierte Indoor-Nutzung und beeindruckende Trainingsqualit\u00e4t. see pricing &gt;&hellip;","_links":{"self":[{"href":"https:\/\/www.golfsimulator.kaufen\/fi\/wp-json\/wp\/v2\/pages\/6061","targetHints":{"allow":["GET"]}}],"collection":[{"href":"https:\/\/www.golfsimulator.kaufen\/fi\/wp-json\/wp\/v2\/pages"}],"about":[{"href":"https:\/\/www.golfsimulator.kaufen\/fi\/wp-json\/wp\/v2\/types\/page"}],"author":[{"embeddable":true,"href":"https:\/\/www.golfsimulator.kaufen\/fi\/wp-json\/wp\/v2\/users\/2"}],"replies":[{"embeddable":true,"href":"https:\/\/www.golfsimulator.kaufen\/fi\/wp-json\/wp\/v2\/comments?post=6061"}],"version-history":[{"count":13,"href":"https:\/\/www.golfsimulator.kaufen\/fi\/wp-json\/wp\/v2\/pages\/6061\/revisions"}],"predecessor-version":[{"id":6096,"href":"https:\/\/www.golfsimulator.kaufen\/fi\/wp-json\/wp\/v2\/pages\/6061\/revisions\/6096"}],"wp:attachment":[{"href":"https:\/\/www.golfsimulator.kaufen\/fi\/wp-json\/wp\/v2\/media?parent=6061"}],"curies":[{"name":"wp","href":"https:\/\/api.w.org\/{rel}","templated":true}]}}