{"id":5625,"date":"2024-09-11T09:57:26","date_gmt":"2024-09-11T07:57:26","guid":{"rendered":"https:\/\/www.golfsimulator.kaufen\/?page_id=5625"},"modified":"2025-09-22T13:32:45","modified_gmt":"2025-09-22T11:32:45","slug":"flightscope-mevo","status":"publish","type":"page","link":"https:\/\/www.golfsimulator.kaufen\/fi\/flightscope-mevo\/","title":{"rendered":"Flightscope Mevo+"},"content":{"rendered":"<h3>Kompakti ja edullinen<\/h3>\n<h2>Flightscope Mevo+<\/h2>\n<h2>Kompakti ja edullinen<br \/>\n<\/h2>\n<h2>Lopulliset sis\u00e4- ja ulkotiloissa k\u00e4ytett\u00e4v\u00e4t laukaisun\u00e4yt\u00f6t<\/h2>\n<p>FlightScopen patentoidulla Fusion Tracking -teknologialla varustettu Mevo+ 2023 Edition on varustettu 20 dataparametrill\u00e4 ja eksklusiivisella E6 Connect 12 kent\u00e4n paketilla, joka sis\u00e4lt\u00e4\u00e4 Pebble Beachin, St Andrewsin, Bethpage Blackin, Greenbrierin ja Bay Hillin.<\/p>\n<p>\t\t\t<a href=\"https:\/\/www.golfsimulator.shop\/Flightscope-Mevo-Plus\" target=\"_blank\" rel=\"noopener\"><br \/>\n\t\t\t\t\t\t\t\t\tkatso hinnoittelu &gt;<br \/>\n\t\t\t\t\t<\/a><\/p>\n<h2>Kompakti ja edullinen<br \/>\n<\/h2>\n<h2>Kattava aivohalvausanalyysi<br \/>\n<\/h2>\n<h2>Tekniset tiedot<\/h2>\n<ul>\n<li>Fusion Tracking -tekniikka<\/li>\n<li>&nbsp;1 litiumpolymeeriakutApple:<\/li>\n<li>iPhonet \/ iPadit, joissa on iOS 14 tai uudempi. Bluetooth LE 4.0 tukee UART\/Serial Port Emulation -palvelua RX- ja TX-ominaisuuksilla.<\/li>\n<li>Android: Android 6.0 tai uudempi (vuonna 2015 tai my\u00f6hemmin rakennetut laitteet). Bluetooth LE 4.0 tukee UART\/Serial Port Emulation -palvelua RX- ja TX-ominaisuuksilla.<\/li>\n<\/ul>\n<h2>Pallon tiedot<\/h2>\n<ul>\n<li>Pallon nopeus<\/li>\n<li>Kuljetuset\u00e4isyys<\/li>\n<li>Laukaisukulma<\/li>\n<li>Py\u00f6rimisnopeus<\/li>\n<li>Apex Korkeus<\/li>\n<li>Lentoaika<\/li>\n<li>Laukaisusuunta<\/li>\n<li>Spin Axis<\/li>\n<li>Rullauset\u00e4isyys<\/li>\n<li>Kokonaismatka<\/li>\n<li>Sivuttainen laskeutuminen<\/li>\n<li>Laukauksen hajonta<\/li>\n<li>Laukauksen tyyppi<\/li>\n<li>K\u00e4yr\u00e4<\/li>\n<\/ul>\n<h2>Klubin tiedot<\/h2>\n<ul>\n<li>Mailan p\u00e4\u00e4n nopeus<\/li>\n<li>Smash Factor<\/li>\n<li>Hy\u00f6kk\u00e4yskulma<\/li>\n<li>Spin Loft<\/li>\n<li>Kasvot polulle<\/li>\n<li>Face to Target<\/li>\n<li>Dynaaminen parvi<\/li>\n<li>Kerhon polku<\/li>\n<li>Pystysuora heilahdustaso<\/li>\n<li>Vaakasuora heilahdustaso<\/li>\n<li>Low Point<\/li>\n<li>Pystysuora laskeutumiskulma<\/li>\n<li>Seuran nopeusprofiili<\/li>\n<li>Klubin kiihtyvyysprofiili<\/li>\n<\/ul>","protected":false},"excerpt":{"rendered":"<p>Kompakti ja edullinen Flightscope Mevo+ Kompakti ja edullinen Lopulliset sis\u00e4- ja ulkotiloissa k\u00e4ytett\u00e4v\u00e4t laukaisumonitorit Mevo+ 2023 Edition on varustettu FlightScopen patentoidulla Fusion Tracking -teknologialla.Mevo+ 2023 Edition -mallissa on 20 dataparametria ja eksklusiivinen E6 Connect 12 kent\u00e4n paketti, joka sis\u00e4lt\u00e4\u00e4 Pebble Beachin, St Andrewsin, Bethpage Blackin, Greenbrierin ja Bay Hillin.Katso hinnoittelu &gt; Kompakti ja edullinen Kattava [...]<\/p>","protected":false},"author":2,"featured_media":0,"parent":0,"menu_order":0,"comment_status":"closed","ping_status":"closed","template":"elementor_theme","meta":{"_uag_custom_page_level_css":"","site-sidebar-layout":"no-sidebar","site-content-layout":"page-builder","ast-site-content-layout":"full-width-container","site-content-style":"default","site-sidebar-style":"default","ast-global-header-display":"","ast-banner-title-visibility":"","ast-main-header-display":"","ast-hfb-above-header-display":"","ast-hfb-below-header-display":"","ast-hfb-mobile-header-display":"","site-post-title":"disabled","ast-breadcrumbs-content":"","ast-featured-img":"disabled","footer-sml-layout":"","theme-transparent-header-meta":"","adv-header-id-meta":"","stick-header-meta":"","header-above-stick-meta":"","header-main-stick-meta":"","header-below-stick-meta":"","astra-migrate-meta-layouts":"set","ast-page-background-enabled":"default","ast-page-background-meta":{"desktop":{"background-color":"var(--ast-global-color-4)","background-image":"","background-repeat":"repeat","background-position":"center center","background-size":"auto","background-attachment":"scroll","background-type":"","background-media":"","overlay-type":"","overlay-color":"","overlay-opacity":"","overlay-gradient":""},"tablet":{"background-color":"","background-image":"","background-repeat":"repeat","background-position":"center center","background-size":"auto","background-attachment":"scroll","background-type":"","background-media":"","overlay-type":"","overlay-color":"","overlay-opacity":"","overlay-gradient":""},"mobile":{"background-color":"","background-image":"","background-repeat":"repeat","background-position":"center center","background-size":"auto","background-attachment":"scroll","background-type":"","background-media":"","overlay-type":"","overlay-color":"","overlay-opacity":"","overlay-gradient":""}},"ast-content-background-meta":{"desktop":{"background-color":"var(--ast-global-color-5)","background-image":"","background-repeat":"repeat","background-position":"center center","background-size":"auto","background-attachment":"scroll","background-type":"","background-media":"","overlay-type":"","overlay-color":"","overlay-opacity":"","overlay-gradient":""},"tablet":{"background-color":"var(--ast-global-color-5)","background-image":"","background-repeat":"repeat","background-position":"center center","background-size":"auto","background-attachment":"scroll","background-type":"","background-media":"","overlay-type":"","overlay-color":"","overlay-opacity":"","overlay-gradient":""},"mobile":{"background-color":"var(--ast-global-color-5)","background-image":"","background-repeat":"repeat","background-position":"center center","background-size":"auto","background-attachment":"scroll","background-type":"","background-media":"","overlay-type":"","overlay-color":"","overlay-opacity":"","overlay-gradient":""}},"footnotes":""},"class_list":["post-5625","page","type-page","status-publish","hentry"],"yoast_head":"<!-- This site is optimized with the Yoast SEO plugin v26.4 - https:\/\/yoast.com\/wordpress\/plugins\/seo\/ -->\n<title>Flightscope Mevo+ - Golfsimulator Kaufen #1 Indoor Golf in Europe<\/title>\n<meta name=\"description\" content=\"Flightscope Mevo+ Launch Monitor \u2013 kompakt, pr\u00e4zise &amp; mobil. Indoor &amp; Outdoor mit 20 Datenparametern &amp; E6 Connect Kurs-Paket.\" \/>\n<meta name=\"robots\" content=\"index, follow, max-snippet:-1, max-image-preview:large, max-video-preview:-1\" \/>\n<link rel=\"canonical\" href=\"https:\/\/www.golfsimulator.kaufen\/fi\/flightscope-mevo\/\" \/>\n<meta property=\"og:locale\" content=\"fi_FI\" \/>\n<meta property=\"og:type\" content=\"article\" \/>\n<meta property=\"og:title\" content=\"Flightscope Mevo+ - Golfsimulator Kaufen #1 Indoor Golf in Europe\" \/>\n<meta property=\"og:description\" content=\"Flightscope Mevo+ Launch Monitor \u2013 kompakt, pr\u00e4zise &amp; mobil. Indoor &amp; Outdoor mit 20 Datenparametern &amp; E6 Connect Kurs-Paket.\" \/>\n<meta property=\"og:url\" content=\"https:\/\/www.golfsimulator.kaufen\/fi\/flightscope-mevo\/\" \/>\n<meta property=\"og:site_name\" content=\"Golfsimulator Kaufen #1 Indoor Golf in Europe\" \/>\n<meta property=\"article:publisher\" content=\"https:\/\/www.facebook.com\/golfballs.at\" \/>\n<meta property=\"article:modified_time\" content=\"2025-09-22T11:32:45+00:00\" \/>\n<meta name=\"twitter:card\" content=\"summary_large_image\" \/>\n<meta name=\"twitter:label1\" content=\"Arvioitu lukuaika\" \/>\n\t<meta name=\"twitter:data1\" content=\"1 minuutti\" \/>\n<script type=\"application\/ld+json\" class=\"yoast-schema-graph\">{\"@context\":\"https:\/\/schema.org\",\"@graph\":[{\"@type\":\"WebPage\",\"@id\":\"https:\/\/www.golfsimulator.kaufen\/flightscope-mevo\/\",\"url\":\"https:\/\/www.golfsimulator.kaufen\/flightscope-mevo\/\",\"name\":\"Flightscope Mevo+ - Golfsimulator Kaufen #1 Indoor Golf in Europe\",\"isPartOf\":{\"@id\":\"https:\/\/www.golfsimulator.kaufen\/de_de\/#website\"},\"datePublished\":\"2024-09-11T07:57:26+00:00\",\"dateModified\":\"2025-09-22T11:32:45+00:00\",\"description\":\"Flightscope Mevo+ Launch Monitor \u2013 kompakt, pr\u00e4zise & mobil. Indoor & Outdoor mit 20 Datenparametern & E6 Connect Kurs-Paket.\",\"breadcrumb\":{\"@id\":\"https:\/\/www.golfsimulator.kaufen\/flightscope-mevo\/#breadcrumb\"},\"inLanguage\":\"fi\",\"potentialAction\":[{\"@type\":\"ReadAction\",\"target\":[\"https:\/\/www.golfsimulator.kaufen\/flightscope-mevo\/\"]}]},{\"@type\":\"BreadcrumbList\",\"@id\":\"https:\/\/www.golfsimulator.kaufen\/flightscope-mevo\/#breadcrumb\",\"itemListElement\":[{\"@type\":\"ListItem\",\"position\":1,\"name\":\"Startseite\",\"item\":\"https:\/\/www.golfsimulator.kaufen\/\"},{\"@type\":\"ListItem\",\"position\":2,\"name\":\"Flightscope Mevo+\"}]},{\"@type\":\"WebSite\",\"@id\":\"https:\/\/www.golfsimulator.kaufen\/de_de\/#website\",\"url\":\"https:\/\/www.golfsimulator.kaufen\/de_de\/\",\"name\":\"Golfsimulator Kaufen #1 Indoor Golf in Europe\",\"description\":\"Home of the GSK ELITE Enclosure\",\"publisher\":{\"@id\":\"https:\/\/www.golfsimulator.kaufen\/de_de\/#organization\"},\"potentialAction\":[{\"@type\":\"SearchAction\",\"target\":{\"@type\":\"EntryPoint\",\"urlTemplate\":\"https:\/\/www.golfsimulator.kaufen\/de_de\/?s={search_term_string}\"},\"query-input\":{\"@type\":\"PropertyValueSpecification\",\"valueRequired\":true,\"valueName\":\"search_term_string\"}}],\"inLanguage\":\"fi\"},{\"@type\":\"Organization\",\"@id\":\"https:\/\/www.golfsimulator.kaufen\/de_de\/#organization\",\"name\":\"Golfsport Company KG\",\"url\":\"https:\/\/www.golfsimulator.kaufen\/de_de\/\",\"logo\":{\"@type\":\"ImageObject\",\"inLanguage\":\"fi\",\"@id\":\"https:\/\/www.golfsimulator.kaufen\/de_de\/#\/schema\/logo\/image\/\",\"url\":\"https:\/\/www.golfsimulator.kaufen\/wp-content\/uploads\/2024\/09\/golfsimulator_kaufen_logo.png\",\"contentUrl\":\"https:\/\/www.golfsimulator.kaufen\/wp-content\/uploads\/2024\/09\/golfsimulator_kaufen_logo.png\",\"width\":300,\"height\":49,\"caption\":\"Golfsport Company KG\"},\"image\":{\"@id\":\"https:\/\/www.golfsimulator.kaufen\/de_de\/#\/schema\/logo\/image\/\"},\"sameAs\":[\"https:\/\/www.facebook.com\/golfballs.at\"]}]}<\/script>\n<!-- \/ Yoast SEO plugin. -->","yoast_head_json":{"title":"Flightscope Mevo+ - Golfsimulaattori Osta #1 Indoor Golf Euroopassa","description":"Flightscope Mevo+ Launch Monitor - kompakti, tarkka ja mobiili. Sis\u00e4- ja ulkotiloissa 20 dataparametri\u00e4 &amp; E6 Connect -kurssipaketti.","robots":{"index":"index","follow":"follow","max-snippet":"max-snippet:-1","max-image-preview":"max-image-preview:large","max-video-preview":"max-video-preview:-1"},"canonical":"https:\/\/www.golfsimulator.kaufen\/fi\/flightscope-mevo\/","og_locale":"fi_FI","og_type":"article","og_title":"Flightscope Mevo+ - Golfsimulator Kaufen #1 Indoor Golf in Europe","og_description":"Flightscope Mevo+ Launch Monitor \u2013 kompakt, pr\u00e4zise & mobil. Indoor & Outdoor mit 20 Datenparametern & E6 Connect Kurs-Paket.","og_url":"https:\/\/www.golfsimulator.kaufen\/fi\/flightscope-mevo\/","og_site_name":"Golfsimulator Kaufen #1 Indoor Golf in Europe","article_publisher":"https:\/\/www.facebook.com\/golfballs.at","article_modified_time":"2025-09-22T11:32:45+00:00","twitter_card":"summary_large_image","twitter_misc":{"Arvioitu lukuaika":"1 minuutti"},"schema":{"@context":"https:\/\/schema.org","@graph":[{"@type":"WebPage","@id":"https:\/\/www.golfsimulator.kaufen\/flightscope-mevo\/","url":"https:\/\/www.golfsimulator.kaufen\/flightscope-mevo\/","name":"Flightscope Mevo+ - Golfsimulaattori Osta #1 Indoor Golf Euroopassa","isPartOf":{"@id":"https:\/\/www.golfsimulator.kaufen\/de_de\/#website"},"datePublished":"2024-09-11T07:57:26+00:00","dateModified":"2025-09-22T11:32:45+00:00","description":"Flightscope Mevo+ Launch Monitor - kompakti, tarkka ja mobiili. Sis\u00e4- ja ulkotiloissa 20 dataparametri\u00e4 &amp; E6 Connect -kurssipaketti.","breadcrumb":{"@id":"https:\/\/www.golfsimulator.kaufen\/flightscope-mevo\/#breadcrumb"},"inLanguage":"fi","potentialAction":[{"@type":"ReadAction","target":["https:\/\/www.golfsimulator.kaufen\/flightscope-mevo\/"]}]},{"@type":"BreadcrumbList","@id":"https:\/\/www.golfsimulator.kaufen\/flightscope-mevo\/#breadcrumb","itemListElement":[{"@type":"ListItem","position":1,"name":"Startseite","item":"https:\/\/www.golfsimulator.kaufen\/"},{"@type":"ListItem","position":2,"name":"Flightscope Mevo+"}]},{"@type":"WebSite","@id":"https:\/\/www.golfsimulator.kaufen\/de_de\/#website","url":"https:\/\/www.golfsimulator.kaufen\/de_de\/","name":"Osta golfsimulaattori #1 Indoor Golf Euroopassa","description":"GSK ELITE -kotelon koti","publisher":{"@id":"https:\/\/www.golfsimulator.kaufen\/de_de\/#organization"},"potentialAction":[{"@type":"SearchAction","target":{"@type":"EntryPoint","urlTemplate":"https:\/\/www.golfsimulator.kaufen\/de_de\/?s={search_term_string}"},"query-input":{"@type":"PropertyValueSpecification","valueRequired":true,"valueName":"search_term_string"}}],"inLanguage":"fi"},{"@type":"Organization","@id":"https:\/\/www.golfsimulator.kaufen\/de_de\/#organization","name":"Golfsport Company KG","url":"https:\/\/www.golfsimulator.kaufen\/de_de\/","logo":{"@type":"ImageObject","inLanguage":"fi","@id":"https:\/\/www.golfsimulator.kaufen\/de_de\/#\/schema\/logo\/image\/","url":"https:\/\/www.golfsimulator.kaufen\/wp-content\/uploads\/2024\/09\/golfsimulator_kaufen_logo.png","contentUrl":"https:\/\/www.golfsimulator.kaufen\/wp-content\/uploads\/2024\/09\/golfsimulator_kaufen_logo.png","width":300,"height":49,"caption":"Golfsport Company KG"},"image":{"@id":"https:\/\/www.golfsimulator.kaufen\/de_de\/#\/schema\/logo\/image\/"},"sameAs":["https:\/\/www.facebook.com\/golfballs.at"]}]}},"uagb_featured_image_src":{"full":false,"thumbnail":false,"medium":false,"medium_large":false,"large":false,"1536x1536":false,"2048x2048":false,"trp-custom-language-flag":false},"uagb_author_info":{"display_name":"Joshua Doerfl","author_link":"https:\/\/www.golfsimulator.kaufen\/fi\/author\/joshua\/"},"uagb_comment_info":0,"uagb_excerpt":"Compact and Affordable Flightscope Mevo+ Compact and Affordable The ultimate Indoor and Outdoor Launch Monitors Angetrieben von FlightScopes patentierter Fusion Tracking-Technologie, ist das Mevo+ 2023 Edition mit 20 Datenparametern und einem exklusiven E6 Connect 12-Kurs-Paket ausgestattet, das Pebble Beach, St Andrews, Bethpage Black, Greenbrier und Bay Hill umfasst. see pricing > Compact and Affordable Umfassende&hellip;","_links":{"self":[{"href":"https:\/\/www.golfsimulator.kaufen\/fi\/wp-json\/wp\/v2\/pages\/5625","targetHints":{"allow":["GET"]}}],"collection":[{"href":"https:\/\/www.golfsimulator.kaufen\/fi\/wp-json\/wp\/v2\/pages"}],"about":[{"href":"https:\/\/www.golfsimulator.kaufen\/fi\/wp-json\/wp\/v2\/types\/page"}],"author":[{"embeddable":true,"href":"https:\/\/www.golfsimulator.kaufen\/fi\/wp-json\/wp\/v2\/users\/2"}],"replies":[{"embeddable":true,"href":"https:\/\/www.golfsimulator.kaufen\/fi\/wp-json\/wp\/v2\/comments?post=5625"}],"version-history":[{"count":52,"href":"https:\/\/www.golfsimulator.kaufen\/fi\/wp-json\/wp\/v2\/pages\/5625\/revisions"}],"predecessor-version":[{"id":5905,"href":"https:\/\/www.golfsimulator.kaufen\/fi\/wp-json\/wp\/v2\/pages\/5625\/revisions\/5905"}],"wp:attachment":[{"href":"https:\/\/www.golfsimulator.kaufen\/fi\/wp-json\/wp\/v2\/media?parent=5625"}],"curies":[{"name":"wp","href":"https:\/\/api.w.org\/{rel}","templated":true}]}}