{"id":5625,"date":"2024-09-11T09:57:26","date_gmt":"2024-09-11T07:57:26","guid":{"rendered":"https:\/\/www.golfsimulator.kaufen\/?page_id=5625"},"modified":"2025-09-22T13:32:45","modified_gmt":"2025-09-22T11:32:45","slug":"flightscope-mevo","status":"publish","type":"page","link":"https:\/\/www.golfsimulator.kaufen\/cs\/flightscope-mevo\/","title":{"rendered":"Flightscope Mevo+"},"content":{"rendered":"<h3>Kompaktn\u00ed a cenov\u011b dostupn\u00e9<\/h3>\n<h2>Flightscope Mevo+<\/h2>\n<h2>Kompaktn\u00ed a cenov\u011b dostupn\u00e9<br \/>\n<\/h2>\n<h2>\u0160pi\u010dkov\u00e9 monitory pro vnit\u0159n\u00ed a venkovn\u00ed spu\u0161t\u011bn\u00ed<\/h2>\n<p>Mevo+ 2023 Edition je vybaveno patentovanou technologi\u00ed FlightScope Fusion Tracking, 20 datov\u00fdmi parametry a exkluzivn\u00edm bal\u00ed\u010dkem E6 Connect pro 12 h\u0159i\u0161\u0165, kter\u00fd zahrnuje Pebble Beach, St Andrews, Bethpage Black, Greenbrier a Bay Hill.<\/p>\n<p>\t\t\t<a href=\"https:\/\/www.golfsimulator.shop\/Flightscope-Mevo-Plus\" target=\"_blank\" rel=\"noopener\"><br \/>\n\t\t\t\t\t\t\t\t\tviz ceny &gt;<br \/>\n\t\t\t\t\t<\/a><\/p>\n<h2>Kompaktn\u00ed a cenov\u011b dostupn\u00e9<br \/>\n<\/h2>\n<h2>Komplexn\u00ed anal\u00fdza mrtvice<br \/>\n<\/h2>\n<h2>Technick\u00e9 specifikace<\/h2>\n<ul>\n<li>Technologie Fusion Tracking<\/li>\n<li>&nbsp;1 Lithiumpolymerov\u00e9 baterieApple:<\/li>\n<li>iPhony \/ iPady s iOS 14 nebo nov\u011bj\u0161\u00edm. Bluetooth LE 4.0 podporuje slu\u017ebu emulace UART\/s\u00e9riov\u00e9ho portu s charakteristikami RX a TX.<\/li>\n<li>Android: Android 6.0 nebo vy\u0161\u0161\u00ed (za\u0159\u00edzen\u00ed vyroben\u00e1 v roce 2015 nebo pozd\u011bji). Bluetooth LE 4.0 podporuje slu\u017ebu UART\/Serial Port Emulation s charakteristikami RX a TX.<\/li>\n<\/ul>\n<h2>\u00dadaje o kouli<\/h2>\n<ul>\n<li>Rychlost m\u00ed\u010de<\/li>\n<li>Vzd\u00e1lenost p\u0159epravy<\/li>\n<li>\u00dahel spu\u0161t\u011bn\u00ed<\/li>\n<li>Rychlost ot\u00e1\u010den\u00ed<\/li>\n<li>V\u00fd\u0161ka vrcholu<\/li>\n<li>Doba letu<\/li>\n<li>Sm\u011br spu\u0161t\u011bn\u00ed<\/li>\n<li>Osa ot\u00e1\u010den\u00ed<\/li>\n<li>Vzd\u00e1lenost rol\u00ed<\/li>\n<li>Celkov\u00e1 vzd\u00e1lenost<\/li>\n<li>Bo\u010dn\u00ed p\u0159ist\u00e1n\u00ed<\/li>\n<li>Rozptyl v\u00fdst\u0159elu<\/li>\n<li>Typ v\u00fdst\u0159elu<\/li>\n<li>K\u0159ivka<\/li>\n<\/ul>\n<h2>\u00dadaje o klubu<\/h2>\n<ul>\n<li>Rychlost hlavy hole<\/li>\n<li>Smash Factor<\/li>\n<li>\u00dahel \u00fatoku<\/li>\n<li>Spin Loft<\/li>\n<li>Tv\u00e1\u0159\u00ed v tv\u00e1\u0159 cest\u011b<\/li>\n<li>Tv\u00e1\u0159\u00ed v tv\u00e1\u0159 c\u00edli<\/li>\n<li>Dynamick\u00e9 podkrov\u00ed<\/li>\n<li>Klubov\u00e1 cesta<\/li>\n<li>Vertik\u00e1ln\u00ed rovina k\u00fdv\u00e1n\u00ed<\/li>\n<li>Vodorovn\u00e1 rovina k\u00fdv\u00e1n\u00ed<\/li>\n<li>N\u00edzk\u00fd bod<\/li>\n<li>Vertik\u00e1ln\u00ed \u00fahel sestupu<\/li>\n<li>Rychlostn\u00ed profil klubu<\/li>\n<li>Profil akcelerace klubu<\/li>\n<\/ul>","protected":false},"excerpt":{"rendered":"<p>Kompaktn\u00ed a cenov\u011b dostupn\u00fd Flightscope Mevo+ Kompaktn\u00ed a cenov\u011b dostupn\u00fd \u0160pi\u010dkov\u00e9 monitory pro indoorov\u00e9 a outdoorov\u00e9 odpaly Mevo+ 2023 Edition, poh\u00e1n\u011bn\u00e9 patentovanou technologi\u00ed FlightScope Fusion Tracking, jsou vybaveny 20 datov\u00fdmi parametry a exkluzivn\u00edm bal\u00ed\u010dkem E6 Connect pro 12 h\u0159i\u0161\u0165, kter\u00fd zahrnuje Pebble Beach, St Andrews, Bethpage Black, Greenbrier a Bay Hill. viz ceny &gt; Kompaktn\u00ed a cenov\u011b dostupn\u00fd Komplexn\u00ed [...]<\/p>","protected":false},"author":2,"featured_media":0,"parent":0,"menu_order":0,"comment_status":"closed","ping_status":"closed","template":"elementor_theme","meta":{"_uag_custom_page_level_css":"","site-sidebar-layout":"no-sidebar","site-content-layout":"page-builder","ast-site-content-layout":"full-width-container","site-content-style":"default","site-sidebar-style":"default","ast-global-header-display":"","ast-banner-title-visibility":"","ast-main-header-display":"","ast-hfb-above-header-display":"","ast-hfb-below-header-display":"","ast-hfb-mobile-header-display":"","site-post-title":"disabled","ast-breadcrumbs-content":"","ast-featured-img":"disabled","footer-sml-layout":"","theme-transparent-header-meta":"","adv-header-id-meta":"","stick-header-meta":"","header-above-stick-meta":"","header-main-stick-meta":"","header-below-stick-meta":"","astra-migrate-meta-layouts":"set","ast-page-background-enabled":"default","ast-page-background-meta":{"desktop":{"background-color":"var(--ast-global-color-4)","background-image":"","background-repeat":"repeat","background-position":"center center","background-size":"auto","background-attachment":"scroll","background-type":"","background-media":"","overlay-type":"","overlay-color":"","overlay-opacity":"","overlay-gradient":""},"tablet":{"background-color":"","background-image":"","background-repeat":"repeat","background-position":"center center","background-size":"auto","background-attachment":"scroll","background-type":"","background-media":"","overlay-type":"","overlay-color":"","overlay-opacity":"","overlay-gradient":""},"mobile":{"background-color":"","background-image":"","background-repeat":"repeat","background-position":"center center","background-size":"auto","background-attachment":"scroll","background-type":"","background-media":"","overlay-type":"","overlay-color":"","overlay-opacity":"","overlay-gradient":""}},"ast-content-background-meta":{"desktop":{"background-color":"var(--ast-global-color-5)","background-image":"","background-repeat":"repeat","background-position":"center center","background-size":"auto","background-attachment":"scroll","background-type":"","background-media":"","overlay-type":"","overlay-color":"","overlay-opacity":"","overlay-gradient":""},"tablet":{"background-color":"var(--ast-global-color-5)","background-image":"","background-repeat":"repeat","background-position":"center center","background-size":"auto","background-attachment":"scroll","background-type":"","background-media":"","overlay-type":"","overlay-color":"","overlay-opacity":"","overlay-gradient":""},"mobile":{"background-color":"var(--ast-global-color-5)","background-image":"","background-repeat":"repeat","background-position":"center center","background-size":"auto","background-attachment":"scroll","background-type":"","background-media":"","overlay-type":"","overlay-color":"","overlay-opacity":"","overlay-gradient":""}},"footnotes":""},"class_list":["post-5625","page","type-page","status-publish","hentry"],"yoast_head":"<!-- This site is optimized with the Yoast SEO plugin v26.4 - https:\/\/yoast.com\/wordpress\/plugins\/seo\/ -->\n<title>Flightscope Mevo+ - Golfsimulator Kaufen #1 Indoor Golf in Europe<\/title>\n<meta name=\"description\" content=\"Flightscope Mevo+ Launch Monitor \u2013 kompakt, pr\u00e4zise &amp; mobil. Indoor &amp; Outdoor mit 20 Datenparametern &amp; E6 Connect Kurs-Paket.\" \/>\n<meta name=\"robots\" content=\"index, follow, max-snippet:-1, max-image-preview:large, max-video-preview:-1\" \/>\n<link rel=\"canonical\" href=\"https:\/\/www.golfsimulator.kaufen\/cs\/flightscope-mevo\/\" \/>\n<meta property=\"og:locale\" content=\"cs_CZ\" \/>\n<meta property=\"og:type\" content=\"article\" \/>\n<meta property=\"og:title\" content=\"Flightscope Mevo+ - Golfsimulator Kaufen #1 Indoor Golf in Europe\" \/>\n<meta property=\"og:description\" content=\"Flightscope Mevo+ Launch Monitor \u2013 kompakt, pr\u00e4zise &amp; mobil. Indoor &amp; Outdoor mit 20 Datenparametern &amp; E6 Connect Kurs-Paket.\" \/>\n<meta property=\"og:url\" content=\"https:\/\/www.golfsimulator.kaufen\/cs\/flightscope-mevo\/\" \/>\n<meta property=\"og:site_name\" content=\"Golfsimulator Kaufen #1 Indoor Golf in Europe\" \/>\n<meta property=\"article:publisher\" content=\"https:\/\/www.facebook.com\/golfballs.at\" \/>\n<meta property=\"article:modified_time\" content=\"2025-09-22T11:32:45+00:00\" \/>\n<meta name=\"twitter:card\" content=\"summary_large_image\" \/>\n<meta name=\"twitter:label1\" content=\"Odhadovan\u00e1 doba \u010dten\u00ed\" \/>\n\t<meta name=\"twitter:data1\" content=\"1 minuta\" \/>\n<script type=\"application\/ld+json\" class=\"yoast-schema-graph\">{\"@context\":\"https:\/\/schema.org\",\"@graph\":[{\"@type\":\"WebPage\",\"@id\":\"https:\/\/www.golfsimulator.kaufen\/flightscope-mevo\/\",\"url\":\"https:\/\/www.golfsimulator.kaufen\/flightscope-mevo\/\",\"name\":\"Flightscope Mevo+ - Golfsimulator Kaufen #1 Indoor Golf in Europe\",\"isPartOf\":{\"@id\":\"https:\/\/www.golfsimulator.kaufen\/de_de\/#website\"},\"datePublished\":\"2024-09-11T07:57:26+00:00\",\"dateModified\":\"2025-09-22T11:32:45+00:00\",\"description\":\"Flightscope Mevo+ Launch Monitor \u2013 kompakt, pr\u00e4zise & mobil. Indoor & Outdoor mit 20 Datenparametern & E6 Connect Kurs-Paket.\",\"breadcrumb\":{\"@id\":\"https:\/\/www.golfsimulator.kaufen\/flightscope-mevo\/#breadcrumb\"},\"inLanguage\":\"cs\",\"potentialAction\":[{\"@type\":\"ReadAction\",\"target\":[\"https:\/\/www.golfsimulator.kaufen\/flightscope-mevo\/\"]}]},{\"@type\":\"BreadcrumbList\",\"@id\":\"https:\/\/www.golfsimulator.kaufen\/flightscope-mevo\/#breadcrumb\",\"itemListElement\":[{\"@type\":\"ListItem\",\"position\":1,\"name\":\"Startseite\",\"item\":\"https:\/\/www.golfsimulator.kaufen\/\"},{\"@type\":\"ListItem\",\"position\":2,\"name\":\"Flightscope Mevo+\"}]},{\"@type\":\"WebSite\",\"@id\":\"https:\/\/www.golfsimulator.kaufen\/de_de\/#website\",\"url\":\"https:\/\/www.golfsimulator.kaufen\/de_de\/\",\"name\":\"Golfsimulator Kaufen #1 Indoor Golf in Europe\",\"description\":\"Home of the GSK ELITE Enclosure\",\"publisher\":{\"@id\":\"https:\/\/www.golfsimulator.kaufen\/de_de\/#organization\"},\"potentialAction\":[{\"@type\":\"SearchAction\",\"target\":{\"@type\":\"EntryPoint\",\"urlTemplate\":\"https:\/\/www.golfsimulator.kaufen\/de_de\/?s={search_term_string}\"},\"query-input\":{\"@type\":\"PropertyValueSpecification\",\"valueRequired\":true,\"valueName\":\"search_term_string\"}}],\"inLanguage\":\"cs\"},{\"@type\":\"Organization\",\"@id\":\"https:\/\/www.golfsimulator.kaufen\/de_de\/#organization\",\"name\":\"Golfsport Company KG\",\"url\":\"https:\/\/www.golfsimulator.kaufen\/de_de\/\",\"logo\":{\"@type\":\"ImageObject\",\"inLanguage\":\"cs\",\"@id\":\"https:\/\/www.golfsimulator.kaufen\/de_de\/#\/schema\/logo\/image\/\",\"url\":\"https:\/\/www.golfsimulator.kaufen\/wp-content\/uploads\/2024\/09\/golfsimulator_kaufen_logo.png\",\"contentUrl\":\"https:\/\/www.golfsimulator.kaufen\/wp-content\/uploads\/2024\/09\/golfsimulator_kaufen_logo.png\",\"width\":300,\"height\":49,\"caption\":\"Golfsport Company KG\"},\"image\":{\"@id\":\"https:\/\/www.golfsimulator.kaufen\/de_de\/#\/schema\/logo\/image\/\"},\"sameAs\":[\"https:\/\/www.facebook.com\/golfballs.at\"]}]}<\/script>\n<!-- \/ Yoast SEO plugin. -->","yoast_head_json":{"title":"Flightscope Mevo+ - Golfov\u00fd simul\u00e1tor Koupit #1 Indoor Golf v Evrop\u011b","description":"Flightscope Mevo+ Launch Monitor - kompaktn\u00ed, p\u0159esn\u00fd a mobiln\u00ed. Vnit\u0159n\u00ed i venkovn\u00ed s 20 datov\u00fdmi parametry a bal\u00ed\u010dkem kurz\u016f E6 Connect.","robots":{"index":"index","follow":"follow","max-snippet":"max-snippet:-1","max-image-preview":"max-image-preview:large","max-video-preview":"max-video-preview:-1"},"canonical":"https:\/\/www.golfsimulator.kaufen\/cs\/flightscope-mevo\/","og_locale":"cs_CZ","og_type":"article","og_title":"Flightscope Mevo+ - Golfsimulator Kaufen #1 Indoor Golf in Europe","og_description":"Flightscope Mevo+ Launch Monitor \u2013 kompakt, pr\u00e4zise & mobil. Indoor & Outdoor mit 20 Datenparametern & E6 Connect Kurs-Paket.","og_url":"https:\/\/www.golfsimulator.kaufen\/cs\/flightscope-mevo\/","og_site_name":"Golfsimulator Kaufen #1 Indoor Golf in Europe","article_publisher":"https:\/\/www.facebook.com\/golfballs.at","article_modified_time":"2025-09-22T11:32:45+00:00","twitter_card":"summary_large_image","twitter_misc":{"Odhadovan\u00e1 doba \u010dten\u00ed":"1 minuta"},"schema":{"@context":"https:\/\/schema.org","@graph":[{"@type":"WebPage","@id":"https:\/\/www.golfsimulator.kaufen\/flightscope-mevo\/","url":"https:\/\/www.golfsimulator.kaufen\/flightscope-mevo\/","name":"Flightscope Mevo+ - Golfov\u00fd simul\u00e1tor Koupit #1 Indoor Golf v Evrop\u011b","isPartOf":{"@id":"https:\/\/www.golfsimulator.kaufen\/de_de\/#website"},"datePublished":"2024-09-11T07:57:26+00:00","dateModified":"2025-09-22T11:32:45+00:00","description":"Flightscope Mevo+ Launch Monitor - kompaktn\u00ed, p\u0159esn\u00fd a mobiln\u00ed. Vnit\u0159n\u00ed i venkovn\u00ed s 20 datov\u00fdmi parametry a bal\u00ed\u010dkem kurz\u016f E6 Connect.","breadcrumb":{"@id":"https:\/\/www.golfsimulator.kaufen\/flightscope-mevo\/#breadcrumb"},"inLanguage":"cs","potentialAction":[{"@type":"ReadAction","target":["https:\/\/www.golfsimulator.kaufen\/flightscope-mevo\/"]}]},{"@type":"BreadcrumbList","@id":"https:\/\/www.golfsimulator.kaufen\/flightscope-mevo\/#breadcrumb","itemListElement":[{"@type":"ListItem","position":1,"name":"Startseite","item":"https:\/\/www.golfsimulator.kaufen\/"},{"@type":"ListItem","position":2,"name":"Flightscope Mevo+"}]},{"@type":"WebSite","@id":"https:\/\/www.golfsimulator.kaufen\/de_de\/#website","url":"https:\/\/www.golfsimulator.kaufen\/de_de\/","name":"Koupit golfov\u00fd simul\u00e1tor #1 Indoor Golf v Evrop\u011b","description":"Domovsk\u00e1 str\u00e1nka sk\u0159\u00edn\u011b GSK ELITE","publisher":{"@id":"https:\/\/www.golfsimulator.kaufen\/de_de\/#organization"},"potentialAction":[{"@type":"SearchAction","target":{"@type":"EntryPoint","urlTemplate":"https:\/\/www.golfsimulator.kaufen\/de_de\/?s={search_term_string}"},"query-input":{"@type":"PropertyValueSpecification","valueRequired":true,"valueName":"search_term_string"}}],"inLanguage":"cs"},{"@type":"Organization","@id":"https:\/\/www.golfsimulator.kaufen\/de_de\/#organization","name":"Golfsport Company KG","url":"https:\/\/www.golfsimulator.kaufen\/de_de\/","logo":{"@type":"ImageObject","inLanguage":"cs","@id":"https:\/\/www.golfsimulator.kaufen\/de_de\/#\/schema\/logo\/image\/","url":"https:\/\/www.golfsimulator.kaufen\/wp-content\/uploads\/2024\/09\/golfsimulator_kaufen_logo.png","contentUrl":"https:\/\/www.golfsimulator.kaufen\/wp-content\/uploads\/2024\/09\/golfsimulator_kaufen_logo.png","width":300,"height":49,"caption":"Golfsport Company KG"},"image":{"@id":"https:\/\/www.golfsimulator.kaufen\/de_de\/#\/schema\/logo\/image\/"},"sameAs":["https:\/\/www.facebook.com\/golfballs.at"]}]}},"uagb_featured_image_src":{"full":false,"thumbnail":false,"medium":false,"medium_large":false,"large":false,"1536x1536":false,"2048x2048":false,"trp-custom-language-flag":false},"uagb_author_info":{"display_name":"Joshua Doerfl","author_link":"https:\/\/www.golfsimulator.kaufen\/cs\/author\/joshua\/"},"uagb_comment_info":0,"uagb_excerpt":"Compact and Affordable Flightscope Mevo+ Compact and Affordable The ultimate Indoor and Outdoor Launch Monitors Angetrieben von FlightScopes patentierter Fusion Tracking-Technologie, ist das Mevo+ 2023 Edition mit 20 Datenparametern und einem exklusiven E6 Connect 12-Kurs-Paket ausgestattet, das Pebble Beach, St Andrews, Bethpage Black, Greenbrier und Bay Hill umfasst. see pricing > Compact and Affordable Umfassende&hellip;","_links":{"self":[{"href":"https:\/\/www.golfsimulator.kaufen\/cs\/wp-json\/wp\/v2\/pages\/5625","targetHints":{"allow":["GET"]}}],"collection":[{"href":"https:\/\/www.golfsimulator.kaufen\/cs\/wp-json\/wp\/v2\/pages"}],"about":[{"href":"https:\/\/www.golfsimulator.kaufen\/cs\/wp-json\/wp\/v2\/types\/page"}],"author":[{"embeddable":true,"href":"https:\/\/www.golfsimulator.kaufen\/cs\/wp-json\/wp\/v2\/users\/2"}],"replies":[{"embeddable":true,"href":"https:\/\/www.golfsimulator.kaufen\/cs\/wp-json\/wp\/v2\/comments?post=5625"}],"version-history":[{"count":52,"href":"https:\/\/www.golfsimulator.kaufen\/cs\/wp-json\/wp\/v2\/pages\/5625\/revisions"}],"predecessor-version":[{"id":5905,"href":"https:\/\/www.golfsimulator.kaufen\/cs\/wp-json\/wp\/v2\/pages\/5625\/revisions\/5905"}],"wp:attachment":[{"href":"https:\/\/www.golfsimulator.kaufen\/cs\/wp-json\/wp\/v2\/media?parent=5625"}],"curies":[{"name":"wp","href":"https:\/\/api.w.org\/{rel}","templated":true}]}}