{"id":5041,"date":"2024-08-29T14:56:23","date_gmt":"2024-08-29T12:56:23","guid":{"rendered":"https:\/\/new.golfsimulator.kaufen\/?page_id=5041"},"modified":"2024-09-10T09:48:57","modified_gmt":"2024-09-10T07:48:57","slug":"trackman-4","status":"publish","type":"page","link":"https:\/\/www.golfsimulator.kaufen\/cs\/trackman-4\/","title":{"rendered":"Trackman 4"},"content":{"rendered":"<div data-elementor-type=\"wp-page\" data-elementor-id=\"5041\" class=\"elementor elementor-5041\" data-elementor-post-type=\"page\">\n\t\t\t\t<div class=\"elementor-element elementor-element-719cd8ac e-flex e-con-boxed e-con e-parent\" data-id=\"719cd8ac\" data-element_type=\"container\" data-e-type=\"container\" data-settings=\"{&quot;background_background&quot;:&quot;classic&quot;}\">\n\t\t\t\t\t<div class=\"e-con-inner\">\n\t\t<div class=\"elementor-element elementor-element-6d754472 e-con-full e-flex e-con e-child\" data-id=\"6d754472\" data-element_type=\"container\" data-e-type=\"container\">\n\t\t\t\t<div class=\"elementor-element elementor-element-833057f elementor-widget elementor-widget-heading\" data-id=\"833057f\" data-element_type=\"widget\" data-e-type=\"widget\" data-widget_type=\"heading.default\">\n\t\t\t\t<div class=\"elementor-widget-container\">\n\t\t\t\t\t<h2 class=\"elementor-heading-title elementor-size-default\">TRACKMAN 4<\/h2>\t\t\t\t<\/div>\n\t\t\t\t<\/div>\n\t\t\t\t<div class=\"elementor-element elementor-element-443ea7f3 elementor-widget elementor-widget-heading\" data-id=\"443ea7f3\" data-element_type=\"widget\" data-e-type=\"widget\" data-widget_type=\"heading.default\">\n\t\t\t\t<div class=\"elementor-widget-container\">\n\t\t\t\t\t<h2 class=\"elementor-heading-title elementor-size-default\">Je \u010das na novou perspektivu. <\/h2>\t\t\t\t<\/div>\n\t\t\t\t<\/div>\n\t\t\t\t<\/div>\n\t\t\t\t\t<\/div>\n\t\t\t\t<\/div>\n\t\t<div class=\"elementor-element elementor-element-578f5a2b e-con-full e-flex e-con e-parent\" data-id=\"578f5a2b\" data-element_type=\"container\" data-e-type=\"container\" data-settings=\"{&quot;background_background&quot;:&quot;classic&quot;}\">\n\t\t<div class=\"elementor-element elementor-element-7e081f25 e-con-full e-flex e-con e-child\" data-id=\"7e081f25\" data-element_type=\"container\" data-e-type=\"container\" data-settings=\"{&quot;background_background&quot;:&quot;classic&quot;}\">\n\t\t\t\t<div class=\"elementor-element elementor-element-3c9a851 elementor-widget elementor-widget-heading\" data-id=\"3c9a851\" data-element_type=\"widget\" data-e-type=\"widget\" data-widget_type=\"heading.default\">\n\t\t\t\t<div class=\"elementor-widget-container\">\n\t\t\t\t\t<h2 class=\"elementor-heading-title elementor-size-default\">p\u0159ipraven k hran\u00ed ihned po vybalen\u00ed z krabice<\/h2>\t\t\t\t<\/div>\n\t\t\t\t<\/div>\n\t\t\t\t<div class=\"elementor-element elementor-element-4b22a1af elementor-widget elementor-widget-heading\" data-id=\"4b22a1af\" data-element_type=\"widget\" data-e-type=\"widget\" data-widget_type=\"heading.default\">\n\t\t\t\t<div class=\"elementor-widget-container\">\n\t\t\t\t\t<h2 class=\"elementor-heading-title elementor-size-default\">S\u00edla, kter\u00e1 se hod\u00ed kamkoli a zvl\u00e1dne v\u0161echno.<\/h2>\t\t\t\t<\/div>\n\t\t\t\t<\/div>\n\t\t\t\t<div class=\"elementor-element elementor-element-5acbcae3 elementor-widget elementor-widget-text-editor\" data-id=\"5acbcae3\" data-element_type=\"widget\" data-e-type=\"widget\" data-widget_type=\"text-editor.default\">\n\t\t\t\t<div class=\"elementor-widget-container\">\n\t\t\t\t\t\t\t\t\t<div class=\"flex max-w-full flex-col flex-grow\"><div class=\"min-h-[20px] text-message flex w-full flex-col items-end gap-2 break-words [.text-message+&amp;]:mt-5 overflow-x-auto whitespace-normal\" dir=\"auto\" data-message-author-role=\"assistant\" data-message-id=\"8609c566-b682-4082-9d34-ca98d11568dc\"><div class=\"flex w-full flex-col gap-1 empty:hidden first:pt-[3px]\"><div class=\"markdown prose w-full break-words dark:prose-invert light\"><p>TrackMan 4 je nejmodern\u011bj\u0161\u00ed syst\u00e9m monitoru odpalu, kter\u00fd golfist\u016fm poskytuje v\u00fdjime\u010dnou p\u0159esnost a p\u0159ehled jak na h\u0159i\u0161ti, tak na cvi\u010di\u0161ti. Syst\u00e9m TrackMan 4 vyu\u017e\u00edv\u00e1 pokro\u010dilou technologii du\u00e1ln\u00edho radaru, zachycuje komplexn\u00ed \u00fadaje o v\u00fdkonu hole a m\u00ed\u010dku a poskytuje podrobnou anal\u00fdzu, kter\u00e1 golfist\u016fm pom\u00e1h\u00e1 optimalizovat \u0161vihy a zlep\u0161ovat hru. D\u00edky sv\u00e9mu robustn\u00edmu v\u00fdkonu a v\u0161estrannosti je TrackMan 4 ide\u00e1ln\u00ed pro r\u016fzn\u00e9 aplikace.<\/p><\/div><\/div><\/div><\/div>\t\t\t\t\t\t\t\t<\/div>\n\t\t\t\t<\/div>\n\t\t\t\t<div class=\"elementor-element elementor-element-3a8af5fe elementor-align-center elementor-widget elementor-widget-button\" data-id=\"3a8af5fe\" data-element_type=\"widget\" data-e-type=\"widget\" data-widget_type=\"button.default\">\n\t\t\t\t<div class=\"elementor-widget-container\">\n\t\t\t\t\t\t\t\t\t<div class=\"elementor-button-wrapper\">\n\t\t\t\t\t<a class=\"elementor-button elementor-button-link elementor-size-lg elementor-animation-grow\" href=\"https:\/\/www.golfsimulator.shop\/Trackman-4\" target=\"_blank\">\n\t\t\t\t\t\t<span class=\"elementor-button-content-wrapper\">\n\t\t\t\t\t\t\t\t\t<span class=\"elementor-button-text\">viz ceny &gt;<\/span>\n\t\t\t\t\t<\/span>\n\t\t\t\t\t<\/a>\n\t\t\t\t<\/div>\n\t\t\t\t\t\t\t\t<\/div>\n\t\t\t\t<\/div>\n\t\t\t\t<\/div>\n\t\t<div class=\"elementor-element elementor-element-7520ae9d e-con-full e-flex e-con e-child\" data-id=\"7520ae9d\" data-element_type=\"container\" data-e-type=\"container\" data-settings=\"{&quot;background_background&quot;:&quot;classic&quot;}\">\n\t\t\t\t<\/div>\n\t\t\t\t<\/div>\n\t\t<div class=\"elementor-element elementor-element-6be383c4 e-con-full e-flex e-con e-parent\" data-id=\"6be383c4\" data-element_type=\"container\" data-e-type=\"container\" data-settings=\"{&quot;background_background&quot;:&quot;classic&quot;}\">\n\t\t<div class=\"elementor-element elementor-element-7bc585ef e-con-full e-flex e-con e-child\" data-id=\"7bc585ef\" data-element_type=\"container\" data-e-type=\"container\">\n\t\t\t\t<div class=\"elementor-element elementor-element-7f2bc620 animated-slow elementor-invisible elementor-widget elementor-widget-heading\" data-id=\"7f2bc620\" data-element_type=\"widget\" data-e-type=\"widget\" data-settings=\"{&quot;_animation&quot;:&quot;slideInUp&quot;}\" data-widget_type=\"heading.default\">\n\t\t\t\t<div class=\"elementor-widget-container\">\n\t\t\t\t\t<h2 class=\"elementor-heading-title elementor-size-default\">Mal\u00e9 balen\u00ed, pln\u00e1 simulace<\/h2>\t\t\t\t<\/div>\n\t\t\t\t<\/div>\n\t\t\t\t<div class=\"elementor-element elementor-element-1e5a2f9c animated-slow elementor-invisible elementor-widget elementor-widget-heading\" data-id=\"1e5a2f9c\" data-element_type=\"widget\" data-e-type=\"widget\" data-settings=\"{&quot;_animation&quot;:&quot;slideInUp&quot;}\" data-widget_type=\"heading.default\">\n\t\t\t\t<div class=\"elementor-widget-container\">\n\t\t\t\t\t<h2 class=\"elementor-heading-title elementor-size-default\">Komplexn\u00ed anal\u00fdza mrtvice\n\n<\/h2>\t\t\t\t<\/div>\n\t\t\t\t<\/div>\n\t\t\t\t<\/div>\n\t\t<div class=\"elementor-element elementor-element-7cffcf1d e-con-full e-flex e-con e-child\" data-id=\"7cffcf1d\" data-element_type=\"container\" data-e-type=\"container\">\n\t\t<div class=\"elementor-element elementor-element-57838762 e-con-full e-flex e-con e-child\" data-id=\"57838762\" data-element_type=\"container\" data-e-type=\"container\">\n\t\t<div class=\"elementor-element elementor-element-1c8df473 e-grid e-con-full e-con e-child\" data-id=\"1c8df473\" data-element_type=\"container\" data-e-type=\"container\">\n\t\t<div class=\"elementor-element elementor-element-1199c3f6 e-con-full e-flex e-con e-child\" data-id=\"1199c3f6\" data-element_type=\"container\" data-e-type=\"container\">\n\t\t<div class=\"elementor-element elementor-element-6254ae17 e-con-full e-flex e-con e-child\" data-id=\"6254ae17\" data-element_type=\"container\" data-e-type=\"container\" data-settings=\"{&quot;background_background&quot;:&quot;classic&quot;}\">\n\t\t\t\t<\/div>\n\t\t\t\t<div class=\"elementor-element elementor-element-58cba6d3 elementor-widget elementor-widget-heading\" data-id=\"58cba6d3\" data-element_type=\"widget\" data-e-type=\"widget\" data-widget_type=\"heading.default\">\n\t\t\t\t<div class=\"elementor-widget-container\">\n\t\t\t\t\t<h2 class=\"elementor-heading-title elementor-size-default\">Technick\u00e9 specifikace<\/h2>\t\t\t\t<\/div>\n\t\t\t\t<\/div>\n\t\t\t\t<div class=\"elementor-element elementor-element-168650f7 elementor-widget elementor-widget-text-editor\" data-id=\"168650f7\" data-element_type=\"widget\" data-e-type=\"widget\" data-widget_type=\"text-editor.default\">\n\t\t\t\t<div class=\"elementor-widget-container\">\n\t\t\t\t\t\t\t\t\t<ul><li>Radarov\u00e9 sledov\u00e1n\u00ed<\/li><li>Syst\u00e9m dvou kamer<\/li><li>Vestav\u011bn\u00fd infra\u010derven\u00fd sv\u011bteln\u00fd syst\u00e9m<\/li><\/ul>\t\t\t\t\t\t\t\t<\/div>\n\t\t\t\t<\/div>\n\t\t\t\t<\/div>\n\t\t<div class=\"elementor-element elementor-element-f95107e e-con-full e-flex e-con e-child\" data-id=\"f95107e\" data-element_type=\"container\" data-e-type=\"container\">\n\t\t<div class=\"elementor-element elementor-element-24a567cd e-con-full e-flex e-con e-child\" data-id=\"24a567cd\" data-element_type=\"container\" data-e-type=\"container\" data-settings=\"{&quot;background_background&quot;:&quot;classic&quot;}\">\n\t\t\t\t<\/div>\n\t\t\t\t<div class=\"elementor-element elementor-element-3fa96b9e elementor-widget elementor-widget-heading\" data-id=\"3fa96b9e\" data-element_type=\"widget\" data-e-type=\"widget\" data-widget_type=\"heading.default\">\n\t\t\t\t<div class=\"elementor-widget-container\">\n\t\t\t\t\t<h2 class=\"elementor-heading-title elementor-size-default\">\u00dadaje o kouli<\/h2>\t\t\t\t<\/div>\n\t\t\t\t<\/div>\n\t\t\t\t<div class=\"elementor-element elementor-element-31b3c129 elementor-widget elementor-widget-text-editor\" data-id=\"31b3c129\" data-element_type=\"widget\" data-e-type=\"widget\" data-widget_type=\"text-editor.default\">\n\t\t\t\t<div class=\"elementor-widget-container\">\n\t\t\t\t\t\t\t\t\t<ul><li>Rychlost m\u00ed\u010de<\/li><li>\u00dahel spu\u0161t\u011bn\u00ed<\/li><li>Rychlost ot\u00e1\u010den\u00ed<\/li><li>Osa ot\u00e1\u010den\u00ed<\/li><li>Vzd\u00e1lenost p\u0159epravy<\/li><li>Celkov\u00e1 vzd\u00e1lenost<\/li><li>\u00dahel \u00fatoku<\/li><li>Podm\u00ednky horizont\u00e1ln\u00edho spu\u0161t\u011bn\u00ed<\/li><li>Podm\u00ednky svisl\u00e9ho startu<\/li><li>M\u00ed\u010dov\u00e1 dr\u00e1ha<\/li><\/ul>\t\t\t\t\t\t\t\t<\/div>\n\t\t\t\t<\/div>\n\t\t\t\t<\/div>\n\t\t<div class=\"elementor-element elementor-element-2dfa1ddb e-con-full e-flex e-con e-child\" data-id=\"2dfa1ddb\" data-element_type=\"container\" data-e-type=\"container\">\n\t\t<div class=\"elementor-element elementor-element-20aacd0a e-con-full e-flex e-con e-child\" data-id=\"20aacd0a\" data-element_type=\"container\" data-e-type=\"container\" data-settings=\"{&quot;background_background&quot;:&quot;classic&quot;}\">\n\t\t\t\t<\/div>\n\t\t\t\t<div class=\"elementor-element elementor-element-13e10e9c elementor-widget elementor-widget-heading\" data-id=\"13e10e9c\" data-element_type=\"widget\" data-e-type=\"widget\" data-widget_type=\"heading.default\">\n\t\t\t\t<div class=\"elementor-widget-container\">\n\t\t\t\t\t<h2 class=\"elementor-heading-title elementor-size-default\">\u00dadaje o klubu<\/h2>\t\t\t\t<\/div>\n\t\t\t\t<\/div>\n\t\t\t\t<div class=\"elementor-element elementor-element-5f48466f elementor-widget elementor-widget-text-editor\" data-id=\"5f48466f\" data-element_type=\"widget\" data-e-type=\"widget\" data-widget_type=\"text-editor.default\">\n\t\t\t\t<div class=\"elementor-widget-container\">\n\t\t\t\t\t\t\t\t\t<ul><li>Klubov\u00e1 rychlost<\/li><li>Klubov\u00e1 cesta<\/li><li>\u00dahel obli\u010deje<\/li><li>Um\u00edst\u011bn\u00ed n\u00e1razu na obli\u010dej<\/li><li>\u00dahel \u00fatoku<\/li><li>Dynamick\u00e9 podkrov\u00ed<\/li><li>Rychlost hlavy hole<\/li><li>Naklon\u011bn\u00ed h\u0159\u00eddele<\/li><li>Rychlost<\/li><li>Um\u00edst\u011bn\u00ed st\u00e1vky<\/li><\/ul>\t\t\t\t\t\t\t\t<\/div>\n\t\t\t\t<\/div>\n\t\t\t\t<\/div>\n\t\t\t\t<\/div>\n\t\t\t\t<\/div>\n\t\t\t\t<\/div>\n\t\t\t\t<\/div>\n\t\t\t\t<\/div>","protected":false},"excerpt":{"rendered":"<p>TRACKMAN 4 Je \u010das na novou perspektivu. p\u0159ipraven ke h\u0159e ihned po vybalen\u00ed z krabice V\u00fdkonn\u00fd stroj, kter\u00fd se hod\u00ed v\u0161ude a ke v\u0161emu. TrackMan 4 je nejmodern\u011bj\u0161\u00ed syst\u00e9m monitoru odpalu, kter\u00fd golfist\u016fm poskytuje v\u00fdjime\u010dnou p\u0159esnost a p\u0159ehled jak na h\u0159i\u0161ti, tak na cvi\u010di\u0161ti. TrackMan 4 vyu\u017e\u00edv\u00e1 pokro\u010dilou technologii du\u00e1ln\u00edho radaru, d\u00edky kter\u00e9 zachycuje komplexn\u00ed data o [...]<\/p>","protected":false},"author":1,"featured_media":0,"parent":0,"menu_order":0,"comment_status":"closed","ping_status":"closed","template":"elementor_theme","meta":{"_uag_custom_page_level_css":"","site-sidebar-layout":"no-sidebar","site-content-layout":"page-builder","ast-site-content-layout":"full-width-container","site-content-style":"default","site-sidebar-style":"default","ast-global-header-display":"","ast-banner-title-visibility":"","ast-main-header-display":"","ast-hfb-above-header-display":"","ast-hfb-below-header-display":"","ast-hfb-mobile-header-display":"","site-post-title":"disabled","ast-breadcrumbs-content":"","ast-featured-img":"disabled","footer-sml-layout":"","theme-transparent-header-meta":"","adv-header-id-meta":"","stick-header-meta":"","header-above-stick-meta":"","header-main-stick-meta":"","header-below-stick-meta":"","astra-migrate-meta-layouts":"set","ast-page-background-enabled":"default","ast-page-background-meta":{"desktop":{"background-color":"var(--ast-global-color-4)","background-image":"","background-repeat":"repeat","background-position":"center center","background-size":"auto","background-attachment":"scroll","background-type":"","background-media":"","overlay-type":"","overlay-color":"","overlay-opacity":"","overlay-gradient":""},"tablet":{"background-color":"","background-image":"","background-repeat":"repeat","background-position":"center center","background-size":"auto","background-attachment":"scroll","background-type":"","background-media":"","overlay-type":"","overlay-color":"","overlay-opacity":"","overlay-gradient":""},"mobile":{"background-color":"","background-image":"","background-repeat":"repeat","background-position":"center center","background-size":"auto","background-attachment":"scroll","background-type":"","background-media":"","overlay-type":"","overlay-color":"","overlay-opacity":"","overlay-gradient":""}},"ast-content-background-meta":{"desktop":{"background-color":"var(--ast-global-color-5)","background-image":"","background-repeat":"repeat","background-position":"center center","background-size":"auto","background-attachment":"scroll","background-type":"","background-media":"","overlay-type":"","overlay-color":"","overlay-opacity":"","overlay-gradient":""},"tablet":{"background-color":"var(--ast-global-color-5)","background-image":"","background-repeat":"repeat","background-position":"center center","background-size":"auto","background-attachment":"scroll","background-type":"","background-media":"","overlay-type":"","overlay-color":"","overlay-opacity":"","overlay-gradient":""},"mobile":{"background-color":"var(--ast-global-color-5)","background-image":"","background-repeat":"repeat","background-position":"center center","background-size":"auto","background-attachment":"scroll","background-type":"","background-media":"","overlay-type":"","overlay-color":"","overlay-opacity":"","overlay-gradient":""}},"footnotes":""},"class_list":["post-5041","page","type-page","status-publish","hentry"],"yoast_head":"<!-- This site is optimized with the Yoast SEO plugin v26.4 - https:\/\/yoast.com\/wordpress\/plugins\/seo\/ -->\n<title>Trackman 4 - Golfsimulator Kaufen #1 Indoor Golf in Europe<\/title>\n<meta name=\"robots\" content=\"index, follow, max-snippet:-1, max-image-preview:large, max-video-preview:-1\" \/>\n<link rel=\"canonical\" href=\"https:\/\/www.golfsimulator.kaufen\/cs\/trackman-4\/\" \/>\n<meta property=\"og:locale\" content=\"cs_CZ\" \/>\n<meta property=\"og:type\" content=\"article\" \/>\n<meta property=\"og:title\" content=\"Trackman 4 - Golfsimulator Kaufen #1 Indoor Golf in Europe\" \/>\n<meta property=\"og:description\" content=\"TRACKMAN 4 Es ist Zeit f\u00fcr eine neue Perspektive. ready to play right out of the box\u200b The go-anywhere, do-it-all powerhouse. Der TrackMan 4 ist ein hochmodernes Launch-Monitor-System, das au\u00dfergew\u00f6hnliche Genauigkeit und Einblicke f\u00fcr Golfspieler sowohl auf dem Platz als auch im Trainingsbereich bietet. Durch die Nutzung fortschrittlicher Dual-Radar-Technologie erfasst der TrackMan 4 umfassende Daten [&hellip;]\" \/>\n<meta property=\"og:url\" content=\"https:\/\/www.golfsimulator.kaufen\/cs\/trackman-4\/\" \/>\n<meta property=\"og:site_name\" content=\"Golfsimulator Kaufen #1 Indoor Golf in Europe\" \/>\n<meta property=\"article:publisher\" content=\"https:\/\/www.facebook.com\/golfballs.at\" \/>\n<meta property=\"article:modified_time\" content=\"2024-09-10T07:48:57+00:00\" \/>\n<meta name=\"twitter:card\" content=\"summary_large_image\" \/>\n<meta name=\"twitter:label1\" content=\"Odhadovan\u00e1 doba \u010dten\u00ed\" \/>\n\t<meta name=\"twitter:data1\" content=\"1 minuta\" \/>\n<script type=\"application\/ld+json\" class=\"yoast-schema-graph\">{\"@context\":\"https:\/\/schema.org\",\"@graph\":[{\"@type\":\"WebPage\",\"@id\":\"https:\/\/www.golfsimulator.kaufen\/trackman-4\/\",\"url\":\"https:\/\/www.golfsimulator.kaufen\/trackman-4\/\",\"name\":\"Trackman 4 - Golfsimulator Kaufen #1 Indoor Golf in Europe\",\"isPartOf\":{\"@id\":\"https:\/\/www.golfsimulator.kaufen\/de_de\/#website\"},\"datePublished\":\"2024-08-29T12:56:23+00:00\",\"dateModified\":\"2024-09-10T07:48:57+00:00\",\"breadcrumb\":{\"@id\":\"https:\/\/www.golfsimulator.kaufen\/trackman-4\/#breadcrumb\"},\"inLanguage\":\"cs\",\"potentialAction\":[{\"@type\":\"ReadAction\",\"target\":[\"https:\/\/www.golfsimulator.kaufen\/trackman-4\/\"]}]},{\"@type\":\"BreadcrumbList\",\"@id\":\"https:\/\/www.golfsimulator.kaufen\/trackman-4\/#breadcrumb\",\"itemListElement\":[{\"@type\":\"ListItem\",\"position\":1,\"name\":\"Startseite\",\"item\":\"https:\/\/www.golfsimulator.kaufen\/\"},{\"@type\":\"ListItem\",\"position\":2,\"name\":\"Trackman 4\"}]},{\"@type\":\"WebSite\",\"@id\":\"https:\/\/www.golfsimulator.kaufen\/de_de\/#website\",\"url\":\"https:\/\/www.golfsimulator.kaufen\/de_de\/\",\"name\":\"Golfsimulator Kaufen #1 Indoor Golf in Europe\",\"description\":\"Home of the GSK ELITE Enclosure\",\"publisher\":{\"@id\":\"https:\/\/www.golfsimulator.kaufen\/de_de\/#organization\"},\"potentialAction\":[{\"@type\":\"SearchAction\",\"target\":{\"@type\":\"EntryPoint\",\"urlTemplate\":\"https:\/\/www.golfsimulator.kaufen\/de_de\/?s={search_term_string}\"},\"query-input\":{\"@type\":\"PropertyValueSpecification\",\"valueRequired\":true,\"valueName\":\"search_term_string\"}}],\"inLanguage\":\"cs\"},{\"@type\":\"Organization\",\"@id\":\"https:\/\/www.golfsimulator.kaufen\/de_de\/#organization\",\"name\":\"Golfsport Company KG\",\"url\":\"https:\/\/www.golfsimulator.kaufen\/de_de\/\",\"logo\":{\"@type\":\"ImageObject\",\"inLanguage\":\"cs\",\"@id\":\"https:\/\/www.golfsimulator.kaufen\/de_de\/#\/schema\/logo\/image\/\",\"url\":\"https:\/\/www.golfsimulator.kaufen\/wp-content\/uploads\/2024\/09\/golfsimulator_kaufen_logo.png\",\"contentUrl\":\"https:\/\/www.golfsimulator.kaufen\/wp-content\/uploads\/2024\/09\/golfsimulator_kaufen_logo.png\",\"width\":300,\"height\":49,\"caption\":\"Golfsport Company KG\"},\"image\":{\"@id\":\"https:\/\/www.golfsimulator.kaufen\/de_de\/#\/schema\/logo\/image\/\"},\"sameAs\":[\"https:\/\/www.facebook.com\/golfballs.at\"]}]}<\/script>\n<!-- \/ Yoast SEO plugin. -->","yoast_head_json":{"title":"Trackman 4 - Golfov\u00fd simul\u00e1tor Koupit #1 Indoor Golf v Evrop\u011b","robots":{"index":"index","follow":"follow","max-snippet":"max-snippet:-1","max-image-preview":"max-image-preview:large","max-video-preview":"max-video-preview:-1"},"canonical":"https:\/\/www.golfsimulator.kaufen\/cs\/trackman-4\/","og_locale":"cs_CZ","og_type":"article","og_title":"Trackman 4 - Golfsimulator Kaufen #1 Indoor Golf in Europe","og_description":"TRACKMAN 4 Es ist Zeit f\u00fcr eine neue Perspektive. ready to play right out of the box\u200b The go-anywhere, do-it-all powerhouse. Der TrackMan 4 ist ein hochmodernes Launch-Monitor-System, das au\u00dfergew\u00f6hnliche Genauigkeit und Einblicke f\u00fcr Golfspieler sowohl auf dem Platz als auch im Trainingsbereich bietet. Durch die Nutzung fortschrittlicher Dual-Radar-Technologie erfasst der TrackMan 4 umfassende Daten [&hellip;]","og_url":"https:\/\/www.golfsimulator.kaufen\/cs\/trackman-4\/","og_site_name":"Golfsimulator Kaufen #1 Indoor Golf in Europe","article_publisher":"https:\/\/www.facebook.com\/golfballs.at","article_modified_time":"2024-09-10T07:48:57+00:00","twitter_card":"summary_large_image","twitter_misc":{"Odhadovan\u00e1 doba \u010dten\u00ed":"1 minuta"},"schema":{"@context":"https:\/\/schema.org","@graph":[{"@type":"WebPage","@id":"https:\/\/www.golfsimulator.kaufen\/trackman-4\/","url":"https:\/\/www.golfsimulator.kaufen\/trackman-4\/","name":"Trackman 4 - Golfov\u00fd simul\u00e1tor Koupit #1 Indoor Golf v Evrop\u011b","isPartOf":{"@id":"https:\/\/www.golfsimulator.kaufen\/de_de\/#website"},"datePublished":"2024-08-29T12:56:23+00:00","dateModified":"2024-09-10T07:48:57+00:00","breadcrumb":{"@id":"https:\/\/www.golfsimulator.kaufen\/trackman-4\/#breadcrumb"},"inLanguage":"cs","potentialAction":[{"@type":"ReadAction","target":["https:\/\/www.golfsimulator.kaufen\/trackman-4\/"]}]},{"@type":"BreadcrumbList","@id":"https:\/\/www.golfsimulator.kaufen\/trackman-4\/#breadcrumb","itemListElement":[{"@type":"ListItem","position":1,"name":"Startseite","item":"https:\/\/www.golfsimulator.kaufen\/"},{"@type":"ListItem","position":2,"name":"Trackman 4"}]},{"@type":"WebSite","@id":"https:\/\/www.golfsimulator.kaufen\/de_de\/#website","url":"https:\/\/www.golfsimulator.kaufen\/de_de\/","name":"Koupit golfov\u00fd simul\u00e1tor #1 Indoor Golf v Evrop\u011b","description":"Domovsk\u00e1 str\u00e1nka sk\u0159\u00edn\u011b GSK ELITE","publisher":{"@id":"https:\/\/www.golfsimulator.kaufen\/de_de\/#organization"},"potentialAction":[{"@type":"SearchAction","target":{"@type":"EntryPoint","urlTemplate":"https:\/\/www.golfsimulator.kaufen\/de_de\/?s={search_term_string}"},"query-input":{"@type":"PropertyValueSpecification","valueRequired":true,"valueName":"search_term_string"}}],"inLanguage":"cs"},{"@type":"Organization","@id":"https:\/\/www.golfsimulator.kaufen\/de_de\/#organization","name":"Golfsport Company KG","url":"https:\/\/www.golfsimulator.kaufen\/de_de\/","logo":{"@type":"ImageObject","inLanguage":"cs","@id":"https:\/\/www.golfsimulator.kaufen\/de_de\/#\/schema\/logo\/image\/","url":"https:\/\/www.golfsimulator.kaufen\/wp-content\/uploads\/2024\/09\/golfsimulator_kaufen_logo.png","contentUrl":"https:\/\/www.golfsimulator.kaufen\/wp-content\/uploads\/2024\/09\/golfsimulator_kaufen_logo.png","width":300,"height":49,"caption":"Golfsport Company KG"},"image":{"@id":"https:\/\/www.golfsimulator.kaufen\/de_de\/#\/schema\/logo\/image\/"},"sameAs":["https:\/\/www.facebook.com\/golfballs.at"]}]}},"uagb_featured_image_src":{"full":false,"thumbnail":false,"medium":false,"medium_large":false,"large":false,"1536x1536":false,"2048x2048":false,"trp-custom-language-flag":false},"uagb_author_info":{"display_name":"admin","author_link":"https:\/\/www.golfsimulator.kaufen\/cs\/author\/admin\/"},"uagb_comment_info":0,"uagb_excerpt":"TRACKMAN 4 Es ist Zeit f\u00fcr eine neue Perspektive. ready to play right out of the box\u200b The go-anywhere, do-it-all powerhouse. Der TrackMan 4 ist ein hochmodernes Launch-Monitor-System, das au\u00dfergew\u00f6hnliche Genauigkeit und Einblicke f\u00fcr Golfspieler sowohl auf dem Platz als auch im Trainingsbereich bietet. Durch die Nutzung fortschrittlicher Dual-Radar-Technologie erfasst der TrackMan 4 umfassende Daten&hellip;","_links":{"self":[{"href":"https:\/\/www.golfsimulator.kaufen\/cs\/wp-json\/wp\/v2\/pages\/5041","targetHints":{"allow":["GET"]}}],"collection":[{"href":"https:\/\/www.golfsimulator.kaufen\/cs\/wp-json\/wp\/v2\/pages"}],"about":[{"href":"https:\/\/www.golfsimulator.kaufen\/cs\/wp-json\/wp\/v2\/types\/page"}],"author":[{"embeddable":true,"href":"https:\/\/www.golfsimulator.kaufen\/cs\/wp-json\/wp\/v2\/users\/1"}],"replies":[{"embeddable":true,"href":"https:\/\/www.golfsimulator.kaufen\/cs\/wp-json\/wp\/v2\/comments?post=5041"}],"version-history":[{"count":22,"href":"https:\/\/www.golfsimulator.kaufen\/cs\/wp-json\/wp\/v2\/pages\/5041\/revisions"}],"predecessor-version":[{"id":5555,"href":"https:\/\/www.golfsimulator.kaufen\/cs\/wp-json\/wp\/v2\/pages\/5041\/revisions\/5555"}],"wp:attachment":[{"href":"https:\/\/www.golfsimulator.kaufen\/cs\/wp-json\/wp\/v2\/media?parent=5041"}],"curies":[{"name":"wp","href":"https:\/\/api.w.org\/{rel}","templated":true}]}}